{"id":3505,"date":"2025-04-07T21:39:30","date_gmt":"2025-04-07T13:39:30","guid":{"rendered":"https:\/\/www.specsens.com\/?page_id=3505"},"modified":"2025-10-16T10:53:27","modified_gmt":"2025-10-16T02:53:27","slug":"river-basin-water-quality-monitoring-station","status":"publish","type":"page","link":"https:\/\/www.specsens.com\/de\/river-basin-water-quality-monitoring-station\/","title":{"rendered":"\u00dcberwachungsstation f\u00fcr die Wasserqualit\u00e4t im Flusseinzugsgebiet"},"content":{"rendered":"<div data-elementor-type=\"wp-page\" data-elementor-id=\"3505\" class=\"elementor elementor-3505\" data-elementor-post-type=\"page\">\n\t\t\t\t<div class=\"elementor-element elementor-element-68315870 e-flex e-con-boxed e-con e-parent\" data-id=\"68315870\" data-element_type=\"container\">\n\t\t\t\t\t<div class=\"e-con-inner\">\n\t\t\t\t<div class=\"elementor-element elementor-element-28942541 elementor-widget elementor-widget-heading\" data-id=\"28942541\" data-element_type=\"widget\" data-widget_type=\"heading.default\">\n\t\t\t\t<div class=\"elementor-widget-container\">\n\t\t\t\t\t<h2 class=\"elementor-heading-title elementor-size-default\">\u00dcberwachung der Wasserqualit\u00e4t in Flusseinzugsgebieten<\/h2>\t\t\t\t<\/div>\n\t\t\t\t<\/div>\n\t\t\t\t\t<\/div>\n\t\t\t\t<\/div>\n\t\t<div class=\"elementor-element elementor-element-39317211 e-flex e-con-boxed e-con e-child\" data-id=\"39317211\" data-element_type=\"container\">\n\t\t\t\t\t<div class=\"e-con-inner\">\n\t\t<div class=\"elementor-element elementor-element-6462692a e-con-full e-flex e-con e-child\" data-id=\"6462692a\" data-element_type=\"container\">\n\t\t\t\t<div class=\"elementor-element elementor-element-46b8e1ef elementor-widget elementor-widget-heading\" data-id=\"46b8e1ef\" data-element_type=\"widget\" data-widget_type=\"heading.default\">\n\t\t\t\t<div class=\"elementor-widget-container\">\n\t\t\t\t\t<h4 class=\"elementor-heading-title elementor-size-default\">Hintergrund der Anwendung<\/h4>\t\t\t\t<\/div>\n\t\t\t\t<\/div>\n\t\t\t\t<div class=\"elementor-element elementor-element-6cbfe56a elementor-widget elementor-widget-text-editor\" data-id=\"6cbfe56a\" data-element_type=\"widget\" data-widget_type=\"text-editor.default\">\n\t\t\t\t<div class=\"elementor-widget-container\">\n\t\t\t\t\t\t\t\t\t<p><strong>Standort: Koiransuolenoja, Finnland<\/strong><\/p>\t\t\t\t\t\t\t\t<\/div>\n\t\t\t\t<\/div>\n\t\t\t\t<div class=\"elementor-element elementor-element-6beb0e16 elementor-widget elementor-widget-text-editor\" data-id=\"6beb0e16\" data-element_type=\"widget\" data-widget_type=\"text-editor.default\">\n\t\t\t\t<div class=\"elementor-widget-container\">\n\t\t\t\t\t\t\t\t\t<p>Standorte zur \u00dcberwachung der Wasserqualit\u00e4t in Flusseinzugsgebieten befinden sich in der Regel in abgelegenen, wilden Umgebungen, weit entfernt vom Versorgungsgebiet des Stromnetzes, und herk\u00f6mmliche \u00dcberwachungsger\u00e4te stehen oft vor gro\u00dfen Problemen mit der Stromversorgung. Diese Standorte erfordern in der Regel die Verlegung von Langstreckenkabeln oder den Einsatz von Dieselgeneratoren, die nicht nur hohe Baukosten verursachen (die Kosten f\u00fcr den Stromanschluss eines einzigen Standorts k\u00f6nnen zwischen $50.000 und $100.000 USD liegen), sondern auch f\u00fcr die sp\u00e4tere Wartung \u00e4u\u00dferst unbequem sind. Gleichzeitig f\u00fchren die rauen Bedingungen in der freien Natur (z. B. Blitzeinschl\u00e4ge, Feuchtigkeit, extreme Temperaturen usw.) zu einer hohen Ausfallrate der Ger\u00e4te, und das Wartungspersonal muss h\u00e4ufig hin- und herreisen (im Durchschnitt 2 bis 3 Mal pro Monat), wobei die Kosten f\u00fcr eine einzige Wartung mehr als 2.000 Yuan betragen. Dieses herk\u00f6mmliche Modell, das auf eine kabelgebundene Stromversorgung und manuelle Wartung angewiesen ist, erschwert den kontinuierlichen und stabilen Betrieb von etwa 30% der \u00dcberwachungsstellen im Flusseinzugsgebiet, wodurch die Kontinuit\u00e4t und Zuverl\u00e4ssigkeit der Wasserqualit\u00e4tsdaten ernsthaft beeintr\u00e4chtigt und die F\u00e4higkeit zur genauen Kontrolle der Wasserumwelt im Flusseinzugsgebiet eingeschr\u00e4nkt wird.<\/p>\t\t\t\t\t\t\t\t<\/div>\n\t\t\t\t<\/div>\n\t\t<div class=\"elementor-element elementor-element-2aa7acb6 e-con-full e-flex e-con e-child\" data-id=\"2aa7acb6\" data-element_type=\"container\">\n\t\t<div class=\"elementor-element elementor-element-73b4cca8 e-con-full e-flex e-con e-child\" data-id=\"73b4cca8\" data-element_type=\"container\">\n\t\t\t\t<div class=\"elementor-element elementor-element-1f57a4f1 elementor-widget elementor-widget-image\" data-id=\"1f57a4f1\" data-element_type=\"widget\" data-widget_type=\"image.default\">\n\t\t\t\t<div class=\"elementor-widget-container\">\n\t\t\t\t\t\t\t\t\t\t\t\t\t\t\t<img fetchpriority=\"high\" decoding=\"async\" width=\"742\" height=\"800\" src=\"https:\/\/www.specsens.com\/wp-content\/uploads\/2025\/04\/River-Water-nitrate-sensors.webp\" class=\"attachment-large size-large wp-image-3664\" alt=\"River Water nitrate sensors\" srcset=\"https:\/\/www.specsens.com\/wp-content\/uploads\/2025\/04\/River-Water-nitrate-sensors.webp 742w, https:\/\/www.specsens.com\/wp-content\/uploads\/2025\/04\/River-Water-nitrate-sensors-278x300.webp 278w, https:\/\/www.specsens.com\/wp-content\/uploads\/2025\/04\/River-Water-nitrate-sensors-11x12.webp 11w, https:\/\/www.specsens.com\/wp-content\/uploads\/2025\/04\/River-Water-nitrate-sensors-600x647.webp 600w\" sizes=\"(max-width: 742px) 100vw, 742px\" \/>\t\t\t\t\t\t\t\t\t\t\t\t\t\t\t<\/div>\n\t\t\t\t<\/div>\n\t\t\t\t<\/div>\n\t\t<div class=\"elementor-element elementor-element-76aa9712 e-con-full e-flex e-con e-child\" data-id=\"76aa9712\" data-element_type=\"container\">\n\t\t\t\t<div class=\"elementor-element elementor-element-9809899 elementor-widget elementor-widget-image\" data-id=\"9809899\" data-element_type=\"widget\" data-widget_type=\"image.default\">\n\t\t\t\t<div class=\"elementor-widget-container\">\n\t\t\t\t\t\t\t\t\t\t\t\t\t\t\t<img decoding=\"async\" width=\"742\" height=\"800\" src=\"https:\/\/www.specsens.com\/wp-content\/uploads\/2025\/04\/River-Basin-Water-Quality-Monitoring.webp\" class=\"attachment-large size-large wp-image-3662\" alt=\"River Basin Water Quality Monitoring\" srcset=\"https:\/\/www.specsens.com\/wp-content\/uploads\/2025\/04\/River-Basin-Water-Quality-Monitoring.webp 742w, https:\/\/www.specsens.com\/wp-content\/uploads\/2025\/04\/River-Basin-Water-Quality-Monitoring-278x300.webp 278w, https:\/\/www.specsens.com\/wp-content\/uploads\/2025\/04\/River-Basin-Water-Quality-Monitoring-11x12.webp 11w, https:\/\/www.specsens.com\/wp-content\/uploads\/2025\/04\/River-Basin-Water-Quality-Monitoring-600x647.webp 600w\" sizes=\"(max-width: 742px) 100vw, 742px\" \/>\t\t\t\t\t\t\t\t\t\t\t\t\t\t\t<\/div>\n\t\t\t\t<\/div>\n\t\t\t\t<\/div>\n\t\t<div class=\"elementor-element elementor-element-5e6e9a05 e-con-full e-flex e-con e-child\" data-id=\"5e6e9a05\" data-element_type=\"container\">\n\t\t\t\t<div class=\"elementor-element elementor-element-1f6e5f29 elementor-widget elementor-widget-image\" data-id=\"1f6e5f29\" data-element_type=\"widget\" data-widget_type=\"image.default\">\n\t\t\t\t<div class=\"elementor-widget-container\">\n\t\t\t\t\t\t\t\t\t\t\t\t\t\t\t<img decoding=\"async\" width=\"742\" height=\"800\" src=\"https:\/\/www.specsens.com\/wp-content\/uploads\/2025\/04\/River-Water-IoT-sensors.webp\" class=\"attachment-large size-large wp-image-3663\" alt=\"River Water IoT sensors\" srcset=\"https:\/\/www.specsens.com\/wp-content\/uploads\/2025\/04\/River-Water-IoT-sensors.webp 742w, https:\/\/www.specsens.com\/wp-content\/uploads\/2025\/04\/River-Water-IoT-sensors-278x300.webp 278w, https:\/\/www.specsens.com\/wp-content\/uploads\/2025\/04\/River-Water-IoT-sensors-11x12.webp 11w, https:\/\/www.specsens.com\/wp-content\/uploads\/2025\/04\/River-Water-IoT-sensors-600x647.webp 600w\" sizes=\"(max-width: 742px) 100vw, 742px\" \/>\t\t\t\t\t\t\t\t\t\t\t\t\t\t\t<\/div>\n\t\t\t\t<\/div>\n\t\t\t\t<\/div>\n\t\t\t\t<\/div>\n\t\t\t\t<\/div>\n\t\t\t\t\t<\/div>\n\t\t\t\t<\/div>\n\t\t<div class=\"elementor-element elementor-element-266c3294 e-flex e-con-boxed e-con e-child\" data-id=\"266c3294\" data-element_type=\"container\" data-settings=\"{&quot;background_background&quot;:&quot;classic&quot;}\">\n\t\t\t\t\t<div class=\"e-con-inner\">\n\t\t\t\t<div class=\"elementor-element elementor-element-6ead74e8 elementor-widget elementor-widget-heading\" data-id=\"6ead74e8\" data-element_type=\"widget\" data-widget_type=\"heading.default\">\n\t\t\t\t<div class=\"elementor-widget-container\">\n\t\t\t\t\t<h3 class=\"elementor-heading-title elementor-size-default\">Produkte Modell<\/h3>\t\t\t\t<\/div>\n\t\t\t\t<\/div>\n\t\t\t\t<div class=\"elementor-element elementor-element-3022e422 elementor-widget elementor-widget-text-editor\" data-id=\"3022e422\" data-element_type=\"widget\" data-widget_type=\"text-editor.default\">\n\t\t\t\t<div class=\"elementor-widget-container\">\n\t\t\t\t\t\t\t\t\t<p><strong>1\ufe0f\u20e3.<span style=\"text-decoration: underline;\"><a href=\"https:\/\/www.specsens.com\/de\/produkt\/sps-f-full-spectrum-water-quality-sensor\/\">SPS-F mit Parameter, Nitrat<\/a><\/span><\/strong><\/p>\t\t\t\t\t\t\t\t<\/div>\n\t\t\t\t<\/div>\n\t\t<div class=\"elementor-element elementor-element-2c0a20d8 e-con-full e-flex e-con e-child\" data-id=\"2c0a20d8\" data-element_type=\"container\">\n\t\t<div class=\"elementor-element elementor-element-3ae120e3 e-con-full e-flex e-con e-child\" data-id=\"3ae120e3\" data-element_type=\"container\">\n\t\t<div class=\"elementor-element elementor-element-123ab80f e-con-full e-flex e-con e-child\" data-id=\"123ab80f\" data-element_type=\"container\">\n\t\t\t\t<div class=\"elementor-element elementor-element-be61026 elementor-widget elementor-widget-image\" data-id=\"be61026\" data-element_type=\"widget\" data-widget_type=\"image.default\">\n\t\t\t\t<div class=\"elementor-widget-container\">\n\t\t\t\t\t\t\t\t\t\t\t\t\t\t\t<img loading=\"lazy\" decoding=\"async\" width=\"742\" height=\"800\" src=\"https:\/\/www.specsens.com\/wp-content\/uploads\/2025\/04\/River-Water-Quality-Monitoring.webp\" class=\"attachment-large size-large wp-image-3665\" alt=\"River Water Quality Monitoring\" srcset=\"https:\/\/www.specsens.com\/wp-content\/uploads\/2025\/04\/River-Water-Quality-Monitoring.webp 742w, https:\/\/www.specsens.com\/wp-content\/uploads\/2025\/04\/River-Water-Quality-Monitoring-278x300.webp 278w, https:\/\/www.specsens.com\/wp-content\/uploads\/2025\/04\/River-Water-Quality-Monitoring-11x12.webp 11w, https:\/\/www.specsens.com\/wp-content\/uploads\/2025\/04\/River-Water-Quality-Monitoring-600x647.webp 600w\" sizes=\"(max-width: 742px) 100vw, 742px\" \/>\t\t\t\t\t\t\t\t\t\t\t\t\t\t\t<\/div>\n\t\t\t\t<\/div>\n\t\t\t\t<\/div>\n\t\t<div class=\"elementor-element elementor-element-3350d746 e-con-full e-flex e-con e-child\" data-id=\"3350d746\" data-element_type=\"container\">\n\t\t\t\t<div class=\"elementor-element elementor-element-4675cf18 elementor-widget elementor-widget-image\" data-id=\"4675cf18\" data-element_type=\"widget\" data-widget_type=\"image.default\">\n\t\t\t\t<div class=\"elementor-widget-container\">\n\t\t\t\t\t\t\t\t\t\t\t\t\t\t\t<img loading=\"lazy\" decoding=\"async\" width=\"742\" height=\"800\" src=\"https:\/\/www.specsens.com\/wp-content\/uploads\/2025\/04\/River-Water-Quality-sensors.webp\" class=\"attachment-large size-large wp-image-3666\" alt=\"River Water Quality sensors\" srcset=\"https:\/\/www.specsens.com\/wp-content\/uploads\/2025\/04\/River-Water-Quality-sensors.webp 742w, https:\/\/www.specsens.com\/wp-content\/uploads\/2025\/04\/River-Water-Quality-sensors-278x300.webp 278w, https:\/\/www.specsens.com\/wp-content\/uploads\/2025\/04\/River-Water-Quality-sensors-11x12.webp 11w, https:\/\/www.specsens.com\/wp-content\/uploads\/2025\/04\/River-Water-Quality-sensors-600x647.webp 600w\" sizes=\"(max-width: 742px) 100vw, 742px\" \/>\t\t\t\t\t\t\t\t\t\t\t\t\t\t\t<\/div>\n\t\t\t\t<\/div>\n\t\t\t\t<\/div>\n\t\t<div class=\"elementor-element elementor-element-20d9d014 e-con-full e-flex e-con e-child\" data-id=\"20d9d014\" data-element_type=\"container\">\n\t\t\t\t<div class=\"elementor-element elementor-element-3808c87c elementor-widget elementor-widget-image\" data-id=\"3808c87c\" data-element_type=\"widget\" data-widget_type=\"image.default\">\n\t\t\t\t<div class=\"elementor-widget-container\">\n\t\t\t\t\t\t\t\t\t\t\t\t\t\t\t<img loading=\"lazy\" decoding=\"async\" width=\"742\" height=\"800\" src=\"https:\/\/www.specsens.com\/wp-content\/uploads\/2025\/04\/Basin-Water-Quality-Monitoring.webp\" class=\"attachment-large size-large wp-image-3661\" alt=\"Basin Water Quality Monitoring\" srcset=\"https:\/\/www.specsens.com\/wp-content\/uploads\/2025\/04\/Basin-Water-Quality-Monitoring.webp 742w, https:\/\/www.specsens.com\/wp-content\/uploads\/2025\/04\/Basin-Water-Quality-Monitoring-278x300.webp 278w, https:\/\/www.specsens.com\/wp-content\/uploads\/2025\/04\/Basin-Water-Quality-Monitoring-11x12.webp 11w, https:\/\/www.specsens.com\/wp-content\/uploads\/2025\/04\/Basin-Water-Quality-Monitoring-600x647.webp 600w\" sizes=\"(max-width: 742px) 100vw, 742px\" \/>\t\t\t\t\t\t\t\t\t\t\t\t\t\t\t<\/div>\n\t\t\t\t<\/div>\n\t\t\t\t<\/div>\n\t\t\t\t<\/div>\n\t\t\t\t<\/div>\n\t\t\t\t\t<\/div>\n\t\t\t\t<\/div>\n\t\t<div class=\"elementor-element elementor-element-5b59d7fb e-flex e-con-boxed e-con e-child\" data-id=\"5b59d7fb\" data-element_type=\"container\">\n\t\t\t\t\t<div class=\"e-con-inner\">\n\t\t<div class=\"elementor-element elementor-element-7e769fe6 e-con-full e-flex e-con e-child\" data-id=\"7e769fe6\" data-element_type=\"container\">\n\t\t\t\t<div class=\"elementor-element elementor-element-558f62af elementor-widget elementor-widget-heading\" data-id=\"558f62af\" data-element_type=\"widget\" data-widget_type=\"heading.default\">\n\t\t\t\t<div class=\"elementor-widget-container\">\n\t\t\t\t\t<h2 class=\"elementor-heading-title elementor-size-default\">L\u00f6sung<\/h2>\t\t\t\t<\/div>\n\t\t\t\t<\/div>\n\t\t\t\t<div class=\"elementor-element elementor-element-35e9c2e7 elementor-widget elementor-widget-text-editor\" data-id=\"35e9c2e7\" data-element_type=\"widget\" data-widget_type=\"text-editor.default\">\n\t\t\t\t<div class=\"elementor-widget-container\">\n\t\t\t\t\t\t\t\t\t<p>Optische Wasserqualit\u00e4tssensoren k\u00f6nnen aufgrund ihrer miniaturisierten Bauweise (Volumen typischerweise weniger als 500 cm\u00b3) und ihres extrem niedrigen Stromverbrauchs (Betriebsstromverbrauch weniger als 2 W) leicht an abgelegenen \u00dcberwachungspunkten in Wassereinzugsgebieten eingesetzt werden. Sie verwenden fortschrittliche optische Antifouling-Fenster und automatische mechanische Reinigungsvorrichtungen, um Algenanhaftungen und Sedimentablagerungen in der Feldumgebung wirksam zu verringern und den Wartungszyklus auf 3-6 Monate zu verl\u00e4ngern. Mit einem leistungsstarken Lithium-Akkupack (48V\/100Ah) und einem solargest\u00fctzten Stromversorgungssystem kann eine kontinuierliche \u00dcberwachung von bis zu 180 Tagen ohne Unterbrechung erreicht werden. Dieses integrierte Design l\u00f6st nicht nur das Problem der Stromversorgungsschwierigkeiten in herk\u00f6mmlichen \u00dcberwachungsstationen (und spart 80% an Stromkosten), sondern seine IP68-Schutzart kann auch dem Einfluss schwerer Witterungsbedingungen wie starkem Regen und Staub standhalten und gew\u00e4hrleistet eine stabile Erfassung von Schl\u00fcsselparametern wie pH, Tr\u00fcbung, CSB usw. im Umgebungstemperaturbereich von -20\u2103 bis 60\u2103, wodurch eine intelligente \u00dcberwachung der Wasserqualit\u00e4t im Wassereinzugsgebiet bei jedem Wetter m\u00f6glich ist.<\/p>\t\t\t\t\t\t\t\t<\/div>\n\t\t\t\t<\/div>\n\t\t\t\t<div class=\"elementor-element elementor-element-663b11e3 elementor-widget elementor-widget-heading\" data-id=\"663b11e3\" data-element_type=\"widget\" data-widget_type=\"heading.default\">\n\t\t\t\t<div class=\"elementor-widget-container\">\n\t\t\t\t\t<h3 class=\"elementor-heading-title elementor-size-default\">Daten der Wasser-COD-\u00dcberwachung<\/h3>\t\t\t\t<\/div>\n\t\t\t\t<\/div>\n\t\t<div class=\"elementor-element elementor-element-2e92cbd2 e-con-full e-flex e-con e-child\" data-id=\"2e92cbd2\" data-element_type=\"container\">\n\t\t\t\t<div class=\"elementor-element elementor-element-5034db6d elementor-widget elementor-widget-image\" data-id=\"5034db6d\" data-element_type=\"widget\" data-widget_type=\"image.default\">\n\t\t\t\t<div class=\"elementor-widget-container\">\n\t\t\t\t\t\t\t\t\t\t\t\t\t\t\t<img loading=\"lazy\" decoding=\"async\" width=\"3820\" height=\"1738\" src=\"https:\/\/www.specsens.com\/wp-content\/uploads\/2025\/10\/river-water-nitrate-monitoring-data-comparison.svg\" class=\"attachment-full size-full wp-image-4132\" alt=\"river water nitrate monitoring data comparison\" \/>\t\t\t\t\t\t\t\t\t\t\t\t\t\t\t<\/div>\n\t\t\t\t<\/div>\n\t\t\t\t<\/div>\n\t\t\t\t<\/div>\n\t\t\t\t\t<\/div>\n\t\t\t\t<\/div>\n\t\t<div class=\"elementor-element elementor-element-58d9e3ef e-flex e-con-boxed e-con e-parent\" data-id=\"58d9e3ef\" data-element_type=\"container\" data-settings=\"{&quot;background_background&quot;:&quot;classic&quot;}\">\n\t\t\t\t\t<div class=\"e-con-inner\">\n\t\t<div class=\"elementor-element elementor-element-50629e95 e-con-full e-flex e-con e-child\" data-id=\"50629e95\" data-element_type=\"container\">\n\t\t\t\t<div class=\"elementor-element elementor-element-5f504a7 elementor-widget elementor-widget-text-editor\" data-id=\"5f504a7\" data-element_type=\"widget\" data-widget_type=\"text-editor.default\">\n\t\t\t\t<div class=\"elementor-widget-container\">\n\t\t\t\t\t\t\t\t\t<p>Der Vollspektrum-Wasserqualit\u00e4tssensor nutzt eine fortschrittliche Spektralanalysetechnik, die es einem einzigen Ger\u00e4t erm\u00f6glicht, mehrere Wasserqualit\u00e4tsparameter gleichzeitig zu messen, darunter CSB, BSB, TOC, Tr\u00fcbung und Chromatizit\u00e4t. Im Vergleich zu herk\u00f6mmlichen chemischen \u00dcberwachungsger\u00e4ten hat er drei Hauptvorteile: Erstens wird kein Reagenz verbraucht und eine Sekund\u00e4rverschmutzung vermieden (wodurch die Menge des anfallenden Sonderm\u00fclls um etwa 50 kg\/Einheit pro Jahr reduziert wird); zweitens ist er stromsparend und kann mit Solarzellen verwendet werden, um einen netzunabh\u00e4ngigen Betrieb zu erm\u00f6glichen; drittens verk\u00fcrzt die integrierte Struktur die Installationszeit um 80%. Gleichzeitig senkt die Multiparameter-Integration die Kosten der Einzelpunkt-\u00dcberwachung um 60%, was sich besonders f\u00fcr den dezentralen Einsatz in Industrieparks, Flussabschnitten und anderen Szenarien eignet und eine kosteneffiziente Echtzeit-Datenunterst\u00fctzung f\u00fcr die \u00dcberwachung der Wasserumgebung bietet.<\/p>\t\t\t\t\t\t\t\t<\/div>\n\t\t\t\t<\/div>\n\t\t\t\t<div class=\"elementor-element elementor-element-200f65c9 elementor-widget elementor-widget-heading\" data-id=\"200f65c9\" data-element_type=\"widget\" data-widget_type=\"heading.default\">\n\t\t\t\t<div class=\"elementor-widget-container\">\n\t\t\t\t\t<h4 class=\"elementor-heading-title elementor-size-default\">Verwandte Produkte<\/h4>\t\t\t\t<\/div>\n\t\t\t\t<\/div>\n\t\t\t\t<\/div>\n\t\t<div class=\"elementor-element elementor-element-1b80bdec e-con-full e-flex e-con e-child\" data-id=\"1b80bdec\" data-element_type=\"container\">\n\t\t<div class=\"elementor-element elementor-element-7c402e9c e-con-full e-flex e-con e-child\" data-id=\"7c402e9c\" data-element_type=\"container\">\n\t\t\t\t<div class=\"elementor-element elementor-element-1be27407 elementor-widget elementor-widget-heading\" data-id=\"1be27407\" data-element_type=\"widget\" data-widget_type=\"heading.default\">\n\t\t\t\t<div class=\"elementor-widget-container\">\n\t\t\t\t\t<h2 class=\"elementor-heading-title elementor-size-default\">Produktname<\/h2>\t\t\t\t<\/div>\n\t\t\t\t<\/div>\n\t\t\t\t<\/div>\n\t\t<div class=\"elementor-element elementor-element-6b404ee8 e-con-full e-flex e-con e-child\" data-id=\"6b404ee8\" data-element_type=\"container\">\n\t\t\t\t<div class=\"elementor-element elementor-element-22b5571 elementor-widget elementor-widget-heading\" data-id=\"22b5571\" data-element_type=\"widget\" data-widget_type=\"heading.default\">\n\t\t\t\t<div class=\"elementor-widget-container\">\n\t\t\t\t\t<h3 class=\"elementor-heading-title elementor-size-default\">Modell<\/h3>\t\t\t\t<\/div>\n\t\t\t\t<\/div>\n\t\t\t\t<\/div>\n\t\t<div class=\"elementor-element elementor-element-5e6901c6 e-con-full e-flex e-con e-child\" data-id=\"5e6901c6\" data-element_type=\"container\">\n\t\t\t\t<div class=\"elementor-element elementor-element-2524ddb5 elementor-widget elementor-widget-heading\" data-id=\"2524ddb5\" data-element_type=\"widget\" data-widget_type=\"heading.default\">\n\t\t\t\t<div class=\"elementor-widget-container\">\n\t\t\t\t\t<h3 class=\"elementor-heading-title elementor-size-default\">Parameter<\/h3>\t\t\t\t<\/div>\n\t\t\t\t<\/div>\n\t\t\t\t<\/div>\n\t\t\t\t<\/div>\n\t\t<div class=\"elementor-element elementor-element-4c5fe67d e-con-full e-flex e-con e-child\" data-id=\"4c5fe67d\" data-element_type=\"container\" data-settings=\"{&quot;background_background&quot;:&quot;classic&quot;}\">\n\t\t<div class=\"elementor-element elementor-element-3b4fecc3 e-con-full e-flex e-con e-child\" data-id=\"3b4fecc3\" data-element_type=\"container\">\n\t\t\t\t<div class=\"elementor-element elementor-element-2dc76932 elementor-widget elementor-widget-image\" data-id=\"2dc76932\" data-element_type=\"widget\" data-widget_type=\"image.default\">\n\t\t\t\t<div class=\"elementor-widget-container\">\n\t\t\t\t\t\t\t\t\t\t\t\t\t\t\t<img loading=\"lazy\" decoding=\"async\" width=\"150\" height=\"150\" src=\"https:\/\/www.specsens.com\/wp-content\/uploads\/2025\/04\/SPS-F-Lxx-water-quality-sensor-150x150.webp\" class=\"attachment-thumbnail size-thumbnail wp-image-3747\" alt=\"SPS-F-Lxx water quality sensor\" srcset=\"https:\/\/www.specsens.com\/wp-content\/uploads\/2025\/04\/SPS-F-Lxx-water-quality-sensor-150x150.webp 150w, https:\/\/www.specsens.com\/wp-content\/uploads\/2025\/04\/SPS-F-Lxx-water-quality-sensor-300x300.webp 300w, https:\/\/www.specsens.com\/wp-content\/uploads\/2025\/04\/SPS-F-Lxx-water-quality-sensor-768x768.webp 768w, https:\/\/www.specsens.com\/wp-content\/uploads\/2025\/04\/SPS-F-Lxx-water-quality-sensor-12x12.webp 12w, https:\/\/www.specsens.com\/wp-content\/uploads\/2025\/04\/SPS-F-Lxx-water-quality-sensor-600x600.webp 600w, https:\/\/www.specsens.com\/wp-content\/uploads\/2025\/04\/SPS-F-Lxx-water-quality-sensor-100x100.webp 100w, https:\/\/www.specsens.com\/wp-content\/uploads\/2025\/04\/SPS-F-Lxx-water-quality-sensor.webp 1000w\" sizes=\"(max-width: 150px) 100vw, 150px\" \/>\t\t\t\t\t\t\t\t\t\t\t\t\t\t\t<\/div>\n\t\t\t\t<\/div>\n\t\t\t\t<div class=\"elementor-element elementor-element-4efb838f elementor-widget elementor-widget-text-editor\" data-id=\"4efb838f\" data-element_type=\"widget\" data-widget_type=\"text-editor.default\">\n\t\t\t\t<div class=\"elementor-widget-container\">\n\t\t\t\t\t\t\t\t\t<p><span style=\"text-decoration: underline;\"><a href=\"https:\/\/www.specsens.com\/de\/produkt\/sps-f-full-spectrum-water-quality-sensor\/\">SPS-F Vollspektrums-Wasserqualit\u00e4tssensor\u00a0<\/a><\/span><\/p>\t\t\t\t\t\t\t\t<\/div>\n\t\t\t\t<\/div>\n\t\t\t\t<\/div>\n\t\t<div class=\"elementor-element elementor-element-7c7f51bb e-con-full e-flex e-con e-child\" data-id=\"7c7f51bb\" data-element_type=\"container\">\n\t\t\t\t<div class=\"elementor-element elementor-element-6503e2fd elementor-widget elementor-widget-text-editor\" data-id=\"6503e2fd\" data-element_type=\"widget\" data-widget_type=\"text-editor.default\">\n\t\t\t\t<div class=\"elementor-widget-container\">\n\t\t\t\t\t\t\t\t\t<p>SPS-F<\/p>\t\t\t\t\t\t\t\t<\/div>\n\t\t\t\t<\/div>\n\t\t\t\t<\/div>\n\t\t<div class=\"elementor-element elementor-element-34ff98a4 e-con-full e-flex e-con e-child\" data-id=\"34ff98a4\" data-element_type=\"container\">\n\t\t\t\t<div class=\"elementor-element elementor-element-59aaaf14 elementor-widget elementor-widget-text-editor\" data-id=\"59aaaf14\" data-element_type=\"widget\" data-widget_type=\"text-editor.default\">\n\t\t\t\t<div class=\"elementor-widget-container\">\n\t\t\t\t\t\t\t\t\t<p>Nitrat<\/p>\t\t\t\t\t\t\t\t<\/div>\n\t\t\t\t<\/div>\n\t\t\t\t<\/div>\n\t\t\t\t<\/div>\n\t\t\t\t\t<\/div>\n\t\t\t\t<\/div>\n\t\t\t\t<\/div>","protected":false},"excerpt":{"rendered":"<p>River Basin Water Quality Monitoring Application background Location: Koiransuolenoja, Finland Water quality monitoring sites in river basins are typically located in remote, wild environments, far from the coverage area of the power grid, and traditional monitoring equipment often\u00a0faces severe power supply challenges. These sites typically require the installation of long-distance cables or rely on diesel [&hellip;]<\/p>","protected":false},"author":1,"featured_media":0,"parent":0,"menu_order":0,"comment_status":"closed","ping_status":"closed","template":"","meta":{"_joinchat":[],"footnotes":""},"class_list":["post-3505","page","type-page","status-publish","hentry"],"blocksy_meta":{"has_hero_section":"disabled","styles_descriptor":{"styles":{"desktop":"","tablet":"","mobile":""},"google_fonts":[],"version":6}},"_links":{"self":[{"href":"https:\/\/www.specsens.com\/de\/wp-json\/wp\/v2\/pages\/3505","targetHints":{"allow":["GET"]}}],"collection":[{"href":"https:\/\/www.specsens.com\/de\/wp-json\/wp\/v2\/pages"}],"about":[{"href":"https:\/\/www.specsens.com\/de\/wp-json\/wp\/v2\/types\/page"}],"author":[{"embeddable":true,"href":"https:\/\/www.specsens.com\/de\/wp-json\/wp\/v2\/users\/1"}],"replies":[{"embeddable":true,"href":"https:\/\/www.specsens.com\/de\/wp-json\/wp\/v2\/comments?post=3505"}],"version-history":[{"count":16,"href":"https:\/\/www.specsens.com\/de\/wp-json\/wp\/v2\/pages\/3505\/revisions"}],"predecessor-version":[{"id":4135,"href":"https:\/\/www.specsens.com\/de\/wp-json\/wp\/v2\/pages\/3505\/revisions\/4135"}],"wp:attachment":[{"href":"https:\/\/www.specsens.com\/de\/wp-json\/wp\/v2\/media?parent=3505"}],"curies":[{"name":"wp","href":"https:\/\/api.w.org\/{rel}","templated":true}]}}