{"id":2209,"date":"2025-02-11T22:33:06","date_gmt":"2025-02-11T14:33:06","guid":{"rendered":"https:\/\/www.specsens.com\/?post_type=product&#038;p=2209"},"modified":"2025-04-30T11:42:50","modified_gmt":"2025-04-30T03:42:50","slug":"spa-hardness-s01-hardness-water-analyzer","status":"publish","type":"product","link":"https:\/\/www.specsens.com\/de\/produkt\/spa-hardness-s01-hardness-water-analyzer\/","title":{"rendered":"SPA-Hardness-S01 Wasserh\u00e4rte-Analysator"},"content":{"rendered":"<div data-elementor-type=\"product-post\" data-elementor-id=\"2209\" class=\"elementor elementor-2209\" data-elementor-post-type=\"product\">\n\t\t\t\t<div class=\"elementor-element elementor-element-3dce606 e-flex e-con-boxed e-con e-parent\" data-id=\"3dce606\" data-element_type=\"container\">\n\t\t\t\t\t<div class=\"e-con-inner\">\n\t\t\t\t<div class=\"elementor-element elementor-element-691c8c5 e-n-tabs-mobile elementor-widget elementor-widget-n-tabs\" data-id=\"691c8c5\" data-element_type=\"widget\" data-settings=\"{&quot;tabs_justify_horizontal&quot;:&quot;start&quot;,&quot;horizontal_scroll&quot;:&quot;disable&quot;}\" data-widget_type=\"nested-tabs.default\">\n\t\t\t\t<div class=\"elementor-widget-container\">\n\t\t\t\t\t\t\t<div class=\"e-n-tabs\" data-widget-number=\"110217413\" aria-label=\"Pesta\u00f1as. Abre elementos con Intro o Espacio, ci\u00e9rralos con Escape y navega con las Flechas.\" data-no-translation-aria-label=\"\">\n\t\t\t<div class=\"e-n-tabs-heading\" role=\"tablist\">\n\t\t\t\t\t<button id=\"e-n-tab-title-1102174131\" class=\"e-n-tab-title\" aria-selected=\"true\" data-tab-index=\"1\" role=\"tab\" tabindex=\"0\" aria-controls=\"e-n-tab-content-1102174131\" style=\"--n-tabs-title-order: 1;\">\n\t\t\t\t\t\t<span class=\"e-n-tab-title-text\">\n\t\t\t\tEigenschaften\t\t\t<\/span>\n\t\t<\/button>\n\t\t\t\t<button id=\"e-n-tab-title-1102174132\" class=\"e-n-tab-title\" aria-selected=\"false\" data-tab-index=\"2\" role=\"tab\" tabindex=\"-1\" aria-controls=\"e-n-tab-content-1102174132\" style=\"--n-tabs-title-order: 2;\">\n\t\t\t\t\t\t<span class=\"e-n-tab-title-text\">\n\t\t\t\tSpezifikation\t\t\t<\/span>\n\t\t<\/button>\n\t\t\t\t<button id=\"e-n-tab-title-1102174133\" class=\"e-n-tab-title\" aria-selected=\"false\" data-tab-index=\"3\" role=\"tab\" tabindex=\"-1\" aria-controls=\"e-n-tab-content-1102174133\" style=\"--n-tabs-title-order: 3;\">\n\t\t\t\t\t\t<span class=\"e-n-tab-title-text\">\n\t\t\t\tHerunterladen\t\t\t<\/span>\n\t\t<\/button>\n\t\t\t\t\t<\/div>\n\t\t\t<div class=\"e-n-tabs-content\">\n\t\t\t\t<div id=\"e-n-tab-content-1102174131\" role=\"tabpanel\" aria-labelledby=\"e-n-tab-title-1102174131\" data-tab-index=\"1\" style=\"--n-tabs-title-order: 1;\" class=\"e-active elementor-element elementor-element-929321a e-con-full e-flex e-con e-child\" data-id=\"929321a\" data-element_type=\"container\">\n\t\t\t\t<div class=\"elementor-element elementor-element-41f2508 elementor-widget elementor-widget-text-editor\" data-id=\"41f2508\" data-element_type=\"widget\" data-widget_type=\"text-editor.default\">\n\t\t\t\t<div class=\"elementor-widget-container\">\n\t\t\t\t\t\t\t\t\t<ul><li>Pr\u00e4ziser und zuverl\u00e4ssiger vollautomatischer H\u00e4rteanalysator<\/li><li>Mit Selbstdiagnose, abnormalem Alarm, Daten, die die Standard-Alarmfunktion \u00fcberschreiten<\/li><li>Intervallmessung optional, mindestens 5min<\/li><li>Unterst\u00fctzt Modbus RS485 und 4-20mA Signalausg\u00e4nge<\/li><li>Unterst\u00fctzt 4G, WiFi drahtlose Daten\u00fcbertragung<\/li><\/ul>\t\t\t\t\t\t\t\t<\/div>\n\t\t\t\t<\/div>\n\t\t\t\t<\/div>\n\t\t<div id=\"e-n-tab-content-1102174132\" role=\"tabpanel\" aria-labelledby=\"e-n-tab-title-1102174132\" data-tab-index=\"2\" style=\"--n-tabs-title-order: 2;\" class=\"elementor-element elementor-element-4dd3403 e-con-full e-flex e-con e-child\" data-id=\"4dd3403\" data-element_type=\"container\">\n\t\t\t\t<div class=\"elementor-element elementor-element-d314ade elementor-widget elementor-widget-heading\" data-id=\"d314ade\" data-element_type=\"widget\" data-widget_type=\"heading.default\">\n\t\t\t\t<div class=\"elementor-widget-container\">\n\t\t\t\t\t<h2 class=\"elementor-heading-title elementor-size-default\">Spezifikation<\/h2>\t\t\t\t<\/div>\n\t\t\t\t<\/div>\n\t\t\t\t<div class=\"elementor-element elementor-element-967f201 elementor-widget elementor-widget-text-editor\" data-id=\"967f201\" data-element_type=\"widget\" data-widget_type=\"text-editor.default\">\n\t\t\t\t<div class=\"elementor-widget-container\">\n\t\t\t\t\t\t\t\t\t<p>\n<table id=\"tablepress-27\" class=\"tablepress tablepress-id-27\">\n<thead>\n<tr class=\"row-1\">\n\t<th class=\"column-1\">Artikel<\/th><th class=\"column-2\">Spezifikation<\/th>\n<\/tr>\n<\/thead>\n<tbody class=\"row-striping row-hover\">\n<tr class=\"row-2\">\n\t<td class=\"column-1\">Dimension<\/td><td class=\"column-2\">300\u00d7300\u00d7180 mm (11,81\u00d711,81\u00d77,09 Zoll)<\/td>\n<\/tr>\n<tr class=\"row-3\">\n\t<td class=\"column-1\">Stromverbrauch<\/td><td class=\"column-2\">25 W<\/td>\n<\/tr>\n<tr class=\"row-4\">\n\t<td class=\"column-1\">Leistungsanforderungen<\/td><td class=\"column-2\">100-240 VAC, 50\/60 Hz<\/td>\n<\/tr>\n<tr class=\"row-5\">\n\t<td class=\"column-1\">Betriebstemperatur<\/td><td class=\"column-2\">5 bis 45\u2103<\/td>\n<\/tr>\n<tr class=\"row-6\">\n\t<td class=\"column-1\">Druck<\/td><td class=\"column-2\">0,2-2 bar<\/td>\n<\/tr>\n<tr class=\"row-7\">\n\t<td class=\"column-1\">Einrichtung<\/td><td class=\"column-2\">Wandbefestigung<\/td>\n<\/tr>\n<tr class=\"row-8\">\n\t<td class=\"column-1\">IP-Einstufung<\/td><td class=\"column-2\">IP54<\/td>\n<\/tr>\n<tr class=\"row-9\">\n\t<td class=\"column-1\">Kommunikation<\/td><td class=\"column-2\"> RS485 (Modbus RTU), WiFi\/Bluetooth, 4G, LoRa<\/td>\n<\/tr>\n<\/tbody>\n<\/table>\n<!-- #tablepress-27 from cache --><\/p>\t\t\t\t\t\t\t\t<\/div>\n\t\t\t\t<\/div>\n\t\t\t\t<div class=\"elementor-element elementor-element-97f4b42 elementor-widget elementor-widget-heading\" data-id=\"97f4b42\" data-element_type=\"widget\" data-widget_type=\"heading.default\">\n\t\t\t\t<div class=\"elementor-widget-container\">\n\t\t\t\t\t<h2 class=\"elementor-heading-title elementor-size-default\">Parameter<\/h2>\t\t\t\t<\/div>\n\t\t\t\t<\/div>\n\t\t\t\t<div class=\"elementor-element elementor-element-cd5b5d9 elementor-widget elementor-widget-text-editor\" data-id=\"cd5b5d9\" data-element_type=\"widget\" data-widget_type=\"text-editor.default\">\n\t\t\t\t<div class=\"elementor-widget-container\">\n\t\t\t\t\t\t\t\t\t<p>\n<table id=\"tablepress-48\" class=\"tablepress tablepress-id-48\">\n<thead>\n<tr class=\"row-1\">\n\t<th class=\"column-1\">Parameter<\/th><th class=\"column-2\">Modell Nr.<\/th><th class=\"column-3\">Bereich<\/th><th class=\"column-4\">Aufl\u00f6sung<\/th><th class=\"column-5\">Genauigkeit<br \/>\n\uff08Standardl\u00f6sung\uff09<\/th>\n<\/tr>\n<\/thead>\n<tbody class=\"row-striping row-hover\">\n<tr class=\"row-2\">\n\t<td class=\"column-1\">Gesamth\u00e4rte<\/td><td class=\"column-2\">SPA-H\u00e4rte<\/td><td class=\"column-3\"> 5,34-534,0 mg\/L (ppm)<br \/>\n CaCO3 (siehe Reagenztyp)<\/td><td class=\"column-4\"> \u00b15%<\/td><td class=\"column-5\"> \u00b15%<\/td>\n<\/tr>\n<\/tbody>\n<\/table>\n<!-- #tablepress-48 from cache --><\/p>\t\t\t\t\t\t\t\t<\/div>\n\t\t\t\t<\/div>\n\t\t\t\t<\/div>\n\t\t<div id=\"e-n-tab-content-1102174133\" role=\"tabpanel\" aria-labelledby=\"e-n-tab-title-1102174133\" data-tab-index=\"3\" style=\"--n-tabs-title-order: 3;\" class=\"elementor-element elementor-element-7605dbf e-flex e-con-boxed e-con e-child\" data-id=\"7605dbf\" data-element_type=\"container\">\n\t\t\t\t\t<div class=\"e-con-inner\">\n\t\t<div class=\"elementor-element elementor-element-be3a523 e-con-full e-flex e-con e-child\" data-id=\"be3a523\" data-element_type=\"container\">\n\t\t<div class=\"elementor-element elementor-element-89581a0 e-con-full e-flex e-con e-child\" data-id=\"89581a0\" data-element_type=\"container\">\n\t\t\t\t<div class=\"elementor-element elementor-element-5aeb26d elementor-widget__width-initial elementor-widget elementor-widget-text-editor\" data-id=\"5aeb26d\" data-element_type=\"widget\" data-widget_type=\"text-editor.default\">\n\t\t\t\t<div class=\"elementor-widget-container\">\n\t\t\t\t\t\t\t\t\t<p><strong>SPA-H\u00e4rte-S01 Datenblatt<\/strong><\/p>\t\t\t\t\t\t\t\t<\/div>\n\t\t\t\t<\/div>\n\t\t\t\t<div class=\"elementor-element elementor-element-e195e66 elementor-widget__width-initial elementor-view-default elementor-widget elementor-widget-icon\" data-id=\"e195e66\" data-element_type=\"widget\" data-widget_type=\"icon.default\">\n\t\t\t\t<div class=\"elementor-widget-container\">\n\t\t\t\t\t\t\t<div class=\"elementor-icon-wrapper\">\n\t\t\t<a class=\"elementor-icon\" href=\"http:\/\/www.specsens.com\/wp-content\/uploads\/2025\/02\/SPA-Hardness-S01-Hardness-Water-Quality-Analyzer-Datasheet-V1.0.pdf\" target=\"_blank\">\n\t\t\t<svg aria-hidden=\"true\" class=\"e-font-icon-svg e-fas-download\" viewbox=\"0 0 512 512\" xmlns=\"http:\/\/www.w3.org\/2000\/svg\"><path d=\"M216 0h80c13.3 0 24 10.7 24 24v168h87.7c17.8 0 26.7 21.5 14.1 34.1L269.7 378.3c-7.5 7.5-19.8 7.5-27.3 0L90.1 226.1c-12.6-12.6-3.7-34.1 14.1-34.1H192V24c0-13.3 10.7-24 24-24zm296 376v112c0 13.3-10.7 24-24 24H24c-13.3 0-24-10.7-24-24V376c0-13.3 10.7-24 24-24h146.7l49 49c20.1 20.1 52.5 20.1 72.6 0l49-49H488c13.3 0 24 10.7 24 24zm-124 88c0-11-9-20-20-20s-20 9-20 20 9 20 20 20 20-9 20-20zm64 0c0-11-9-20-20-20s-20 9-20 20 9 20 20 20 20-9 20-20z\"><\/path><\/svg>\t\t\t<\/a>\n\t\t<\/div>\n\t\t\t\t\t\t<\/div>\n\t\t\t\t<\/div>\n\t\t\t\t<\/div>\n\t\t<div class=\"elementor-element elementor-element-fef74d2 e-con-full e-flex e-con e-child\" data-id=\"fef74d2\" data-element_type=\"container\">\n\t\t\t\t<div class=\"elementor-element elementor-element-5dff0a8 elementor-widget__width-initial elementor-widget elementor-widget-text-editor\" data-id=\"5dff0a8\" data-element_type=\"widget\" data-widget_type=\"text-editor.default\">\n\t\t\t\t<div class=\"elementor-widget-container\">\n\t\t\t\t\t\t\t\t\t<p><strong>Specsens Brosch\u00fcre<br \/><\/strong><\/p>\t\t\t\t\t\t\t\t<\/div>\n\t\t\t\t<\/div>\n\t\t\t\t<div class=\"elementor-element elementor-element-d7f6be5 elementor-widget__width-initial elementor-view-default elementor-widget elementor-widget-icon\" data-id=\"d7f6be5\" data-element_type=\"widget\" data-widget_type=\"icon.default\">\n\t\t\t\t<div class=\"elementor-widget-container\">\n\t\t\t\t\t\t\t<div class=\"elementor-icon-wrapper\">\n\t\t\t<a class=\"elementor-icon\" href=\"http:\/\/www.specsens.com\/wp-content\/uploads\/2025\/02\/Specsens-Brochure-2024.10.31.pdf\" target=\"_blank\">\n\t\t\t<svg aria-hidden=\"true\" class=\"e-font-icon-svg e-fas-download\" viewbox=\"0 0 512 512\" xmlns=\"http:\/\/www.w3.org\/2000\/svg\"><path d=\"M216 0h80c13.3 0 24 10.7 24 24v168h87.7c17.8 0 26.7 21.5 14.1 34.1L269.7 378.3c-7.5 7.5-19.8 7.5-27.3 0L90.1 226.1c-12.6-12.6-3.7-34.1 14.1-34.1H192V24c0-13.3 10.7-24 24-24zm296 376v112c0 13.3-10.7 24-24 24H24c-13.3 0-24-10.7-24-24V376c0-13.3 10.7-24 24-24h146.7l49 49c20.1 20.1 52.5 20.1 72.6 0l49-49H488c13.3 0 24 10.7 24 24zm-124 88c0-11-9-20-20-20s-20 9-20 20 9 20 20 20 20-9 20-20zm64 0c0-11-9-20-20-20s-20 9-20 20 9 20 20 20 20-9 20-20z\"><\/path><\/svg>\t\t\t<\/a>\n\t\t<\/div>\n\t\t\t\t\t\t<\/div>\n\t\t\t\t<\/div>\n\t\t\t\t<\/div>\n\t\t\t\t<\/div>\n\t\t\t\t\t<\/div>\n\t\t\t\t<\/div>\n\t\t\t\t\t<\/div>\n\t\t<\/div>\n\t\t\t\t\t\t<\/div>\n\t\t\t\t<\/div>\n\t\t\t\t\t<\/div>\n\t\t\t\t<\/div>\n\t\t<div class=\"elementor-element elementor-element-19f2244 e-flex e-con-boxed e-con e-parent\" data-id=\"19f2244\" data-element_type=\"container\">\n\t\t\t\t\t<div class=\"e-con-inner\">\n\t\t\t\t<div class=\"elementor-element elementor-element-90c1a82 elementor-widget-divider--view-line_icon elementor-view-default elementor-widget-divider--element-align-center elementor-widget elementor-widget-divider\" data-id=\"90c1a82\" data-element_type=\"widget\" data-widget_type=\"divider.default\">\n\t\t\t\t<div class=\"elementor-widget-container\">\n\t\t\t\t\t\t\t<div class=\"elementor-divider\">\n\t\t\t<span class=\"elementor-divider-separator\">\n\t\t\t\t\t\t\t<div class=\"elementor-icon elementor-divider__element\">\n\t\t\t\t\t<svg aria-hidden=\"true\" class=\"e-font-icon-svg e-fas-arrows-alt-h\" viewbox=\"0 0 512 512\" xmlns=\"http:\/\/www.w3.org\/2000\/svg\"><path d=\"M377.941 169.941V216H134.059v-46.059c0-21.382-25.851-32.09-40.971-16.971L7.029 239.029c-9.373 9.373-9.373 24.568 0 33.941l86.059 86.059c15.119 15.119 40.971 4.411 40.971-16.971V296h243.882v46.059c0 21.382 25.851 32.09 40.971 16.971l86.059-86.059c9.373-9.373 9.373-24.568 0-33.941l-86.059-86.059c-15.119-15.12-40.971-4.412-40.971 16.97z\"><\/path><\/svg><\/div>\n\t\t\t\t\t\t<\/span>\n\t\t<\/div>\n\t\t\t\t\t\t<\/div>\n\t\t\t\t<\/div>\n\t\t\t\t\t<\/div>\n\t\t\t\t<\/div>\n\t\t<div class=\"elementor-element elementor-element-df9f0f9 e-flex e-con-boxed e-con e-parent\" data-id=\"df9f0f9\" data-element_type=\"container\">\n\t\t\t\t\t<div class=\"e-con-inner\">\n\t\t\t\t<div class=\"elementor-element elementor-element-35bc91f elementor-widget elementor-widget-heading\" data-id=\"35bc91f\" data-element_type=\"widget\" data-widget_type=\"heading.default\">\n\t\t\t\t<div class=\"elementor-widget-container\">\n\t\t\t\t\t<h2 class=\"elementor-heading-title elementor-size-default\">Anmeldung<\/h2>\t\t\t\t<\/div>\n\t\t\t\t<\/div>\n\t\t<div class=\"elementor-element elementor-element-2b67cf4 e-con-full e-flex e-con e-child\" data-id=\"2b67cf4\" data-element_type=\"container\">\n\t\t<div class=\"elementor-element elementor-element-eb76176 e-con-full e-flex e-con e-child\" data-id=\"eb76176\" data-element_type=\"container\">\n\t\t<div class=\"elementor-element elementor-element-3119c55 e-con-full e-flex e-con e-child\" data-id=\"3119c55\" data-element_type=\"container\">\n\t\t\t\t<div class=\"elementor-element elementor-element-f9522e4 elementor-position-top elementor-widget elementor-widget-image-box\" data-id=\"f9522e4\" data-element_type=\"widget\" data-widget_type=\"image-box.default\">\n\t\t\t\t<div class=\"elementor-widget-container\">\n\t\t\t\t\t<div class=\"elementor-image-box-wrapper\"><figure class=\"elementor-image-box-img\"><img fetchpriority=\"high\" decoding=\"async\" width=\"380\" height=\"420\" src=\"https:\/\/www.specsens.com\/wp-content\/uploads\/2024\/05\/service-06.jpg\" class=\"attachment-full size-full wp-image-371 wp-post-image\" alt=\"\" srcset=\"https:\/\/www.specsens.com\/wp-content\/uploads\/2024\/05\/service-06.jpg 380w, https:\/\/www.specsens.com\/wp-content\/uploads\/2024\/05\/service-06-271x300.jpg 271w\" sizes=\"(max-width: 380px) 100vw, 380px\" \/><\/figure><div class=\"elementor-image-box-content\"><h5 class=\"elementor-image-box-title\">\u00dcberwachung von Fl\u00fcssen und Wassereinzugsgebieten<\/h5><p class=\"elementor-image-box-description\">Wirksam f\u00fcr die \u00dcberwachung von Zu- und Abfl\u00fcssen in h\u00e4uslichen und industriellen Abw\u00e4ssern.<\/p><\/div><\/div>\t\t\t\t<\/div>\n\t\t\t\t<\/div>\n\t\t\t\t<\/div>\n\t\t<div class=\"elementor-element elementor-element-d6e9b96 e-con-full e-flex e-con e-child\" data-id=\"d6e9b96\" data-element_type=\"container\">\n\t\t\t\t<div class=\"elementor-element elementor-element-1add587 elementor-position-top elementor-widget elementor-widget-image-box\" data-id=\"1add587\" data-element_type=\"widget\" data-widget_type=\"image-box.default\">\n\t\t\t\t<div class=\"elementor-widget-container\">\n\t\t\t\t\t<div class=\"elementor-image-box-wrapper\"><figure class=\"elementor-image-box-img\"><img fetchpriority=\"high\" decoding=\"async\" width=\"380\" height=\"420\" src=\"https:\/\/www.specsens.com\/wp-content\/uploads\/2024\/05\/service-06.jpg\" class=\"attachment-full size-full wp-image-371 wp-post-image\" alt=\"\" srcset=\"https:\/\/www.specsens.com\/wp-content\/uploads\/2024\/05\/service-06.jpg 380w, https:\/\/www.specsens.com\/wp-content\/uploads\/2024\/05\/service-06-271x300.jpg 271w\" sizes=\"(max-width: 380px) 100vw, 380px\" \/><\/figure><div class=\"elementor-image-box-content\"><h5 class=\"elementor-image-box-title\">Optimierung der Abwasserbehandlung<\/h5><p class=\"elementor-image-box-description\">Unterst\u00fctzt die Effizienz des Aufbereitungsprozesses und liefert verwertbare Daten f\u00fcr Parameteranpassungen.<\/p><\/div><\/div>\t\t\t\t<\/div>\n\t\t\t\t<\/div>\n\t\t\t\t<\/div>\n\t\t<div class=\"elementor-element elementor-element-bcfe200 e-con-full e-flex e-con e-child\" data-id=\"bcfe200\" data-element_type=\"container\">\n\t\t\t\t<div class=\"elementor-element elementor-element-547f1a6 elementor-position-top elementor-widget elementor-widget-image-box\" data-id=\"547f1a6\" data-element_type=\"widget\" data-widget_type=\"image-box.default\">\n\t\t\t\t<div class=\"elementor-widget-container\">\n\t\t\t\t\t<div class=\"elementor-image-box-wrapper\"><figure class=\"elementor-image-box-img\"><img fetchpriority=\"high\" decoding=\"async\" width=\"380\" height=\"420\" src=\"https:\/\/www.specsens.com\/wp-content\/uploads\/2024\/05\/service-06.jpg\" class=\"attachment-full size-full wp-image-371 wp-post-image\" alt=\"\" srcset=\"https:\/\/www.specsens.com\/wp-content\/uploads\/2024\/05\/service-06.jpg 380w, https:\/\/www.specsens.com\/wp-content\/uploads\/2024\/05\/service-06-271x300.jpg 271w\" sizes=\"(max-width: 380px) 100vw, 380px\" \/><\/figure><div class=\"elementor-image-box-content\"><h5 class=\"elementor-image-box-title\">St\u00e4dtische Wassernetze<\/h5><p class=\"elementor-image-box-description\">\u00dcberwacht die Wasserqualit\u00e4t in den kommunalen Leitungsnetzen, um die Einhaltung der Vorschriften und die Qualit\u00e4t sicherzustellen.<\/p><\/div><\/div>\t\t\t\t<\/div>\n\t\t\t\t<\/div>\n\t\t\t\t<\/div>\n\t\t<div class=\"elementor-element elementor-element-b7a4630 e-con-full e-flex e-con e-child\" data-id=\"b7a4630\" data-element_type=\"container\">\n\t\t\t\t<div class=\"elementor-element elementor-element-60315ff elementor-position-top elementor-widget elementor-widget-image-box\" data-id=\"60315ff\" data-element_type=\"widget\" data-widget_type=\"image-box.default\">\n\t\t\t\t<div class=\"elementor-widget-container\">\n\t\t\t\t\t<div class=\"elementor-image-box-wrapper\"><figure class=\"elementor-image-box-img\"><img fetchpriority=\"high\" decoding=\"async\" width=\"380\" height=\"420\" src=\"https:\/\/www.specsens.com\/wp-content\/uploads\/2024\/05\/service-06.jpg\" class=\"attachment-full size-full wp-image-371 wp-post-image\" alt=\"\" srcset=\"https:\/\/www.specsens.com\/wp-content\/uploads\/2024\/05\/service-06.jpg 380w, https:\/\/www.specsens.com\/wp-content\/uploads\/2024\/05\/service-06-271x300.jpg 271w\" sizes=\"(max-width: 380px) 100vw, 380px\" \/><\/figure><div class=\"elementor-image-box-content\"><h5 class=\"elementor-image-box-title\"> Umweltbezogene Wasserk\u00f6rper<\/h5><p class=\"elementor-image-box-description\">Ideal f\u00fcr die \u00dcberwachung von Einzugsgebieten, Oberfl\u00e4chenwasser und Grundwasser.<\/p><\/div><\/div>\t\t\t\t<\/div>\n\t\t\t\t<\/div>\n\t\t\t\t<\/div>\n\t\t\t\t<\/div>\n\t\t\t\t<\/div>\n\t\t\t\t\t<\/div>\n\t\t\t\t<\/div>\n\t\t\t\t<\/div>","protected":false},"excerpt":{"rendered":"<p>Das Wasserh\u00e4rte-Analyseger\u00e4t misst die Wasserh\u00e4rte durch Titration und Kolorimetrie. Es pumpt automatisch Reagenzien zur Reaktion in die Wasserprobe, bestimmt den Endpunkt der Reaktion durch Kolorimetrie und ermittelt die H\u00e4rtekonzentration im Wasser anhand der Menge des zugegebenen Reagenz. Das Analyseger\u00e4t kann unterschiedliche H\u00e4rtekonzentrationen messen, indem es verschiedene Reagenzien ausw\u00e4hlt.<\/p>","protected":false},"featured_media":3738,"template":"","meta":{"_joinchat":[]},"product_brand":[],"product_cat":[112,146,149,151,154,152],"product_tag":[177,191],"class_list":{"0":"post-2209","1":"product","2":"type-product","3":"status-publish","4":"has-post-thumbnail","6":"product_cat-analyzer","7":"product_cat-hardness","8":"product_cat-drinking-water","9":"product_cat-municipal-sewage-water","10":"product_cat-industrial-wastewater-monitoring","11":"product_cat-environmental-monitoring","12":"product_tag-hardness","13":"product_tag-total-hardness","15":"first","16":"instock","17":"shipping-taxable","18":"product-type-simple"},"_links":{"self":[{"href":"https:\/\/www.specsens.com\/de\/wp-json\/wp\/v2\/product\/2209","targetHints":{"allow":["GET"]}}],"collection":[{"href":"https:\/\/www.specsens.com\/de\/wp-json\/wp\/v2\/product"}],"about":[{"href":"https:\/\/www.specsens.com\/de\/wp-json\/wp\/v2\/types\/product"}],"version-history":[{"count":12,"href":"https:\/\/www.specsens.com\/de\/wp-json\/wp\/v2\/product\/2209\/revisions"}],"predecessor-version":[{"id":3020,"href":"https:\/\/www.specsens.com\/de\/wp-json\/wp\/v2\/product\/2209\/revisions\/3020"}],"wp:featuredmedia":[{"embeddable":true,"href":"https:\/\/www.specsens.com\/de\/wp-json\/wp\/v2\/media\/3738"}],"wp:attachment":[{"href":"https:\/\/www.specsens.com\/de\/wp-json\/wp\/v2\/media?parent=2209"}],"wp:term":[{"taxonomy":"product_brand","embeddable":true,"href":"https:\/\/www.specsens.com\/de\/wp-json\/wp\/v2\/product_brand?post=2209"},{"taxonomy":"product_cat","embeddable":true,"href":"https:\/\/www.specsens.com\/de\/wp-json\/wp\/v2\/product_cat?post=2209"},{"taxonomy":"product_tag","embeddable":true,"href":"https:\/\/www.specsens.com\/de\/wp-json\/wp\/v2\/product_tag?post=2209"}],"curies":[{"name":"wp","href":"https:\/\/api.w.org\/{rel}","templated":true}]}}