{"id":2238,"date":"2025-02-11T23:15:44","date_gmt":"2025-02-11T15:15:44","guid":{"rendered":"https:\/\/www.specsens.com\/?post_type=product&#038;p=2238"},"modified":"2025-04-30T12:06:45","modified_gmt":"2025-04-30T04:06:45","slug":"mc-bw-b-meter-controller","status":"publish","type":"product","link":"https:\/\/www.specsens.com\/de\/produkt\/mc-bw-b-meter-controller\/","title":{"rendered":"MC-BW-B Z\u00e4hlersteuerung"},"content":{"rendered":"<div data-elementor-type=\"product-post\" data-elementor-id=\"2238\" class=\"elementor elementor-2238\" data-elementor-post-type=\"product\">\n\t\t\t\t<div class=\"elementor-element elementor-element-3dce606 e-flex e-con-boxed e-con e-parent\" data-id=\"3dce606\" data-element_type=\"container\">\n\t\t\t\t\t<div class=\"e-con-inner\">\n\t\t\t\t<div class=\"elementor-element elementor-element-691c8c5 e-n-tabs-mobile elementor-widget elementor-widget-n-tabs\" data-id=\"691c8c5\" data-element_type=\"widget\" data-settings=\"{&quot;tabs_justify_horizontal&quot;:&quot;start&quot;,&quot;horizontal_scroll&quot;:&quot;disable&quot;}\" data-widget_type=\"nested-tabs.default\">\n\t\t\t\t<div class=\"elementor-widget-container\">\n\t\t\t\t\t\t\t<div class=\"e-n-tabs\" data-widget-number=\"110217413\" aria-label=\"\u0412\u043a\u043b\u0430\u0434\u043a\u0438. \u041e\u0442\u043a\u0440\u044b\u0432\u0430\u0439\u0442\u0435 \u044d\u043b\u0435\u043c\u0435\u043d\u0442\u044b \u0441 \u043f\u043e\u043c\u043e\u0449\u044c\u044e Enter \u0438\u043b\u0438 Space, \u0437\u0430\u043a\u0440\u044b\u0432\u0430\u0439\u0442\u0435 \u0441 \u043f\u043e\u043c\u043e\u0449\u044c\u044e Escape \u0438 \u043f\u0435\u0440\u0435\u043c\u0435\u0449\u0430\u0439\u0442\u0435\u0441\u044c \u0441 \u043f\u043e\u043c\u043e\u0449\u044c\u044e \u043a\u043b\u0430\u0432\u0438\u0448 \u0441\u043e \u0441\u0442\u0440\u0435\u043b\u043a\u0430\u043c\u0438.\" data-no-translation-aria-label=\"\">\n\t\t\t<div class=\"e-n-tabs-heading\" role=\"tablist\">\n\t\t\t\t\t<button id=\"e-n-tab-title-1102174131\" class=\"e-n-tab-title\" aria-selected=\"true\" data-tab-index=\"1\" role=\"tab\" tabindex=\"0\" aria-controls=\"e-n-tab-content-1102174131\" style=\"--n-tabs-title-order: 1;\">\n\t\t\t\t\t\t<span class=\"e-n-tab-title-text\">\n\t\t\t\tEigenschaften\t\t\t<\/span>\n\t\t<\/button>\n\t\t\t\t<button id=\"e-n-tab-title-1102174132\" class=\"e-n-tab-title\" aria-selected=\"false\" data-tab-index=\"2\" role=\"tab\" tabindex=\"-1\" aria-controls=\"e-n-tab-content-1102174132\" style=\"--n-tabs-title-order: 2;\">\n\t\t\t\t\t\t<span class=\"e-n-tab-title-text\">\n\t\t\t\tSpezifikation\t\t\t<\/span>\n\t\t<\/button>\n\t\t\t\t<button id=\"e-n-tab-title-1102174133\" class=\"e-n-tab-title\" aria-selected=\"false\" data-tab-index=\"3\" role=\"tab\" tabindex=\"-1\" aria-controls=\"e-n-tab-content-1102174133\" style=\"--n-tabs-title-order: 3;\">\n\t\t\t\t\t\t<span class=\"e-n-tab-title-text\">\n\t\t\t\tHerunterladen\t\t\t<\/span>\n\t\t<\/button>\n\t\t\t\t\t<\/div>\n\t\t\t<div class=\"e-n-tabs-content\">\n\t\t\t\t<div id=\"e-n-tab-content-1102174131\" role=\"tabpanel\" aria-labelledby=\"e-n-tab-title-1102174131\" data-tab-index=\"1\" style=\"--n-tabs-title-order: 1;\" class=\"e-active elementor-element elementor-element-929321a e-con-full e-flex e-con e-child\" data-id=\"929321a\" data-element_type=\"container\">\n\t\t\t\t<div class=\"elementor-element elementor-element-41f2508 elementor-widget elementor-widget-text-editor\" data-id=\"41f2508\" data-element_type=\"widget\" data-widget_type=\"text-editor.default\">\n\t\t\t\t<div class=\"elementor-widget-container\">\n\t\t\t\t\t\t\t\t\t<ul><li>Unterst\u00fctzt den Einsatz im Feld und in anderen Umgebungen ohne Stromanschluss<\/li><li>Unterst\u00fctzt 4-20 mA oder 0-10 V Analogeingang, E\/A Eingang und Ausgang<\/li><li>Die drahtlose Kommunikation unterst\u00fctzt 2G\/4G und Wi-Fi.<\/li><li>Starke Kompatibilit\u00e4t, kann mit allen unseren Sensoren und anderen RS485-Kommunikationsmodus Sensoren verbinden.<\/li><li>Kompakte Gr\u00f6\u00dfe, einfach zu installieren<\/li><\/ul>\t\t\t\t\t\t\t\t<\/div>\n\t\t\t\t<\/div>\n\t\t\t\t<\/div>\n\t\t<div id=\"e-n-tab-content-1102174132\" role=\"tabpanel\" aria-labelledby=\"e-n-tab-title-1102174132\" data-tab-index=\"2\" style=\"--n-tabs-title-order: 2;\" class=\"elementor-element elementor-element-4dd3403 e-con-full e-flex e-con e-child\" data-id=\"4dd3403\" data-element_type=\"container\">\n\t\t\t\t<div class=\"elementor-element elementor-element-d314ade elementor-widget elementor-widget-heading\" data-id=\"d314ade\" data-element_type=\"widget\" data-widget_type=\"heading.default\">\n\t\t\t\t<div class=\"elementor-widget-container\">\n\t\t\t\t\t<h2 class=\"elementor-heading-title elementor-size-default\">Spezifikation<\/h2>\t\t\t\t<\/div>\n\t\t\t\t<\/div>\n\t\t\t\t<div class=\"elementor-element elementor-element-967f201 elementor-widget elementor-widget-text-editor\" data-id=\"967f201\" data-element_type=\"widget\" data-widget_type=\"text-editor.default\">\n\t\t\t\t<div class=\"elementor-widget-container\">\n\t\t\t\t\t\t\t\t\t<p>\n<table id=\"tablepress-29\" class=\"tablepress tablepress-id-29\">\n<thead>\n<tr class=\"row-1\">\n\t<th class=\"column-1\">Artikel<\/th><th class=\"column-2\">Spezifikation<\/th>\n<\/tr>\n<\/thead>\n<tbody class=\"row-striping row-hover\">\n<tr class=\"row-2\">\n\t<td class=\"column-1\">Dimension<\/td><td class=\"column-2\">170 \u00d7 170 \u00d7 90 mm<\/td>\n<\/tr>\n<tr class=\"row-3\">\n\t<td class=\"column-1\">Leistungsanforderungen<\/td><td class=\"column-2\">DC 12V - DC 24V<\/td>\n<\/tr>\n<tr class=\"row-4\">\n\t<td class=\"column-1\">Interne Stromversorgung <\/td><td class=\"column-2\">4 x 3,6-Volt-Batterie oder 16,8-Volt-Lithium-Akku (optional)<\/td>\n<\/tr>\n<tr class=\"row-5\">\n\t<td class=\"column-1\">IP-Einstufung<\/td><td class=\"column-2\">IP65<\/td>\n<\/tr>\n<tr class=\"row-6\">\n\t<td class=\"column-1\">Strom <\/td><td class=\"column-2\"> &lt; 2W (Unverbundener Sensor)<\/td>\n<\/tr>\n<tr class=\"row-7\">\n\t<td class=\"column-1\">Einrichtung<\/td><td class=\"column-2\">Wandmontage<\/td>\n<\/tr>\n<tr class=\"row-8\">\n\t<td class=\"column-1\">Speicherung von Daten<\/td><td class=\"column-2\">32GB<\/td>\n<\/tr>\n<tr class=\"row-9\">\n\t<td class=\"column-1\">Kommunikation<\/td><td class=\"column-2\"> RS485 (Modbus RTU), 2G\/4G, Wi-Fi, Bluetooth<\/td>\n<\/tr>\n<\/tbody>\n<\/table>\n<!-- #tablepress-29 from cache --><\/p>\t\t\t\t\t\t\t\t<\/div>\n\t\t\t\t<\/div>\n\t\t\t\t<div class=\"elementor-element elementor-element-97f4b42 elementor-widget elementor-widget-heading\" data-id=\"97f4b42\" data-element_type=\"widget\" data-widget_type=\"heading.default\">\n\t\t\t\t<div class=\"elementor-widget-container\">\n\t\t\t\t\t<h2 class=\"elementor-heading-title elementor-size-default\">Parameter<\/h2>\t\t\t\t<\/div>\n\t\t\t\t<\/div>\n\t\t\t\t<div class=\"elementor-element elementor-element-cd5b5d9 elementor-widget elementor-widget-text-editor\" data-id=\"cd5b5d9\" data-element_type=\"widget\" data-widget_type=\"text-editor.default\">\n\t\t\t\t<div class=\"elementor-widget-container\">\n\t\t\t\t\t\t\t\t\t<p>\n<table id=\"tablepress-50\" class=\"tablepress tablepress-id-50\">\n<thead>\n<tr class=\"row-1\">\n\t<th class=\"column-1\">Modell<\/th><th class=\"column-2\">Ausgang Schnittstelle<\/th><th class=\"column-3\">Eingabe Schnittstelle<\/th><th class=\"column-4\">Drahtlose Kommunikation<\/th>\n<\/tr>\n<\/thead>\n<tbody class=\"row-striping row-hover\">\n<tr class=\"row-2\">\n\t<td class=\"column-1\">MC-BW-B<\/td><td class=\"column-2\">ein Kanal RS485-Ausgang<br \/>\nzwei Kan\u00e4le mit niedriger Leistung sind g\u00fcltig<br \/>\nzwei Kan\u00e4le mit hoher Leistung sind g\u00fcltig<\/td><td class=\"column-3\">vier RS485-Schnittstellen (Modbus RTU-Protokoll)<br \/>\nein Kanal 4-20 mA Analogeingang<br \/>\nein Kanal 0-10 V Analogeingang<\/td><td class=\"column-4\">RS485 (Modbus RTU-Protokoll)<br \/>\n4G, WIFI (HTTP, MQTT-Protokoll)<br \/>\nBLE (privates App-Protokoll)<\/td>\n<\/tr>\n<\/tbody>\n<\/table>\n<!-- #tablepress-50 from cache --><\/p>\t\t\t\t\t\t\t\t<\/div>\n\t\t\t\t<\/div>\n\t\t\t\t<\/div>\n\t\t<div id=\"e-n-tab-content-1102174133\" role=\"tabpanel\" aria-labelledby=\"e-n-tab-title-1102174133\" data-tab-index=\"3\" style=\"--n-tabs-title-order: 3;\" class=\"elementor-element elementor-element-7605dbf e-flex e-con-boxed e-con e-child\" data-id=\"7605dbf\" data-element_type=\"container\">\n\t\t\t\t\t<div class=\"e-con-inner\">\n\t\t<div class=\"elementor-element elementor-element-be3a523 e-con-full e-flex e-con e-child\" data-id=\"be3a523\" data-element_type=\"container\">\n\t\t<div class=\"elementor-element elementor-element-89581a0 e-con-full e-flex e-con e-child\" data-id=\"89581a0\" data-element_type=\"container\">\n\t\t\t\t<div class=\"elementor-element elementor-element-5aeb26d elementor-widget__width-initial elementor-widget elementor-widget-text-editor\" data-id=\"5aeb26d\" data-element_type=\"widget\" data-widget_type=\"text-editor.default\">\n\t\t\t\t<div class=\"elementor-widget-container\">\n\t\t\t\t\t\t\t\t\t<p><strong>MC-BW-B Datenblatt<\/strong><\/p>\t\t\t\t\t\t\t\t<\/div>\n\t\t\t\t<\/div>\n\t\t\t\t<div class=\"elementor-element elementor-element-e195e66 elementor-widget__width-initial elementor-view-default elementor-widget elementor-widget-icon\" data-id=\"e195e66\" data-element_type=\"widget\" data-widget_type=\"icon.default\">\n\t\t\t\t<div class=\"elementor-widget-container\">\n\t\t\t\t\t\t\t<div class=\"elementor-icon-wrapper\">\n\t\t\t<a class=\"elementor-icon\" href=\"http:\/\/www.specsens.com\/wp-content\/uploads\/2025\/02\/MC-BW-B-Meter-Controller-Datasheet.pdf\" target=\"_blank\">\n\t\t\t<svg aria-hidden=\"true\" class=\"e-font-icon-svg e-fas-download\" viewbox=\"0 0 512 512\" xmlns=\"http:\/\/www.w3.org\/2000\/svg\"><path d=\"M216 0h80c13.3 0 24 10.7 24 24v168h87.7c17.8 0 26.7 21.5 14.1 34.1L269.7 378.3c-7.5 7.5-19.8 7.5-27.3 0L90.1 226.1c-12.6-12.6-3.7-34.1 14.1-34.1H192V24c0-13.3 10.7-24 24-24zm296 376v112c0 13.3-10.7 24-24 24H24c-13.3 0-24-10.7-24-24V376c0-13.3 10.7-24 24-24h146.7l49 49c20.1 20.1 52.5 20.1 72.6 0l49-49H488c13.3 0 24 10.7 24 24zm-124 88c0-11-9-20-20-20s-20 9-20 20 9 20 20 20 20-9 20-20zm64 0c0-11-9-20-20-20s-20 9-20 20 9 20 20 20 20-9 20-20z\"><\/path><\/svg>\t\t\t<\/a>\n\t\t<\/div>\n\t\t\t\t\t\t<\/div>\n\t\t\t\t<\/div>\n\t\t\t\t<\/div>\n\t\t<div class=\"elementor-element elementor-element-fef74d2 e-con-full e-flex e-con e-child\" data-id=\"fef74d2\" data-element_type=\"container\">\n\t\t\t\t<div class=\"elementor-element elementor-element-5dff0a8 elementor-widget__width-initial elementor-widget elementor-widget-text-editor\" data-id=\"5dff0a8\" data-element_type=\"widget\" data-widget_type=\"text-editor.default\">\n\t\t\t\t<div class=\"elementor-widget-container\">\n\t\t\t\t\t\t\t\t\t<p><strong>Specsens Brosch\u00fcre<br \/><\/strong><\/p>\t\t\t\t\t\t\t\t<\/div>\n\t\t\t\t<\/div>\n\t\t\t\t<div class=\"elementor-element elementor-element-d7f6be5 elementor-widget__width-initial elementor-view-default elementor-widget elementor-widget-icon\" data-id=\"d7f6be5\" data-element_type=\"widget\" data-widget_type=\"icon.default\">\n\t\t\t\t<div class=\"elementor-widget-container\">\n\t\t\t\t\t\t\t<div class=\"elementor-icon-wrapper\">\n\t\t\t<a class=\"elementor-icon\" href=\"http:\/\/www.specsens.com\/wp-content\/uploads\/2025\/02\/Specsens-Brochure-2024.10.31.pdf\" target=\"_blank\">\n\t\t\t<svg aria-hidden=\"true\" class=\"e-font-icon-svg e-fas-download\" viewbox=\"0 0 512 512\" xmlns=\"http:\/\/www.w3.org\/2000\/svg\"><path d=\"M216 0h80c13.3 0 24 10.7 24 24v168h87.7c17.8 0 26.7 21.5 14.1 34.1L269.7 378.3c-7.5 7.5-19.8 7.5-27.3 0L90.1 226.1c-12.6-12.6-3.7-34.1 14.1-34.1H192V24c0-13.3 10.7-24 24-24zm296 376v112c0 13.3-10.7 24-24 24H24c-13.3 0-24-10.7-24-24V376c0-13.3 10.7-24 24-24h146.7l49 49c20.1 20.1 52.5 20.1 72.6 0l49-49H488c13.3 0 24 10.7 24 24zm-124 88c0-11-9-20-20-20s-20 9-20 20 9 20 20 20 20-9 20-20zm64 0c0-11-9-20-20-20s-20 9-20 20 9 20 20 20 20-9 20-20z\"><\/path><\/svg>\t\t\t<\/a>\n\t\t<\/div>\n\t\t\t\t\t\t<\/div>\n\t\t\t\t<\/div>\n\t\t\t\t<\/div>\n\t\t\t\t<\/div>\n\t\t\t\t\t<\/div>\n\t\t\t\t<\/div>\n\t\t\t\t\t<\/div>\n\t\t<\/div>\n\t\t\t\t\t\t<\/div>\n\t\t\t\t<\/div>\n\t\t\t\t\t<\/div>\n\t\t\t\t<\/div>\n\t\t<div class=\"elementor-element elementor-element-19f2244 e-flex e-con-boxed e-con e-parent\" data-id=\"19f2244\" data-element_type=\"container\">\n\t\t\t\t\t<div class=\"e-con-inner\">\n\t\t\t\t<div class=\"elementor-element elementor-element-90c1a82 elementor-widget-divider--view-line_icon elementor-view-default elementor-widget-divider--element-align-center elementor-widget elementor-widget-divider\" data-id=\"90c1a82\" data-element_type=\"widget\" data-widget_type=\"divider.default\">\n\t\t\t\t<div class=\"elementor-widget-container\">\n\t\t\t\t\t\t\t<div class=\"elementor-divider\">\n\t\t\t<span class=\"elementor-divider-separator\">\n\t\t\t\t\t\t\t<div class=\"elementor-icon elementor-divider__element\">\n\t\t\t\t\t<svg aria-hidden=\"true\" class=\"e-font-icon-svg e-fas-arrows-alt-h\" viewbox=\"0 0 512 512\" xmlns=\"http:\/\/www.w3.org\/2000\/svg\"><path d=\"M377.941 169.941V216H134.059v-46.059c0-21.382-25.851-32.09-40.971-16.971L7.029 239.029c-9.373 9.373-9.373 24.568 0 33.941l86.059 86.059c15.119 15.119 40.971 4.411 40.971-16.971V296h243.882v46.059c0 21.382 25.851 32.09 40.971 16.971l86.059-86.059c9.373-9.373 9.373-24.568 0-33.941l-86.059-86.059c-15.119-15.12-40.971-4.412-40.971 16.97z\"><\/path><\/svg><\/div>\n\t\t\t\t\t\t<\/span>\n\t\t<\/div>\n\t\t\t\t\t\t<\/div>\n\t\t\t\t<\/div>\n\t\t\t\t\t<\/div>\n\t\t\t\t<\/div>\n\t\t<div class=\"elementor-element elementor-element-df9f0f9 e-flex e-con-boxed e-con e-parent\" data-id=\"df9f0f9\" data-element_type=\"container\">\n\t\t\t\t\t<div class=\"e-con-inner\">\n\t\t\t\t<div class=\"elementor-element elementor-element-35bc91f elementor-widget elementor-widget-heading\" data-id=\"35bc91f\" data-element_type=\"widget\" data-widget_type=\"heading.default\">\n\t\t\t\t<div class=\"elementor-widget-container\">\n\t\t\t\t\t<h2 class=\"elementor-heading-title elementor-size-default\">Anmeldung<\/h2>\t\t\t\t<\/div>\n\t\t\t\t<\/div>\n\t\t<div class=\"elementor-element elementor-element-2b67cf4 e-con-full e-flex e-con e-child\" data-id=\"2b67cf4\" data-element_type=\"container\">\n\t\t<div class=\"elementor-element elementor-element-eb76176 e-con-full e-flex e-con e-child\" data-id=\"eb76176\" data-element_type=\"container\">\n\t\t<div class=\"elementor-element elementor-element-3119c55 e-con-full e-flex e-con e-child\" data-id=\"3119c55\" data-element_type=\"container\">\n\t\t\t\t<div class=\"elementor-element elementor-element-f9522e4 elementor-position-top elementor-widget elementor-widget-image-box\" data-id=\"f9522e4\" data-element_type=\"widget\" data-widget_type=\"image-box.default\">\n\t\t\t\t<div class=\"elementor-widget-container\">\n\t\t\t\t\t<div class=\"elementor-image-box-wrapper\"><figure class=\"elementor-image-box-img\"><a href=\"https:\/\/www.specsens.com\/de\/sewage-discharge-pollution-monitoring\/\" tabindex=\"-1\"><img fetchpriority=\"high\" decoding=\"async\" width=\"380\" height=\"420\" src=\"https:\/\/www.specsens.com\/wp-content\/uploads\/2025\/02\/sewage-pipeline-monitoring.webp\" class=\"attachment-full size-full wp-image-3777 wp-post-image\" alt=\"sewage pipeline monitoring\" srcset=\"https:\/\/www.specsens.com\/wp-content\/uploads\/2025\/02\/sewage-pipeline-monitoring.webp 380w, https:\/\/www.specsens.com\/wp-content\/uploads\/2025\/02\/sewage-pipeline-monitoring-271x300.webp 271w, https:\/\/www.specsens.com\/wp-content\/uploads\/2025\/02\/sewage-pipeline-monitoring-11x12.webp 11w\" sizes=\"(max-width: 380px) 100vw, 380px\" \/><\/a><\/figure><div class=\"elementor-image-box-content\"><h5 class=\"elementor-image-box-title\"><a href=\"https:\/\/www.specsens.com\/de\/sewage-discharge-pollution-monitoring\/\">Monitor f\u00fcr kommunale Abwasserrohre<\/a><\/h5><p class=\"elementor-image-box-description\">Sensoren mit Strom versorgen, Daten sammeln und diese an die Cloud \u00fcbertragen<\/p><\/div><\/div>\t\t\t\t<\/div>\n\t\t\t\t<\/div>\n\t\t\t\t<\/div>\n\t\t<div class=\"elementor-element elementor-element-d6e9b96 e-con-full e-flex e-con e-child\" data-id=\"d6e9b96\" data-element_type=\"container\">\n\t\t\t\t<div class=\"elementor-element elementor-element-1add587 elementor-position-top elementor-widget elementor-widget-image-box\" data-id=\"1add587\" data-element_type=\"widget\" data-widget_type=\"image-box.default\">\n\t\t\t\t<div class=\"elementor-widget-container\">\n\t\t\t\t\t<div class=\"elementor-image-box-wrapper\"><figure class=\"elementor-image-box-img\"><a href=\"https:\/\/www.specsens.com\/de\/intelligent-online-water-quality-monitoring-network\/\" tabindex=\"-1\"><img decoding=\"async\" width=\"380\" height=\"420\" src=\"https:\/\/www.specsens.com\/wp-content\/uploads\/2025\/04\/drinking-water-quality-monitoring.webp\" class=\"attachment-full size-full wp-image-3805 wp-post-image\" alt=\"drinking water quality monitoring\" srcset=\"https:\/\/www.specsens.com\/wp-content\/uploads\/2025\/04\/drinking-water-quality-monitoring.webp 380w, https:\/\/www.specsens.com\/wp-content\/uploads\/2025\/04\/drinking-water-quality-monitoring-271x300.webp 271w, https:\/\/www.specsens.com\/wp-content\/uploads\/2025\/04\/drinking-water-quality-monitoring-11x12.webp 11w\" sizes=\"(max-width: 380px) 100vw, 380px\" \/><\/a><\/figure><div class=\"elementor-image-box-content\"><h5 class=\"elementor-image-box-title\"><a href=\"https:\/\/www.specsens.com\/de\/intelligent-online-water-quality-monitoring-network\/\">Online-Netzwerk zur \u00dcberwachung der Wasserqualit\u00e4t<\/a><\/h5><p class=\"elementor-image-box-description\">\u00dcberwachung der Tr\u00fcbung und des Chlorgehalts der Wasserqualit\u00e4t im Rohrleitungsnetz<\/p><\/div><\/div>\t\t\t\t<\/div>\n\t\t\t\t<\/div>\n\t\t\t\t<\/div>\n\t\t<div class=\"elementor-element elementor-element-bcfe200 e-con-full e-flex e-con e-child\" data-id=\"bcfe200\" data-element_type=\"container\">\n\t\t\t\t<\/div>\n\t\t<div class=\"elementor-element elementor-element-b7a4630 e-con-full e-flex e-con e-child\" data-id=\"b7a4630\" data-element_type=\"container\">\n\t\t\t\t<\/div>\n\t\t\t\t<\/div>\n\t\t\t\t<\/div>\n\t\t\t\t\t<\/div>\n\t\t\t\t<\/div>\n\t\t\t\t<\/div>","protected":false},"excerpt":{"rendered":"<p>Das Messger\u00e4testeuerger\u00e4t kann mit mehreren Sensoren gleichzeitig verbunden werden. Diese Controller-Serie unterst\u00fctzt eine Vielzahl von Stromversorgungsmethoden, und die eingebaute Batterie kann sich an schwierige Stromversorgungsszenarien vor Ort anpassen, so dass Kunden ein umfassendes Programm f\u00fcr die Daten\u00fcbertragung zur \u00dcberwachung der Wasserqualit\u00e4t vor Ort erhalten.<br \/>\nDer Z\u00e4hler-Controller unterst\u00fctzt die RS485-Bus-Kommunikation mit dem Standardprotokoll Modbus RTU und kann bis zu vier Kan\u00e4le von Unterger\u00e4ten gleichzeitig aufnehmen; durch die analoge Signalerfassung mit 4-20mA und 0-10V k\u00f6nnen zwei Kan\u00e4le den gleichzeitigen Zugriff f\u00fcr jede Stra\u00dfenausr\u00fcstung unterst\u00fctzen. Benutzer k\u00f6nnen schnell Sensorinformationen konfigurieren, eine Verbindung zum Controller herstellen und Daten in Echtzeit \u00fcbertragen.<br \/>\nDer MC-BW-B Z\u00e4hler-Controller unterst\u00fctzt die drahtlose Datenausgabe. \u00dcber Wi-Fi- und 4G-Netzwerke k\u00f6nnen Benutzer die gesammelten Daten in die Cloud hochladen, die HTTP- und MQTT-Protokolle unterst\u00fctzt. Die Benutzer k\u00f6nnen die Daten auch aus der Ferne \u00fcber den SPS-Server (SPS-Cloud-Service) einsehen. Der MC-BW-B unterst\u00fctzt auch die kabelgebundene Datenausgabe. \u00dcber die RS485-Host-Verbindungsschnittstelle k\u00f6nnen Benutzer Daten \u00fcber das Modbus-RTU-Protokoll auslesen.<\/p>","protected":false},"featured_media":3734,"template":"","meta":{"_joinchat":[]},"product_brand":[],"product_cat":[129,130,131,132,133,134,137,135,136,139,127,128,138,141,142,143,140,145,144,126,198,146,148,147,197,149,151,154,152],"product_tag":[190,160,189,158,171,167,206,164,161,195,169,177,207,187,202,174,182,175,163,168,165,204,203,186,185,155,159,192,157,156],"class_list":{"0":"post-2238","1":"product","2":"type-product","3":"status-publish","4":"has-post-thumbnail","6":"product_cat-cod","7":"product_cat-toc","8":"product_cat-bod","9":"product_cat-doc","10":"product_cat-no-n","12":"product_cat-color","13":"product_cat-no","15":"product_cat-do","16":"product_cat-turbidity","17":"product_cat-tss","18":"product_cat-o","19":"product_cat-ph","20":"product_cat-conductivity","21":"product_cat-orp","22":"product_cat-nh-n","23":"product_cat-residual-chlorine","24":"product_cat-free-chlorine","25":"product_cat-temperature","26":"product_cat-chlorine","27":"product_cat-hardness","28":"product_cat-partical-counter","29":"product_cat-fe","30":"product_cat-multi-parameter-analyzer","31":"product_cat-drinking-water","32":"product_cat-municipal-sewage-water","33":"product_cat-industrial-wastewater-monitoring","34":"product_cat-environmental-monitoring","35":"product_tag-blue-green-algae","36":"product_tag-bod","37":"product_tag-chlorophyll-a","38":"product_tag-cod","39":"product_tag-color","40":"product_tag-conductivity","41":"product_tag-depth","42":"product_tag-do","43":"product_tag-doc","44":"product_tag-fe","45":"product_tag-free-chlorine","46":"product_tag-hardness","47":"product_tag-knh3-n","48":"product_tag-nh4","49":"product_tag-no2","50":"product_tag-no-n","51":"product_tag-no3","53":"product_tag-o","54":"product_tag-orp","55":"product_tag-ph","56":"product_tag-pressure","57":"product_tag-residual-chlorine","58":"product_tag-salinity","59":"product_tag-tds","60":"product_tag-temperature","61":"product_tag-toc","62":"product_tag-total-iron","63":"product_tag-tss","64":"product_tag-turbidity","66":"first","67":"instock","68":"shipping-taxable","69":"product-type-simple"},"_links":{"self":[{"href":"https:\/\/www.specsens.com\/de\/wp-json\/wp\/v2\/product\/2238","targetHints":{"allow":["GET"]}}],"collection":[{"href":"https:\/\/www.specsens.com\/de\/wp-json\/wp\/v2\/product"}],"about":[{"href":"https:\/\/www.specsens.com\/de\/wp-json\/wp\/v2\/types\/product"}],"version-history":[{"count":13,"href":"https:\/\/www.specsens.com\/de\/wp-json\/wp\/v2\/product\/2238\/revisions"}],"predecessor-version":[{"id":3886,"href":"https:\/\/www.specsens.com\/de\/wp-json\/wp\/v2\/product\/2238\/revisions\/3886"}],"wp:featuredmedia":[{"embeddable":true,"href":"https:\/\/www.specsens.com\/de\/wp-json\/wp\/v2\/media\/3734"}],"wp:attachment":[{"href":"https:\/\/www.specsens.com\/de\/wp-json\/wp\/v2\/media?parent=2238"}],"wp:term":[{"taxonomy":"product_brand","embeddable":true,"href":"https:\/\/www.specsens.com\/de\/wp-json\/wp\/v2\/product_brand?post=2238"},{"taxonomy":"product_cat","embeddable":true,"href":"https:\/\/www.specsens.com\/de\/wp-json\/wp\/v2\/product_cat?post=2238"},{"taxonomy":"product_tag","embeddable":true,"href":"https:\/\/www.specsens.com\/de\/wp-json\/wp\/v2\/product_tag?post=2238"}],"curies":[{"name":"wp","href":"https:\/\/api.w.org\/{rel}","templated":true}]}}