{"id":4091,"date":"2025-09-23T16:45:25","date_gmt":"2025-09-23T08:45:25","guid":{"rendered":"https:\/\/www.specsens.com\/?post_type=product&#038;p=4091"},"modified":"2025-09-23T18:47:33","modified_gmt":"2025-09-23T10:47:33","slug":"mc-hc-meter-controller","status":"publish","type":"product","link":"https:\/\/www.specsens.com\/de\/produkt\/mc-hc-meter-controller\/","title":{"rendered":"MC-HC Z\u00e4hlersteuerung"},"content":{"rendered":"<div data-elementor-type=\"product-post\" data-elementor-id=\"4091\" class=\"elementor elementor-4091\" data-elementor-post-type=\"product\">\n\t\t\t\t<div class=\"elementor-element elementor-element-3dce606 e-flex e-con-boxed e-con e-parent\" data-id=\"3dce606\" data-element_type=\"container\">\n\t\t\t\t\t<div class=\"e-con-inner\">\n\t\t\t\t<div class=\"elementor-element elementor-element-691c8c5 e-n-tabs-mobile elementor-widget elementor-widget-n-tabs\" data-id=\"691c8c5\" data-element_type=\"widget\" data-settings=\"{&quot;tabs_justify_horizontal&quot;:&quot;start&quot;,&quot;horizontal_scroll&quot;:&quot;disable&quot;}\" data-widget_type=\"nested-tabs.default\">\n\t\t\t\t<div class=\"elementor-widget-container\">\n\t\t\t\t\t\t\t<div class=\"e-n-tabs\" data-widget-number=\"110217413\" aria-label=\"Onglets. Ouvrez des \u00e9l\u00e9ments avec Enter ou Space, fermez-les avec Escape et naviguez \u00e0 l&#039;aide des touches fl\u00e9ch\u00e9es.\" data-no-translation-aria-label=\"\">\n\t\t\t<div class=\"e-n-tabs-heading\" role=\"tablist\">\n\t\t\t\t\t<button id=\"e-n-tab-title-1102174131\" class=\"e-n-tab-title\" aria-selected=\"true\" data-tab-index=\"1\" role=\"tab\" tabindex=\"0\" aria-controls=\"e-n-tab-content-1102174131\" style=\"--n-tabs-title-order: 1;\">\n\t\t\t\t\t\t<span class=\"e-n-tab-title-text\">\n\t\t\t\tEigenschaften\t\t\t<\/span>\n\t\t<\/button>\n\t\t\t\t<button id=\"e-n-tab-title-1102174132\" class=\"e-n-tab-title\" aria-selected=\"false\" data-tab-index=\"2\" role=\"tab\" tabindex=\"-1\" aria-controls=\"e-n-tab-content-1102174132\" style=\"--n-tabs-title-order: 2;\">\n\t\t\t\t\t\t<span class=\"e-n-tab-title-text\">\n\t\t\t\tSpezifikation\t\t\t<\/span>\n\t\t<\/button>\n\t\t\t\t<button id=\"e-n-tab-title-1102174133\" class=\"e-n-tab-title\" aria-selected=\"false\" data-tab-index=\"3\" role=\"tab\" tabindex=\"-1\" aria-controls=\"e-n-tab-content-1102174133\" style=\"--n-tabs-title-order: 3;\">\n\t\t\t\t\t\t<span class=\"e-n-tab-title-text\">\n\t\t\t\tHerunterladen\t\t\t<\/span>\n\t\t<\/button>\n\t\t\t\t\t<\/div>\n\t\t\t<div class=\"e-n-tabs-content\">\n\t\t\t\t<div id=\"e-n-tab-content-1102174131\" role=\"tabpanel\" aria-labelledby=\"e-n-tab-title-1102174131\" data-tab-index=\"1\" style=\"--n-tabs-title-order: 1;\" class=\"e-active elementor-element elementor-element-929321a e-con-full e-flex e-con e-child\" data-id=\"929321a\" data-element_type=\"container\">\n\t\t\t\t<div class=\"elementor-element elementor-element-41f2508 elementor-widget elementor-widget-text-editor\" data-id=\"41f2508\" data-element_type=\"widget\" data-widget_type=\"text-editor.default\">\n\t\t\t\t<div class=\"elementor-widget-container\">\n\t\t\t\t\t\t\t\t\t<h3><strong>MC-HC Handheld Controller<\/strong><\/h3><ul><li><p class=\"ds-markdown-paragraph\"><strong>Universeller Modbus-Transmitter:<\/strong>\u00a0Die\u00a0<strong>MC-HC-Sender<\/strong>\u00a0ist kompatibel mit allen\u00a0<strong>SPECSENS Sensoren<\/strong>\u00a0und jedes Ger\u00e4t von Drittanbietern, das das standardm\u00e4\u00dfige Modbus RTU-Protokoll verwendet, und bietet so eine beispiellose Flexibilit\u00e4t bei der Systemintegration.<\/p><\/li><li><p class=\"ds-markdown-paragraph\"><strong>Umfassende Datenaufzeichnung:<\/strong>\u00a0Wirkt als starker\u00a0<strong>Datenlogger<\/strong>\u00a0mit 32 GB internem Speicher, der historische Trendanalysen auf der Statistikseite unterst\u00fctzt und keinen Datenverlust zul\u00e4sst.<\/p><\/li><li><p class=\"ds-markdown-paragraph\"><strong>Multi-Wireless-Konnektivit\u00e4t:<\/strong>\u00a0Ausgestattet mit 4G (optional), Wi-Fi und Bluetooth f\u00fcr den flexiblen und zuverl\u00e4ssigen Fern-Upload von Daten auf Cloud-Plattformen \u00fcber HTTP oder MQTT.<\/p><\/li><li><p class=\"ds-markdown-paragraph\"><strong>Intuitive Touchscreen-Benutzeroberfl\u00e4che:<\/strong>\u00a0Der 5-Zoll-Farb-Touchscreen bietet einen \u00fcbersichtlichen Zugriff auf Echtzeitdaten (Analyseseite), Kalibrierungsfunktionen und Ger\u00e4testeuerungseinstellungen.<\/p><\/li><li><p class=\"ds-markdown-paragraph\"><strong>Robustes und tragbares Design:<\/strong>\u00a0Mit einer Schutzart von IP65 und einem weiten Betriebstemperaturbereich (-20\u00b0C bis 60\u00b0C) ist das Handger\u00e4t\u00a0<strong>MC-HC Z\u00e4hlersteuerung<\/strong>\u00a0ist f\u00fcr anspruchsvolle Einsatzbedingungen gebaut.<\/p><\/li><li><p class=\"ds-markdown-paragraph\"><strong>Verl\u00e4ngerte Batterielebensdauer:<\/strong>\u00a0Der wiederaufladbare 6600-mAh-Akku sorgt f\u00fcr eine lange Betriebsdauer zwischen den Ladevorg\u00e4ngen.<\/p><\/li><\/ul>\t\t\t\t\t\t\t\t<\/div>\n\t\t\t\t<\/div>\n\t\t\t\t<\/div>\n\t\t<div id=\"e-n-tab-content-1102174132\" role=\"tabpanel\" aria-labelledby=\"e-n-tab-title-1102174132\" data-tab-index=\"2\" style=\"--n-tabs-title-order: 2;\" class=\"elementor-element elementor-element-4dd3403 e-con-full e-flex e-con e-child\" data-id=\"4dd3403\" data-element_type=\"container\">\n\t\t\t\t<div class=\"elementor-element elementor-element-d314ade elementor-widget elementor-widget-heading\" data-id=\"d314ade\" data-element_type=\"widget\" data-widget_type=\"heading.default\">\n\t\t\t\t<div class=\"elementor-widget-container\">\n\t\t\t\t\t<h2 class=\"elementor-heading-title elementor-size-default\">Spezifikation<\/h2>\t\t\t\t<\/div>\n\t\t\t\t<\/div>\n\t\t\t\t<div class=\"elementor-element elementor-element-967f201 elementor-widget elementor-widget-text-editor\" data-id=\"967f201\" data-element_type=\"widget\" data-widget_type=\"text-editor.default\">\n\t\t\t\t<div class=\"elementor-widget-container\">\n\t\t\t\t\t\t\t\t\t<p>\n<table id=\"tablepress-55\" class=\"tablepress tablepress-id-55\">\n<thead>\n<tr class=\"row-1\">\n\t<th class=\"column-1\">Artikel<\/th><th class=\"column-2\">Spezifikation<\/th>\n<\/tr>\n<\/thead>\n<tbody class=\"row-striping row-hover\">\n<tr class=\"row-2\">\n\t<td class=\"column-1\">Beschreibung des Produkts<\/td><td class=\"column-2\">Messger\u00e4testeuerung, die mit dem Sensor verbunden ist, um Messwerte anzuzeigen und Daten hochzuladen<\/td>\n<\/tr>\n<tr class=\"row-3\">\n\t<td class=\"column-1\">Anzeige<\/td><td class=\"column-2\">5-Zoll-LCD-Farbbildschirm mit Touch-Funktion<\/td>\n<\/tr>\n<tr class=\"row-4\">\n\t<td class=\"column-1\">Abmessungen (BxHxT)<\/td><td class=\"column-2\">184x97x40 mm<\/td>\n<\/tr>\n<tr class=\"row-5\">\n\t<td class=\"column-1\">Gewicht<\/td><td class=\"column-2\">0,65 KG<\/td>\n<\/tr>\n<tr class=\"row-6\">\n\t<td class=\"column-1\">Ausgangsspannung<\/td><td class=\"column-2\">12V GLEICHSTROM<\/td>\n<\/tr>\n<tr class=\"row-7\">\n\t<td class=\"column-1\">Kapazit\u00e4t der Batterie<\/td><td class=\"column-2\">6600 mAh<\/td>\n<\/tr>\n<tr class=\"row-8\">\n\t<td class=\"column-1\">Schutzklasse<\/td><td class=\"column-2\">IP65<\/td>\n<\/tr>\n<tr class=\"row-9\">\n\t<td class=\"column-1\">Montage<\/td><td class=\"column-2\">Handheld<\/td>\n<\/tr>\n<tr class=\"row-10\">\n\t<td class=\"column-1\">Betriebstemperatur<\/td><td class=\"column-2\">Aufladen: 10-45 \u00b0C (50 - 113 \u00b0F) <br \/>\nVerwendung: -20-60 \u00b0C (-4 - 140 \u00b0F) <\/td>\n<\/tr>\n<tr class=\"row-11\">\n\t<td class=\"column-1\">Lagertemperatur<\/td><td class=\"column-2\">-10-45 \u00b0C (14- 113 \u00b0F) <\/td>\n<\/tr>\n<tr class=\"row-12\">\n\t<td class=\"column-1\">Speicherung von Daten<\/td><td class=\"column-2\">32GB<\/td>\n<\/tr>\n<tr class=\"row-13\">\n\t<td class=\"column-1\">Schnittstelle<\/td><td class=\"column-2\">5-poliger Steckverbinder<br \/>\n<\/td>\n<\/tr>\n<tr class=\"row-14\">\n\t<td class=\"column-1\">Drahtlose Kommunikation<\/td><td class=\"column-2\">WiFi (HTTP, MQTT-Protokoll), Bluetooth, 4G (optional f\u00fcr den Benutzer) <\/td>\n<\/tr>\n<tr class=\"row-15\">\n\t<td class=\"column-1\">Standort<\/td><td class=\"column-2\">GPS<\/td>\n<\/tr>\n<tr class=\"row-16\">\n\t<td class=\"column-1\">Garantie<\/td><td class=\"column-2\">Ein Jahr<\/td>\n<\/tr>\n<\/tbody>\n<\/table>\n<!-- #tablepress-55 from cache --><\/p>\t\t\t\t\t\t\t\t<\/div>\n\t\t\t\t<\/div>\n\t\t\t\t<\/div>\n\t\t<div id=\"e-n-tab-content-1102174133\" role=\"tabpanel\" aria-labelledby=\"e-n-tab-title-1102174133\" data-tab-index=\"3\" style=\"--n-tabs-title-order: 3;\" class=\"elementor-element elementor-element-7605dbf e-flex e-con-boxed e-con e-child\" data-id=\"7605dbf\" data-element_type=\"container\">\n\t\t\t\t\t<div class=\"e-con-inner\">\n\t\t<div class=\"elementor-element elementor-element-be3a523 e-con-full e-flex e-con e-child\" data-id=\"be3a523\" data-element_type=\"container\">\n\t\t<div class=\"elementor-element elementor-element-89581a0 e-con-full e-flex e-con e-child\" data-id=\"89581a0\" data-element_type=\"container\">\n\t\t\t\t<div class=\"elementor-element elementor-element-5aeb26d elementor-widget__width-initial elementor-widget elementor-widget-text-editor\" data-id=\"5aeb26d\" data-element_type=\"widget\" data-widget_type=\"text-editor.default\">\n\t\t\t\t<div class=\"elementor-widget-container\">\n\t\t\t\t\t\t\t\t\t<p><strong>MC-HC Z\u00e4hlersteuerung Handbuch<\/strong><\/p>\t\t\t\t\t\t\t\t<\/div>\n\t\t\t\t<\/div>\n\t\t\t\t<div class=\"elementor-element elementor-element-e195e66 elementor-widget__width-initial elementor-view-default elementor-widget elementor-widget-icon\" data-id=\"e195e66\" data-element_type=\"widget\" data-widget_type=\"icon.default\">\n\t\t\t\t<div class=\"elementor-widget-container\">\n\t\t\t\t\t\t\t<div class=\"elementor-icon-wrapper\">\n\t\t\t<a class=\"elementor-icon\" href=\"http:\/\/www.specsens.com\/wp-content\/uploads\/2025\/09\/MC-HC-Meter-Controller-User-Manual-2.pdf\" target=\"_blank\">\n\t\t\t<svg aria-hidden=\"true\" class=\"e-font-icon-svg e-fas-download\" viewbox=\"0 0 512 512\" xmlns=\"http:\/\/www.w3.org\/2000\/svg\"><path d=\"M216 0h80c13.3 0 24 10.7 24 24v168h87.7c17.8 0 26.7 21.5 14.1 34.1L269.7 378.3c-7.5 7.5-19.8 7.5-27.3 0L90.1 226.1c-12.6-12.6-3.7-34.1 14.1-34.1H192V24c0-13.3 10.7-24 24-24zm296 376v112c0 13.3-10.7 24-24 24H24c-13.3 0-24-10.7-24-24V376c0-13.3 10.7-24 24-24h146.7l49 49c20.1 20.1 52.5 20.1 72.6 0l49-49H488c13.3 0 24 10.7 24 24zm-124 88c0-11-9-20-20-20s-20 9-20 20 9 20 20 20 20-9 20-20zm64 0c0-11-9-20-20-20s-20 9-20 20 9 20 20 20 20-9 20-20z\"><\/path><\/svg>\t\t\t<\/a>\n\t\t<\/div>\n\t\t\t\t\t\t<\/div>\n\t\t\t\t<\/div>\n\t\t\t\t<\/div>\n\t\t<div class=\"elementor-element elementor-element-fef74d2 e-con-full e-flex e-con e-child\" data-id=\"fef74d2\" data-element_type=\"container\">\n\t\t\t\t<div class=\"elementor-element elementor-element-5dff0a8 elementor-widget__width-initial elementor-widget elementor-widget-text-editor\" data-id=\"5dff0a8\" data-element_type=\"widget\" data-widget_type=\"text-editor.default\">\n\t\t\t\t<div class=\"elementor-widget-container\">\n\t\t\t\t\t\t\t\t\t<p><strong>Specsens Brosch\u00fcre<br \/><\/strong><\/p>\t\t\t\t\t\t\t\t<\/div>\n\t\t\t\t<\/div>\n\t\t\t\t<div class=\"elementor-element elementor-element-d7f6be5 elementor-widget__width-initial elementor-view-default elementor-widget elementor-widget-icon\" data-id=\"d7f6be5\" data-element_type=\"widget\" data-widget_type=\"icon.default\">\n\t\t\t\t<div class=\"elementor-widget-container\">\n\t\t\t\t\t\t\t<div class=\"elementor-icon-wrapper\">\n\t\t\t<a class=\"elementor-icon\" href=\"http:\/\/www.specsens.com\/wp-content\/uploads\/2025\/02\/Specsens-Brochure-2024.10.31.pdf\" target=\"_blank\">\n\t\t\t<svg aria-hidden=\"true\" class=\"e-font-icon-svg e-fas-download\" viewbox=\"0 0 512 512\" xmlns=\"http:\/\/www.w3.org\/2000\/svg\"><path d=\"M216 0h80c13.3 0 24 10.7 24 24v168h87.7c17.8 0 26.7 21.5 14.1 34.1L269.7 378.3c-7.5 7.5-19.8 7.5-27.3 0L90.1 226.1c-12.6-12.6-3.7-34.1 14.1-34.1H192V24c0-13.3 10.7-24 24-24zm296 376v112c0 13.3-10.7 24-24 24H24c-13.3 0-24-10.7-24-24V376c0-13.3 10.7-24 24-24h146.7l49 49c20.1 20.1 52.5 20.1 72.6 0l49-49H488c13.3 0 24 10.7 24 24zm-124 88c0-11-9-20-20-20s-20 9-20 20 9 20 20 20 20-9 20-20zm64 0c0-11-9-20-20-20s-20 9-20 20 9 20 20 20 20-9 20-20z\"><\/path><\/svg>\t\t\t<\/a>\n\t\t<\/div>\n\t\t\t\t\t\t<\/div>\n\t\t\t\t<\/div>\n\t\t\t\t<\/div>\n\t\t\t\t<\/div>\n\t\t\t\t\t<\/div>\n\t\t\t\t<\/div>\n\t\t\t\t\t<\/div>\n\t\t<\/div>\n\t\t\t\t\t\t<\/div>\n\t\t\t\t<\/div>\n\t\t\t\t\t<\/div>\n\t\t\t\t<\/div>\n\t\t<div class=\"elementor-element elementor-element-19f2244 e-flex e-con-boxed e-con e-parent\" data-id=\"19f2244\" data-element_type=\"container\">\n\t\t\t\t\t<div class=\"e-con-inner\">\n\t\t\t\t<div class=\"elementor-element elementor-element-90c1a82 elementor-widget-divider--view-line_icon elementor-view-default elementor-widget-divider--element-align-center elementor-widget elementor-widget-divider\" data-id=\"90c1a82\" data-element_type=\"widget\" data-widget_type=\"divider.default\">\n\t\t\t\t<div class=\"elementor-widget-container\">\n\t\t\t\t\t\t\t<div class=\"elementor-divider\">\n\t\t\t<span class=\"elementor-divider-separator\">\n\t\t\t\t\t\t\t<div class=\"elementor-icon elementor-divider__element\">\n\t\t\t\t\t<svg aria-hidden=\"true\" class=\"e-font-icon-svg e-fas-arrows-alt-h\" viewbox=\"0 0 512 512\" xmlns=\"http:\/\/www.w3.org\/2000\/svg\"><path d=\"M377.941 169.941V216H134.059v-46.059c0-21.382-25.851-32.09-40.971-16.971L7.029 239.029c-9.373 9.373-9.373 24.568 0 33.941l86.059 86.059c15.119 15.119 40.971 4.411 40.971-16.971V296h243.882v46.059c0 21.382 25.851 32.09 40.971 16.971l86.059-86.059c9.373-9.373 9.373-24.568 0-33.941l-86.059-86.059c-15.119-15.12-40.971-4.412-40.971 16.97z\"><\/path><\/svg><\/div>\n\t\t\t\t\t\t<\/span>\n\t\t<\/div>\n\t\t\t\t\t\t<\/div>\n\t\t\t\t<\/div>\n\t\t\t\t\t<\/div>\n\t\t\t\t<\/div>\n\t\t<div class=\"elementor-element elementor-element-df9f0f9 e-flex e-con-boxed e-con e-parent\" data-id=\"df9f0f9\" data-element_type=\"container\">\n\t\t\t\t\t<div class=\"e-con-inner\">\n\t\t\t\t<div class=\"elementor-element elementor-element-35bc91f elementor-widget elementor-widget-heading\" data-id=\"35bc91f\" data-element_type=\"widget\" data-widget_type=\"heading.default\">\n\t\t\t\t<div class=\"elementor-widget-container\">\n\t\t\t\t\t<h2 class=\"elementor-heading-title elementor-size-default\">Anmeldung<\/h2>\t\t\t\t<\/div>\n\t\t\t\t<\/div>\n\t\t\t\t<div class=\"elementor-element elementor-element-e5850e4 elementor-widget elementor-widget-text-editor\" data-id=\"e5850e4\" data-element_type=\"widget\" data-widget_type=\"text-editor.default\">\n\t\t\t\t<div class=\"elementor-widget-container\">\n\t\t\t\t\t\t\t\t\t<p class=\"ds-markdown-paragraph\">Die\u00a0<strong>MC-HC Z\u00e4hlersteuerung<\/strong>\u00a0ist der perfekte zentrale Knotenpunkt f\u00fcr eine Vielzahl von \u00dcberwachungs- und Kontrollszenarien, insbesondere f\u00fcr solche, die\u00a0<strong>Wasserqualit\u00e4tssensoren<\/strong>:<\/p><ul><li><p class=\"ds-markdown-paragraph\"><strong>Netzwerke zur \u00dcberwachung der Wasserqualit\u00e4t:<\/strong>\u00a0Ideal f\u00fcr die kontinuierliche \u00dcberwachung von Parametern wie CSB, pH, Tr\u00fcbung und gel\u00f6stem Sauerstoff in Fl\u00fcssen, Seen und Kl\u00e4ranlagen.<\/p><\/li><li><p class=\"ds-markdown-paragraph\"><strong>Industrielle Prozesskontrolle:<\/strong>\u00a0Wird zur Kalibrierung von Sensoren, zur Anpassung von Sollwerten und zur Automatisierung von Steuerungsabl\u00e4ufen (z. B. Aktivierung von Reinigungsb\u00fcrsten) in industriellen Umgebungen verwendet.<\/p><\/li><li><p class=\"ds-markdown-paragraph\"><strong>Erfassung von Umweltdaten aus der Ferne:<\/strong>\u00a0Seine 4G-F\u00e4higkeit macht ihn zu einem zuverl\u00e4ssigen\u00a0<strong>Datenlogger<\/strong>\u00a0zur \u00dcbermittlung von Informationen von entfernten, unbemannten Standorten an eine Zentrale.<\/p><\/li><li><p class=\"ds-markdown-paragraph\"><strong>Forschung und tragbare Tests:<\/strong>\u00a0Dient als tragbare Laborstation f\u00fcr Forscher und Techniker, die\u00a0<strong>SPECSENS Sensoren<\/strong>\u00a0f\u00fcr die Analyse vor Ort.<\/p><\/li><\/ul>\t\t\t\t\t\t\t\t<\/div>\n\t\t\t\t<\/div>\n\t\t<div class=\"elementor-element elementor-element-2b67cf4 e-con-full e-flex e-con e-child\" data-id=\"2b67cf4\" data-element_type=\"container\">\n\t\t<div class=\"elementor-element elementor-element-eb76176 e-con-full e-flex e-con e-child\" data-id=\"eb76176\" data-element_type=\"container\">\n\t\t<div class=\"elementor-element elementor-element-3119c55 e-con-full e-flex e-con e-child\" data-id=\"3119c55\" data-element_type=\"container\">\n\t\t\t\t<div class=\"elementor-element elementor-element-f9522e4 elementor-position-top elementor-widget elementor-widget-image-box\" data-id=\"f9522e4\" data-element_type=\"widget\" data-widget_type=\"image-box.default\">\n\t\t\t\t<div class=\"elementor-widget-container\">\n\t\t\t\t\t<div class=\"elementor-image-box-wrapper\"><figure class=\"elementor-image-box-img\"><a href=\"https:\/\/www.specsens.com\/de\/sewage-discharge-pollution-monitoring\/\" tabindex=\"-1\"><img fetchpriority=\"high\" decoding=\"async\" width=\"380\" height=\"420\" src=\"https:\/\/www.specsens.com\/wp-content\/uploads\/2025\/02\/sewage-pipeline-monitoring.webp\" class=\"attachment-full size-full wp-image-3777 wp-post-image\" alt=\"sewage pipeline monitoring\" srcset=\"https:\/\/www.specsens.com\/wp-content\/uploads\/2025\/02\/sewage-pipeline-monitoring.webp 380w, https:\/\/www.specsens.com\/wp-content\/uploads\/2025\/02\/sewage-pipeline-monitoring-271x300.webp 271w, https:\/\/www.specsens.com\/wp-content\/uploads\/2025\/02\/sewage-pipeline-monitoring-11x12.webp 11w\" sizes=\"(max-width: 380px) 100vw, 380px\" \/><\/a><\/figure><div class=\"elementor-image-box-content\"><h5 class=\"elementor-image-box-title\"><a href=\"https:\/\/www.specsens.com\/de\/sewage-discharge-pollution-monitoring\/\">Monitor f\u00fcr kommunale Abwasserrohre<\/a><\/h5><p class=\"elementor-image-box-description\">Sensoren mit Strom versorgen, Daten sammeln und diese an die Cloud \u00fcbertragen<\/p><\/div><\/div>\t\t\t\t<\/div>\n\t\t\t\t<\/div>\n\t\t\t\t<\/div>\n\t\t<div class=\"elementor-element elementor-element-d6e9b96 e-con-full e-flex e-con e-child\" data-id=\"d6e9b96\" data-element_type=\"container\">\n\t\t\t\t<div class=\"elementor-element elementor-element-1add587 elementor-position-top elementor-widget elementor-widget-image-box\" data-id=\"1add587\" data-element_type=\"widget\" data-widget_type=\"image-box.default\">\n\t\t\t\t<div class=\"elementor-widget-container\">\n\t\t\t\t\t<div class=\"elementor-image-box-wrapper\"><figure class=\"elementor-image-box-img\"><a href=\"https:\/\/www.specsens.com\/de\/intelligent-online-water-quality-monitoring-network\/\" tabindex=\"-1\"><img decoding=\"async\" width=\"380\" height=\"420\" src=\"https:\/\/www.specsens.com\/wp-content\/uploads\/2025\/04\/drinking-water-quality-monitoring.webp\" class=\"attachment-full size-full wp-image-3805 wp-post-image\" alt=\"drinking water quality monitoring\" srcset=\"https:\/\/www.specsens.com\/wp-content\/uploads\/2025\/04\/drinking-water-quality-monitoring.webp 380w, https:\/\/www.specsens.com\/wp-content\/uploads\/2025\/04\/drinking-water-quality-monitoring-271x300.webp 271w, https:\/\/www.specsens.com\/wp-content\/uploads\/2025\/04\/drinking-water-quality-monitoring-11x12.webp 11w\" sizes=\"(max-width: 380px) 100vw, 380px\" \/><\/a><\/figure><div class=\"elementor-image-box-content\"><h5 class=\"elementor-image-box-title\"><a href=\"https:\/\/www.specsens.com\/de\/intelligent-online-water-quality-monitoring-network\/\">Online-Netzwerk zur \u00dcberwachung der Wasserqualit\u00e4t<\/a><\/h5><p class=\"elementor-image-box-description\">\u00dcberwachung der Tr\u00fcbung und des Chlorgehalts der Wasserqualit\u00e4t im Rohrleitungsnetz<\/p><\/div><\/div>\t\t\t\t<\/div>\n\t\t\t\t<\/div>\n\t\t\t\t<\/div>\n\t\t<div class=\"elementor-element elementor-element-bcfe200 e-con-full e-flex e-con e-child\" data-id=\"bcfe200\" data-element_type=\"container\">\n\t\t\t\t<\/div>\n\t\t<div class=\"elementor-element elementor-element-b7a4630 e-con-full e-flex e-con e-child\" data-id=\"b7a4630\" data-element_type=\"container\">\n\t\t\t\t<\/div>\n\t\t\t\t<\/div>\n\t\t\t\t<\/div>\n\t\t\t\t\t<\/div>\n\t\t\t\t<\/div>\n\t\t\t\t<\/div>","protected":false},"excerpt":{"rendered":"<p>Der MC-HC Meter Controller ist ein hochleistungsf\u00e4higer, tragbarer Datenlogger und Universaltransmitter, der f\u00fcr die robuste Umwelt\u00fcberwachung und industrielle Prozesssteuerung entwickelt wurde. Als Kernkomponente des SPECSENS Sensor-\u00d6kosystems l\u00e4sst sich dieser vielseitige MC-HC Transmitter nahtlos mit einer Vielzahl von Wasserqualit\u00e4tssensoren und anderen Modbus RTU-Ger\u00e4ten verbinden. Er bietet Datenvisualisierung in Echtzeit, fortschrittliche Steuerungsfunktionen und zuverl\u00e4ssige drahtlose Daten\u00fcbertragung \u00fcber 4G, Wi-Fi und Bluetooth, was ihn zu einer idealen All-in-One-L\u00f6sung f\u00fcr Feld- und Fernanwendungen macht.<\/p>\n<p>&nbsp;<\/p>","protected":false},"featured_media":4092,"template":"","meta":{"_joinchat":[]},"product_brand":[],"product_cat":[129,130,131,132,133,134,137,135,136,139,127,128,138,141,142,143,140,145,144,126,198,146,148,147,197,149,151,154,152],"product_tag":[190,160,189,158,171,167,206,164,161,195,169,177,207,187,202,174,182,175,163,168,165,204,203,186,185,155,159,192,157,156],"class_list":{"0":"post-4091","1":"product","2":"type-product","3":"status-publish","4":"has-post-thumbnail","6":"product_cat-cod","7":"product_cat-toc","8":"product_cat-bod","9":"product_cat-doc","10":"product_cat-no-n","12":"product_cat-color","13":"product_cat-no","15":"product_cat-do","16":"product_cat-turbidity","17":"product_cat-tss","18":"product_cat-o","19":"product_cat-ph","20":"product_cat-conductivity","21":"product_cat-orp","22":"product_cat-nh-n","23":"product_cat-residual-chlorine","24":"product_cat-free-chlorine","25":"product_cat-temperature","26":"product_cat-chlorine","27":"product_cat-hardness","28":"product_cat-partical-counter","29":"product_cat-fe","30":"product_cat-multi-parameter-analyzer","31":"product_cat-drinking-water","32":"product_cat-municipal-sewage-water","33":"product_cat-industrial-wastewater-monitoring","34":"product_cat-environmental-monitoring","35":"product_tag-blue-green-algae","36":"product_tag-bod","37":"product_tag-chlorophyll-a","38":"product_tag-cod","39":"product_tag-color","40":"product_tag-conductivity","41":"product_tag-depth","42":"product_tag-do","43":"product_tag-doc","44":"product_tag-fe","45":"product_tag-free-chlorine","46":"product_tag-hardness","47":"product_tag-knh3-n","48":"product_tag-nh4","49":"product_tag-no2","50":"product_tag-no-n","51":"product_tag-no3","53":"product_tag-o","54":"product_tag-orp","55":"product_tag-ph","56":"product_tag-pressure","57":"product_tag-residual-chlorine","58":"product_tag-salinity","59":"product_tag-tds","60":"product_tag-temperature","61":"product_tag-toc","62":"product_tag-total-iron","63":"product_tag-tss","64":"product_tag-turbidity","66":"first","67":"instock","68":"shipping-taxable","69":"product-type-simple"},"_links":{"self":[{"href":"https:\/\/www.specsens.com\/de\/wp-json\/wp\/v2\/product\/4091","targetHints":{"allow":["GET"]}}],"collection":[{"href":"https:\/\/www.specsens.com\/de\/wp-json\/wp\/v2\/product"}],"about":[{"href":"https:\/\/www.specsens.com\/de\/wp-json\/wp\/v2\/types\/product"}],"version-history":[{"count":13,"href":"https:\/\/www.specsens.com\/de\/wp-json\/wp\/v2\/product\/4091\/revisions"}],"predecessor-version":[{"id":4113,"href":"https:\/\/www.specsens.com\/de\/wp-json\/wp\/v2\/product\/4091\/revisions\/4113"}],"wp:featuredmedia":[{"embeddable":true,"href":"https:\/\/www.specsens.com\/de\/wp-json\/wp\/v2\/media\/4092"}],"wp:attachment":[{"href":"https:\/\/www.specsens.com\/de\/wp-json\/wp\/v2\/media?parent=4091"}],"wp:term":[{"taxonomy":"product_brand","embeddable":true,"href":"https:\/\/www.specsens.com\/de\/wp-json\/wp\/v2\/product_brand?post=4091"},{"taxonomy":"product_cat","embeddable":true,"href":"https:\/\/www.specsens.com\/de\/wp-json\/wp\/v2\/product_cat?post=4091"},{"taxonomy":"product_tag","embeddable":true,"href":"https:\/\/www.specsens.com\/de\/wp-json\/wp\/v2\/product_tag?post=4091"}],"curies":[{"name":"wp","href":"https:\/\/api.w.org\/{rel}","templated":true}]}}