{"id":1603,"date":"2025-01-13T13:43:49","date_gmt":"2025-01-13T05:43:49","guid":{"rendered":"https:\/\/www.specsens.com\/?page_id=1603"},"modified":"2025-06-26T13:52:15","modified_gmt":"2025-06-26T05:52:15","slug":"municipal-sewage-water","status":"publish","type":"page","link":"https:\/\/www.specsens.com\/es\/applications\/municipal-sewage-water\/","title":{"rendered":"Aguas residuales municipales"},"content":{"rendered":"<div data-elementor-type=\"wp-page\" data-elementor-id=\"1603\" class=\"elementor elementor-1603\" data-elementor-post-type=\"page\">\n\t\t\t\t<div class=\"elementor-element elementor-element-7a9b9c48 e-flex e-con-boxed e-con e-parent\" data-id=\"7a9b9c48\" data-element_type=\"container\" data-settings=\"{&quot;background_background&quot;:&quot;classic&quot;}\">\n\t\t\t\t\t<div class=\"e-con-inner\">\n\t\t\t\t<div class=\"elementor-element elementor-element-78d037e4 elementor-widget elementor-widget-heading\" data-id=\"78d037e4\" data-element_type=\"widget\" data-widget_type=\"heading.default\">\n\t\t\t\t<div class=\"elementor-widget-container\">\n\t\t\t\t\t<h2 class=\"elementor-heading-title elementor-size-default\">Aguas residuales municipales<\/h2>\t\t\t\t<\/div>\n\t\t\t\t<\/div>\n\t\t\t\t<div class=\"elementor-element elementor-element-4ac3f99e elementor-widget__width-initial elementor-widget elementor-widget-text-editor\" data-id=\"4ac3f99e\" data-element_type=\"widget\" data-widget_type=\"text-editor.default\">\n\t\t\t\t<div class=\"elementor-widget-container\">\n\t\t\t\t\t\t\t\t\t<p>SPECSENS ofrece una completa cartera de productos de detecci\u00f3n, iluminaci\u00f3n y visualizaci\u00f3n para aplicaciones de consumo, automoci\u00f3n, sanidad e industria. Esto nos permite desarrollar las soluciones \u00f3pticas completas de alta tecnolog\u00eda que buscan nuestros clientes, al tiempo que vislumbramos nuevas posibilidades que a\u00fan no han imaginado.<\/p>\t\t\t\t\t\t\t\t<\/div>\n\t\t\t\t<\/div>\n\t\t\t\t\t<\/div>\n\t\t\t\t<\/div>\n\t\t<div class=\"elementor-element elementor-element-77e01757 e-flex e-con-boxed e-con e-child\" data-id=\"77e01757\" data-element_type=\"container\">\n\t\t\t\t\t<div class=\"e-con-inner\">\n\t\t<div class=\"elementor-element elementor-element-531ea830 e-con-full e-flex e-con e-child\" data-id=\"531ea830\" data-element_type=\"container\">\n\t\t<div class=\"elementor-element elementor-element-69808764 e-con-full e-flex e-con e-child\" data-id=\"69808764\" data-element_type=\"container\">\n\t\t\t\t<div class=\"elementor-element elementor-element-69483d82 elementor-position-top elementor-widget elementor-widget-image-box\" data-id=\"69483d82\" data-element_type=\"widget\" data-widget_type=\"image-box.default\">\n\t\t\t\t<div class=\"elementor-widget-container\">\n\t\t\t\t\t<div class=\"elementor-image-box-wrapper\"><figure class=\"elementor-image-box-img\"><a href=\"https:\/\/www.specsens.com\/es\/sewage-discharge-pollution-monitoring\/\" tabindex=\"-1\"><img fetchpriority=\"high\" decoding=\"async\" width=\"500\" height=\"500\" src=\"https:\/\/www.specsens.com\/wp-content\/uploads\/2025\/03\/municipal-sewage-pipeline-monitor.webp\" class=\"attachment-full size-full wp-image-3214\" alt=\"municipal sewage pipeline monitor\" srcset=\"https:\/\/www.specsens.com\/wp-content\/uploads\/2025\/03\/municipal-sewage-pipeline-monitor.webp 500w, https:\/\/www.specsens.com\/wp-content\/uploads\/2025\/03\/municipal-sewage-pipeline-monitor-300x300.webp 300w, https:\/\/www.specsens.com\/wp-content\/uploads\/2025\/03\/municipal-sewage-pipeline-monitor-150x150.webp 150w, https:\/\/www.specsens.com\/wp-content\/uploads\/2025\/03\/municipal-sewage-pipeline-monitor-12x12.webp 12w, https:\/\/www.specsens.com\/wp-content\/uploads\/2025\/03\/municipal-sewage-pipeline-monitor-100x100.webp 100w\" sizes=\"(max-width: 500px) 100vw, 500px\" \/><\/a><\/figure><div class=\"elementor-image-box-content\"><h5 class=\"elementor-image-box-title\"><a href=\"https:\/\/www.specsens.com\/es\/sewage-discharge-pollution-monitoring\/\">monitor de tuber\u00edas de aguas residuales municipales<\/a><\/h5><p class=\"elementor-image-box-description\">Vigilancia en tiempo real para controlar el movimiento de las aguas residuales y evitar que fluyan a masas de agua contaminadas.<\/p><\/div><\/div>\t\t\t\t<\/div>\n\t\t\t\t<\/div>\n\t\t<div class=\"elementor-element elementor-element-b2248d5 e-con-full e-flex e-con e-child\" data-id=\"b2248d5\" data-element_type=\"container\">\n\t\t\t\t<div class=\"elementor-element elementor-element-e6bcf28 elementor-mobile-align-center elementor-widget elementor-widget-button\" data-id=\"e6bcf28\" data-element_type=\"widget\" data-widget_type=\"button.default\">\n\t\t\t\t<div class=\"elementor-widget-container\">\n\t\t\t\t\t\t\t\t\t<div class=\"elementor-button-wrapper\">\n\t\t\t\t\t<a class=\"elementor-button elementor-button-link elementor-size-md\" href=\"#\">\n\t\t\t\t\t\t<span class=\"elementor-button-content-wrapper\">\n\t\t\t\t\t\t\t\t\t<span class=\"elementor-button-text\">Seleccionar producto<\/span>\n\t\t\t\t\t<\/span>\n\t\t\t\t\t<\/a>\n\t\t\t\t<\/div>\n\t\t\t\t\t\t\t\t<\/div>\n\t\t\t\t<\/div>\n\t\t\t\t<div class=\"elementor-element elementor-element-563fcc0 elementor-mobile-align-center elementor-widget elementor-widget-button\" data-id=\"563fcc0\" data-element_type=\"widget\" data-widget_type=\"button.default\">\n\t\t\t\t<div class=\"elementor-widget-container\">\n\t\t\t\t\t\t\t\t\t<div class=\"elementor-button-wrapper\">\n\t\t\t\t\t<a class=\"elementor-button elementor-button-link elementor-size-md\" href=\"https:\/\/www.specsens.com\/es\/sewage-discharge-pollution-monitoring\/\">\n\t\t\t\t\t\t<span class=\"elementor-button-content-wrapper\">\n\t\t\t\t\t\t\t\t\t<span class=\"elementor-button-text\">Seguir leyendo<\/span>\n\t\t\t\t\t<\/span>\n\t\t\t\t\t<\/a>\n\t\t\t\t<\/div>\n\t\t\t\t\t\t\t\t<\/div>\n\t\t\t\t<\/div>\n\t\t\t\t<\/div>\n\t\t\t\t<\/div>\n\t\t<div class=\"elementor-element elementor-element-24f38392 e-con-full e-flex e-con e-child\" data-id=\"24f38392\" data-element_type=\"container\">\n\t\t\t\t<div class=\"elementor-element elementor-element-4a2b11bd elementor-position-top elementor-widget elementor-widget-image-box\" data-id=\"4a2b11bd\" data-element_type=\"widget\" data-widget_type=\"image-box.default\">\n\t\t\t\t<div class=\"elementor-widget-container\">\n\t\t\t\t\t<div class=\"elementor-image-box-wrapper\"><figure class=\"elementor-image-box-img\"><a href=\"https:\/\/www.specsens.com\/es\/rural-sewage-treatment-monitoring\/\" tabindex=\"-1\"><img decoding=\"async\" width=\"500\" height=\"500\" src=\"https:\/\/www.specsens.com\/wp-content\/uploads\/2025\/04\/rural-sewage-treatment-plant-water-monitoring.webp\" class=\"attachment-full size-full wp-image-3490\" alt=\"rural sewage treatment plant water monitoring\" srcset=\"https:\/\/www.specsens.com\/wp-content\/uploads\/2025\/04\/rural-sewage-treatment-plant-water-monitoring.webp 500w, https:\/\/www.specsens.com\/wp-content\/uploads\/2025\/04\/rural-sewage-treatment-plant-water-monitoring-300x300.webp 300w, https:\/\/www.specsens.com\/wp-content\/uploads\/2025\/04\/rural-sewage-treatment-plant-water-monitoring-150x150.webp 150w, https:\/\/www.specsens.com\/wp-content\/uploads\/2025\/04\/rural-sewage-treatment-plant-water-monitoring-12x12.webp 12w, https:\/\/www.specsens.com\/wp-content\/uploads\/2025\/04\/rural-sewage-treatment-plant-water-monitoring-100x100.webp 100w\" sizes=\"(max-width: 500px) 100vw, 500px\" \/><\/a><\/figure><div class=\"elementor-image-box-content\"><h5 class=\"elementor-image-box-title\"><a href=\"https:\/\/www.specsens.com\/es\/rural-sewage-treatment-monitoring\/\">Control del tratamiento de 500 toneladas diarias de aguas residuales rurales<\/a><\/h5><p class=\"elementor-image-box-description\">Mediante la colocaci\u00f3n de sensores en la entrada de agua, el tanque an\u00f3xico, el tanque aer\u00f3bico y la salida, se puede controlar en tiempo real el estado de reacci\u00f3n de cada etapa del proceso de tratamiento de aguas residuales.<\/p><\/div><\/div>\t\t\t\t<\/div>\n\t\t\t\t<\/div>\n\t\t<div class=\"elementor-element elementor-element-35dd3b8 e-con-full e-flex e-con e-child\" data-id=\"35dd3b8\" data-element_type=\"container\">\n\t\t\t\t<div class=\"elementor-element elementor-element-2aee7b7 elementor-mobile-align-center elementor-widget elementor-widget-button\" data-id=\"2aee7b7\" data-element_type=\"widget\" data-widget_type=\"button.default\">\n\t\t\t\t<div class=\"elementor-widget-container\">\n\t\t\t\t\t\t\t\t\t<div class=\"elementor-button-wrapper\">\n\t\t\t\t\t<a class=\"elementor-button elementor-button-link elementor-size-md\" href=\"#\">\n\t\t\t\t\t\t<span class=\"elementor-button-content-wrapper\">\n\t\t\t\t\t\t\t\t\t<span class=\"elementor-button-text\">Seleccionar producto<\/span>\n\t\t\t\t\t<\/span>\n\t\t\t\t\t<\/a>\n\t\t\t\t<\/div>\n\t\t\t\t\t\t\t\t<\/div>\n\t\t\t\t<\/div>\n\t\t\t\t<div class=\"elementor-element elementor-element-19039c0 elementor-mobile-align-center elementor-widget elementor-widget-button\" data-id=\"19039c0\" data-element_type=\"widget\" data-widget_type=\"button.default\">\n\t\t\t\t<div class=\"elementor-widget-container\">\n\t\t\t\t\t\t\t\t\t<div class=\"elementor-button-wrapper\">\n\t\t\t\t\t<a class=\"elementor-button elementor-button-link elementor-size-md\" href=\"https:\/\/www.specsens.com\/es\/rural-sewage-treatment-monitoring\/\">\n\t\t\t\t\t\t<span class=\"elementor-button-content-wrapper\">\n\t\t\t\t\t\t\t\t\t<span class=\"elementor-button-text\">Seguir leyendo<\/span>\n\t\t\t\t\t<\/span>\n\t\t\t\t\t<\/a>\n\t\t\t\t<\/div>\n\t\t\t\t\t\t\t\t<\/div>\n\t\t\t\t<\/div>\n\t\t\t\t<\/div>\n\t\t\t\t<\/div>\n\t\t<div class=\"elementor-element elementor-element-8c8682a e-con-full e-flex e-con e-child\" data-id=\"8c8682a\" data-element_type=\"container\">\n\t\t\t\t<div class=\"elementor-element elementor-element-297a4326 elementor-position-top elementor-widget elementor-widget-image-box\" data-id=\"297a4326\" data-element_type=\"widget\" data-widget_type=\"image-box.default\">\n\t\t\t\t<div class=\"elementor-widget-container\">\n\t\t\t\t\t<div class=\"elementor-image-box-wrapper\"><figure class=\"elementor-image-box-img\"><a href=\"https:\/\/www.specsens.com\/es\/online-nitrate-monitoring-during-domestic-sewage-treatment\/\" tabindex=\"-1\"><img decoding=\"async\" width=\"500\" height=\"500\" src=\"https:\/\/www.specsens.com\/wp-content\/uploads\/2025\/04\/Large-scale-sewage-treatment-plant-water-monitoring.webp\" class=\"attachment-full size-full wp-image-3495\" alt=\"Large scale sewage treatment plant water monitoring\" srcset=\"https:\/\/www.specsens.com\/wp-content\/uploads\/2025\/04\/Large-scale-sewage-treatment-plant-water-monitoring.webp 500w, https:\/\/www.specsens.com\/wp-content\/uploads\/2025\/04\/Large-scale-sewage-treatment-plant-water-monitoring-300x300.webp 300w, https:\/\/www.specsens.com\/wp-content\/uploads\/2025\/04\/Large-scale-sewage-treatment-plant-water-monitoring-150x150.webp 150w, https:\/\/www.specsens.com\/wp-content\/uploads\/2025\/04\/Large-scale-sewage-treatment-plant-water-monitoring-12x12.webp 12w, https:\/\/www.specsens.com\/wp-content\/uploads\/2025\/04\/Large-scale-sewage-treatment-plant-water-monitoring-100x100.webp 100w\" sizes=\"(max-width: 500px) 100vw, 500px\" \/><\/a><\/figure><div class=\"elementor-image-box-content\"><h5 class=\"elementor-image-box-title\"><a href=\"https:\/\/www.specsens.com\/es\/online-nitrate-monitoring-during-domestic-sewage-treatment\/\">Control en l\u00ednea del nitrato durante el tratamiento de aguas residuales dom\u00e9sticas<\/a><\/h5><p class=\"elementor-image-box-description\">Un sistema de control en l\u00ednea del nitr\u00f3geno n\u00edtrico con funciones autom\u00e1ticas de filtrado y limpieza y un funcionamiento fiable y estable a largo plazo.<\/p><\/div><\/div>\t\t\t\t<\/div>\n\t\t\t\t<\/div>\n\t\t<div class=\"elementor-element elementor-element-ce61013 e-con-full e-flex e-con e-child\" data-id=\"ce61013\" data-element_type=\"container\">\n\t\t\t\t<div class=\"elementor-element elementor-element-daa592b elementor-mobile-align-center elementor-widget elementor-widget-button\" data-id=\"daa592b\" data-element_type=\"widget\" data-widget_type=\"button.default\">\n\t\t\t\t<div class=\"elementor-widget-container\">\n\t\t\t\t\t\t\t\t\t<div class=\"elementor-button-wrapper\">\n\t\t\t\t\t<a class=\"elementor-button elementor-button-link elementor-size-md\" href=\"#\">\n\t\t\t\t\t\t<span class=\"elementor-button-content-wrapper\">\n\t\t\t\t\t\t\t\t\t<span class=\"elementor-button-text\">Seleccionar producto<\/span>\n\t\t\t\t\t<\/span>\n\t\t\t\t\t<\/a>\n\t\t\t\t<\/div>\n\t\t\t\t\t\t\t\t<\/div>\n\t\t\t\t<\/div>\n\t\t\t\t<div class=\"elementor-element elementor-element-328a7a4 elementor-mobile-align-center elementor-widget elementor-widget-button\" data-id=\"328a7a4\" data-element_type=\"widget\" data-widget_type=\"button.default\">\n\t\t\t\t<div class=\"elementor-widget-container\">\n\t\t\t\t\t\t\t\t\t<div class=\"elementor-button-wrapper\">\n\t\t\t\t\t<a class=\"elementor-button elementor-button-link elementor-size-md\" href=\"https:\/\/www.specsens.com\/es\/online-nitrate-monitoring-during-domestic-sewage-treatment\/\">\n\t\t\t\t\t\t<span class=\"elementor-button-content-wrapper\">\n\t\t\t\t\t\t\t\t\t<span class=\"elementor-button-text\">Seguir leyendo<\/span>\n\t\t\t\t\t<\/span>\n\t\t\t\t\t<\/a>\n\t\t\t\t<\/div>\n\t\t\t\t\t\t\t\t<\/div>\n\t\t\t\t<\/div>\n\t\t\t\t<\/div>\n\t\t\t\t<\/div>\n\t\t\t\t<\/div>\n\t\t<div class=\"elementor-element elementor-element-522bbc9 e-con-full e-flex e-con e-child\" data-id=\"522bbc9\" data-element_type=\"container\">\n\t\t<div class=\"elementor-element elementor-element-5c6b6f1 e-con-full e-flex e-con e-child\" data-id=\"5c6b6f1\" data-element_type=\"container\">\n\t\t\t\t<div class=\"elementor-element elementor-element-3c8b04d elementor-position-top elementor-widget elementor-widget-image-box\" data-id=\"3c8b04d\" data-element_type=\"widget\" data-widget_type=\"image-box.default\">\n\t\t\t\t<div class=\"elementor-widget-container\">\n\t\t\t\t\t<div class=\"elementor-image-box-wrapper\"><figure class=\"elementor-image-box-img\"><a href=\"https:\/\/www.specsens.com\/es\/sewage-treatment-plant-installation-case\/\" tabindex=\"-1\"><img loading=\"lazy\" decoding=\"async\" width=\"2560\" height=\"2560\" src=\"https:\/\/www.specsens.com\/wp-content\/uploads\/2025\/04\/municipal-sewage-treatment-plant-1-scaled.webp\" class=\"attachment-full size-full wp-image-3398\" alt=\"municipal sewage treatment plant\" srcset=\"https:\/\/www.specsens.com\/wp-content\/uploads\/2025\/04\/municipal-sewage-treatment-plant-1-scaled.webp 2560w, https:\/\/www.specsens.com\/wp-content\/uploads\/2025\/04\/municipal-sewage-treatment-plant-1-300x300.webp 300w, https:\/\/www.specsens.com\/wp-content\/uploads\/2025\/04\/municipal-sewage-treatment-plant-1-1024x1024.webp 1024w, https:\/\/www.specsens.com\/wp-content\/uploads\/2025\/04\/municipal-sewage-treatment-plant-1-150x150.webp 150w, https:\/\/www.specsens.com\/wp-content\/uploads\/2025\/04\/municipal-sewage-treatment-plant-1-768x768.webp 768w, https:\/\/www.specsens.com\/wp-content\/uploads\/2025\/04\/municipal-sewage-treatment-plant-1-1536x1536.webp 1536w, https:\/\/www.specsens.com\/wp-content\/uploads\/2025\/04\/municipal-sewage-treatment-plant-1-2048x2048.webp 2048w, https:\/\/www.specsens.com\/wp-content\/uploads\/2025\/04\/municipal-sewage-treatment-plant-1-12x12.webp 12w, https:\/\/www.specsens.com\/wp-content\/uploads\/2025\/04\/municipal-sewage-treatment-plant-1-600x600.webp 600w, https:\/\/www.specsens.com\/wp-content\/uploads\/2025\/04\/municipal-sewage-treatment-plant-1-100x100.webp 100w\" sizes=\"(max-width: 2560px) 100vw, 2560px\" \/><\/a><\/figure><div class=\"elementor-image-box-content\"><h5 class=\"elementor-image-box-title\"><a href=\"https:\/\/www.specsens.com\/es\/sewage-treatment-plant-installation-case\/\">Estaci\u00f3n depuradora rural<\/a><\/h5><p class=\"elementor-image-box-description\">El sistema de control central regula el tiempo necesario para cada etapa de reacci\u00f3n recibiendo datos de los sensores, con lo que se mejora notablemente la eficacia de las instalaciones de tratamiento de aguas residuales y se reduce el riesgo de sobrecarga de las operaciones.<\/p><\/div><\/div>\t\t\t\t<\/div>\n\t\t\t\t<\/div>\n\t\t<div class=\"elementor-element elementor-element-7bd94c3 e-con-full e-flex e-con e-child\" data-id=\"7bd94c3\" data-element_type=\"container\">\n\t\t\t\t<div class=\"elementor-element elementor-element-4a570e1 elementor-mobile-align-center elementor-widget elementor-widget-button\" data-id=\"4a570e1\" data-element_type=\"widget\" data-widget_type=\"button.default\">\n\t\t\t\t<div class=\"elementor-widget-container\">\n\t\t\t\t\t\t\t\t\t<div class=\"elementor-button-wrapper\">\n\t\t\t\t\t<a class=\"elementor-button elementor-button-link elementor-size-md\" href=\"#\">\n\t\t\t\t\t\t<span class=\"elementor-button-content-wrapper\">\n\t\t\t\t\t\t\t\t\t<span class=\"elementor-button-text\">Seleccionar producto<\/span>\n\t\t\t\t\t<\/span>\n\t\t\t\t\t<\/a>\n\t\t\t\t<\/div>\n\t\t\t\t\t\t\t\t<\/div>\n\t\t\t\t<\/div>\n\t\t\t\t<div class=\"elementor-element elementor-element-f354f78 elementor-mobile-align-center elementor-widget elementor-widget-button\" data-id=\"f354f78\" data-element_type=\"widget\" data-widget_type=\"button.default\">\n\t\t\t\t<div class=\"elementor-widget-container\">\n\t\t\t\t\t\t\t\t\t<div class=\"elementor-button-wrapper\">\n\t\t\t\t\t<a class=\"elementor-button elementor-button-link elementor-size-md\" href=\"https:\/\/www.specsens.com\/es\/sewage-treatment-plant-installation-case\/\">\n\t\t\t\t\t\t<span class=\"elementor-button-content-wrapper\">\n\t\t\t\t\t\t\t\t\t<span class=\"elementor-button-text\">Seguir leyendo<\/span>\n\t\t\t\t\t<\/span>\n\t\t\t\t\t<\/a>\n\t\t\t\t<\/div>\n\t\t\t\t\t\t\t\t<\/div>\n\t\t\t\t<\/div>\n\t\t\t\t<\/div>\n\t\t\t\t<\/div>\n\t\t\t\t<\/div>\n\t\t\t\t\t<\/div>\n\t\t\t\t<\/div>\n\t\t\t\t<\/div>","protected":false},"excerpt":{"rendered":"<p>SPECSENS offers a comprehensive sensing, illumination and visualization portfolio for consumer, automotive, healthcare and industrial applications. This enables us to develop the complete optical high-tech solutions our customers seek, while envisioning new possibilities they have not yet imagined. municipal sewage pipeline monitor Real-time monitoring to control the movement of sewage and prevent sewage from flowing [&hellip;]<\/p>","protected":false},"author":1,"featured_media":0,"parent":751,"menu_order":0,"comment_status":"closed","ping_status":"closed","template":"","meta":{"_joinchat":[],"footnotes":""},"class_list":["post-1603","page","type-page","status-publish","hentry"],"blocksy_meta":{"has_hero_section":"disabled","vertical_spacing_source":"custom","content_area_spacing":"none","styles_descriptor":{"styles":{"desktop":"","tablet":"","mobile":""},"google_fonts":[],"version":6}},"_links":{"self":[{"href":"https:\/\/www.specsens.com\/es\/wp-json\/wp\/v2\/pages\/1603","targetHints":{"allow":["GET"]}}],"collection":[{"href":"https:\/\/www.specsens.com\/es\/wp-json\/wp\/v2\/pages"}],"about":[{"href":"https:\/\/www.specsens.com\/es\/wp-json\/wp\/v2\/types\/page"}],"author":[{"embeddable":true,"href":"https:\/\/www.specsens.com\/es\/wp-json\/wp\/v2\/users\/1"}],"replies":[{"embeddable":true,"href":"https:\/\/www.specsens.com\/es\/wp-json\/wp\/v2\/comments?post=1603"}],"version-history":[{"count":35,"href":"https:\/\/www.specsens.com\/es\/wp-json\/wp\/v2\/pages\/1603\/revisions"}],"predecessor-version":[{"id":4032,"href":"https:\/\/www.specsens.com\/es\/wp-json\/wp\/v2\/pages\/1603\/revisions\/4032"}],"up":[{"embeddable":true,"href":"https:\/\/www.specsens.com\/es\/wp-json\/wp\/v2\/pages\/751"}],"wp:attachment":[{"href":"https:\/\/www.specsens.com\/es\/wp-json\/wp\/v2\/media?parent=1603"}],"curies":[{"name":"wp","href":"https:\/\/api.w.org\/{rel}","templated":true}]}}