{"id":1604,"date":"2025-01-13T13:43:54","date_gmt":"2025-01-13T05:43:54","guid":{"rendered":"https:\/\/www.specsens.com\/?page_id=1604"},"modified":"2025-06-26T13:51:36","modified_gmt":"2025-06-26T05:51:36","slug":"industrial-wastewater-monitoring","status":"publish","type":"page","link":"https:\/\/www.specsens.com\/es\/applications\/industrial-wastewater-monitoring\/","title":{"rendered":"Control de aguas residuales industriales"},"content":{"rendered":"<div data-elementor-type=\"wp-page\" data-elementor-id=\"1604\" class=\"elementor elementor-1604\" data-elementor-post-type=\"page\">\n\t\t\t\t<div class=\"elementor-element elementor-element-2e943729 e-flex e-con-boxed e-con e-parent\" data-id=\"2e943729\" data-element_type=\"container\" data-settings=\"{&quot;background_background&quot;:&quot;classic&quot;}\">\n\t\t\t\t\t<div class=\"e-con-inner\">\n\t\t\t\t<div class=\"elementor-element elementor-element-c2ee35c elementor-widget elementor-widget-heading\" data-id=\"c2ee35c\" data-element_type=\"widget\" data-widget_type=\"heading.default\">\n\t\t\t\t<div class=\"elementor-widget-container\">\n\t\t\t\t\t<h2 class=\"elementor-heading-title elementor-size-default\">Control de aguas residuales industriales<\/h2>\t\t\t\t<\/div>\n\t\t\t\t<\/div>\n\t\t\t\t<div class=\"elementor-element elementor-element-3d8954ca elementor-widget__width-initial elementor-widget elementor-widget-text-editor\" data-id=\"3d8954ca\" data-element_type=\"widget\" data-widget_type=\"text-editor.default\">\n\t\t\t\t<div class=\"elementor-widget-container\">\n\t\t\t\t\t\t\t\t\t<p>SPECSENS ofrece una completa cartera de productos de detecci\u00f3n, iluminaci\u00f3n y visualizaci\u00f3n para aplicaciones de consumo, automoci\u00f3n, sanidad e industria. Esto nos permite desarrollar las soluciones \u00f3pticas completas de alta tecnolog\u00eda que buscan nuestros clientes, al tiempo que vislumbramos nuevas posibilidades que a\u00fan no han imaginado.<\/p>\t\t\t\t\t\t\t\t<\/div>\n\t\t\t\t<\/div>\n\t\t\t\t\t<\/div>\n\t\t\t\t<\/div>\n\t\t<div class=\"elementor-element elementor-element-1b163b06 e-flex e-con-boxed e-con e-child\" data-id=\"1b163b06\" data-element_type=\"container\">\n\t\t\t\t\t<div class=\"e-con-inner\">\n\t\t<div class=\"elementor-element elementor-element-6dc2879a e-con-full e-flex e-con e-child\" data-id=\"6dc2879a\" data-element_type=\"container\">\n\t\t<div class=\"elementor-element elementor-element-2338dd31 e-con-full e-flex e-con e-child\" data-id=\"2338dd31\" data-element_type=\"container\">\n\t\t\t\t<div class=\"elementor-element elementor-element-1088a4bd elementor-position-top elementor-widget elementor-widget-image-box\" data-id=\"1088a4bd\" data-element_type=\"widget\" data-widget_type=\"image-box.default\">\n\t\t\t\t<div class=\"elementor-widget-container\">\n\t\t\t\t\t<div class=\"elementor-image-box-wrapper\"><figure class=\"elementor-image-box-img\"><img fetchpriority=\"high\" decoding=\"async\" width=\"500\" height=\"500\" src=\"https:\/\/www.specsens.com\/wp-content\/uploads\/2025\/04\/coal-mining-water-monitoring.webp\" class=\"attachment-full size-full wp-image-3477\" alt=\"coal mining water monitoring\" srcset=\"https:\/\/www.specsens.com\/wp-content\/uploads\/2025\/04\/coal-mining-water-monitoring.webp 500w, https:\/\/www.specsens.com\/wp-content\/uploads\/2025\/04\/coal-mining-water-monitoring-300x300.webp 300w, https:\/\/www.specsens.com\/wp-content\/uploads\/2025\/04\/coal-mining-water-monitoring-150x150.webp 150w, https:\/\/www.specsens.com\/wp-content\/uploads\/2025\/04\/coal-mining-water-monitoring-12x12.webp 12w, https:\/\/www.specsens.com\/wp-content\/uploads\/2025\/04\/coal-mining-water-monitoring-100x100.webp 100w\" sizes=\"(max-width: 500px) 100vw, 500px\" \/><\/figure><div class=\"elementor-image-box-content\"><h5 class=\"elementor-image-box-title\">Control de fugas de aguas residuales de minas de carb\u00f3n<\/h5><p class=\"elementor-image-box-description\">Mediante los cambios en las caracter\u00edsticas de absorci\u00f3n, dispersi\u00f3n o fluorescencia de la luz de una longitud de onda espec\u00edfica, se pueden reflejar instant\u00e1neamente los cambios de concentraci\u00f3n de contaminantes en el agua.<\/p><\/div><\/div>\t\t\t\t<\/div>\n\t\t\t\t<\/div>\n\t\t<div class=\"elementor-element elementor-element-1624254 e-con-full e-flex e-con e-child\" data-id=\"1624254\" data-element_type=\"container\">\n\t\t\t\t<div class=\"elementor-element elementor-element-56e41e9 elementor-mobile-align-center elementor-widget elementor-widget-button\" data-id=\"56e41e9\" data-element_type=\"widget\" data-widget_type=\"button.default\">\n\t\t\t\t<div class=\"elementor-widget-container\">\n\t\t\t\t\t\t\t\t\t<div class=\"elementor-button-wrapper\">\n\t\t\t\t\t<a class=\"elementor-button elementor-button-link elementor-size-md\" href=\"#\">\n\t\t\t\t\t\t<span class=\"elementor-button-content-wrapper\">\n\t\t\t\t\t\t\t\t\t<span class=\"elementor-button-text\">Seleccionar producto<\/span>\n\t\t\t\t\t<\/span>\n\t\t\t\t\t<\/a>\n\t\t\t\t<\/div>\n\t\t\t\t\t\t\t\t<\/div>\n\t\t\t\t<\/div>\n\t\t\t\t<div class=\"elementor-element elementor-element-a9d6cbd elementor-mobile-align-center elementor-widget elementor-widget-button\" data-id=\"a9d6cbd\" data-element_type=\"widget\" data-widget_type=\"button.default\">\n\t\t\t\t<div class=\"elementor-widget-container\">\n\t\t\t\t\t\t\t\t\t<div class=\"elementor-button-wrapper\">\n\t\t\t\t\t<a class=\"elementor-button elementor-button-link elementor-size-md\" href=\"#\">\n\t\t\t\t\t\t<span class=\"elementor-button-content-wrapper\">\n\t\t\t\t\t\t\t\t\t<span class=\"elementor-button-text\">Seguir leyendo<\/span>\n\t\t\t\t\t<\/span>\n\t\t\t\t\t<\/a>\n\t\t\t\t<\/div>\n\t\t\t\t\t\t\t\t<\/div>\n\t\t\t\t<\/div>\n\t\t\t\t<\/div>\n\t\t\t\t<\/div>\n\t\t\t\t<\/div>\n\t\t\t\t\t<\/div>\n\t\t\t\t<\/div>\n\t\t\t\t<\/div>","protected":false},"excerpt":{"rendered":"<p>SPECSENS offers a comprehensive sensing, illumination and visualization portfolio for consumer, automotive, healthcare and industrial applications. This enables us to develop the complete optical high-tech solutions our customers seek, while envisioning new possibilities they have not yet imagined. Coal Mine Wastewater Leakage Monitoring Through the changes in the absorption, scattering or fluorescence characteristics of light [&hellip;]<\/p>","protected":false},"author":1,"featured_media":0,"parent":751,"menu_order":0,"comment_status":"closed","ping_status":"closed","template":"","meta":{"_joinchat":[],"footnotes":""},"class_list":["post-1604","page","type-page","status-publish","hentry"],"blocksy_meta":{"vertical_spacing_source":"custom","content_area_spacing":"none","has_hero_section":"disabled","styles_descriptor":{"styles":{"desktop":"","tablet":"","mobile":""},"google_fonts":[],"version":6}},"_links":{"self":[{"href":"https:\/\/www.specsens.com\/es\/wp-json\/wp\/v2\/pages\/1604","targetHints":{"allow":["GET"]}}],"collection":[{"href":"https:\/\/www.specsens.com\/es\/wp-json\/wp\/v2\/pages"}],"about":[{"href":"https:\/\/www.specsens.com\/es\/wp-json\/wp\/v2\/types\/page"}],"author":[{"embeddable":true,"href":"https:\/\/www.specsens.com\/es\/wp-json\/wp\/v2\/users\/1"}],"replies":[{"embeddable":true,"href":"https:\/\/www.specsens.com\/es\/wp-json\/wp\/v2\/comments?post=1604"}],"version-history":[{"count":24,"href":"https:\/\/www.specsens.com\/es\/wp-json\/wp\/v2\/pages\/1604\/revisions"}],"predecessor-version":[{"id":4030,"href":"https:\/\/www.specsens.com\/es\/wp-json\/wp\/v2\/pages\/1604\/revisions\/4030"}],"up":[{"embeddable":true,"href":"https:\/\/www.specsens.com\/es\/wp-json\/wp\/v2\/pages\/751"}],"wp:attachment":[{"href":"https:\/\/www.specsens.com\/es\/wp-json\/wp\/v2\/media?parent=1604"}],"curies":[{"name":"wp","href":"https:\/\/api.w.org\/{rel}","templated":true}]}}