{"id":1605,"date":"2025-01-13T13:44:03","date_gmt":"2025-01-13T05:44:03","guid":{"rendered":"https:\/\/www.specsens.com\/?page_id=1605"},"modified":"2025-06-26T13:52:10","modified_gmt":"2025-06-26T05:52:10","slug":"environmental-monitoring","status":"publish","type":"page","link":"https:\/\/www.specsens.com\/es\/applications\/environmental-monitoring\/","title":{"rendered":"Vigilancia medioambiental"},"content":{"rendered":"<div data-elementor-type=\"wp-page\" data-elementor-id=\"1605\" class=\"elementor elementor-1605\" data-elementor-post-type=\"page\">\n\t\t\t\t<div class=\"elementor-element elementor-element-7fcdc7e0 e-flex e-con-boxed e-con e-parent\" data-id=\"7fcdc7e0\" data-element_type=\"container\" data-settings=\"{&quot;background_background&quot;:&quot;classic&quot;}\">\n\t\t\t\t\t<div class=\"e-con-inner\">\n\t\t\t\t<div class=\"elementor-element elementor-element-37d3b555 elementor-widget elementor-widget-heading\" data-id=\"37d3b555\" data-element_type=\"widget\" data-widget_type=\"heading.default\">\n\t\t\t\t<div class=\"elementor-widget-container\">\n\t\t\t\t\t<h2 class=\"elementor-heading-title elementor-size-default\">Vigilancia medioambiental<\/h2>\t\t\t\t<\/div>\n\t\t\t\t<\/div>\n\t\t\t\t<div class=\"elementor-element elementor-element-61132ec9 elementor-widget__width-initial elementor-widget elementor-widget-text-editor\" data-id=\"61132ec9\" data-element_type=\"widget\" data-widget_type=\"text-editor.default\">\n\t\t\t\t<div class=\"elementor-widget-container\">\n\t\t\t\t\t\t\t\t\t<p>SPECSENS ofrece una completa cartera de productos de detecci\u00f3n, iluminaci\u00f3n y visualizaci\u00f3n para aplicaciones de consumo, automoci\u00f3n, sanidad e industria. Esto nos permite desarrollar las soluciones \u00f3pticas completas de alta tecnolog\u00eda que buscan nuestros clientes, al tiempo que vislumbramos nuevas posibilidades que a\u00fan no han imaginado.<\/p>\t\t\t\t\t\t\t\t<\/div>\n\t\t\t\t<\/div>\n\t\t\t\t\t<\/div>\n\t\t\t\t<\/div>\n\t\t<div class=\"elementor-element elementor-element-3619db1f e-flex e-con-boxed e-con e-child\" data-id=\"3619db1f\" data-element_type=\"container\">\n\t\t\t\t\t<div class=\"e-con-inner\">\n\t\t<div class=\"elementor-element elementor-element-b8b5542 e-con-full e-flex e-con e-child\" data-id=\"b8b5542\" data-element_type=\"container\">\n\t\t<div class=\"elementor-element elementor-element-6fb5bf90 e-con-full e-flex e-con e-child\" data-id=\"6fb5bf90\" data-element_type=\"container\">\n\t\t\t\t<div class=\"elementor-element elementor-element-4ba6a71a elementor-position-top elementor-widget elementor-widget-image-box\" data-id=\"4ba6a71a\" data-element_type=\"widget\" data-widget_type=\"image-box.default\">\n\t\t\t\t<div class=\"elementor-widget-container\">\n\t\t\t\t\t<div class=\"elementor-image-box-wrapper\"><figure class=\"elementor-image-box-img\"><a href=\"https:\/\/www.specsens.com\/es\/river-basin-water-quality-monitoring-station\/\" tabindex=\"-1\"><img fetchpriority=\"high\" decoding=\"async\" width=\"500\" height=\"500\" src=\"https:\/\/www.specsens.com\/wp-content\/uploads\/2025\/03\/Wastewater-monitoring.webp\" class=\"attachment-full size-full wp-image-3142\" alt=\"Wastewater monitoring\" srcset=\"https:\/\/www.specsens.com\/wp-content\/uploads\/2025\/03\/Wastewater-monitoring.webp 500w, https:\/\/www.specsens.com\/wp-content\/uploads\/2025\/03\/Wastewater-monitoring-300x300.webp 300w, https:\/\/www.specsens.com\/wp-content\/uploads\/2025\/03\/Wastewater-monitoring-150x150.webp 150w, https:\/\/www.specsens.com\/wp-content\/uploads\/2025\/03\/Wastewater-monitoring-12x12.webp 12w, https:\/\/www.specsens.com\/wp-content\/uploads\/2025\/03\/Wastewater-monitoring-100x100.webp 100w\" sizes=\"(max-width: 500px) 100vw, 500px\" \/><\/a><\/figure><div class=\"elementor-image-box-content\"><h5 class=\"elementor-image-box-title\"><a href=\"https:\/\/www.specsens.com\/es\/river-basin-water-quality-monitoring-station\/\">Vigilancia de r\u00edos y cuencas hidrogr\u00e1ficas<\/a><\/h5><p class=\"elementor-image-box-description\">Datos rentables en tiempo real para supervisar el medio acu\u00e1tico<\/p><\/div><\/div>\t\t\t\t<\/div>\n\t\t\t\t<\/div>\n\t\t<div class=\"elementor-element elementor-element-0c30eda e-con-full e-flex e-con e-child\" data-id=\"0c30eda\" data-element_type=\"container\">\n\t\t\t\t<div class=\"elementor-element elementor-element-a785e12 elementor-mobile-align-center elementor-widget elementor-widget-button\" data-id=\"a785e12\" data-element_type=\"widget\" data-widget_type=\"button.default\">\n\t\t\t\t<div class=\"elementor-widget-container\">\n\t\t\t\t\t\t\t\t\t<div class=\"elementor-button-wrapper\">\n\t\t\t\t\t<a class=\"elementor-button elementor-button-link elementor-size-md\" href=\"#\">\n\t\t\t\t\t\t<span class=\"elementor-button-content-wrapper\">\n\t\t\t\t\t\t\t\t\t<span class=\"elementor-button-text\">Seleccionar producto<\/span>\n\t\t\t\t\t<\/span>\n\t\t\t\t\t<\/a>\n\t\t\t\t<\/div>\n\t\t\t\t\t\t\t\t<\/div>\n\t\t\t\t<\/div>\n\t\t\t\t<div class=\"elementor-element elementor-element-ed3eb08 elementor-mobile-align-center elementor-widget elementor-widget-button\" data-id=\"ed3eb08\" data-element_type=\"widget\" data-widget_type=\"button.default\">\n\t\t\t\t<div class=\"elementor-widget-container\">\n\t\t\t\t\t\t\t\t\t<div class=\"elementor-button-wrapper\">\n\t\t\t\t\t<a class=\"elementor-button elementor-button-link elementor-size-md\" href=\"https:\/\/www.specsens.com\/es\/river-basin-water-quality-monitoring-station\/\">\n\t\t\t\t\t\t<span class=\"elementor-button-content-wrapper\">\n\t\t\t\t\t\t\t\t\t<span class=\"elementor-button-text\">Seguir leyendo<\/span>\n\t\t\t\t\t<\/span>\n\t\t\t\t\t<\/a>\n\t\t\t\t<\/div>\n\t\t\t\t\t\t\t\t<\/div>\n\t\t\t\t<\/div>\n\t\t\t\t<\/div>\n\t\t\t\t<\/div>\n\t\t\t\t<\/div>\n\t\t\t\t\t<\/div>\n\t\t\t\t<\/div>\n\t\t\t\t<\/div>","protected":false},"excerpt":{"rendered":"<p>SPECSENS offers a comprehensive sensing, illumination and visualization portfolio for consumer, automotive, healthcare and industrial applications. This enables us to develop the complete optical high-tech solutions our customers seek, while envisioning new possibilities they have not yet imagined. River, watershed monitoring Providing cost-effective real-time data support for water environment supervision Select product Read more<\/p>","protected":false},"author":1,"featured_media":0,"parent":751,"menu_order":0,"comment_status":"closed","ping_status":"closed","template":"","meta":{"_joinchat":[],"footnotes":""},"class_list":["post-1605","page","type-page","status-publish","hentry"],"blocksy_meta":{"vertical_spacing_source":"custom","content_area_spacing":"none","has_hero_section":"disabled","styles_descriptor":{"styles":{"desktop":"","tablet":"","mobile":""},"google_fonts":[],"version":6}},"_links":{"self":[{"href":"https:\/\/www.specsens.com\/es\/wp-json\/wp\/v2\/pages\/1605","targetHints":{"allow":["GET"]}}],"collection":[{"href":"https:\/\/www.specsens.com\/es\/wp-json\/wp\/v2\/pages"}],"about":[{"href":"https:\/\/www.specsens.com\/es\/wp-json\/wp\/v2\/types\/page"}],"author":[{"embeddable":true,"href":"https:\/\/www.specsens.com\/es\/wp-json\/wp\/v2\/users\/1"}],"replies":[{"embeddable":true,"href":"https:\/\/www.specsens.com\/es\/wp-json\/wp\/v2\/comments?post=1605"}],"version-history":[{"count":20,"href":"https:\/\/www.specsens.com\/es\/wp-json\/wp\/v2\/pages\/1605\/revisions"}],"predecessor-version":[{"id":4031,"href":"https:\/\/www.specsens.com\/es\/wp-json\/wp\/v2\/pages\/1605\/revisions\/4031"}],"up":[{"embeddable":true,"href":"https:\/\/www.specsens.com\/es\/wp-json\/wp\/v2\/pages\/751"}],"wp:attachment":[{"href":"https:\/\/www.specsens.com\/es\/wp-json\/wp\/v2\/media?parent=1605"}],"curies":[{"name":"wp","href":"https:\/\/api.w.org\/{rel}","templated":true}]}}