{"id":3505,"date":"2025-04-07T21:39:30","date_gmt":"2025-04-07T13:39:30","guid":{"rendered":"https:\/\/www.specsens.com\/?page_id=3505"},"modified":"2025-10-16T10:53:27","modified_gmt":"2025-10-16T02:53:27","slug":"river-basin-water-quality-monitoring-station","status":"publish","type":"page","link":"https:\/\/www.specsens.com\/es\/river-basin-water-quality-monitoring-station\/","title":{"rendered":"Estaci\u00f3n de control de la calidad del agua de la cuenca fluvial"},"content":{"rendered":"<div data-elementor-type=\"wp-page\" data-elementor-id=\"3505\" class=\"elementor elementor-3505\" data-elementor-post-type=\"page\">\n\t\t\t\t<div class=\"elementor-element elementor-element-68315870 e-flex e-con-boxed e-con e-parent\" data-id=\"68315870\" data-element_type=\"container\">\n\t\t\t\t\t<div class=\"e-con-inner\">\n\t\t\t\t<div class=\"elementor-element elementor-element-28942541 elementor-widget elementor-widget-heading\" data-id=\"28942541\" data-element_type=\"widget\" data-widget_type=\"heading.default\">\n\t\t\t\t<div class=\"elementor-widget-container\">\n\t\t\t\t\t<h2 class=\"elementor-heading-title elementor-size-default\">Control de la calidad del agua en las cuencas fluviales<\/h2>\t\t\t\t<\/div>\n\t\t\t\t<\/div>\n\t\t\t\t\t<\/div>\n\t\t\t\t<\/div>\n\t\t<div class=\"elementor-element elementor-element-39317211 e-flex e-con-boxed e-con e-child\" data-id=\"39317211\" data-element_type=\"container\">\n\t\t\t\t\t<div class=\"e-con-inner\">\n\t\t<div class=\"elementor-element elementor-element-6462692a e-con-full e-flex e-con e-child\" data-id=\"6462692a\" data-element_type=\"container\">\n\t\t\t\t<div class=\"elementor-element elementor-element-46b8e1ef elementor-widget elementor-widget-heading\" data-id=\"46b8e1ef\" data-element_type=\"widget\" data-widget_type=\"heading.default\">\n\t\t\t\t<div class=\"elementor-widget-container\">\n\t\t\t\t\t<h4 class=\"elementor-heading-title elementor-size-default\">Antecedentes de la aplicaci\u00f3n<\/h4>\t\t\t\t<\/div>\n\t\t\t\t<\/div>\n\t\t\t\t<div class=\"elementor-element elementor-element-6cbfe56a elementor-widget elementor-widget-text-editor\" data-id=\"6cbfe56a\" data-element_type=\"widget\" data-widget_type=\"text-editor.default\">\n\t\t\t\t<div class=\"elementor-widget-container\">\n\t\t\t\t\t\t\t\t\t<p><strong>Ubicaci\u00f3n: Koiransuolenoja, Finlandia<\/strong><\/p>\t\t\t\t\t\t\t\t<\/div>\n\t\t\t\t<\/div>\n\t\t\t\t<div class=\"elementor-element elementor-element-6beb0e16 elementor-widget elementor-widget-text-editor\" data-id=\"6beb0e16\" data-element_type=\"widget\" data-widget_type=\"text-editor.default\">\n\t\t\t\t<div class=\"elementor-widget-container\">\n\t\t\t\t\t\t\t\t\t<p>Los lugares de control de la calidad del agua en las cuencas fluviales suelen estar situados en entornos remotos y salvajes, lejos de la zona de cobertura de la red el\u00e9ctrica, y los equipos de control tradicionales suelen enfrentarse a graves problemas de suministro el\u00e9ctrico. Estos emplazamientos suelen requerir la instalaci\u00f3n de cables de larga distancia o dependen de generadores di\u00e9sel, que no s\u00f3lo suponen elevados costes de construcci\u00f3n (el coste del acceso a la energ\u00eda para un solo emplazamiento puede oscilar entre $50.000 y $100.000 USD), sino que tambi\u00e9n resultan muy inc\u00f3modos para su posterior mantenimiento. Al mismo tiempo, las duras condiciones del entorno salvaje (como rayos, humedad, temperaturas extremas, etc.) provocan un alto \u00edndice de aver\u00edas en los equipos, y el personal de mantenimiento tiene que ir y venir con frecuencia (una media de 2-3 veces al mes), con un coste de mantenimiento \u00fanico de m\u00e1s de 2.000 yuanes. Este modelo tradicional, que depende de una fuente de alimentaci\u00f3n por cable y de un mantenimiento manual, dificulta el funcionamiento continuo y estable de aproximadamente 30% de los puntos de control de las cuencas fluviales, lo que afecta gravemente a la continuidad y fiabilidad de los datos sobre la calidad del agua y limita la capacidad de controlar con precisi\u00f3n el medio acu\u00e1tico de la cuenca.<\/p>\t\t\t\t\t\t\t\t<\/div>\n\t\t\t\t<\/div>\n\t\t<div class=\"elementor-element elementor-element-2aa7acb6 e-con-full e-flex e-con e-child\" data-id=\"2aa7acb6\" data-element_type=\"container\">\n\t\t<div class=\"elementor-element elementor-element-73b4cca8 e-con-full e-flex e-con e-child\" data-id=\"73b4cca8\" data-element_type=\"container\">\n\t\t\t\t<div class=\"elementor-element elementor-element-1f57a4f1 elementor-widget elementor-widget-image\" data-id=\"1f57a4f1\" data-element_type=\"widget\" data-widget_type=\"image.default\">\n\t\t\t\t<div class=\"elementor-widget-container\">\n\t\t\t\t\t\t\t\t\t\t\t\t\t\t\t<img fetchpriority=\"high\" decoding=\"async\" width=\"742\" height=\"800\" src=\"https:\/\/www.specsens.com\/wp-content\/uploads\/2025\/04\/River-Water-nitrate-sensors.webp\" class=\"attachment-large size-large wp-image-3664\" alt=\"River Water nitrate sensors\" srcset=\"https:\/\/www.specsens.com\/wp-content\/uploads\/2025\/04\/River-Water-nitrate-sensors.webp 742w, https:\/\/www.specsens.com\/wp-content\/uploads\/2025\/04\/River-Water-nitrate-sensors-278x300.webp 278w, https:\/\/www.specsens.com\/wp-content\/uploads\/2025\/04\/River-Water-nitrate-sensors-11x12.webp 11w, https:\/\/www.specsens.com\/wp-content\/uploads\/2025\/04\/River-Water-nitrate-sensors-600x647.webp 600w\" sizes=\"(max-width: 742px) 100vw, 742px\" \/>\t\t\t\t\t\t\t\t\t\t\t\t\t\t\t<\/div>\n\t\t\t\t<\/div>\n\t\t\t\t<\/div>\n\t\t<div class=\"elementor-element elementor-element-76aa9712 e-con-full e-flex e-con e-child\" data-id=\"76aa9712\" data-element_type=\"container\">\n\t\t\t\t<div class=\"elementor-element elementor-element-9809899 elementor-widget elementor-widget-image\" data-id=\"9809899\" data-element_type=\"widget\" data-widget_type=\"image.default\">\n\t\t\t\t<div class=\"elementor-widget-container\">\n\t\t\t\t\t\t\t\t\t\t\t\t\t\t\t<img decoding=\"async\" width=\"742\" height=\"800\" src=\"https:\/\/www.specsens.com\/wp-content\/uploads\/2025\/04\/River-Basin-Water-Quality-Monitoring.webp\" class=\"attachment-large size-large wp-image-3662\" alt=\"River Basin Water Quality Monitoring\" srcset=\"https:\/\/www.specsens.com\/wp-content\/uploads\/2025\/04\/River-Basin-Water-Quality-Monitoring.webp 742w, https:\/\/www.specsens.com\/wp-content\/uploads\/2025\/04\/River-Basin-Water-Quality-Monitoring-278x300.webp 278w, https:\/\/www.specsens.com\/wp-content\/uploads\/2025\/04\/River-Basin-Water-Quality-Monitoring-11x12.webp 11w, https:\/\/www.specsens.com\/wp-content\/uploads\/2025\/04\/River-Basin-Water-Quality-Monitoring-600x647.webp 600w\" sizes=\"(max-width: 742px) 100vw, 742px\" \/>\t\t\t\t\t\t\t\t\t\t\t\t\t\t\t<\/div>\n\t\t\t\t<\/div>\n\t\t\t\t<\/div>\n\t\t<div class=\"elementor-element elementor-element-5e6e9a05 e-con-full e-flex e-con e-child\" data-id=\"5e6e9a05\" data-element_type=\"container\">\n\t\t\t\t<div class=\"elementor-element elementor-element-1f6e5f29 elementor-widget elementor-widget-image\" data-id=\"1f6e5f29\" data-element_type=\"widget\" data-widget_type=\"image.default\">\n\t\t\t\t<div class=\"elementor-widget-container\">\n\t\t\t\t\t\t\t\t\t\t\t\t\t\t\t<img decoding=\"async\" width=\"742\" height=\"800\" src=\"https:\/\/www.specsens.com\/wp-content\/uploads\/2025\/04\/River-Water-IoT-sensors.webp\" class=\"attachment-large size-large wp-image-3663\" alt=\"River Water IoT sensors\" srcset=\"https:\/\/www.specsens.com\/wp-content\/uploads\/2025\/04\/River-Water-IoT-sensors.webp 742w, https:\/\/www.specsens.com\/wp-content\/uploads\/2025\/04\/River-Water-IoT-sensors-278x300.webp 278w, https:\/\/www.specsens.com\/wp-content\/uploads\/2025\/04\/River-Water-IoT-sensors-11x12.webp 11w, https:\/\/www.specsens.com\/wp-content\/uploads\/2025\/04\/River-Water-IoT-sensors-600x647.webp 600w\" sizes=\"(max-width: 742px) 100vw, 742px\" \/>\t\t\t\t\t\t\t\t\t\t\t\t\t\t\t<\/div>\n\t\t\t\t<\/div>\n\t\t\t\t<\/div>\n\t\t\t\t<\/div>\n\t\t\t\t<\/div>\n\t\t\t\t\t<\/div>\n\t\t\t\t<\/div>\n\t\t<div class=\"elementor-element elementor-element-266c3294 e-flex e-con-boxed e-con e-child\" data-id=\"266c3294\" data-element_type=\"container\" data-settings=\"{&quot;background_background&quot;:&quot;classic&quot;}\">\n\t\t\t\t\t<div class=\"e-con-inner\">\n\t\t\t\t<div class=\"elementor-element elementor-element-6ead74e8 elementor-widget elementor-widget-heading\" data-id=\"6ead74e8\" data-element_type=\"widget\" data-widget_type=\"heading.default\">\n\t\t\t\t<div class=\"elementor-widget-container\">\n\t\t\t\t\t<h3 class=\"elementor-heading-title elementor-size-default\">Productos Modelo<\/h3>\t\t\t\t<\/div>\n\t\t\t\t<\/div>\n\t\t\t\t<div class=\"elementor-element elementor-element-3022e422 elementor-widget elementor-widget-text-editor\" data-id=\"3022e422\" data-element_type=\"widget\" data-widget_type=\"text-editor.default\">\n\t\t\t\t<div class=\"elementor-widget-container\">\n\t\t\t\t\t\t\t\t\t<p><strong>1\ufe0f\u20e3.<span style=\"text-decoration: underline;\"><a href=\"https:\/\/www.specsens.com\/es\/producto\/sps-f-full-spectrum-water-quality-sensor\/\">SPS-F con par\u00e1metro, Nitrato<\/a><\/span><\/strong><\/p>\t\t\t\t\t\t\t\t<\/div>\n\t\t\t\t<\/div>\n\t\t<div class=\"elementor-element elementor-element-2c0a20d8 e-con-full e-flex e-con e-child\" data-id=\"2c0a20d8\" data-element_type=\"container\">\n\t\t<div class=\"elementor-element elementor-element-3ae120e3 e-con-full e-flex e-con e-child\" data-id=\"3ae120e3\" data-element_type=\"container\">\n\t\t<div class=\"elementor-element elementor-element-123ab80f e-con-full e-flex e-con e-child\" data-id=\"123ab80f\" data-element_type=\"container\">\n\t\t\t\t<div class=\"elementor-element elementor-element-be61026 elementor-widget elementor-widget-image\" data-id=\"be61026\" data-element_type=\"widget\" data-widget_type=\"image.default\">\n\t\t\t\t<div class=\"elementor-widget-container\">\n\t\t\t\t\t\t\t\t\t\t\t\t\t\t\t<img loading=\"lazy\" decoding=\"async\" width=\"742\" height=\"800\" src=\"https:\/\/www.specsens.com\/wp-content\/uploads\/2025\/04\/River-Water-Quality-Monitoring.webp\" class=\"attachment-large size-large wp-image-3665\" alt=\"River Water Quality Monitoring\" srcset=\"https:\/\/www.specsens.com\/wp-content\/uploads\/2025\/04\/River-Water-Quality-Monitoring.webp 742w, https:\/\/www.specsens.com\/wp-content\/uploads\/2025\/04\/River-Water-Quality-Monitoring-278x300.webp 278w, https:\/\/www.specsens.com\/wp-content\/uploads\/2025\/04\/River-Water-Quality-Monitoring-11x12.webp 11w, https:\/\/www.specsens.com\/wp-content\/uploads\/2025\/04\/River-Water-Quality-Monitoring-600x647.webp 600w\" sizes=\"(max-width: 742px) 100vw, 742px\" \/>\t\t\t\t\t\t\t\t\t\t\t\t\t\t\t<\/div>\n\t\t\t\t<\/div>\n\t\t\t\t<\/div>\n\t\t<div class=\"elementor-element elementor-element-3350d746 e-con-full e-flex e-con e-child\" data-id=\"3350d746\" data-element_type=\"container\">\n\t\t\t\t<div class=\"elementor-element elementor-element-4675cf18 elementor-widget elementor-widget-image\" data-id=\"4675cf18\" data-element_type=\"widget\" data-widget_type=\"image.default\">\n\t\t\t\t<div class=\"elementor-widget-container\">\n\t\t\t\t\t\t\t\t\t\t\t\t\t\t\t<img loading=\"lazy\" decoding=\"async\" width=\"742\" height=\"800\" src=\"https:\/\/www.specsens.com\/wp-content\/uploads\/2025\/04\/River-Water-Quality-sensors.webp\" class=\"attachment-large size-large wp-image-3666\" alt=\"River Water Quality sensors\" srcset=\"https:\/\/www.specsens.com\/wp-content\/uploads\/2025\/04\/River-Water-Quality-sensors.webp 742w, https:\/\/www.specsens.com\/wp-content\/uploads\/2025\/04\/River-Water-Quality-sensors-278x300.webp 278w, https:\/\/www.specsens.com\/wp-content\/uploads\/2025\/04\/River-Water-Quality-sensors-11x12.webp 11w, https:\/\/www.specsens.com\/wp-content\/uploads\/2025\/04\/River-Water-Quality-sensors-600x647.webp 600w\" sizes=\"(max-width: 742px) 100vw, 742px\" \/>\t\t\t\t\t\t\t\t\t\t\t\t\t\t\t<\/div>\n\t\t\t\t<\/div>\n\t\t\t\t<\/div>\n\t\t<div class=\"elementor-element elementor-element-20d9d014 e-con-full e-flex e-con e-child\" data-id=\"20d9d014\" data-element_type=\"container\">\n\t\t\t\t<div class=\"elementor-element elementor-element-3808c87c elementor-widget elementor-widget-image\" data-id=\"3808c87c\" data-element_type=\"widget\" data-widget_type=\"image.default\">\n\t\t\t\t<div class=\"elementor-widget-container\">\n\t\t\t\t\t\t\t\t\t\t\t\t\t\t\t<img loading=\"lazy\" decoding=\"async\" width=\"742\" height=\"800\" src=\"https:\/\/www.specsens.com\/wp-content\/uploads\/2025\/04\/Basin-Water-Quality-Monitoring.webp\" class=\"attachment-large size-large wp-image-3661\" alt=\"Basin Water Quality Monitoring\" srcset=\"https:\/\/www.specsens.com\/wp-content\/uploads\/2025\/04\/Basin-Water-Quality-Monitoring.webp 742w, https:\/\/www.specsens.com\/wp-content\/uploads\/2025\/04\/Basin-Water-Quality-Monitoring-278x300.webp 278w, https:\/\/www.specsens.com\/wp-content\/uploads\/2025\/04\/Basin-Water-Quality-Monitoring-11x12.webp 11w, https:\/\/www.specsens.com\/wp-content\/uploads\/2025\/04\/Basin-Water-Quality-Monitoring-600x647.webp 600w\" sizes=\"(max-width: 742px) 100vw, 742px\" \/>\t\t\t\t\t\t\t\t\t\t\t\t\t\t\t<\/div>\n\t\t\t\t<\/div>\n\t\t\t\t<\/div>\n\t\t\t\t<\/div>\n\t\t\t\t<\/div>\n\t\t\t\t\t<\/div>\n\t\t\t\t<\/div>\n\t\t<div class=\"elementor-element elementor-element-5b59d7fb e-flex e-con-boxed e-con e-child\" data-id=\"5b59d7fb\" data-element_type=\"container\">\n\t\t\t\t\t<div class=\"e-con-inner\">\n\t\t<div class=\"elementor-element elementor-element-7e769fe6 e-con-full e-flex e-con e-child\" data-id=\"7e769fe6\" data-element_type=\"container\">\n\t\t\t\t<div class=\"elementor-element elementor-element-558f62af elementor-widget elementor-widget-heading\" data-id=\"558f62af\" data-element_type=\"widget\" data-widget_type=\"heading.default\">\n\t\t\t\t<div class=\"elementor-widget-container\">\n\t\t\t\t\t<h2 class=\"elementor-heading-title elementor-size-default\">Soluci\u00f3n<\/h2>\t\t\t\t<\/div>\n\t\t\t\t<\/div>\n\t\t\t\t<div class=\"elementor-element elementor-element-35e9c2e7 elementor-widget elementor-widget-text-editor\" data-id=\"35e9c2e7\" data-element_type=\"widget\" data-widget_type=\"text-editor.default\">\n\t\t\t\t<div class=\"elementor-widget-container\">\n\t\t\t\t\t\t\t\t\t<p>Los sensores \u00f3pticos de calidad del agua pueden desplegarse f\u00e1cilmente en puntos remotos de vigilancia de cuencas hidrogr\u00e1ficas gracias a su dise\u00f1o miniaturizado (volumen t\u00edpicamente inferior a 500 cm\u00b3) y a su consumo de energ\u00eda ultrabajo (consumo de energ\u00eda de trabajo inferior a 2 W). Utilizan ventanas \u00f3pticas antiincrustantes avanzadas y dispositivos mec\u00e1nicos autom\u00e1ticos de depuraci\u00f3n para mitigar eficazmente la adhesi\u00f3n de algas y la deposici\u00f3n de sedimentos en el entorno de campo, ampliando el ciclo de mantenimiento a 3-6 meses. Con un paquete de bater\u00edas de litio de alta capacidad (48V\/100Ah) y un sistema de alimentaci\u00f3n asistida por energ\u00eda solar, se puede lograr una vigilancia continua de hasta 180 d\u00edas sin interrupci\u00f3n. Este dise\u00f1o integrado no s\u00f3lo resuelve el problema de las dificultades de suministro de energ\u00eda en las estaciones de monitoreo tradicionales (ahorrando 80% de costos de electricidad), sino que su nivel de protecci\u00f3n IP68 tambi\u00e9n puede soportar la influencia de condiciones clim\u00e1ticas severas, como fuertes lluvias y polvo, asegurando la recolecci\u00f3n estable de par\u00e1metros clave como pH, turbidez, DQO, etc. en el rango de temperatura ambiente de -20\u2103 a 60\u2103, realizando verdaderamente el monitoreo inteligente de la calidad del agua en la cuenca en todo tipo de clima.<\/p>\t\t\t\t\t\t\t\t<\/div>\n\t\t\t\t<\/div>\n\t\t\t\t<div class=\"elementor-element elementor-element-663b11e3 elementor-widget elementor-widget-heading\" data-id=\"663b11e3\" data-element_type=\"widget\" data-widget_type=\"heading.default\">\n\t\t\t\t<div class=\"elementor-widget-container\">\n\t\t\t\t\t<h3 class=\"elementor-heading-title elementor-size-default\">Datos del control de la DQO del agua<\/h3>\t\t\t\t<\/div>\n\t\t\t\t<\/div>\n\t\t<div class=\"elementor-element elementor-element-2e92cbd2 e-con-full e-flex e-con e-child\" data-id=\"2e92cbd2\" data-element_type=\"container\">\n\t\t\t\t<div class=\"elementor-element elementor-element-5034db6d elementor-widget elementor-widget-image\" data-id=\"5034db6d\" data-element_type=\"widget\" data-widget_type=\"image.default\">\n\t\t\t\t<div class=\"elementor-widget-container\">\n\t\t\t\t\t\t\t\t\t\t\t\t\t\t\t<img loading=\"lazy\" decoding=\"async\" width=\"3820\" height=\"1738\" src=\"https:\/\/www.specsens.com\/wp-content\/uploads\/2025\/10\/river-water-nitrate-monitoring-data-comparison.svg\" class=\"attachment-full size-full wp-image-4132\" alt=\"river water nitrate monitoring data comparison\" \/>\t\t\t\t\t\t\t\t\t\t\t\t\t\t\t<\/div>\n\t\t\t\t<\/div>\n\t\t\t\t<\/div>\n\t\t\t\t<\/div>\n\t\t\t\t\t<\/div>\n\t\t\t\t<\/div>\n\t\t<div class=\"elementor-element elementor-element-58d9e3ef e-flex e-con-boxed e-con e-parent\" data-id=\"58d9e3ef\" data-element_type=\"container\" data-settings=\"{&quot;background_background&quot;:&quot;classic&quot;}\">\n\t\t\t\t\t<div class=\"e-con-inner\">\n\t\t<div class=\"elementor-element elementor-element-50629e95 e-con-full e-flex e-con e-child\" data-id=\"50629e95\" data-element_type=\"container\">\n\t\t\t\t<div class=\"elementor-element elementor-element-5f504a7 elementor-widget elementor-widget-text-editor\" data-id=\"5f504a7\" data-element_type=\"widget\" data-widget_type=\"text-editor.default\">\n\t\t\t\t<div class=\"elementor-widget-container\">\n\t\t\t\t\t\t\t\t\t<p>El sensor de calidad del agua de espectro completo utiliza tecnolog\u00eda avanzada de an\u00e1lisis espectral, lo que permite que un solo dispositivo mida simult\u00e1neamente m\u00faltiples par\u00e1metros de calidad del agua, como DQO, DBO, COT, turbidez y cromaticidad. En comparaci\u00f3n con los equipos de control qu\u00edmico tradicionales, presenta tres ventajas fundamentales: en primer lugar, elimina el consumo de reactivos y evita la contaminaci\u00f3n secundaria (reduciendo la cantidad de residuos peligrosos generados en unos 50 kg\/unidad al a\u00f1o); en segundo lugar, adopta un dise\u00f1o de bajo consumo y puede utilizarse con c\u00e9lulas solares para lograr un funcionamiento sin conexi\u00f3n a la red; en tercer lugar, la estructura integrada acorta el tiempo de instalaci\u00f3n en 80%. Al mismo tiempo, la integraci\u00f3n multiparam\u00e9trica reduce en 60% el coste de la monitorizaci\u00f3n en un \u00fanico punto, lo que resulta especialmente adecuado para la implantaci\u00f3n distribuida en pol\u00edgonos industriales, tramos fluviales y otros escenarios, proporcionando un soporte rentable de datos en tiempo real para la supervisi\u00f3n del medio acu\u00e1tico.<\/p>\t\t\t\t\t\t\t\t<\/div>\n\t\t\t\t<\/div>\n\t\t\t\t<div class=\"elementor-element elementor-element-200f65c9 elementor-widget elementor-widget-heading\" data-id=\"200f65c9\" data-element_type=\"widget\" data-widget_type=\"heading.default\">\n\t\t\t\t<div class=\"elementor-widget-container\">\n\t\t\t\t\t<h4 class=\"elementor-heading-title elementor-size-default\">Productos relacionados<\/h4>\t\t\t\t<\/div>\n\t\t\t\t<\/div>\n\t\t\t\t<\/div>\n\t\t<div class=\"elementor-element elementor-element-1b80bdec e-con-full e-flex e-con e-child\" data-id=\"1b80bdec\" data-element_type=\"container\">\n\t\t<div class=\"elementor-element elementor-element-7c402e9c e-con-full e-flex e-con e-child\" data-id=\"7c402e9c\" data-element_type=\"container\">\n\t\t\t\t<div class=\"elementor-element elementor-element-1be27407 elementor-widget elementor-widget-heading\" data-id=\"1be27407\" data-element_type=\"widget\" data-widget_type=\"heading.default\">\n\t\t\t\t<div class=\"elementor-widget-container\">\n\t\t\t\t\t<h2 class=\"elementor-heading-title elementor-size-default\">Nombre del producto<\/h2>\t\t\t\t<\/div>\n\t\t\t\t<\/div>\n\t\t\t\t<\/div>\n\t\t<div class=\"elementor-element elementor-element-6b404ee8 e-con-full e-flex e-con e-child\" data-id=\"6b404ee8\" data-element_type=\"container\">\n\t\t\t\t<div class=\"elementor-element elementor-element-22b5571 elementor-widget elementor-widget-heading\" data-id=\"22b5571\" data-element_type=\"widget\" data-widget_type=\"heading.default\">\n\t\t\t\t<div class=\"elementor-widget-container\">\n\t\t\t\t\t<h3 class=\"elementor-heading-title elementor-size-default\">Modelo<\/h3>\t\t\t\t<\/div>\n\t\t\t\t<\/div>\n\t\t\t\t<\/div>\n\t\t<div class=\"elementor-element elementor-element-5e6901c6 e-con-full e-flex e-con e-child\" data-id=\"5e6901c6\" data-element_type=\"container\">\n\t\t\t\t<div class=\"elementor-element elementor-element-2524ddb5 elementor-widget elementor-widget-heading\" data-id=\"2524ddb5\" data-element_type=\"widget\" data-widget_type=\"heading.default\">\n\t\t\t\t<div class=\"elementor-widget-container\">\n\t\t\t\t\t<h3 class=\"elementor-heading-title elementor-size-default\">Par\u00e1metro<\/h3>\t\t\t\t<\/div>\n\t\t\t\t<\/div>\n\t\t\t\t<\/div>\n\t\t\t\t<\/div>\n\t\t<div class=\"elementor-element elementor-element-4c5fe67d e-con-full e-flex e-con e-child\" data-id=\"4c5fe67d\" data-element_type=\"container\" data-settings=\"{&quot;background_background&quot;:&quot;classic&quot;}\">\n\t\t<div class=\"elementor-element elementor-element-3b4fecc3 e-con-full e-flex e-con e-child\" data-id=\"3b4fecc3\" data-element_type=\"container\">\n\t\t\t\t<div class=\"elementor-element elementor-element-2dc76932 elementor-widget elementor-widget-image\" data-id=\"2dc76932\" data-element_type=\"widget\" data-widget_type=\"image.default\">\n\t\t\t\t<div class=\"elementor-widget-container\">\n\t\t\t\t\t\t\t\t\t\t\t\t\t\t\t<img loading=\"lazy\" decoding=\"async\" width=\"150\" height=\"150\" src=\"https:\/\/www.specsens.com\/wp-content\/uploads\/2025\/04\/SPS-F-Lxx-water-quality-sensor-150x150.webp\" class=\"attachment-thumbnail size-thumbnail wp-image-3747\" alt=\"SPS-F-Lxx water quality sensor\" srcset=\"https:\/\/www.specsens.com\/wp-content\/uploads\/2025\/04\/SPS-F-Lxx-water-quality-sensor-150x150.webp 150w, https:\/\/www.specsens.com\/wp-content\/uploads\/2025\/04\/SPS-F-Lxx-water-quality-sensor-300x300.webp 300w, https:\/\/www.specsens.com\/wp-content\/uploads\/2025\/04\/SPS-F-Lxx-water-quality-sensor-768x768.webp 768w, https:\/\/www.specsens.com\/wp-content\/uploads\/2025\/04\/SPS-F-Lxx-water-quality-sensor-12x12.webp 12w, https:\/\/www.specsens.com\/wp-content\/uploads\/2025\/04\/SPS-F-Lxx-water-quality-sensor-600x600.webp 600w, https:\/\/www.specsens.com\/wp-content\/uploads\/2025\/04\/SPS-F-Lxx-water-quality-sensor-100x100.webp 100w, https:\/\/www.specsens.com\/wp-content\/uploads\/2025\/04\/SPS-F-Lxx-water-quality-sensor.webp 1000w\" sizes=\"(max-width: 150px) 100vw, 150px\" \/>\t\t\t\t\t\t\t\t\t\t\t\t\t\t\t<\/div>\n\t\t\t\t<\/div>\n\t\t\t\t<div class=\"elementor-element elementor-element-4efb838f elementor-widget elementor-widget-text-editor\" data-id=\"4efb838f\" data-element_type=\"widget\" data-widget_type=\"text-editor.default\">\n\t\t\t\t<div class=\"elementor-widget-container\">\n\t\t\t\t\t\t\t\t\t<p><span style=\"text-decoration: underline;\"><a href=\"https:\/\/www.specsens.com\/es\/producto\/sps-f-full-spectrum-water-quality-sensor\/\">Sensor de calidad del agua de espectro completo SPS-F\u00a0<\/a><\/span><\/p>\t\t\t\t\t\t\t\t<\/div>\n\t\t\t\t<\/div>\n\t\t\t\t<\/div>\n\t\t<div class=\"elementor-element elementor-element-7c7f51bb e-con-full e-flex e-con e-child\" data-id=\"7c7f51bb\" data-element_type=\"container\">\n\t\t\t\t<div class=\"elementor-element elementor-element-6503e2fd elementor-widget elementor-widget-text-editor\" data-id=\"6503e2fd\" data-element_type=\"widget\" data-widget_type=\"text-editor.default\">\n\t\t\t\t<div class=\"elementor-widget-container\">\n\t\t\t\t\t\t\t\t\t<p>SPS-F<\/p>\t\t\t\t\t\t\t\t<\/div>\n\t\t\t\t<\/div>\n\t\t\t\t<\/div>\n\t\t<div class=\"elementor-element elementor-element-34ff98a4 e-con-full e-flex e-con e-child\" data-id=\"34ff98a4\" data-element_type=\"container\">\n\t\t\t\t<div class=\"elementor-element elementor-element-59aaaf14 elementor-widget elementor-widget-text-editor\" data-id=\"59aaaf14\" data-element_type=\"widget\" data-widget_type=\"text-editor.default\">\n\t\t\t\t<div class=\"elementor-widget-container\">\n\t\t\t\t\t\t\t\t\t<p>Nitrato<\/p>\t\t\t\t\t\t\t\t<\/div>\n\t\t\t\t<\/div>\n\t\t\t\t<\/div>\n\t\t\t\t<\/div>\n\t\t\t\t\t<\/div>\n\t\t\t\t<\/div>\n\t\t\t\t<\/div>","protected":false},"excerpt":{"rendered":"<p>Antecedentes de la aplicaci\u00f3n de control de la calidad del agua en cuencas fluviales Ubicaci\u00f3n: Koiransuolenoja, Finlandia Los lugares de control de la calidad del agua en las cuencas fluviales suelen estar situados en entornos remotos y salvajes, lejos de la zona de cobertura de la red el\u00e9ctrica, y los equipos de control tradicionales suelen enfrentarse a graves problemas de suministro el\u00e9ctrico. Estos lugares suelen requerir la instalaci\u00f3n de cables de larga distancia o dependen de [...]<\/p>","protected":false},"author":1,"featured_media":0,"parent":0,"menu_order":0,"comment_status":"closed","ping_status":"closed","template":"","meta":{"_joinchat":[],"footnotes":""},"class_list":["post-3505","page","type-page","status-publish","hentry"],"blocksy_meta":{"has_hero_section":"disabled","styles_descriptor":{"styles":{"desktop":"","tablet":"","mobile":""},"google_fonts":[],"version":6}},"_links":{"self":[{"href":"https:\/\/www.specsens.com\/es\/wp-json\/wp\/v2\/pages\/3505","targetHints":{"allow":["GET"]}}],"collection":[{"href":"https:\/\/www.specsens.com\/es\/wp-json\/wp\/v2\/pages"}],"about":[{"href":"https:\/\/www.specsens.com\/es\/wp-json\/wp\/v2\/types\/page"}],"author":[{"embeddable":true,"href":"https:\/\/www.specsens.com\/es\/wp-json\/wp\/v2\/users\/1"}],"replies":[{"embeddable":true,"href":"https:\/\/www.specsens.com\/es\/wp-json\/wp\/v2\/comments?post=3505"}],"version-history":[{"count":16,"href":"https:\/\/www.specsens.com\/es\/wp-json\/wp\/v2\/pages\/3505\/revisions"}],"predecessor-version":[{"id":4135,"href":"https:\/\/www.specsens.com\/es\/wp-json\/wp\/v2\/pages\/3505\/revisions\/4135"}],"wp:attachment":[{"href":"https:\/\/www.specsens.com\/es\/wp-json\/wp\/v2\/media?parent=3505"}],"curies":[{"name":"wp","href":"https:\/\/api.w.org\/{rel}","templated":true}]}}