{"id":3552,"date":"2025-04-07T23:31:49","date_gmt":"2025-04-07T15:31:49","guid":{"rendered":"https:\/\/www.specsens.com\/?page_id=3552"},"modified":"2025-10-16T18:10:18","modified_gmt":"2025-10-16T10:10:18","slug":"intelligent-online-water-quality-monitoring-network","status":"publish","type":"page","link":"https:\/\/www.specsens.com\/es\/intelligent-online-water-quality-monitoring-network\/","title":{"rendered":"Red inteligente de vigilancia en l\u00ednea de la calidad del agua"},"content":{"rendered":"<div data-elementor-type=\"wp-page\" data-elementor-id=\"3552\" class=\"elementor elementor-3552\" data-elementor-post-type=\"page\">\n\t\t\t\t<div class=\"elementor-element elementor-element-66237de4 e-flex e-con-boxed e-con e-parent\" data-id=\"66237de4\" data-element_type=\"container\">\n\t\t\t\t\t<div class=\"e-con-inner\">\n\t\t\t\t<div class=\"elementor-element elementor-element-53b8b15a elementor-widget elementor-widget-heading\" data-id=\"53b8b15a\" data-element_type=\"widget\" data-widget_type=\"heading.default\">\n\t\t\t\t<div class=\"elementor-widget-container\">\n\t\t\t\t\t<h2 class=\"elementor-heading-title elementor-size-default\">Red inteligente de vigilancia en l\u00ednea de la calidad del agua<\/h2>\t\t\t\t<\/div>\n\t\t\t\t<\/div>\n\t\t\t\t\t<\/div>\n\t\t\t\t<\/div>\n\t\t<div class=\"elementor-element elementor-element-2ca166f8 e-flex e-con-boxed e-con e-child\" data-id=\"2ca166f8\" data-element_type=\"container\">\n\t\t\t\t\t<div class=\"e-con-inner\">\n\t\t<div class=\"elementor-element elementor-element-63da287f e-con-full e-flex e-con e-child\" data-id=\"63da287f\" data-element_type=\"container\">\n\t\t\t\t<div class=\"elementor-element elementor-element-42d12df7 elementor-widget elementor-widget-heading\" data-id=\"42d12df7\" data-element_type=\"widget\" data-widget_type=\"heading.default\">\n\t\t\t\t<div class=\"elementor-widget-container\">\n\t\t\t\t\t<h3 class=\"elementor-heading-title elementor-size-default\">Antecedentes de la aplicaci\u00f3n<\/h3>\t\t\t\t<\/div>\n\t\t\t\t<\/div>\n\t\t\t\t<div class=\"elementor-element elementor-element-68797d05 elementor-widget elementor-widget-text-editor\" data-id=\"68797d05\" data-element_type=\"widget\" data-widget_type=\"text-editor.default\">\n\t\t\t\t<div class=\"elementor-widget-container\">\n\t\t\t\t\t\t\t\t\t<p><strong>Ubicaci\u00f3n: Changzhou, China<\/strong><\/p>\t\t\t\t\t\t\t\t<\/div>\n\t\t\t\t<\/div>\n\t\t\t\t<div class=\"elementor-element elementor-element-29a710f1 elementor-widget elementor-widget-text-editor\" data-id=\"29a710f1\" data-element_type=\"widget\" data-widget_type=\"text-editor.default\">\n\t\t\t\t<div class=\"elementor-widget-container\">\n\t\t\t\t\t\t\t\t\t<p>A\u00f1adir desinfectante al agua potable es una medida crucial para garantizar su seguridad. Su finalidad principal es matar o inhibir los microorganismos pat\u00f3genos, como bacterias, virus y par\u00e1sitos, presentes en el agua. Los desinfectantes pasar\u00e1n a trav\u00e9s de una extensa red de tuber\u00edas desde la planta de agua potable hasta el final del agua residencial. Por lo tanto, el control de la presencia de cloro libre al final de la red de tuber\u00edas puede ayudar a determinar si el desinfectante es ineficaz y si el agua terminal plantea un riesgo de causar enfermedades.<\/p>\t\t\t\t\t\t\t\t<\/div>\n\t\t\t\t<\/div>\n\t\t<div class=\"elementor-element elementor-element-14795d0f e-con-full e-flex e-con e-child\" data-id=\"14795d0f\" data-element_type=\"container\">\n\t\t<div class=\"elementor-element elementor-element-3de566bf e-con-full e-flex e-con e-child\" data-id=\"3de566bf\" data-element_type=\"container\">\n\t\t\t\t<div class=\"elementor-element elementor-element-49d703 elementor-widget elementor-widget-image\" data-id=\"49d703\" data-element_type=\"widget\" data-widget_type=\"image.default\">\n\t\t\t\t<div class=\"elementor-widget-container\">\n\t\t\t\t\t\t\t\t\t\t\t\t\t\t\t<img fetchpriority=\"high\" decoding=\"async\" width=\"800\" height=\"900\" src=\"https:\/\/www.specsens.com\/wp-content\/uploads\/2025\/04\/tap-water-quality-sensors.webp\" class=\"attachment-large size-large wp-image-3682\" alt=\"tap water quality sensors\" srcset=\"https:\/\/www.specsens.com\/wp-content\/uploads\/2025\/04\/tap-water-quality-sensors.webp 800w, https:\/\/www.specsens.com\/wp-content\/uploads\/2025\/04\/tap-water-quality-sensors-267x300.webp 267w, https:\/\/www.specsens.com\/wp-content\/uploads\/2025\/04\/tap-water-quality-sensors-768x864.webp 768w, https:\/\/www.specsens.com\/wp-content\/uploads\/2025\/04\/tap-water-quality-sensors-11x12.webp 11w, https:\/\/www.specsens.com\/wp-content\/uploads\/2025\/04\/tap-water-quality-sensors-600x675.webp 600w\" sizes=\"(max-width: 800px) 100vw, 800px\" \/>\t\t\t\t\t\t\t\t\t\t\t\t\t\t\t<\/div>\n\t\t\t\t<\/div>\n\t\t\t\t<\/div>\n\t\t<div class=\"elementor-element elementor-element-6849e3cb e-con-full e-flex e-con e-child\" data-id=\"6849e3cb\" data-element_type=\"container\">\n\t\t\t\t<div class=\"elementor-element elementor-element-cf5a2cf elementor-widget elementor-widget-image\" data-id=\"cf5a2cf\" data-element_type=\"widget\" data-widget_type=\"image.default\">\n\t\t\t\t<div class=\"elementor-widget-container\">\n\t\t\t\t\t\t\t\t\t\t\t\t\t\t\t<img decoding=\"async\" width=\"800\" height=\"900\" src=\"https:\/\/www.specsens.com\/wp-content\/uploads\/2025\/04\/tap-water-quality-monitoring.webp\" class=\"attachment-large size-large wp-image-3681\" alt=\"tap water quality monitoring\" srcset=\"https:\/\/www.specsens.com\/wp-content\/uploads\/2025\/04\/tap-water-quality-monitoring.webp 800w, https:\/\/www.specsens.com\/wp-content\/uploads\/2025\/04\/tap-water-quality-monitoring-267x300.webp 267w, https:\/\/www.specsens.com\/wp-content\/uploads\/2025\/04\/tap-water-quality-monitoring-768x864.webp 768w, https:\/\/www.specsens.com\/wp-content\/uploads\/2025\/04\/tap-water-quality-monitoring-11x12.webp 11w, https:\/\/www.specsens.com\/wp-content\/uploads\/2025\/04\/tap-water-quality-monitoring-600x675.webp 600w\" sizes=\"(max-width: 800px) 100vw, 800px\" \/>\t\t\t\t\t\t\t\t\t\t\t\t\t\t\t<\/div>\n\t\t\t\t<\/div>\n\t\t\t\t<\/div>\n\t\t\t\t<\/div>\n\t\t\t\t<\/div>\n\t\t\t\t\t<\/div>\n\t\t\t\t<\/div>\n\t\t<div class=\"elementor-element elementor-element-29948210 e-flex e-con-boxed e-con e-child\" data-id=\"29948210\" data-element_type=\"container\" data-settings=\"{&quot;background_background&quot;:&quot;classic&quot;}\">\n\t\t\t\t\t<div class=\"e-con-inner\">\n\t\t\t\t<div class=\"elementor-element elementor-element-ea15e24 elementor-widget elementor-widget-heading\" data-id=\"ea15e24\" data-element_type=\"widget\" data-widget_type=\"heading.default\">\n\t\t\t\t<div class=\"elementor-widget-container\">\n\t\t\t\t\t<h3 class=\"elementor-heading-title elementor-size-default\">Productos Modelo<\/h3>\t\t\t\t<\/div>\n\t\t\t\t<\/div>\n\t\t\t\t<div class=\"elementor-element elementor-element-2a54c9e5 elementor-widget elementor-widget-text-editor\" data-id=\"2a54c9e5\" data-element_type=\"widget\" data-widget_type=\"text-editor.default\">\n\t\t\t\t<div class=\"elementor-widget-container\">\n\t\t\t\t\t\t\t\t\t<p><strong>1\ufe0f\u20e3.<span style=\"text-decoration: underline;\"><a href=\"https:\/\/www.specsens.com\/es\/producto\/sps-t-sc3-ultra-low-turbidity-water-quality-sensor\/\">SPS-T-SC3 con par\u00e1metro: Turbidez<\/a><\/span><\/strong><br \/><strong>2\ufe0f\u20e3.<span style=\"text-decoration: underline;\"><a href=\"https:\/\/www.specsens.com\/es\/producto\/sps-ci-c-free-chlorine-water-quality-sensor\/\">SPS-CI con par\u00e1metro: Cloro<\/a><br \/><\/span><\/strong><strong>3\ufe0f\u20e3.<span style=\"text-decoration: underline;\"><a href=\"https:\/\/www.specsens.com\/es\/producto\/mc-bw-b-meter-controller\/\">Controlador multipar\u00e1metro MC-BW-B<\/a><\/span><\/strong><\/p>\t\t\t\t\t\t\t\t<\/div>\n\t\t\t\t<\/div>\n\t\t\t\t\t<\/div>\n\t\t\t\t<\/div>\n\t\t<div class=\"elementor-element elementor-element-29e9d8b5 e-flex e-con-boxed e-con e-child\" data-id=\"29e9d8b5\" data-element_type=\"container\">\n\t\t\t\t\t<div class=\"e-con-inner\">\n\t\t<div class=\"elementor-element elementor-element-66a5eb21 e-con-full e-flex e-con e-child\" data-id=\"66a5eb21\" data-element_type=\"container\">\n\t\t\t\t<div class=\"elementor-element elementor-element-1168b541 elementor-widget elementor-widget-heading\" data-id=\"1168b541\" data-element_type=\"widget\" data-widget_type=\"heading.default\">\n\t\t\t\t<div class=\"elementor-widget-container\">\n\t\t\t\t\t<h2 class=\"elementor-heading-title elementor-size-default\">Soluci\u00f3n<\/h2>\t\t\t\t<\/div>\n\t\t\t\t<\/div>\n\t\t\t\t<div class=\"elementor-element elementor-element-20c12f60 elementor-widget elementor-widget-text-editor\" data-id=\"20c12f60\" data-element_type=\"widget\" data-widget_type=\"text-editor.default\">\n\t\t\t\t<div class=\"elementor-widget-container\">\n\t\t\t\t\t\t\t\t\t<p>Se han dispuesto puntos entre nodos clave, incluidos afluentes y corrientes principales de la red de alcantarillado, para controlar en tiempo real la din\u00e1mica de las aguas residuales aguas arriba y aguas abajo.<br \/>El m\u00e9todo tradicional de muestreo manual no puede lograr un seguimiento a intervalos de una hora, y como los puntos son todos redes de alcantarillado subterr\u00e1neas, algunos puntos est\u00e1n en medio de la carretera. Los equipos convencionales de monitorizaci\u00f3n en l\u00ednea se enfrentan a problemas como el gran espacio que ocupan y la dificultad del uso de electricidad.<br \/>Nuestro sensor es compacto y puede sumergirse en el pozo de monitorizaci\u00f3n sin necesidad de espacio adicional en tierra; tiene un bajo consumo de energ\u00eda y puede alimentarse con pilas. El instrumento de adquisici\u00f3n de datos se coloca de forma sincr\u00f3nica en el pozo de monitorizaci\u00f3n para resolver el problema del consumo el\u00e9ctrico.<\/p>\t\t\t\t\t\t\t\t<\/div>\n\t\t\t\t<\/div>\n\t\t\t\t<div class=\"elementor-element elementor-element-42a12f28 elementor-widget elementor-widget-heading\" data-id=\"42a12f28\" data-element_type=\"widget\" data-widget_type=\"heading.default\">\n\t\t\t\t<div class=\"elementor-widget-container\">\n\t\t\t\t\t<h3 class=\"elementor-heading-title elementor-size-default\">Datos del control de la turbidez y el cloro de las aguas municipales<\/h3>\t\t\t\t<\/div>\n\t\t\t\t<\/div>\n\t\t<div class=\"elementor-element elementor-element-78dd3bca e-con-full e-flex e-con e-child\" data-id=\"78dd3bca\" data-element_type=\"container\">\n\t\t\t\t<div class=\"elementor-element elementor-element-6b40876a elementor-widget elementor-widget-image\" data-id=\"6b40876a\" data-element_type=\"widget\" data-widget_type=\"image.default\">\n\t\t\t\t<div class=\"elementor-widget-container\">\n\t\t\t\t\t\t\t\t\t\t\t\t\t\t\t<img decoding=\"async\" width=\"1471\" height=\"493\" src=\"https:\/\/www.specsens.com\/wp-content\/uploads\/2025\/10\/Municipal-water-Turbidity-free-chlorine-monitoring.webp\" class=\"attachment-full size-full wp-image-4170\" alt=\"Municipal water Turbidity free chlorine monitoring\" srcset=\"https:\/\/www.specsens.com\/wp-content\/uploads\/2025\/10\/Municipal-water-Turbidity-free-chlorine-monitoring.webp 1471w, https:\/\/www.specsens.com\/wp-content\/uploads\/2025\/10\/Municipal-water-Turbidity-free-chlorine-monitoring-300x101.webp 300w, https:\/\/www.specsens.com\/wp-content\/uploads\/2025\/10\/Municipal-water-Turbidity-free-chlorine-monitoring-1024x343.webp 1024w, https:\/\/www.specsens.com\/wp-content\/uploads\/2025\/10\/Municipal-water-Turbidity-free-chlorine-monitoring-768x257.webp 768w, https:\/\/www.specsens.com\/wp-content\/uploads\/2025\/10\/Municipal-water-Turbidity-free-chlorine-monitoring-18x6.webp 18w, https:\/\/www.specsens.com\/wp-content\/uploads\/2025\/10\/Municipal-water-Turbidity-free-chlorine-monitoring-600x201.webp 600w\" sizes=\"(max-width: 1471px) 100vw, 1471px\" \/>\t\t\t\t\t\t\t\t\t\t\t\t\t\t\t<\/div>\n\t\t\t\t<\/div>\n\t\t\t\t<\/div>\n\t\t\t\t<\/div>\n\t\t\t\t\t<\/div>\n\t\t\t\t<\/div>\n\t\t<div class=\"elementor-element elementor-element-259cf70c e-flex e-con-boxed e-con e-parent\" data-id=\"259cf70c\" data-element_type=\"container\" data-settings=\"{&quot;background_background&quot;:&quot;classic&quot;}\">\n\t\t\t\t\t<div class=\"e-con-inner\">\n\t\t<div class=\"elementor-element elementor-element-4b7b47a2 e-con-full e-flex e-con e-child\" data-id=\"4b7b47a2\" data-element_type=\"container\">\n\t\t\t\t<div class=\"elementor-element elementor-element-38857397 elementor-widget elementor-widget-heading\" data-id=\"38857397\" data-element_type=\"widget\" data-widget_type=\"heading.default\">\n\t\t\t\t<div class=\"elementor-widget-container\">\n\t\t\t\t\t<h2 class=\"elementor-heading-title elementor-size-default\">Productos relacionados<\/h2>\t\t\t\t<\/div>\n\t\t\t\t<\/div>\n\t\t\t\t<\/div>\n\t\t<div class=\"elementor-element elementor-element-7cf844b2 e-con-full e-flex e-con e-child\" data-id=\"7cf844b2\" data-element_type=\"container\">\n\t\t<div class=\"elementor-element elementor-element-1a32bc5a e-con-full e-flex e-con e-child\" data-id=\"1a32bc5a\" data-element_type=\"container\">\n\t\t\t\t<div class=\"elementor-element elementor-element-67f9a36b elementor-widget elementor-widget-heading\" data-id=\"67f9a36b\" data-element_type=\"widget\" data-widget_type=\"heading.default\">\n\t\t\t\t<div class=\"elementor-widget-container\">\n\t\t\t\t\t<h2 class=\"elementor-heading-title elementor-size-default\">Nombre del producto<\/h2>\t\t\t\t<\/div>\n\t\t\t\t<\/div>\n\t\t\t\t<\/div>\n\t\t<div class=\"elementor-element elementor-element-fd7609a e-con-full e-flex e-con e-child\" data-id=\"fd7609a\" data-element_type=\"container\">\n\t\t\t\t<div class=\"elementor-element elementor-element-61662280 elementor-widget elementor-widget-heading\" data-id=\"61662280\" data-element_type=\"widget\" data-widget_type=\"heading.default\">\n\t\t\t\t<div class=\"elementor-widget-container\">\n\t\t\t\t\t<h3 class=\"elementor-heading-title elementor-size-default\">Modelo<\/h3>\t\t\t\t<\/div>\n\t\t\t\t<\/div>\n\t\t\t\t<\/div>\n\t\t<div class=\"elementor-element elementor-element-439145b6 e-con-full e-flex e-con e-child\" data-id=\"439145b6\" data-element_type=\"container\">\n\t\t\t\t<div class=\"elementor-element elementor-element-457e9b4b elementor-widget elementor-widget-heading\" data-id=\"457e9b4b\" data-element_type=\"widget\" data-widget_type=\"heading.default\">\n\t\t\t\t<div class=\"elementor-widget-container\">\n\t\t\t\t\t<h3 class=\"elementor-heading-title elementor-size-default\">Par\u00e1metro<\/h3>\t\t\t\t<\/div>\n\t\t\t\t<\/div>\n\t\t\t\t<\/div>\n\t\t\t\t<\/div>\n\t\t<div class=\"elementor-element elementor-element-43253267 e-con-full e-flex e-con e-child\" data-id=\"43253267\" data-element_type=\"container\" data-settings=\"{&quot;background_background&quot;:&quot;classic&quot;}\">\n\t\t<div class=\"elementor-element elementor-element-13034056 e-con-full e-flex e-con e-child\" data-id=\"13034056\" data-element_type=\"container\">\n\t\t\t\t<div class=\"elementor-element elementor-element-5eb39af1 elementor-widget elementor-widget-image\" data-id=\"5eb39af1\" data-element_type=\"widget\" data-widget_type=\"image.default\">\n\t\t\t\t<div class=\"elementor-widget-container\">\n\t\t\t\t\t\t\t\t\t\t\t\t\t\t\t<img loading=\"lazy\" decoding=\"async\" width=\"150\" height=\"150\" src=\"https:\/\/www.specsens.com\/wp-content\/uploads\/2025\/04\/SPS-F-Lxx-water-quality-sensor-150x150.webp\" class=\"attachment-thumbnail size-thumbnail wp-image-3747\" alt=\"SPS-F-Lxx water quality sensor\" srcset=\"https:\/\/www.specsens.com\/wp-content\/uploads\/2025\/04\/SPS-F-Lxx-water-quality-sensor-150x150.webp 150w, https:\/\/www.specsens.com\/wp-content\/uploads\/2025\/04\/SPS-F-Lxx-water-quality-sensor-300x300.webp 300w, https:\/\/www.specsens.com\/wp-content\/uploads\/2025\/04\/SPS-F-Lxx-water-quality-sensor-768x768.webp 768w, https:\/\/www.specsens.com\/wp-content\/uploads\/2025\/04\/SPS-F-Lxx-water-quality-sensor-12x12.webp 12w, https:\/\/www.specsens.com\/wp-content\/uploads\/2025\/04\/SPS-F-Lxx-water-quality-sensor-600x600.webp 600w, https:\/\/www.specsens.com\/wp-content\/uploads\/2025\/04\/SPS-F-Lxx-water-quality-sensor-100x100.webp 100w, https:\/\/www.specsens.com\/wp-content\/uploads\/2025\/04\/SPS-F-Lxx-water-quality-sensor.webp 1000w\" sizes=\"(max-width: 150px) 100vw, 150px\" \/>\t\t\t\t\t\t\t\t\t\t\t\t\t\t\t<\/div>\n\t\t\t\t<\/div>\n\t\t\t\t<div class=\"elementor-element elementor-element-4f08b28a elementor-widget elementor-widget-text-editor\" data-id=\"4f08b28a\" data-element_type=\"widget\" data-widget_type=\"text-editor.default\">\n\t\t\t\t<div class=\"elementor-widget-container\">\n\t\t\t\t\t\t\t\t\t<p><span style=\"text-decoration: underline;\"><a href=\"https:\/\/www.specsens.com\/es\/producto\/sps-t-sc3-ultra-low-turbidity-water-quality-sensor\/\">SPS-T-SC3 Sensor de calidad del agua de turbidez ultrabaja<\/a><\/span><\/p>\t\t\t\t\t\t\t\t<\/div>\n\t\t\t\t<\/div>\n\t\t\t\t<\/div>\n\t\t<div class=\"elementor-element elementor-element-5e87fb93 e-con-full e-flex e-con e-child\" data-id=\"5e87fb93\" data-element_type=\"container\">\n\t\t\t\t<div class=\"elementor-element elementor-element-7bf0ef0b elementor-widget elementor-widget-text-editor\" data-id=\"7bf0ef0b\" data-element_type=\"widget\" data-widget_type=\"text-editor.default\">\n\t\t\t\t<div class=\"elementor-widget-container\">\n\t\t\t\t\t\t\t\t\t<p>SPS-T-SC3<\/p>\t\t\t\t\t\t\t\t<\/div>\n\t\t\t\t<\/div>\n\t\t\t\t<\/div>\n\t\t<div class=\"elementor-element elementor-element-4638289 e-con-full e-flex e-con e-child\" data-id=\"4638289\" data-element_type=\"container\">\n\t\t\t\t<div class=\"elementor-element elementor-element-127ae214 elementor-widget elementor-widget-text-editor\" data-id=\"127ae214\" data-element_type=\"widget\" data-widget_type=\"text-editor.default\">\n\t\t\t\t<div class=\"elementor-widget-container\">\n\t\t\t\t\t\t\t\t\t<p>Turbidez<\/p>\t\t\t\t\t\t\t\t<\/div>\n\t\t\t\t<\/div>\n\t\t\t\t<\/div>\n\t\t\t\t<\/div>\n\t\t<div class=\"elementor-element elementor-element-44b4f929 e-con-full e-flex e-con e-child\" data-id=\"44b4f929\" data-element_type=\"container\" data-settings=\"{&quot;background_background&quot;:&quot;classic&quot;}\">\n\t\t<div class=\"elementor-element elementor-element-4be37434 e-con-full e-flex e-con e-child\" data-id=\"4be37434\" data-element_type=\"container\">\n\t\t\t\t<div class=\"elementor-element elementor-element-21fa1e11 elementor-widget elementor-widget-image\" data-id=\"21fa1e11\" data-element_type=\"widget\" data-widget_type=\"image.default\">\n\t\t\t\t<div class=\"elementor-widget-container\">\n\t\t\t\t\t\t\t\t\t\t\t\t\t\t\t<img loading=\"lazy\" decoding=\"async\" width=\"150\" height=\"150\" src=\"https:\/\/www.specsens.com\/wp-content\/uploads\/2025\/04\/SPS-D-Lxx-water-quality-sensor-150x150.webp\" class=\"attachment-thumbnail size-thumbnail wp-image-3743\" alt=\"SPS-D Dual-wavelength water quality sensor\" srcset=\"https:\/\/www.specsens.com\/wp-content\/uploads\/2025\/04\/SPS-D-Lxx-water-quality-sensor-150x150.webp 150w, https:\/\/www.specsens.com\/wp-content\/uploads\/2025\/04\/SPS-D-Lxx-water-quality-sensor-300x300.webp 300w, https:\/\/www.specsens.com\/wp-content\/uploads\/2025\/04\/SPS-D-Lxx-water-quality-sensor-768x768.webp 768w, https:\/\/www.specsens.com\/wp-content\/uploads\/2025\/04\/SPS-D-Lxx-water-quality-sensor-12x12.webp 12w, https:\/\/www.specsens.com\/wp-content\/uploads\/2025\/04\/SPS-D-Lxx-water-quality-sensor-600x600.webp 600w, https:\/\/www.specsens.com\/wp-content\/uploads\/2025\/04\/SPS-D-Lxx-water-quality-sensor-100x100.webp 100w, https:\/\/www.specsens.com\/wp-content\/uploads\/2025\/04\/SPS-D-Lxx-water-quality-sensor.webp 1000w\" sizes=\"(max-width: 150px) 100vw, 150px\" \/>\t\t\t\t\t\t\t\t\t\t\t\t\t\t\t<\/div>\n\t\t\t\t<\/div>\n\t\t\t\t<div class=\"elementor-element elementor-element-34cb12d9 elementor-widget elementor-widget-text-editor\" data-id=\"34cb12d9\" data-element_type=\"widget\" data-widget_type=\"text-editor.default\">\n\t\t\t\t<div class=\"elementor-widget-container\">\n\t\t\t\t\t\t\t\t\t<p><a href=\"https:\/\/www.specsens.com\/es\/producto\/sps-ci-c-free-chlorine-water-quality-sensor\/\"><span style=\"text-decoration: underline;\">SPS-CI-C Sensor de cloro libre para la calidad del agua<\/span><\/a><\/p>\t\t\t\t\t\t\t\t<\/div>\n\t\t\t\t<\/div>\n\t\t\t\t<\/div>\n\t\t<div class=\"elementor-element elementor-element-5b381a89 e-con-full e-flex e-con e-child\" data-id=\"5b381a89\" data-element_type=\"container\">\n\t\t\t\t<div class=\"elementor-element elementor-element-534676cc elementor-widget elementor-widget-text-editor\" data-id=\"534676cc\" data-element_type=\"widget\" data-widget_type=\"text-editor.default\">\n\t\t\t\t<div class=\"elementor-widget-container\">\n\t\t\t\t\t\t\t\t\t<p>SPS-Cl<\/p>\t\t\t\t\t\t\t\t<\/div>\n\t\t\t\t<\/div>\n\t\t\t\t<\/div>\n\t\t<div class=\"elementor-element elementor-element-767b621a e-con-full e-flex e-con e-child\" data-id=\"767b621a\" data-element_type=\"container\">\n\t\t\t\t<div class=\"elementor-element elementor-element-7151fabf elementor-widget elementor-widget-text-editor\" data-id=\"7151fabf\" data-element_type=\"widget\" data-widget_type=\"text-editor.default\">\n\t\t\t\t<div class=\"elementor-widget-container\">\n\t\t\t\t\t\t\t\t\t<p>Cloro<\/p>\t\t\t\t\t\t\t\t<\/div>\n\t\t\t\t<\/div>\n\t\t\t\t<\/div>\n\t\t\t\t<\/div>\n\t\t<div class=\"elementor-element elementor-element-367165a9 e-con-full e-flex e-con e-child\" data-id=\"367165a9\" data-element_type=\"container\" data-settings=\"{&quot;background_background&quot;:&quot;classic&quot;}\">\n\t\t<div class=\"elementor-element elementor-element-93a2f9f e-con-full e-flex e-con e-child\" data-id=\"93a2f9f\" data-element_type=\"container\">\n\t\t\t\t<div class=\"elementor-element elementor-element-7af55a35 elementor-widget elementor-widget-image\" data-id=\"7af55a35\" data-element_type=\"widget\" data-widget_type=\"image.default\">\n\t\t\t\t<div class=\"elementor-widget-container\">\n\t\t\t\t\t\t\t\t\t\t\t\t\t\t\t<img loading=\"lazy\" decoding=\"async\" width=\"150\" height=\"150\" src=\"https:\/\/www.specsens.com\/wp-content\/uploads\/2025\/04\/MC-BW-B-Multi-parameter-Meter-Controller-150x150.webp\" class=\"attachment-thumbnail size-thumbnail wp-image-3734\" alt=\"MC-BW-B Multi-parameter Meter Controller\" srcset=\"https:\/\/www.specsens.com\/wp-content\/uploads\/2025\/04\/MC-BW-B-Multi-parameter-Meter-Controller-150x150.webp 150w, https:\/\/www.specsens.com\/wp-content\/uploads\/2025\/04\/MC-BW-B-Multi-parameter-Meter-Controller-300x300.webp 300w, https:\/\/www.specsens.com\/wp-content\/uploads\/2025\/04\/MC-BW-B-Multi-parameter-Meter-Controller-768x768.webp 768w, https:\/\/www.specsens.com\/wp-content\/uploads\/2025\/04\/MC-BW-B-Multi-parameter-Meter-Controller-12x12.webp 12w, https:\/\/www.specsens.com\/wp-content\/uploads\/2025\/04\/MC-BW-B-Multi-parameter-Meter-Controller-600x600.webp 600w, https:\/\/www.specsens.com\/wp-content\/uploads\/2025\/04\/MC-BW-B-Multi-parameter-Meter-Controller-100x100.webp 100w, https:\/\/www.specsens.com\/wp-content\/uploads\/2025\/04\/MC-BW-B-Multi-parameter-Meter-Controller.webp 1000w\" sizes=\"(max-width: 150px) 100vw, 150px\" \/>\t\t\t\t\t\t\t\t\t\t\t\t\t\t\t<\/div>\n\t\t\t\t<\/div>\n\t\t\t\t<div class=\"elementor-element elementor-element-7a021329 elementor-widget elementor-widget-text-editor\" data-id=\"7a021329\" data-element_type=\"widget\" data-widget_type=\"text-editor.default\">\n\t\t\t\t<div class=\"elementor-widget-container\">\n\t\t\t\t\t\t\t\t\t<p><a href=\"https:\/\/www.specsens.com\/es\/producto\/mc-bw-b-meter-controller\/\"><span style=\"text-decoration: underline;\">Controlador de contador MC-BW-B <\/span><\/a><\/p>\t\t\t\t\t\t\t\t<\/div>\n\t\t\t\t<\/div>\n\t\t\t\t<\/div>\n\t\t<div class=\"elementor-element elementor-element-3152bf e-con-full e-flex e-con e-child\" data-id=\"3152bf\" data-element_type=\"container\">\n\t\t\t\t<div class=\"elementor-element elementor-element-17878f06 elementor-widget elementor-widget-text-editor\" data-id=\"17878f06\" data-element_type=\"widget\" data-widget_type=\"text-editor.default\">\n\t\t\t\t<div class=\"elementor-widget-container\">\n\t\t\t\t\t\t\t\t\t<p>MC-BW-B<\/p>\t\t\t\t\t\t\t\t<\/div>\n\t\t\t\t<\/div>\n\t\t\t\t<\/div>\n\t\t<div class=\"elementor-element elementor-element-4ebd6acc e-con-full e-flex e-con e-child\" data-id=\"4ebd6acc\" data-element_type=\"container\">\n\t\t\t\t<div class=\"elementor-element elementor-element-6a53b1b2 elementor-widget elementor-widget-text-editor\" data-id=\"6a53b1b2\" data-element_type=\"widget\" data-widget_type=\"text-editor.default\">\n\t\t\t\t<div class=\"elementor-widget-container\">\n\t\t\t\t\t\t\t\t\t<p>multipar\u00e1metro<\/p>\t\t\t\t\t\t\t\t<\/div>\n\t\t\t\t<\/div>\n\t\t\t\t<\/div>\n\t\t\t\t<\/div>\n\t\t\t\t\t<\/div>\n\t\t\t\t<\/div>\n\t\t\t\t<\/div>","protected":false},"excerpt":{"rendered":"<p>Intelligent Online Water Quality Monitoring Network Application background Location: Changzhou, China Adding disinfectant to drinking water is a crucial measure to ensure the safety of drinking water. Its primary purpose is to kill or inhibit pathogenic microorganisms, such as bacteria, viruses, and parasites,\u00a0in the water. Disinfectants will pass through an extended pipe network from the [&hellip;]<\/p>","protected":false},"author":1,"featured_media":0,"parent":0,"menu_order":0,"comment_status":"closed","ping_status":"closed","template":"","meta":{"_joinchat":[],"footnotes":""},"class_list":["post-3552","page","type-page","status-publish","hentry"],"blocksy_meta":{"has_hero_section":"disabled","styles_descriptor":{"styles":{"desktop":"","tablet":"","mobile":""},"google_fonts":[],"version":6}},"_links":{"self":[{"href":"https:\/\/www.specsens.com\/es\/wp-json\/wp\/v2\/pages\/3552","targetHints":{"allow":["GET"]}}],"collection":[{"href":"https:\/\/www.specsens.com\/es\/wp-json\/wp\/v2\/pages"}],"about":[{"href":"https:\/\/www.specsens.com\/es\/wp-json\/wp\/v2\/types\/page"}],"author":[{"embeddable":true,"href":"https:\/\/www.specsens.com\/es\/wp-json\/wp\/v2\/users\/1"}],"replies":[{"embeddable":true,"href":"https:\/\/www.specsens.com\/es\/wp-json\/wp\/v2\/comments?post=3552"}],"version-history":[{"count":13,"href":"https:\/\/www.specsens.com\/es\/wp-json\/wp\/v2\/pages\/3552\/revisions"}],"predecessor-version":[{"id":4174,"href":"https:\/\/www.specsens.com\/es\/wp-json\/wp\/v2\/pages\/3552\/revisions\/4174"}],"wp:attachment":[{"href":"https:\/\/www.specsens.com\/es\/wp-json\/wp\/v2\/media?parent=3552"}],"curies":[{"name":"wp","href":"https:\/\/api.w.org\/{rel}","templated":true}]}}