{"id":3117,"date":"2025-03-13T22:37:51","date_gmt":"2025-03-13T14:37:51","guid":{"rendered":"https:\/\/www.specsens.com\/?page_id=3117"},"modified":"2025-10-16T18:11:17","modified_gmt":"2025-10-16T10:11:17","slug":"large-scale-sewage-treatment-plants-water-monitoring","status":"publish","type":"page","link":"https:\/\/www.specsens.com\/fr\/large-scale-sewage-treatment-plants-water-monitoring\/","title":{"rendered":"Large-scale Sewage Treatment Plants Water Monitoring"},"content":{"rendered":"<div data-elementor-type=\"wp-page\" data-elementor-id=\"3117\" class=\"elementor elementor-3117\" data-elementor-post-type=\"page\">\n\t\t\t\t<div class=\"elementor-element elementor-element-4b486ccd e-flex e-con-boxed e-con e-parent\" data-id=\"4b486ccd\" data-element_type=\"container\" data-settings=\"{&quot;background_background&quot;:&quot;classic&quot;}\">\n\t\t\t\t\t<div class=\"e-con-inner\">\n\t\t\t\t\t<\/div>\n\t\t\t\t<\/div>\n\t\t<div class=\"elementor-element elementor-element-47ecab33 e-flex e-con-boxed e-con e-parent\" data-id=\"47ecab33\" data-element_type=\"container\">\n\t\t\t\t\t<div class=\"e-con-inner\">\n\t\t\t\t<div class=\"elementor-element elementor-element-67c33c64 elementor-widget elementor-widget-heading\" data-id=\"67c33c64\" data-element_type=\"widget\" data-widget_type=\"heading.default\">\n\t\t\t\t<div class=\"elementor-widget-container\">\n\t\t\t\t\t<h2 class=\"elementor-heading-title elementor-size-default\">Stations d'\u00e9puration des eaux us\u00e9es \u00e0 grande \u00e9chelle Surveillance de l'eau<\/h2>\t\t\t\t<\/div>\n\t\t\t\t<\/div>\n\t\t\t\t\t<\/div>\n\t\t\t\t<\/div>\n\t\t<div class=\"elementor-element elementor-element-70d3242b e-flex e-con-boxed e-con e-child\" data-id=\"70d3242b\" data-element_type=\"container\">\n\t\t\t\t\t<div class=\"e-con-inner\">\n\t\t<div class=\"elementor-element elementor-element-60674374 e-con-full e-flex e-con e-child\" data-id=\"60674374\" data-element_type=\"container\">\n\t\t\t\t<div class=\"elementor-element elementor-element-15422263 elementor-widget elementor-widget-heading\" data-id=\"15422263\" data-element_type=\"widget\" data-widget_type=\"heading.default\">\n\t\t\t\t<div class=\"elementor-widget-container\">\n\t\t\t\t\t<h4 class=\"elementor-heading-title elementor-size-default\">Contexte de la demande<\/h4>\t\t\t\t<\/div>\n\t\t\t\t<\/div>\n\t\t\t\t<div class=\"elementor-element elementor-element-62d04476 elementor-widget elementor-widget-text-editor\" data-id=\"62d04476\" data-element_type=\"widget\" data-widget_type=\"text-editor.default\">\n\t\t\t\t<div class=\"elementor-widget-container\">\n\t\t\t\t\t\t\t\t\t<p>Les nitrates sont des produits interm\u00e9diaires du processus de d\u00e9nitrification dans le traitement des eaux us\u00e9es.<\/p><p>Les variations de leur concentration peuvent fournir des informations sur le processus et l'\u00e9tat du traitement des eaux us\u00e9es.<\/p>\t\t\t\t\t\t\t\t<\/div>\n\t\t\t\t<\/div>\n\t\t\t\t<\/div>\n\t\t\t\t\t<\/div>\n\t\t\t\t<\/div>\n\t\t<div class=\"elementor-element elementor-element-682140fd e-flex e-con-boxed e-con e-child\" data-id=\"682140fd\" data-element_type=\"container\" data-settings=\"{&quot;background_background&quot;:&quot;classic&quot;}\">\n\t\t\t\t\t<div class=\"e-con-inner\">\n\t\t\t\t<div class=\"elementor-element elementor-element-5d791fd6 elementor-widget elementor-widget-heading\" data-id=\"5d791fd6\" data-element_type=\"widget\" data-widget_type=\"heading.default\">\n\t\t\t\t<div class=\"elementor-widget-container\">\n\t\t\t\t\t<h4 class=\"elementor-heading-title elementor-size-default\">Point de douleur<\/h4>\t\t\t\t<\/div>\n\t\t\t\t<\/div>\n\t\t\t\t<div class=\"elementor-element elementor-element-54ae0312 elementor-widget elementor-widget-text-editor\" data-id=\"54ae0312\" data-element_type=\"widget\" data-widget_type=\"text-editor.default\">\n\t\t\t\t<div class=\"elementor-widget-container\">\n\t\t\t\t\t\t\t\t\t<p>Le bassin d'a\u00e9ration de la station d'\u00e9puration a une forte concentration de boues et un grand volume d'a\u00e9ration, et le capteur optique ne peut pas \u00eatre install\u00e9 directement sur place pour une mesure pr\u00e9cise.<\/p>\t\t\t\t\t\t\t\t<\/div>\n\t\t\t\t<\/div>\n\t\t<div class=\"elementor-element elementor-element-291dc170 e-con-full e-flex e-con e-child\" data-id=\"291dc170\" data-element_type=\"container\">\n\t\t<div class=\"elementor-element elementor-element-48304e0e e-con-full e-flex e-con e-child\" data-id=\"48304e0e\" data-element_type=\"container\">\n\t\t<div class=\"elementor-element elementor-element-40154e1c e-con-full e-flex e-con e-child\" data-id=\"40154e1c\" data-element_type=\"container\">\n\t\t\t\t<div class=\"elementor-element elementor-element-2452b023 elementor-widget__width-initial elementor-widget elementor-widget-image\" data-id=\"2452b023\" data-element_type=\"widget\" data-widget_type=\"image.default\">\n\t\t\t\t<div class=\"elementor-widget-container\">\n\t\t\t\t\t\t\t\t\t\t\t\t\t\t\t<img fetchpriority=\"high\" decoding=\"async\" width=\"1000\" height=\"750\" src=\"https:\/\/www.specsens.com\/wp-content\/uploads\/2025\/02\/Installation-in-Finland-2.webp\" class=\"attachment-large size-large wp-image-2056\" alt=\"water sensor for river water\" srcset=\"https:\/\/www.specsens.com\/wp-content\/uploads\/2025\/02\/Installation-in-Finland-2.webp 1000w, https:\/\/www.specsens.com\/wp-content\/uploads\/2025\/02\/Installation-in-Finland-2-600x450.webp 600w, https:\/\/www.specsens.com\/wp-content\/uploads\/2025\/02\/Installation-in-Finland-2-300x225.webp 300w, https:\/\/www.specsens.com\/wp-content\/uploads\/2025\/02\/Installation-in-Finland-2-768x576.webp 768w\" sizes=\"(max-width: 1000px) 100vw, 1000px\" \/>\t\t\t\t\t\t\t\t\t\t\t\t\t\t\t<\/div>\n\t\t\t\t<\/div>\n\t\t\t\t<\/div>\n\t\t<div class=\"elementor-element elementor-element-53210153 e-con-full e-flex e-con e-child\" data-id=\"53210153\" data-element_type=\"container\">\n\t\t\t\t<div class=\"elementor-element elementor-element-619f787 elementor-widget elementor-widget-image\" data-id=\"619f787\" data-element_type=\"widget\" data-widget_type=\"image.default\">\n\t\t\t\t<div class=\"elementor-widget-container\">\n\t\t\t\t\t\t\t\t\t\t\t\t\t\t\t<img decoding=\"async\" src=\"https:\/\/www.specsens.com\/wp-content\/uploads\/2025\/02\/Installation-in-Finland.webp\" title=\"Installation en Finlande\" alt=\"nature water monitoring in Filand\" loading=\"lazy\" \/>\t\t\t\t\t\t\t\t\t\t\t\t\t\t\t<\/div>\n\t\t\t\t<\/div>\n\t\t\t\t<\/div>\n\t\t\t\t<\/div>\n\t\t\t\t<\/div>\n\t\t\t\t\t<\/div>\n\t\t\t\t<\/div>\n\t\t<div class=\"elementor-element elementor-element-6ad0f5a e-flex e-con-boxed e-con e-child\" data-id=\"6ad0f5a\" data-element_type=\"container\">\n\t\t\t\t\t<div class=\"e-con-inner\">\n\t\t<div class=\"elementor-element elementor-element-3e59a3e3 e-con-full e-flex e-con e-child\" data-id=\"3e59a3e3\" data-element_type=\"container\">\n\t\t\t\t<div class=\"elementor-element elementor-element-354dbd46 elementor-widget elementor-widget-heading\" data-id=\"354dbd46\" data-element_type=\"widget\" data-widget_type=\"heading.default\">\n\t\t\t\t<div class=\"elementor-widget-container\">\n\t\t\t\t\t<h4 class=\"elementor-heading-title elementor-size-default\">Solution<\/h4>\t\t\t\t<\/div>\n\t\t\t\t<\/div>\n\t\t\t\t<div class=\"elementor-element elementor-element-5a21eb05 elementor-widget elementor-widget-text-editor\" data-id=\"5a21eb05\" data-element_type=\"widget\" data-widget_type=\"text-editor.default\">\n\t\t\t\t<div class=\"elementor-widget-container\">\n\t\t\t\t\t\t\t\t\t<p>Le syst\u00e8me de surveillance de la qualit\u00e9 de l'eau pr\u00e9l\u00e8ve et traite automatiquement l'\u00e9chantillon d'eau trait\u00e9e. Le capteur \u00e0 spectre complet SPS-F effectue des mesures en temps r\u00e9el, pr\u00e9cises et efficaces. Il peut fournir des donn\u00e9es fiables pour le contr\u00f4le dynamique du processus de la station d'\u00e9puration.<\/p>\t\t\t\t\t\t\t\t<\/div>\n\t\t\t\t<\/div>\n\t\t<div class=\"elementor-element elementor-element-53462dcd e-con-full e-flex e-con e-child\" data-id=\"53462dcd\" data-element_type=\"container\">\n\t\t\t\t<div class=\"elementor-element elementor-element-688b8595 elementor-widget elementor-widget-image\" data-id=\"688b8595\" data-element_type=\"widget\" data-widget_type=\"image.default\">\n\t\t\t\t<div class=\"elementor-widget-container\">\n\t\t\t\t\t\t\t\t\t\t\t\t\t\t\t<img decoding=\"async\" src=\"http:\/\/www.specsens.com\/wp-content\/uploads\/2025\/02\/picture.webp\" title=\"\" alt=\"\" loading=\"lazy\" \/>\t\t\t\t\t\t\t\t\t\t\t\t\t\t\t<\/div>\n\t\t\t\t<\/div>\n\t\t\t\t<\/div>\n\t\t\t\t<\/div>\n\t\t\t\t\t<\/div>\n\t\t\t\t<\/div>\n\t\t<div class=\"elementor-element elementor-element-140487dc e-flex e-con-boxed e-con e-child\" data-id=\"140487dc\" data-element_type=\"container\" data-settings=\"{&quot;background_background&quot;:&quot;classic&quot;}\">\n\t\t\t\t\t<div class=\"e-con-inner\">\n\t\t\t\t\t<\/div>\n\t\t\t\t<\/div>\n\t\t<div class=\"elementor-element elementor-element-68026d02 e-flex e-con-boxed e-con e-parent\" data-id=\"68026d02\" data-element_type=\"container\" data-settings=\"{&quot;background_background&quot;:&quot;classic&quot;}\">\n\t\t\t\t\t<div class=\"e-con-inner\">\n\t\t<div class=\"elementor-element elementor-element-2150e46f e-con-full e-flex e-con e-child\" data-id=\"2150e46f\" data-element_type=\"container\">\n\t\t\t\t<div class=\"elementor-element elementor-element-7bf4456f elementor-widget elementor-widget-heading\" data-id=\"7bf4456f\" data-element_type=\"widget\" data-widget_type=\"heading.default\">\n\t\t\t\t<div class=\"elementor-widget-container\">\n\t\t\t\t\t<h2 class=\"elementor-heading-title elementor-size-default\">Produits apparent\u00e9s<\/h2>\t\t\t\t<\/div>\n\t\t\t\t<\/div>\n\t\t\t\t<\/div>\n\t\t<div class=\"elementor-element elementor-element-2664662f e-con-full e-flex e-con e-child\" data-id=\"2664662f\" data-element_type=\"container\">\n\t\t<div class=\"elementor-element elementor-element-50f44880 e-con-full e-flex e-con e-child\" data-id=\"50f44880\" data-element_type=\"container\">\n\t\t\t\t<div class=\"elementor-element elementor-element-51de0f5f elementor-widget elementor-widget-heading\" data-id=\"51de0f5f\" data-element_type=\"widget\" data-widget_type=\"heading.default\">\n\t\t\t\t<div class=\"elementor-widget-container\">\n\t\t\t\t\t<h2 class=\"elementor-heading-title elementor-size-default\">Nom du produit<\/h2>\t\t\t\t<\/div>\n\t\t\t\t<\/div>\n\t\t\t\t<\/div>\n\t\t<div class=\"elementor-element elementor-element-2044fe72 e-con-full e-flex e-con e-child\" data-id=\"2044fe72\" data-element_type=\"container\">\n\t\t\t\t<div class=\"elementor-element elementor-element-3b637020 elementor-widget elementor-widget-heading\" data-id=\"3b637020\" data-element_type=\"widget\" data-widget_type=\"heading.default\">\n\t\t\t\t<div class=\"elementor-widget-container\">\n\t\t\t\t\t<h2 class=\"elementor-heading-title elementor-size-default\">Mod\u00e8le<\/h2>\t\t\t\t<\/div>\n\t\t\t\t<\/div>\n\t\t\t\t<\/div>\n\t\t<div class=\"elementor-element elementor-element-1a04e493 e-con-full e-flex e-con e-child\" data-id=\"1a04e493\" data-element_type=\"container\">\n\t\t\t\t<div class=\"elementor-element elementor-element-c0da15d elementor-widget elementor-widget-heading\" data-id=\"c0da15d\" data-element_type=\"widget\" data-widget_type=\"heading.default\">\n\t\t\t\t<div class=\"elementor-widget-container\">\n\t\t\t\t\t<h2 class=\"elementor-heading-title elementor-size-default\">Param\u00e8tres<\/h2>\t\t\t\t<\/div>\n\t\t\t\t<\/div>\n\t\t\t\t<\/div>\n\t\t\t\t<\/div>\n\t\t<div class=\"elementor-element elementor-element-19cb1a02 e-con-full e-flex e-con e-child\" data-id=\"19cb1a02\" data-element_type=\"container\" data-settings=\"{&quot;background_background&quot;:&quot;classic&quot;}\">\n\t\t<div class=\"elementor-element elementor-element-4f851966 e-con-full e-flex e-con e-child\" data-id=\"4f851966\" data-element_type=\"container\">\n\t\t\t\t<div class=\"elementor-element elementor-element-715ebe4 elementor-widget elementor-widget-image\" data-id=\"715ebe4\" data-element_type=\"widget\" data-widget_type=\"image.default\">\n\t\t\t\t<div class=\"elementor-widget-container\">\n\t\t\t\t\t\t\t\t\t\t\t\t\t\t\t<img decoding=\"async\" width=\"150\" height=\"150\" src=\"https:\/\/www.specsens.com\/wp-content\/uploads\/2025\/04\/SPS-F-Lxx-water-quality-sensor-150x150.webp\" class=\"attachment-thumbnail size-thumbnail wp-image-3747\" alt=\"SPS-F-Lxx water quality sensor\" srcset=\"https:\/\/www.specsens.com\/wp-content\/uploads\/2025\/04\/SPS-F-Lxx-water-quality-sensor-150x150.webp 150w, https:\/\/www.specsens.com\/wp-content\/uploads\/2025\/04\/SPS-F-Lxx-water-quality-sensor-300x300.webp 300w, https:\/\/www.specsens.com\/wp-content\/uploads\/2025\/04\/SPS-F-Lxx-water-quality-sensor-768x768.webp 768w, https:\/\/www.specsens.com\/wp-content\/uploads\/2025\/04\/SPS-F-Lxx-water-quality-sensor-12x12.webp 12w, https:\/\/www.specsens.com\/wp-content\/uploads\/2025\/04\/SPS-F-Lxx-water-quality-sensor-600x600.webp 600w, https:\/\/www.specsens.com\/wp-content\/uploads\/2025\/04\/SPS-F-Lxx-water-quality-sensor-100x100.webp 100w, https:\/\/www.specsens.com\/wp-content\/uploads\/2025\/04\/SPS-F-Lxx-water-quality-sensor.webp 1000w\" sizes=\"(max-width: 150px) 100vw, 150px\" \/>\t\t\t\t\t\t\t\t\t\t\t\t\t\t\t<\/div>\n\t\t\t\t<\/div>\n\t\t\t\t<div class=\"elementor-element elementor-element-4b846ffa elementor-widget elementor-widget-text-editor\" data-id=\"4b846ffa\" data-element_type=\"widget\" data-widget_type=\"text-editor.default\">\n\t\t\t\t<div class=\"elementor-widget-container\">\n\t\t\t\t\t\t\t\t\t<p><span style=\"text-decoration: underline;\"><a href=\"https:\/\/www.specsens.com\/fr\/produit\/sps-m-lxx-multi-wavelength-spectrum-water-quality-sensor\/\">SPS-F Capteur de qualit\u00e9 de l'eau \u00e0 spectre complet\u00a0<\/a><\/span><\/p>\t\t\t\t\t\t\t\t<\/div>\n\t\t\t\t<\/div>\n\t\t\t\t<\/div>\n\t\t<div class=\"elementor-element elementor-element-7e94be8c e-con-full e-flex e-con e-child\" data-id=\"7e94be8c\" data-element_type=\"container\">\n\t\t\t\t<div class=\"elementor-element elementor-element-59e2a447 elementor-widget elementor-widget-text-editor\" data-id=\"59e2a447\" data-element_type=\"widget\" data-widget_type=\"text-editor.default\">\n\t\t\t\t<div class=\"elementor-widget-container\">\n\t\t\t\t\t\t\t\t\t<p>SPS-F<\/p>\t\t\t\t\t\t\t\t<\/div>\n\t\t\t\t<\/div>\n\t\t\t\t<\/div>\n\t\t<div class=\"elementor-element elementor-element-149153c9 e-con-full e-flex e-con e-child\" data-id=\"149153c9\" data-element_type=\"container\">\n\t\t\t\t<div class=\"elementor-element elementor-element-5ed7b068 elementor-widget elementor-widget-text-editor\" data-id=\"5ed7b068\" data-element_type=\"widget\" data-widget_type=\"text-editor.default\">\n\t\t\t\t<div class=\"elementor-widget-container\">\n\t\t\t\t\t\t\t\t\t<p>COD<\/p>\t\t\t\t\t\t\t\t<\/div>\n\t\t\t\t<\/div>\n\t\t\t\t<div class=\"elementor-element elementor-element-51b0213d elementor-widget elementor-widget-text-editor\" data-id=\"51b0213d\" data-element_type=\"widget\" data-widget_type=\"text-editor.default\">\n\t\t\t\t<div class=\"elementor-widget-container\">\n\t\t\t\t\t\t\t\t\t<p>BOD<\/p>\t\t\t\t\t\t\t\t<\/div>\n\t\t\t\t<\/div>\n\t\t\t\t<div class=\"elementor-element elementor-element-2c72ad99 elementor-widget elementor-widget-text-editor\" data-id=\"2c72ad99\" data-element_type=\"widget\" data-widget_type=\"text-editor.default\">\n\t\t\t\t<div class=\"elementor-widget-container\">\n\t\t\t\t\t\t\t\t\t<p>TOC<\/p>\t\t\t\t\t\t\t\t<\/div>\n\t\t\t\t<\/div>\n\t\t\t\t<div class=\"elementor-element elementor-element-7396a728 elementor-widget elementor-widget-text-editor\" data-id=\"7396a728\" data-element_type=\"widget\" data-widget_type=\"text-editor.default\">\n\t\t\t\t<div class=\"elementor-widget-container\">\n\t\t\t\t\t\t\t\t\t<p>Nitrate (NO3)<\/p>\t\t\t\t\t\t\t\t<\/div>\n\t\t\t\t<\/div>\n\t\t\t\t<div class=\"elementor-element elementor-element-6234b234 elementor-widget elementor-widget-text-editor\" data-id=\"6234b234\" data-element_type=\"widget\" data-widget_type=\"text-editor.default\">\n\t\t\t\t<div class=\"elementor-widget-container\">\n\t\t\t\t\t\t\t\t\t<p>NO3-N<br \/>(gamme haute)\u00a0<\/p>\t\t\t\t\t\t\t\t<\/div>\n\t\t\t\t<\/div>\n\t\t\t\t<\/div>\n\t\t\t\t<\/div>\n\t\t\t\t\t<\/div>\n\t\t\t\t<\/div>\n\t\t\t\t<\/div>","protected":false},"excerpt":{"rendered":"<p>Large-scale Wewage Treatment Plants Water Monitoring Application Background Nitrates are intermediate products of the denitrification process in sewage treatment. The changes in their concentration can provide feedback on the process and status of sewage treatment. Pain point The sewage treatment plant&#8217;s aeration tank has a high sludge concentration and large aeration volume, and the optical [&hellip;]<\/p>","protected":false},"author":1,"featured_media":0,"parent":0,"menu_order":0,"comment_status":"closed","ping_status":"closed","template":"","meta":{"_joinchat":[],"footnotes":""},"class_list":["post-3117","page","type-page","status-publish","hentry"],"blocksy_meta":{"has_hero_section":"disabled","styles_descriptor":{"styles":{"desktop":"","tablet":"","mobile":""},"google_fonts":[],"version":6}},"_links":{"self":[{"href":"https:\/\/www.specsens.com\/fr\/wp-json\/wp\/v2\/pages\/3117","targetHints":{"allow":["GET"]}}],"collection":[{"href":"https:\/\/www.specsens.com\/fr\/wp-json\/wp\/v2\/pages"}],"about":[{"href":"https:\/\/www.specsens.com\/fr\/wp-json\/wp\/v2\/types\/page"}],"author":[{"embeddable":true,"href":"https:\/\/www.specsens.com\/fr\/wp-json\/wp\/v2\/users\/1"}],"replies":[{"embeddable":true,"href":"https:\/\/www.specsens.com\/fr\/wp-json\/wp\/v2\/comments?post=3117"}],"version-history":[{"count":7,"href":"https:\/\/www.specsens.com\/fr\/wp-json\/wp\/v2\/pages\/3117\/revisions"}],"predecessor-version":[{"id":4177,"href":"https:\/\/www.specsens.com\/fr\/wp-json\/wp\/v2\/pages\/3117\/revisions\/4177"}],"wp:attachment":[{"href":"https:\/\/www.specsens.com\/fr\/wp-json\/wp\/v2\/media?parent=3117"}],"curies":[{"name":"wp","href":"https:\/\/api.w.org\/{rel}","templated":true}]}}