{"id":3505,"date":"2025-04-07T21:39:30","date_gmt":"2025-04-07T13:39:30","guid":{"rendered":"https:\/\/www.specsens.com\/?page_id=3505"},"modified":"2025-10-16T10:53:27","modified_gmt":"2025-10-16T02:53:27","slug":"river-basin-water-quality-monitoring-station","status":"publish","type":"page","link":"https:\/\/www.specsens.com\/fr\/river-basin-water-quality-monitoring-station\/","title":{"rendered":"Station de surveillance de la qualit\u00e9 de l'eau du bassin hydrographique"},"content":{"rendered":"<div data-elementor-type=\"wp-page\" data-elementor-id=\"3505\" class=\"elementor elementor-3505\" data-elementor-post-type=\"page\">\n\t\t\t\t<div class=\"elementor-element elementor-element-68315870 e-flex e-con-boxed e-con e-parent\" data-id=\"68315870\" data-element_type=\"container\">\n\t\t\t\t\t<div class=\"e-con-inner\">\n\t\t\t\t<div class=\"elementor-element elementor-element-28942541 elementor-widget elementor-widget-heading\" data-id=\"28942541\" data-element_type=\"widget\" data-widget_type=\"heading.default\">\n\t\t\t\t<div class=\"elementor-widget-container\">\n\t\t\t\t\t<h2 class=\"elementor-heading-title elementor-size-default\">Surveillance de la qualit\u00e9 de l'eau dans les bassins hydrographiques<\/h2>\t\t\t\t<\/div>\n\t\t\t\t<\/div>\n\t\t\t\t\t<\/div>\n\t\t\t\t<\/div>\n\t\t<div class=\"elementor-element elementor-element-39317211 e-flex e-con-boxed e-con e-child\" data-id=\"39317211\" data-element_type=\"container\">\n\t\t\t\t\t<div class=\"e-con-inner\">\n\t\t<div class=\"elementor-element elementor-element-6462692a e-con-full e-flex e-con e-child\" data-id=\"6462692a\" data-element_type=\"container\">\n\t\t\t\t<div class=\"elementor-element elementor-element-46b8e1ef elementor-widget elementor-widget-heading\" data-id=\"46b8e1ef\" data-element_type=\"widget\" data-widget_type=\"heading.default\">\n\t\t\t\t<div class=\"elementor-widget-container\">\n\t\t\t\t\t<h4 class=\"elementor-heading-title elementor-size-default\">Historique de l'application<\/h4>\t\t\t\t<\/div>\n\t\t\t\t<\/div>\n\t\t\t\t<div class=\"elementor-element elementor-element-6cbfe56a elementor-widget elementor-widget-text-editor\" data-id=\"6cbfe56a\" data-element_type=\"widget\" data-widget_type=\"text-editor.default\">\n\t\t\t\t<div class=\"elementor-widget-container\">\n\t\t\t\t\t\t\t\t\t<p><strong>Lieu : Koiransuolenoja, Finlande<\/strong><\/p>\t\t\t\t\t\t\t\t<\/div>\n\t\t\t\t<\/div>\n\t\t\t\t<div class=\"elementor-element elementor-element-6beb0e16 elementor-widget elementor-widget-text-editor\" data-id=\"6beb0e16\" data-element_type=\"widget\" data-widget_type=\"text-editor.default\">\n\t\t\t\t<div class=\"elementor-widget-container\">\n\t\t\t\t\t\t\t\t\t<p>Les sites de surveillance de la qualit\u00e9 de l'eau dans les bassins fluviaux sont g\u00e9n\u00e9ralement situ\u00e9s dans des environnements isol\u00e9s et sauvages, loin de la zone de couverture du r\u00e9seau \u00e9lectrique, et les \u00e9quipements de surveillance traditionnels sont souvent confront\u00e9s \u00e0 de graves probl\u00e8mes d'alimentation \u00e9lectrique. Ces sites n\u00e9cessitent g\u00e9n\u00e9ralement l'installation de c\u00e2bles longue distance ou l'utilisation de g\u00e9n\u00e9rateurs diesel, ce qui entra\u00eene non seulement des co\u00fbts de construction \u00e9lev\u00e9s (le co\u00fbt de l'acc\u00e8s \u00e0 l'\u00e9lectricit\u00e9 pour un seul site peut aller de $50 000 \u00e0 $100 000 USD), mais aussi des inconv\u00e9nients consid\u00e9rables pour la maintenance ult\u00e9rieure. Par ailleurs, les conditions difficiles de l'environnement sauvage (foudre, humidit\u00e9, temp\u00e9ratures extr\u00eames, etc.) entra\u00eenent un taux \u00e9lev\u00e9 de d\u00e9faillance des \u00e9quipements, et le personnel de maintenance doit faire des allers-retours fr\u00e9quents (en moyenne 2 \u00e0 3 fois par mois), ce qui repr\u00e9sente un co\u00fbt de maintenance de plus de 2 000 yuans par an. Ce mod\u00e8le traditionnel, qui repose sur une alimentation \u00e9lectrique c\u00e2bl\u00e9e et une maintenance manuelle, rend difficile le fonctionnement continu et stable d'environ 30% des sites de surveillance des bassins fluviaux, ce qui affecte gravement la continuit\u00e9 et la fiabilit\u00e9 des donn\u00e9es sur la qualit\u00e9 de l'eau et limite la capacit\u00e9 \u00e0 contr\u00f4ler avec pr\u00e9cision l'environnement aquatique dans le bassin fluvial.<\/p>\t\t\t\t\t\t\t\t<\/div>\n\t\t\t\t<\/div>\n\t\t<div class=\"elementor-element elementor-element-2aa7acb6 e-con-full e-flex e-con e-child\" data-id=\"2aa7acb6\" data-element_type=\"container\">\n\t\t<div class=\"elementor-element elementor-element-73b4cca8 e-con-full e-flex e-con e-child\" data-id=\"73b4cca8\" data-element_type=\"container\">\n\t\t\t\t<div class=\"elementor-element elementor-element-1f57a4f1 elementor-widget elementor-widget-image\" data-id=\"1f57a4f1\" data-element_type=\"widget\" data-widget_type=\"image.default\">\n\t\t\t\t<div class=\"elementor-widget-container\">\n\t\t\t\t\t\t\t\t\t\t\t\t\t\t\t<img fetchpriority=\"high\" decoding=\"async\" width=\"742\" height=\"800\" src=\"https:\/\/www.specsens.com\/wp-content\/uploads\/2025\/04\/River-Water-nitrate-sensors.webp\" class=\"attachment-large size-large wp-image-3664\" alt=\"River Water nitrate sensors\" srcset=\"https:\/\/www.specsens.com\/wp-content\/uploads\/2025\/04\/River-Water-nitrate-sensors.webp 742w, https:\/\/www.specsens.com\/wp-content\/uploads\/2025\/04\/River-Water-nitrate-sensors-278x300.webp 278w, https:\/\/www.specsens.com\/wp-content\/uploads\/2025\/04\/River-Water-nitrate-sensors-11x12.webp 11w, https:\/\/www.specsens.com\/wp-content\/uploads\/2025\/04\/River-Water-nitrate-sensors-600x647.webp 600w\" sizes=\"(max-width: 742px) 100vw, 742px\" \/>\t\t\t\t\t\t\t\t\t\t\t\t\t\t\t<\/div>\n\t\t\t\t<\/div>\n\t\t\t\t<\/div>\n\t\t<div class=\"elementor-element elementor-element-76aa9712 e-con-full e-flex e-con e-child\" data-id=\"76aa9712\" data-element_type=\"container\">\n\t\t\t\t<div class=\"elementor-element elementor-element-9809899 elementor-widget elementor-widget-image\" data-id=\"9809899\" data-element_type=\"widget\" data-widget_type=\"image.default\">\n\t\t\t\t<div class=\"elementor-widget-container\">\n\t\t\t\t\t\t\t\t\t\t\t\t\t\t\t<img decoding=\"async\" width=\"742\" height=\"800\" src=\"https:\/\/www.specsens.com\/wp-content\/uploads\/2025\/04\/River-Basin-Water-Quality-Monitoring.webp\" class=\"attachment-large size-large wp-image-3662\" alt=\"River Basin Water Quality Monitoring\" srcset=\"https:\/\/www.specsens.com\/wp-content\/uploads\/2025\/04\/River-Basin-Water-Quality-Monitoring.webp 742w, https:\/\/www.specsens.com\/wp-content\/uploads\/2025\/04\/River-Basin-Water-Quality-Monitoring-278x300.webp 278w, https:\/\/www.specsens.com\/wp-content\/uploads\/2025\/04\/River-Basin-Water-Quality-Monitoring-11x12.webp 11w, https:\/\/www.specsens.com\/wp-content\/uploads\/2025\/04\/River-Basin-Water-Quality-Monitoring-600x647.webp 600w\" sizes=\"(max-width: 742px) 100vw, 742px\" \/>\t\t\t\t\t\t\t\t\t\t\t\t\t\t\t<\/div>\n\t\t\t\t<\/div>\n\t\t\t\t<\/div>\n\t\t<div class=\"elementor-element elementor-element-5e6e9a05 e-con-full e-flex e-con e-child\" data-id=\"5e6e9a05\" data-element_type=\"container\">\n\t\t\t\t<div class=\"elementor-element elementor-element-1f6e5f29 elementor-widget elementor-widget-image\" data-id=\"1f6e5f29\" data-element_type=\"widget\" data-widget_type=\"image.default\">\n\t\t\t\t<div class=\"elementor-widget-container\">\n\t\t\t\t\t\t\t\t\t\t\t\t\t\t\t<img decoding=\"async\" width=\"742\" height=\"800\" src=\"https:\/\/www.specsens.com\/wp-content\/uploads\/2025\/04\/River-Water-IoT-sensors.webp\" class=\"attachment-large size-large wp-image-3663\" alt=\"River Water IoT sensors\" srcset=\"https:\/\/www.specsens.com\/wp-content\/uploads\/2025\/04\/River-Water-IoT-sensors.webp 742w, https:\/\/www.specsens.com\/wp-content\/uploads\/2025\/04\/River-Water-IoT-sensors-278x300.webp 278w, https:\/\/www.specsens.com\/wp-content\/uploads\/2025\/04\/River-Water-IoT-sensors-11x12.webp 11w, https:\/\/www.specsens.com\/wp-content\/uploads\/2025\/04\/River-Water-IoT-sensors-600x647.webp 600w\" sizes=\"(max-width: 742px) 100vw, 742px\" \/>\t\t\t\t\t\t\t\t\t\t\t\t\t\t\t<\/div>\n\t\t\t\t<\/div>\n\t\t\t\t<\/div>\n\t\t\t\t<\/div>\n\t\t\t\t<\/div>\n\t\t\t\t\t<\/div>\n\t\t\t\t<\/div>\n\t\t<div class=\"elementor-element elementor-element-266c3294 e-flex e-con-boxed e-con e-child\" data-id=\"266c3294\" data-element_type=\"container\" data-settings=\"{&quot;background_background&quot;:&quot;classic&quot;}\">\n\t\t\t\t\t<div class=\"e-con-inner\">\n\t\t\t\t<div class=\"elementor-element elementor-element-6ead74e8 elementor-widget elementor-widget-heading\" data-id=\"6ead74e8\" data-element_type=\"widget\" data-widget_type=\"heading.default\">\n\t\t\t\t<div class=\"elementor-widget-container\">\n\t\t\t\t\t<h3 class=\"elementor-heading-title elementor-size-default\">Produits Mod\u00e8le<\/h3>\t\t\t\t<\/div>\n\t\t\t\t<\/div>\n\t\t\t\t<div class=\"elementor-element elementor-element-3022e422 elementor-widget elementor-widget-text-editor\" data-id=\"3022e422\" data-element_type=\"widget\" data-widget_type=\"text-editor.default\">\n\t\t\t\t<div class=\"elementor-widget-container\">\n\t\t\t\t\t\t\t\t\t<p><strong>1\ufe0f\u20e3.<span style=\"text-decoration: underline;\"><a href=\"https:\/\/www.specsens.com\/fr\/produit\/sps-f-full-spectrum-water-quality-sensor\/\">SPS-F avec param\u00e8tre, Nitrate<\/a><\/span><\/strong><\/p>\t\t\t\t\t\t\t\t<\/div>\n\t\t\t\t<\/div>\n\t\t<div class=\"elementor-element elementor-element-2c0a20d8 e-con-full e-flex e-con e-child\" data-id=\"2c0a20d8\" data-element_type=\"container\">\n\t\t<div class=\"elementor-element elementor-element-3ae120e3 e-con-full e-flex e-con e-child\" data-id=\"3ae120e3\" data-element_type=\"container\">\n\t\t<div class=\"elementor-element elementor-element-123ab80f e-con-full e-flex e-con e-child\" data-id=\"123ab80f\" data-element_type=\"container\">\n\t\t\t\t<div class=\"elementor-element elementor-element-be61026 elementor-widget elementor-widget-image\" data-id=\"be61026\" data-element_type=\"widget\" data-widget_type=\"image.default\">\n\t\t\t\t<div class=\"elementor-widget-container\">\n\t\t\t\t\t\t\t\t\t\t\t\t\t\t\t<img loading=\"lazy\" decoding=\"async\" width=\"742\" height=\"800\" src=\"https:\/\/www.specsens.com\/wp-content\/uploads\/2025\/04\/River-Water-Quality-Monitoring.webp\" class=\"attachment-large size-large wp-image-3665\" alt=\"River Water Quality Monitoring\" srcset=\"https:\/\/www.specsens.com\/wp-content\/uploads\/2025\/04\/River-Water-Quality-Monitoring.webp 742w, https:\/\/www.specsens.com\/wp-content\/uploads\/2025\/04\/River-Water-Quality-Monitoring-278x300.webp 278w, https:\/\/www.specsens.com\/wp-content\/uploads\/2025\/04\/River-Water-Quality-Monitoring-11x12.webp 11w, https:\/\/www.specsens.com\/wp-content\/uploads\/2025\/04\/River-Water-Quality-Monitoring-600x647.webp 600w\" sizes=\"(max-width: 742px) 100vw, 742px\" \/>\t\t\t\t\t\t\t\t\t\t\t\t\t\t\t<\/div>\n\t\t\t\t<\/div>\n\t\t\t\t<\/div>\n\t\t<div class=\"elementor-element elementor-element-3350d746 e-con-full e-flex e-con e-child\" data-id=\"3350d746\" data-element_type=\"container\">\n\t\t\t\t<div class=\"elementor-element elementor-element-4675cf18 elementor-widget elementor-widget-image\" data-id=\"4675cf18\" data-element_type=\"widget\" data-widget_type=\"image.default\">\n\t\t\t\t<div class=\"elementor-widget-container\">\n\t\t\t\t\t\t\t\t\t\t\t\t\t\t\t<img loading=\"lazy\" decoding=\"async\" width=\"742\" height=\"800\" src=\"https:\/\/www.specsens.com\/wp-content\/uploads\/2025\/04\/River-Water-Quality-sensors.webp\" class=\"attachment-large size-large wp-image-3666\" alt=\"River Water Quality sensors\" srcset=\"https:\/\/www.specsens.com\/wp-content\/uploads\/2025\/04\/River-Water-Quality-sensors.webp 742w, https:\/\/www.specsens.com\/wp-content\/uploads\/2025\/04\/River-Water-Quality-sensors-278x300.webp 278w, https:\/\/www.specsens.com\/wp-content\/uploads\/2025\/04\/River-Water-Quality-sensors-11x12.webp 11w, https:\/\/www.specsens.com\/wp-content\/uploads\/2025\/04\/River-Water-Quality-sensors-600x647.webp 600w\" sizes=\"(max-width: 742px) 100vw, 742px\" \/>\t\t\t\t\t\t\t\t\t\t\t\t\t\t\t<\/div>\n\t\t\t\t<\/div>\n\t\t\t\t<\/div>\n\t\t<div class=\"elementor-element elementor-element-20d9d014 e-con-full e-flex e-con e-child\" data-id=\"20d9d014\" data-element_type=\"container\">\n\t\t\t\t<div class=\"elementor-element elementor-element-3808c87c elementor-widget elementor-widget-image\" data-id=\"3808c87c\" data-element_type=\"widget\" data-widget_type=\"image.default\">\n\t\t\t\t<div class=\"elementor-widget-container\">\n\t\t\t\t\t\t\t\t\t\t\t\t\t\t\t<img loading=\"lazy\" decoding=\"async\" width=\"742\" height=\"800\" src=\"https:\/\/www.specsens.com\/wp-content\/uploads\/2025\/04\/Basin-Water-Quality-Monitoring.webp\" class=\"attachment-large size-large wp-image-3661\" alt=\"Basin Water Quality Monitoring\" srcset=\"https:\/\/www.specsens.com\/wp-content\/uploads\/2025\/04\/Basin-Water-Quality-Monitoring.webp 742w, https:\/\/www.specsens.com\/wp-content\/uploads\/2025\/04\/Basin-Water-Quality-Monitoring-278x300.webp 278w, https:\/\/www.specsens.com\/wp-content\/uploads\/2025\/04\/Basin-Water-Quality-Monitoring-11x12.webp 11w, https:\/\/www.specsens.com\/wp-content\/uploads\/2025\/04\/Basin-Water-Quality-Monitoring-600x647.webp 600w\" sizes=\"(max-width: 742px) 100vw, 742px\" \/>\t\t\t\t\t\t\t\t\t\t\t\t\t\t\t<\/div>\n\t\t\t\t<\/div>\n\t\t\t\t<\/div>\n\t\t\t\t<\/div>\n\t\t\t\t<\/div>\n\t\t\t\t\t<\/div>\n\t\t\t\t<\/div>\n\t\t<div class=\"elementor-element elementor-element-5b59d7fb e-flex e-con-boxed e-con e-child\" data-id=\"5b59d7fb\" data-element_type=\"container\">\n\t\t\t\t\t<div class=\"e-con-inner\">\n\t\t<div class=\"elementor-element elementor-element-7e769fe6 e-con-full e-flex e-con e-child\" data-id=\"7e769fe6\" data-element_type=\"container\">\n\t\t\t\t<div class=\"elementor-element elementor-element-558f62af elementor-widget elementor-widget-heading\" data-id=\"558f62af\" data-element_type=\"widget\" data-widget_type=\"heading.default\">\n\t\t\t\t<div class=\"elementor-widget-container\">\n\t\t\t\t\t<h2 class=\"elementor-heading-title elementor-size-default\">Solution<\/h2>\t\t\t\t<\/div>\n\t\t\t\t<\/div>\n\t\t\t\t<div class=\"elementor-element elementor-element-35e9c2e7 elementor-widget elementor-widget-text-editor\" data-id=\"35e9c2e7\" data-element_type=\"widget\" data-widget_type=\"text-editor.default\">\n\t\t\t\t<div class=\"elementor-widget-container\">\n\t\t\t\t\t\t\t\t\t<p>Les capteurs optiques de qualit\u00e9 de l'eau peuvent \u00eatre facilement d\u00e9ploy\u00e9s dans les points de surveillance des bassins versants \u00e9loign\u00e9s gr\u00e2ce \u00e0 leur conception miniaturis\u00e9e (volume g\u00e9n\u00e9ralement inf\u00e9rieur \u00e0 500 cm\u00b3) et \u00e0 leur tr\u00e8s faible consommation d'\u00e9nergie (consommation d'\u00e9nergie en fonctionnement inf\u00e9rieure \u00e0 2 W). Ils utilisent des fen\u00eatres optiques antisalissures avanc\u00e9es et des dispositifs de nettoyage m\u00e9canique automatique pour att\u00e9nuer efficacement la fixation d'algues et le d\u00e9p\u00f4t de s\u00e9diments sur le terrain, ce qui prolonge le cycle d'entretien de 3 \u00e0 6 mois. Gr\u00e2ce \u00e0 une batterie au lithium de grande capacit\u00e9 (48V\/100Ah) et \u00e0 un syst\u00e8me d'alimentation solaire, il est possible d'effectuer une surveillance continue pendant 180 jours sans interruption. Cette conception int\u00e9gr\u00e9e r\u00e9sout non seulement le probl\u00e8me des difficult\u00e9s d'alimentation des stations de surveillance traditionnelles (\u00e9conomisant 80% de co\u00fbts d'\u00e9lectricit\u00e9), mais son niveau de protection IP68 peut \u00e9galement r\u00e9sister \u00e0 l'influence des conditions m\u00e9t\u00e9orologiques difficiles telles que les fortes pluies et la poussi\u00e8re, assurant une collecte stable des param\u00e8tres cl\u00e9s tels que le pH, la turbidit\u00e9, la DCO, etc. dans la plage de temp\u00e9rature ambiante de -20\u2103 \u00e0 60\u2103, r\u00e9alisant r\u00e9ellement une surveillance intelligente par tous les temps de la qualit\u00e9 de l'eau dans le bassin hydrographique.<\/p>\t\t\t\t\t\t\t\t<\/div>\n\t\t\t\t<\/div>\n\t\t\t\t<div class=\"elementor-element elementor-element-663b11e3 elementor-widget elementor-widget-heading\" data-id=\"663b11e3\" data-element_type=\"widget\" data-widget_type=\"heading.default\">\n\t\t\t\t<div class=\"elementor-widget-container\">\n\t\t\t\t\t<h3 class=\"elementor-heading-title elementor-size-default\">Donn\u00e9es relatives \u00e0 la surveillance de la DCO de l'eau<\/h3>\t\t\t\t<\/div>\n\t\t\t\t<\/div>\n\t\t<div class=\"elementor-element elementor-element-2e92cbd2 e-con-full e-flex e-con e-child\" data-id=\"2e92cbd2\" data-element_type=\"container\">\n\t\t\t\t<div class=\"elementor-element elementor-element-5034db6d elementor-widget elementor-widget-image\" data-id=\"5034db6d\" data-element_type=\"widget\" data-widget_type=\"image.default\">\n\t\t\t\t<div class=\"elementor-widget-container\">\n\t\t\t\t\t\t\t\t\t\t\t\t\t\t\t<img loading=\"lazy\" decoding=\"async\" width=\"3820\" height=\"1738\" src=\"https:\/\/www.specsens.com\/wp-content\/uploads\/2025\/10\/river-water-nitrate-monitoring-data-comparison.svg\" class=\"attachment-full size-full wp-image-4132\" alt=\"river water nitrate monitoring data comparison\" \/>\t\t\t\t\t\t\t\t\t\t\t\t\t\t\t<\/div>\n\t\t\t\t<\/div>\n\t\t\t\t<\/div>\n\t\t\t\t<\/div>\n\t\t\t\t\t<\/div>\n\t\t\t\t<\/div>\n\t\t<div class=\"elementor-element elementor-element-58d9e3ef e-flex e-con-boxed e-con e-parent\" data-id=\"58d9e3ef\" data-element_type=\"container\" data-settings=\"{&quot;background_background&quot;:&quot;classic&quot;}\">\n\t\t\t\t\t<div class=\"e-con-inner\">\n\t\t<div class=\"elementor-element elementor-element-50629e95 e-con-full e-flex e-con e-child\" data-id=\"50629e95\" data-element_type=\"container\">\n\t\t\t\t<div class=\"elementor-element elementor-element-5f504a7 elementor-widget elementor-widget-text-editor\" data-id=\"5f504a7\" data-element_type=\"widget\" data-widget_type=\"text-editor.default\">\n\t\t\t\t<div class=\"elementor-widget-container\">\n\t\t\t\t\t\t\t\t\t<p>Le capteur de qualit\u00e9 de l'eau \u00e0 spectre complet utilise une technologie d'analyse spectrale avanc\u00e9e, permettant \u00e0 un seul appareil de mesurer simultan\u00e9ment plusieurs param\u00e8tres de qualit\u00e9 de l'eau, notamment la DCO, la DBO, le COT, la turbidit\u00e9 et la chromaticit\u00e9. Par rapport aux \u00e9quipements traditionnels de surveillance chimique, il pr\u00e9sente trois avantages essentiels : premi\u00e8rement, il \u00e9limine la consommation de r\u00e9actifs et \u00e9vite la pollution secondaire (r\u00e9duisant la quantit\u00e9 de d\u00e9chets dangereux g\u00e9n\u00e9r\u00e9s d'environ 50 kg\/unit\u00e9 par an) ; deuxi\u00e8mement, il adopte une conception \u00e0 faible consommation d'\u00e9nergie et peut \u00eatre utilis\u00e9 avec des cellules solaires pour fonctionner hors r\u00e9seau ; troisi\u00e8mement, la structure int\u00e9gr\u00e9e raccourcit le temps d'installation de 80%. Dans le m\u00eame temps, l'int\u00e9gration multiparam\u00e9trique r\u00e9duit le co\u00fbt de la surveillance ponctuelle de 60%, ce qui est particuli\u00e8rement adapt\u00e9 au d\u00e9ploiement distribu\u00e9 dans les parcs industriels, les tron\u00e7ons de rivi\u00e8re et d'autres sc\u00e9narios, fournissant des donn\u00e9es en temps r\u00e9el rentables pour la supervision de l'environnement aquatique.<\/p>\t\t\t\t\t\t\t\t<\/div>\n\t\t\t\t<\/div>\n\t\t\t\t<div class=\"elementor-element elementor-element-200f65c9 elementor-widget elementor-widget-heading\" data-id=\"200f65c9\" data-element_type=\"widget\" data-widget_type=\"heading.default\">\n\t\t\t\t<div class=\"elementor-widget-container\">\n\t\t\t\t\t<h4 class=\"elementor-heading-title elementor-size-default\">Produits apparent\u00e9s<\/h4>\t\t\t\t<\/div>\n\t\t\t\t<\/div>\n\t\t\t\t<\/div>\n\t\t<div class=\"elementor-element elementor-element-1b80bdec e-con-full e-flex e-con e-child\" data-id=\"1b80bdec\" data-element_type=\"container\">\n\t\t<div class=\"elementor-element elementor-element-7c402e9c e-con-full e-flex e-con e-child\" data-id=\"7c402e9c\" data-element_type=\"container\">\n\t\t\t\t<div class=\"elementor-element elementor-element-1be27407 elementor-widget elementor-widget-heading\" data-id=\"1be27407\" data-element_type=\"widget\" data-widget_type=\"heading.default\">\n\t\t\t\t<div class=\"elementor-widget-container\">\n\t\t\t\t\t<h2 class=\"elementor-heading-title elementor-size-default\">Nom du produit<\/h2>\t\t\t\t<\/div>\n\t\t\t\t<\/div>\n\t\t\t\t<\/div>\n\t\t<div class=\"elementor-element elementor-element-6b404ee8 e-con-full e-flex e-con e-child\" data-id=\"6b404ee8\" data-element_type=\"container\">\n\t\t\t\t<div class=\"elementor-element elementor-element-22b5571 elementor-widget elementor-widget-heading\" data-id=\"22b5571\" data-element_type=\"widget\" data-widget_type=\"heading.default\">\n\t\t\t\t<div class=\"elementor-widget-container\">\n\t\t\t\t\t<h3 class=\"elementor-heading-title elementor-size-default\">Mod\u00e8le<\/h3>\t\t\t\t<\/div>\n\t\t\t\t<\/div>\n\t\t\t\t<\/div>\n\t\t<div class=\"elementor-element elementor-element-5e6901c6 e-con-full e-flex e-con e-child\" data-id=\"5e6901c6\" data-element_type=\"container\">\n\t\t\t\t<div class=\"elementor-element elementor-element-2524ddb5 elementor-widget elementor-widget-heading\" data-id=\"2524ddb5\" data-element_type=\"widget\" data-widget_type=\"heading.default\">\n\t\t\t\t<div class=\"elementor-widget-container\">\n\t\t\t\t\t<h3 class=\"elementor-heading-title elementor-size-default\">Param\u00e8tres<\/h3>\t\t\t\t<\/div>\n\t\t\t\t<\/div>\n\t\t\t\t<\/div>\n\t\t\t\t<\/div>\n\t\t<div class=\"elementor-element elementor-element-4c5fe67d e-con-full e-flex e-con e-child\" data-id=\"4c5fe67d\" data-element_type=\"container\" data-settings=\"{&quot;background_background&quot;:&quot;classic&quot;}\">\n\t\t<div class=\"elementor-element elementor-element-3b4fecc3 e-con-full e-flex e-con e-child\" data-id=\"3b4fecc3\" data-element_type=\"container\">\n\t\t\t\t<div class=\"elementor-element elementor-element-2dc76932 elementor-widget elementor-widget-image\" data-id=\"2dc76932\" data-element_type=\"widget\" data-widget_type=\"image.default\">\n\t\t\t\t<div class=\"elementor-widget-container\">\n\t\t\t\t\t\t\t\t\t\t\t\t\t\t\t<img loading=\"lazy\" decoding=\"async\" width=\"150\" height=\"150\" src=\"https:\/\/www.specsens.com\/wp-content\/uploads\/2025\/04\/SPS-F-Lxx-water-quality-sensor-150x150.webp\" class=\"attachment-thumbnail size-thumbnail wp-image-3747\" alt=\"SPS-F-Lxx water quality sensor\" srcset=\"https:\/\/www.specsens.com\/wp-content\/uploads\/2025\/04\/SPS-F-Lxx-water-quality-sensor-150x150.webp 150w, https:\/\/www.specsens.com\/wp-content\/uploads\/2025\/04\/SPS-F-Lxx-water-quality-sensor-300x300.webp 300w, https:\/\/www.specsens.com\/wp-content\/uploads\/2025\/04\/SPS-F-Lxx-water-quality-sensor-768x768.webp 768w, https:\/\/www.specsens.com\/wp-content\/uploads\/2025\/04\/SPS-F-Lxx-water-quality-sensor-12x12.webp 12w, https:\/\/www.specsens.com\/wp-content\/uploads\/2025\/04\/SPS-F-Lxx-water-quality-sensor-600x600.webp 600w, https:\/\/www.specsens.com\/wp-content\/uploads\/2025\/04\/SPS-F-Lxx-water-quality-sensor-100x100.webp 100w, https:\/\/www.specsens.com\/wp-content\/uploads\/2025\/04\/SPS-F-Lxx-water-quality-sensor.webp 1000w\" sizes=\"(max-width: 150px) 100vw, 150px\" \/>\t\t\t\t\t\t\t\t\t\t\t\t\t\t\t<\/div>\n\t\t\t\t<\/div>\n\t\t\t\t<div class=\"elementor-element elementor-element-4efb838f elementor-widget elementor-widget-text-editor\" data-id=\"4efb838f\" data-element_type=\"widget\" data-widget_type=\"text-editor.default\">\n\t\t\t\t<div class=\"elementor-widget-container\">\n\t\t\t\t\t\t\t\t\t<p><span style=\"text-decoration: underline;\"><a href=\"https:\/\/www.specsens.com\/fr\/produit\/sps-f-full-spectrum-water-quality-sensor\/\">SPS-F Capteur de qualit\u00e9 de l'eau \u00e0 spectre complet\u00a0<\/a><\/span><\/p>\t\t\t\t\t\t\t\t<\/div>\n\t\t\t\t<\/div>\n\t\t\t\t<\/div>\n\t\t<div class=\"elementor-element elementor-element-7c7f51bb e-con-full e-flex e-con e-child\" data-id=\"7c7f51bb\" data-element_type=\"container\">\n\t\t\t\t<div class=\"elementor-element elementor-element-6503e2fd elementor-widget elementor-widget-text-editor\" data-id=\"6503e2fd\" data-element_type=\"widget\" data-widget_type=\"text-editor.default\">\n\t\t\t\t<div class=\"elementor-widget-container\">\n\t\t\t\t\t\t\t\t\t<p>SPS-F<\/p>\t\t\t\t\t\t\t\t<\/div>\n\t\t\t\t<\/div>\n\t\t\t\t<\/div>\n\t\t<div class=\"elementor-element elementor-element-34ff98a4 e-con-full e-flex e-con e-child\" data-id=\"34ff98a4\" data-element_type=\"container\">\n\t\t\t\t<div class=\"elementor-element elementor-element-59aaaf14 elementor-widget elementor-widget-text-editor\" data-id=\"59aaaf14\" data-element_type=\"widget\" data-widget_type=\"text-editor.default\">\n\t\t\t\t<div class=\"elementor-widget-container\">\n\t\t\t\t\t\t\t\t\t<p>Nitrate<\/p>\t\t\t\t\t\t\t\t<\/div>\n\t\t\t\t<\/div>\n\t\t\t\t<\/div>\n\t\t\t\t<\/div>\n\t\t\t\t\t<\/div>\n\t\t\t\t<\/div>\n\t\t\t\t<\/div>","protected":false},"excerpt":{"rendered":"<p>Surveillance de la qualit\u00e9 de l'eau dans les bassins fluviaux Contexte de l'application Lieu : Koiransuolenoja, Finlande Les sites de surveillance de la qualit\u00e9 de l'eau dans les bassins fluviaux sont g\u00e9n\u00e9ralement situ\u00e9s dans des environnements isol\u00e9s et sauvages, loin de la zone de couverture du r\u00e9seau \u00e9lectrique, et l'\u00e9quipement de surveillance traditionnel est souvent confront\u00e9 \u00e0 de graves probl\u00e8mes d'alimentation \u00e9lectrique. Ces sites n\u00e9cessitent g\u00e9n\u00e9ralement l'installation de c\u00e2bles longue distance ou d\u00e9pendent de [...]<\/p>","protected":false},"author":1,"featured_media":0,"parent":0,"menu_order":0,"comment_status":"closed","ping_status":"closed","template":"","meta":{"_joinchat":[],"footnotes":""},"class_list":["post-3505","page","type-page","status-publish","hentry"],"blocksy_meta":{"has_hero_section":"disabled","styles_descriptor":{"styles":{"desktop":"","tablet":"","mobile":""},"google_fonts":[],"version":6}},"_links":{"self":[{"href":"https:\/\/www.specsens.com\/fr\/wp-json\/wp\/v2\/pages\/3505","targetHints":{"allow":["GET"]}}],"collection":[{"href":"https:\/\/www.specsens.com\/fr\/wp-json\/wp\/v2\/pages"}],"about":[{"href":"https:\/\/www.specsens.com\/fr\/wp-json\/wp\/v2\/types\/page"}],"author":[{"embeddable":true,"href":"https:\/\/www.specsens.com\/fr\/wp-json\/wp\/v2\/users\/1"}],"replies":[{"embeddable":true,"href":"https:\/\/www.specsens.com\/fr\/wp-json\/wp\/v2\/comments?post=3505"}],"version-history":[{"count":16,"href":"https:\/\/www.specsens.com\/fr\/wp-json\/wp\/v2\/pages\/3505\/revisions"}],"predecessor-version":[{"id":4135,"href":"https:\/\/www.specsens.com\/fr\/wp-json\/wp\/v2\/pages\/3505\/revisions\/4135"}],"wp:attachment":[{"href":"https:\/\/www.specsens.com\/fr\/wp-json\/wp\/v2\/media?parent=3505"}],"curies":[{"name":"wp","href":"https:\/\/api.w.org\/{rel}","templated":true}]}}