{"id":3552,"date":"2025-04-07T23:31:49","date_gmt":"2025-04-07T15:31:49","guid":{"rendered":"https:\/\/www.specsens.com\/?page_id=3552"},"modified":"2025-10-16T18:10:18","modified_gmt":"2025-10-16T10:10:18","slug":"intelligent-online-water-quality-monitoring-network","status":"publish","type":"page","link":"https:\/\/www.specsens.com\/fr\/intelligent-online-water-quality-monitoring-network\/","title":{"rendered":"R\u00e9seau intelligent de surveillance en ligne de la qualit\u00e9 de l'eau"},"content":{"rendered":"<div data-elementor-type=\"wp-page\" data-elementor-id=\"3552\" class=\"elementor elementor-3552\" data-elementor-post-type=\"page\">\n\t\t\t\t<div class=\"elementor-element elementor-element-66237de4 e-flex e-con-boxed e-con e-parent\" data-id=\"66237de4\" data-element_type=\"container\">\n\t\t\t\t\t<div class=\"e-con-inner\">\n\t\t\t\t<div class=\"elementor-element elementor-element-53b8b15a elementor-widget elementor-widget-heading\" data-id=\"53b8b15a\" data-element_type=\"widget\" data-widget_type=\"heading.default\">\n\t\t\t\t<div class=\"elementor-widget-container\">\n\t\t\t\t\t<h2 class=\"elementor-heading-title elementor-size-default\">R\u00e9seau intelligent de surveillance en ligne de la qualit\u00e9 de l'eau<\/h2>\t\t\t\t<\/div>\n\t\t\t\t<\/div>\n\t\t\t\t\t<\/div>\n\t\t\t\t<\/div>\n\t\t<div class=\"elementor-element elementor-element-2ca166f8 e-flex e-con-boxed e-con e-child\" data-id=\"2ca166f8\" data-element_type=\"container\">\n\t\t\t\t\t<div class=\"e-con-inner\">\n\t\t<div class=\"elementor-element elementor-element-63da287f e-con-full e-flex e-con e-child\" data-id=\"63da287f\" data-element_type=\"container\">\n\t\t\t\t<div class=\"elementor-element elementor-element-42d12df7 elementor-widget elementor-widget-heading\" data-id=\"42d12df7\" data-element_type=\"widget\" data-widget_type=\"heading.default\">\n\t\t\t\t<div class=\"elementor-widget-container\">\n\t\t\t\t\t<h3 class=\"elementor-heading-title elementor-size-default\">Historique de l'application<\/h3>\t\t\t\t<\/div>\n\t\t\t\t<\/div>\n\t\t\t\t<div class=\"elementor-element elementor-element-68797d05 elementor-widget elementor-widget-text-editor\" data-id=\"68797d05\" data-element_type=\"widget\" data-widget_type=\"text-editor.default\">\n\t\t\t\t<div class=\"elementor-widget-container\">\n\t\t\t\t\t\t\t\t\t<p><strong>Localisation : Changzhou, Chine<\/strong><\/p>\t\t\t\t\t\t\t\t<\/div>\n\t\t\t\t<\/div>\n\t\t\t\t<div class=\"elementor-element elementor-element-29a710f1 elementor-widget elementor-widget-text-editor\" data-id=\"29a710f1\" data-element_type=\"widget\" data-widget_type=\"text-editor.default\">\n\t\t\t\t<div class=\"elementor-widget-container\">\n\t\t\t\t\t\t\t\t\t<p>L'ajout d'un d\u00e9sinfectant \u00e0 l'eau potable est une mesure cruciale pour garantir la s\u00e9curit\u00e9 de l'eau potable. Son objectif principal est de tuer ou d'inhiber les micro-organismes pathog\u00e8nes, tels que les bact\u00e9ries, les virus et les parasites, pr\u00e9sents dans l'eau. Les d\u00e9sinfectants passent par un vaste r\u00e9seau de canalisations depuis l'usine de production d'eau potable jusqu'\u00e0 l'extr\u00e9mit\u00e9 r\u00e9sidentielle de l'eau. Par cons\u00e9quent, le contr\u00f4le de la pr\u00e9sence de chlore libre \u00e0 l'extr\u00e9mit\u00e9 du r\u00e9seau de canalisations peut aider \u00e0 d\u00e9terminer si le d\u00e9sinfectant est inefficace et si l'eau terminale pr\u00e9sente un risque de maladie.<\/p>\t\t\t\t\t\t\t\t<\/div>\n\t\t\t\t<\/div>\n\t\t<div class=\"elementor-element elementor-element-14795d0f e-con-full e-flex e-con e-child\" data-id=\"14795d0f\" data-element_type=\"container\">\n\t\t<div class=\"elementor-element elementor-element-3de566bf e-con-full e-flex e-con e-child\" data-id=\"3de566bf\" data-element_type=\"container\">\n\t\t\t\t<div class=\"elementor-element elementor-element-49d703 elementor-widget elementor-widget-image\" data-id=\"49d703\" data-element_type=\"widget\" data-widget_type=\"image.default\">\n\t\t\t\t<div class=\"elementor-widget-container\">\n\t\t\t\t\t\t\t\t\t\t\t\t\t\t\t<img fetchpriority=\"high\" decoding=\"async\" width=\"800\" height=\"900\" src=\"https:\/\/www.specsens.com\/wp-content\/uploads\/2025\/04\/tap-water-quality-sensors.webp\" class=\"attachment-large size-large wp-image-3682\" alt=\"tap water quality sensors\" srcset=\"https:\/\/www.specsens.com\/wp-content\/uploads\/2025\/04\/tap-water-quality-sensors.webp 800w, https:\/\/www.specsens.com\/wp-content\/uploads\/2025\/04\/tap-water-quality-sensors-267x300.webp 267w, https:\/\/www.specsens.com\/wp-content\/uploads\/2025\/04\/tap-water-quality-sensors-768x864.webp 768w, https:\/\/www.specsens.com\/wp-content\/uploads\/2025\/04\/tap-water-quality-sensors-11x12.webp 11w, https:\/\/www.specsens.com\/wp-content\/uploads\/2025\/04\/tap-water-quality-sensors-600x675.webp 600w\" sizes=\"(max-width: 800px) 100vw, 800px\" \/>\t\t\t\t\t\t\t\t\t\t\t\t\t\t\t<\/div>\n\t\t\t\t<\/div>\n\t\t\t\t<\/div>\n\t\t<div class=\"elementor-element elementor-element-6849e3cb e-con-full e-flex e-con e-child\" data-id=\"6849e3cb\" data-element_type=\"container\">\n\t\t\t\t<div class=\"elementor-element elementor-element-cf5a2cf elementor-widget elementor-widget-image\" data-id=\"cf5a2cf\" data-element_type=\"widget\" data-widget_type=\"image.default\">\n\t\t\t\t<div class=\"elementor-widget-container\">\n\t\t\t\t\t\t\t\t\t\t\t\t\t\t\t<img decoding=\"async\" width=\"800\" height=\"900\" src=\"https:\/\/www.specsens.com\/wp-content\/uploads\/2025\/04\/tap-water-quality-monitoring.webp\" class=\"attachment-large size-large wp-image-3681\" alt=\"tap water quality monitoring\" srcset=\"https:\/\/www.specsens.com\/wp-content\/uploads\/2025\/04\/tap-water-quality-monitoring.webp 800w, https:\/\/www.specsens.com\/wp-content\/uploads\/2025\/04\/tap-water-quality-monitoring-267x300.webp 267w, https:\/\/www.specsens.com\/wp-content\/uploads\/2025\/04\/tap-water-quality-monitoring-768x864.webp 768w, https:\/\/www.specsens.com\/wp-content\/uploads\/2025\/04\/tap-water-quality-monitoring-11x12.webp 11w, https:\/\/www.specsens.com\/wp-content\/uploads\/2025\/04\/tap-water-quality-monitoring-600x675.webp 600w\" sizes=\"(max-width: 800px) 100vw, 800px\" \/>\t\t\t\t\t\t\t\t\t\t\t\t\t\t\t<\/div>\n\t\t\t\t<\/div>\n\t\t\t\t<\/div>\n\t\t\t\t<\/div>\n\t\t\t\t<\/div>\n\t\t\t\t\t<\/div>\n\t\t\t\t<\/div>\n\t\t<div class=\"elementor-element elementor-element-29948210 e-flex e-con-boxed e-con e-child\" data-id=\"29948210\" data-element_type=\"container\" data-settings=\"{&quot;background_background&quot;:&quot;classic&quot;}\">\n\t\t\t\t\t<div class=\"e-con-inner\">\n\t\t\t\t<div class=\"elementor-element elementor-element-ea15e24 elementor-widget elementor-widget-heading\" data-id=\"ea15e24\" data-element_type=\"widget\" data-widget_type=\"heading.default\">\n\t\t\t\t<div class=\"elementor-widget-container\">\n\t\t\t\t\t<h3 class=\"elementor-heading-title elementor-size-default\">Produits Mod\u00e8le<\/h3>\t\t\t\t<\/div>\n\t\t\t\t<\/div>\n\t\t\t\t<div class=\"elementor-element elementor-element-2a54c9e5 elementor-widget elementor-widget-text-editor\" data-id=\"2a54c9e5\" data-element_type=\"widget\" data-widget_type=\"text-editor.default\">\n\t\t\t\t<div class=\"elementor-widget-container\">\n\t\t\t\t\t\t\t\t\t<p><strong>1\ufe0f\u20e3.<span style=\"text-decoration: underline;\"><a href=\"https:\/\/www.specsens.com\/fr\/produit\/sps-t-sc3-ultra-low-turbidity-water-quality-sensor\/\">SPS-T-SC3 avec param\u00e8tre : Turbidit\u00e9<\/a><\/span><\/strong><br \/><strong>2\ufe0f\u20e3.<span style=\"text-decoration: underline;\"><a href=\"https:\/\/www.specsens.com\/fr\/produit\/sps-ci-c-free-chlorine-water-quality-sensor\/\">SPS-CI avec param\u00e8tre : Chlore<\/a><br \/><\/span><\/strong><strong>3\ufe0f\u20e3.<span style=\"text-decoration: underline;\"><a href=\"https:\/\/www.specsens.com\/fr\/produit\/mc-bw-b-meter-controller\/\">MC-BW-B Contr\u00f4leur multi-param\u00e8tres<\/a><\/span><\/strong><\/p>\t\t\t\t\t\t\t\t<\/div>\n\t\t\t\t<\/div>\n\t\t\t\t\t<\/div>\n\t\t\t\t<\/div>\n\t\t<div class=\"elementor-element elementor-element-29e9d8b5 e-flex e-con-boxed e-con e-child\" data-id=\"29e9d8b5\" data-element_type=\"container\">\n\t\t\t\t\t<div class=\"e-con-inner\">\n\t\t<div class=\"elementor-element elementor-element-66a5eb21 e-con-full e-flex e-con e-child\" data-id=\"66a5eb21\" data-element_type=\"container\">\n\t\t\t\t<div class=\"elementor-element elementor-element-1168b541 elementor-widget elementor-widget-heading\" data-id=\"1168b541\" data-element_type=\"widget\" data-widget_type=\"heading.default\">\n\t\t\t\t<div class=\"elementor-widget-container\">\n\t\t\t\t\t<h2 class=\"elementor-heading-title elementor-size-default\">Solution<\/h2>\t\t\t\t<\/div>\n\t\t\t\t<\/div>\n\t\t\t\t<div class=\"elementor-element elementor-element-20c12f60 elementor-widget elementor-widget-text-editor\" data-id=\"20c12f60\" data-element_type=\"widget\" data-widget_type=\"text-editor.default\">\n\t\t\t\t<div class=\"elementor-widget-container\">\n\t\t\t\t\t\t\t\t\t<p>Des points sont dispos\u00e9s entre les n\u0153uds cl\u00e9s, y compris les affluents et les cours d'eau principaux du r\u00e9seau d'\u00e9gouts, afin de surveiller en temps r\u00e9el la dynamique des eaux us\u00e9es en amont et en aval.<br \/>La m\u00e9thode traditionnelle d'\u00e9chantillonnage manuel ne permet pas d'effectuer un contr\u00f4le \u00e0 intervalles d'une heure, et comme les points sont tous des r\u00e9seaux d'\u00e9gouts souterrains, certains points se trouvent au milieu de la route. L'\u00e9quipement conventionnel de surveillance en ligne est confront\u00e9 \u00e0 des probl\u00e8mes tels que l'encombrement et la difficult\u00e9 d'utilisation de l'\u00e9lectricit\u00e9.<br \/>Notre capteur est compact et peut \u00eatre immerg\u00e9 dans le puits de surveillance sans n\u00e9cessiter d'espace suppl\u00e9mentaire ; il consomme peu d'\u00e9nergie et peut \u00eatre aliment\u00e9 par des piles. L'instrument d'acquisition de donn\u00e9es est positionn\u00e9 de mani\u00e8re synchrone dans le puits de surveillance afin de r\u00e9soudre le probl\u00e8me de la consommation d'\u00e9lectricit\u00e9.<\/p>\t\t\t\t\t\t\t\t<\/div>\n\t\t\t\t<\/div>\n\t\t\t\t<div class=\"elementor-element elementor-element-42a12f28 elementor-widget elementor-widget-heading\" data-id=\"42a12f28\" data-element_type=\"widget\" data-widget_type=\"heading.default\">\n\t\t\t\t<div class=\"elementor-widget-container\">\n\t\t\t\t\t<h3 class=\"elementor-heading-title elementor-size-default\">Donn\u00e9es sur la surveillance de la turbidit\u00e9 et du chlore des eaux municipales<\/h3>\t\t\t\t<\/div>\n\t\t\t\t<\/div>\n\t\t<div class=\"elementor-element elementor-element-78dd3bca e-con-full e-flex e-con e-child\" data-id=\"78dd3bca\" data-element_type=\"container\">\n\t\t\t\t<div class=\"elementor-element elementor-element-6b40876a elementor-widget elementor-widget-image\" data-id=\"6b40876a\" data-element_type=\"widget\" data-widget_type=\"image.default\">\n\t\t\t\t<div class=\"elementor-widget-container\">\n\t\t\t\t\t\t\t\t\t\t\t\t\t\t\t<img decoding=\"async\" width=\"1471\" height=\"493\" src=\"https:\/\/www.specsens.com\/wp-content\/uploads\/2025\/10\/Municipal-water-Turbidity-free-chlorine-monitoring.webp\" class=\"attachment-full size-full wp-image-4170\" alt=\"Municipal water Turbidity free chlorine monitoring\" srcset=\"https:\/\/www.specsens.com\/wp-content\/uploads\/2025\/10\/Municipal-water-Turbidity-free-chlorine-monitoring.webp 1471w, https:\/\/www.specsens.com\/wp-content\/uploads\/2025\/10\/Municipal-water-Turbidity-free-chlorine-monitoring-300x101.webp 300w, https:\/\/www.specsens.com\/wp-content\/uploads\/2025\/10\/Municipal-water-Turbidity-free-chlorine-monitoring-1024x343.webp 1024w, https:\/\/www.specsens.com\/wp-content\/uploads\/2025\/10\/Municipal-water-Turbidity-free-chlorine-monitoring-768x257.webp 768w, https:\/\/www.specsens.com\/wp-content\/uploads\/2025\/10\/Municipal-water-Turbidity-free-chlorine-monitoring-18x6.webp 18w, https:\/\/www.specsens.com\/wp-content\/uploads\/2025\/10\/Municipal-water-Turbidity-free-chlorine-monitoring-600x201.webp 600w\" sizes=\"(max-width: 1471px) 100vw, 1471px\" \/>\t\t\t\t\t\t\t\t\t\t\t\t\t\t\t<\/div>\n\t\t\t\t<\/div>\n\t\t\t\t<\/div>\n\t\t\t\t<\/div>\n\t\t\t\t\t<\/div>\n\t\t\t\t<\/div>\n\t\t<div class=\"elementor-element elementor-element-259cf70c e-flex e-con-boxed e-con e-parent\" data-id=\"259cf70c\" data-element_type=\"container\" data-settings=\"{&quot;background_background&quot;:&quot;classic&quot;}\">\n\t\t\t\t\t<div class=\"e-con-inner\">\n\t\t<div class=\"elementor-element elementor-element-4b7b47a2 e-con-full e-flex e-con e-child\" data-id=\"4b7b47a2\" data-element_type=\"container\">\n\t\t\t\t<div class=\"elementor-element elementor-element-38857397 elementor-widget elementor-widget-heading\" data-id=\"38857397\" data-element_type=\"widget\" data-widget_type=\"heading.default\">\n\t\t\t\t<div class=\"elementor-widget-container\">\n\t\t\t\t\t<h2 class=\"elementor-heading-title elementor-size-default\">Produits apparent\u00e9s<\/h2>\t\t\t\t<\/div>\n\t\t\t\t<\/div>\n\t\t\t\t<\/div>\n\t\t<div class=\"elementor-element elementor-element-7cf844b2 e-con-full e-flex e-con e-child\" data-id=\"7cf844b2\" data-element_type=\"container\">\n\t\t<div class=\"elementor-element elementor-element-1a32bc5a e-con-full e-flex e-con e-child\" data-id=\"1a32bc5a\" data-element_type=\"container\">\n\t\t\t\t<div class=\"elementor-element elementor-element-67f9a36b elementor-widget elementor-widget-heading\" data-id=\"67f9a36b\" data-element_type=\"widget\" data-widget_type=\"heading.default\">\n\t\t\t\t<div class=\"elementor-widget-container\">\n\t\t\t\t\t<h2 class=\"elementor-heading-title elementor-size-default\">Nom du produit<\/h2>\t\t\t\t<\/div>\n\t\t\t\t<\/div>\n\t\t\t\t<\/div>\n\t\t<div class=\"elementor-element elementor-element-fd7609a e-con-full e-flex e-con e-child\" data-id=\"fd7609a\" data-element_type=\"container\">\n\t\t\t\t<div class=\"elementor-element elementor-element-61662280 elementor-widget elementor-widget-heading\" data-id=\"61662280\" data-element_type=\"widget\" data-widget_type=\"heading.default\">\n\t\t\t\t<div class=\"elementor-widget-container\">\n\t\t\t\t\t<h3 class=\"elementor-heading-title elementor-size-default\">Mod\u00e8le<\/h3>\t\t\t\t<\/div>\n\t\t\t\t<\/div>\n\t\t\t\t<\/div>\n\t\t<div class=\"elementor-element elementor-element-439145b6 e-con-full e-flex e-con e-child\" data-id=\"439145b6\" data-element_type=\"container\">\n\t\t\t\t<div class=\"elementor-element elementor-element-457e9b4b elementor-widget elementor-widget-heading\" data-id=\"457e9b4b\" data-element_type=\"widget\" data-widget_type=\"heading.default\">\n\t\t\t\t<div class=\"elementor-widget-container\">\n\t\t\t\t\t<h3 class=\"elementor-heading-title elementor-size-default\">Param\u00e8tres<\/h3>\t\t\t\t<\/div>\n\t\t\t\t<\/div>\n\t\t\t\t<\/div>\n\t\t\t\t<\/div>\n\t\t<div class=\"elementor-element elementor-element-43253267 e-con-full e-flex e-con e-child\" data-id=\"43253267\" data-element_type=\"container\" data-settings=\"{&quot;background_background&quot;:&quot;classic&quot;}\">\n\t\t<div class=\"elementor-element elementor-element-13034056 e-con-full e-flex e-con e-child\" data-id=\"13034056\" data-element_type=\"container\">\n\t\t\t\t<div class=\"elementor-element elementor-element-5eb39af1 elementor-widget elementor-widget-image\" data-id=\"5eb39af1\" data-element_type=\"widget\" data-widget_type=\"image.default\">\n\t\t\t\t<div class=\"elementor-widget-container\">\n\t\t\t\t\t\t\t\t\t\t\t\t\t\t\t<img loading=\"lazy\" decoding=\"async\" width=\"150\" height=\"150\" src=\"https:\/\/www.specsens.com\/wp-content\/uploads\/2025\/04\/SPS-F-Lxx-water-quality-sensor-150x150.webp\" class=\"attachment-thumbnail size-thumbnail wp-image-3747\" alt=\"SPS-F-Lxx water quality sensor\" srcset=\"https:\/\/www.specsens.com\/wp-content\/uploads\/2025\/04\/SPS-F-Lxx-water-quality-sensor-150x150.webp 150w, https:\/\/www.specsens.com\/wp-content\/uploads\/2025\/04\/SPS-F-Lxx-water-quality-sensor-300x300.webp 300w, https:\/\/www.specsens.com\/wp-content\/uploads\/2025\/04\/SPS-F-Lxx-water-quality-sensor-768x768.webp 768w, https:\/\/www.specsens.com\/wp-content\/uploads\/2025\/04\/SPS-F-Lxx-water-quality-sensor-12x12.webp 12w, https:\/\/www.specsens.com\/wp-content\/uploads\/2025\/04\/SPS-F-Lxx-water-quality-sensor-600x600.webp 600w, https:\/\/www.specsens.com\/wp-content\/uploads\/2025\/04\/SPS-F-Lxx-water-quality-sensor-100x100.webp 100w, https:\/\/www.specsens.com\/wp-content\/uploads\/2025\/04\/SPS-F-Lxx-water-quality-sensor.webp 1000w\" sizes=\"(max-width: 150px) 100vw, 150px\" \/>\t\t\t\t\t\t\t\t\t\t\t\t\t\t\t<\/div>\n\t\t\t\t<\/div>\n\t\t\t\t<div class=\"elementor-element elementor-element-4f08b28a elementor-widget elementor-widget-text-editor\" data-id=\"4f08b28a\" data-element_type=\"widget\" data-widget_type=\"text-editor.default\">\n\t\t\t\t<div class=\"elementor-widget-container\">\n\t\t\t\t\t\t\t\t\t<p><span style=\"text-decoration: underline;\"><a href=\"https:\/\/www.specsens.com\/fr\/produit\/sps-t-sc3-ultra-low-turbidity-water-quality-sensor\/\">SPS-T-SC3 Capteur de qualit\u00e9 de l'eau \u00e0 tr\u00e8s faible turbidit\u00e9<\/a><\/span><\/p>\t\t\t\t\t\t\t\t<\/div>\n\t\t\t\t<\/div>\n\t\t\t\t<\/div>\n\t\t<div class=\"elementor-element elementor-element-5e87fb93 e-con-full e-flex e-con e-child\" data-id=\"5e87fb93\" data-element_type=\"container\">\n\t\t\t\t<div class=\"elementor-element elementor-element-7bf0ef0b elementor-widget elementor-widget-text-editor\" data-id=\"7bf0ef0b\" data-element_type=\"widget\" data-widget_type=\"text-editor.default\">\n\t\t\t\t<div class=\"elementor-widget-container\">\n\t\t\t\t\t\t\t\t\t<p>SPS-T-SC3<\/p>\t\t\t\t\t\t\t\t<\/div>\n\t\t\t\t<\/div>\n\t\t\t\t<\/div>\n\t\t<div class=\"elementor-element elementor-element-4638289 e-con-full e-flex e-con e-child\" data-id=\"4638289\" data-element_type=\"container\">\n\t\t\t\t<div class=\"elementor-element elementor-element-127ae214 elementor-widget elementor-widget-text-editor\" data-id=\"127ae214\" data-element_type=\"widget\" data-widget_type=\"text-editor.default\">\n\t\t\t\t<div class=\"elementor-widget-container\">\n\t\t\t\t\t\t\t\t\t<p>Turbidit\u00e9<\/p>\t\t\t\t\t\t\t\t<\/div>\n\t\t\t\t<\/div>\n\t\t\t\t<\/div>\n\t\t\t\t<\/div>\n\t\t<div class=\"elementor-element elementor-element-44b4f929 e-con-full e-flex e-con e-child\" data-id=\"44b4f929\" data-element_type=\"container\" data-settings=\"{&quot;background_background&quot;:&quot;classic&quot;}\">\n\t\t<div class=\"elementor-element elementor-element-4be37434 e-con-full e-flex e-con e-child\" data-id=\"4be37434\" data-element_type=\"container\">\n\t\t\t\t<div class=\"elementor-element elementor-element-21fa1e11 elementor-widget elementor-widget-image\" data-id=\"21fa1e11\" data-element_type=\"widget\" data-widget_type=\"image.default\">\n\t\t\t\t<div class=\"elementor-widget-container\">\n\t\t\t\t\t\t\t\t\t\t\t\t\t\t\t<img loading=\"lazy\" decoding=\"async\" width=\"150\" height=\"150\" src=\"https:\/\/www.specsens.com\/wp-content\/uploads\/2025\/04\/SPS-D-Lxx-water-quality-sensor-150x150.webp\" class=\"attachment-thumbnail size-thumbnail wp-image-3743\" alt=\"SPS-D Dual-wavelength water quality sensor\" srcset=\"https:\/\/www.specsens.com\/wp-content\/uploads\/2025\/04\/SPS-D-Lxx-water-quality-sensor-150x150.webp 150w, https:\/\/www.specsens.com\/wp-content\/uploads\/2025\/04\/SPS-D-Lxx-water-quality-sensor-300x300.webp 300w, https:\/\/www.specsens.com\/wp-content\/uploads\/2025\/04\/SPS-D-Lxx-water-quality-sensor-768x768.webp 768w, https:\/\/www.specsens.com\/wp-content\/uploads\/2025\/04\/SPS-D-Lxx-water-quality-sensor-12x12.webp 12w, https:\/\/www.specsens.com\/wp-content\/uploads\/2025\/04\/SPS-D-Lxx-water-quality-sensor-600x600.webp 600w, https:\/\/www.specsens.com\/wp-content\/uploads\/2025\/04\/SPS-D-Lxx-water-quality-sensor-100x100.webp 100w, https:\/\/www.specsens.com\/wp-content\/uploads\/2025\/04\/SPS-D-Lxx-water-quality-sensor.webp 1000w\" sizes=\"(max-width: 150px) 100vw, 150px\" \/>\t\t\t\t\t\t\t\t\t\t\t\t\t\t\t<\/div>\n\t\t\t\t<\/div>\n\t\t\t\t<div class=\"elementor-element elementor-element-34cb12d9 elementor-widget elementor-widget-text-editor\" data-id=\"34cb12d9\" data-element_type=\"widget\" data-widget_type=\"text-editor.default\">\n\t\t\t\t<div class=\"elementor-widget-container\">\n\t\t\t\t\t\t\t\t\t<p><a href=\"https:\/\/www.specsens.com\/fr\/produit\/sps-ci-c-free-chlorine-water-quality-sensor\/\"><span style=\"text-decoration: underline;\">SPS-CI-C Capteur de qualit\u00e9 de l'eau pour le chlore libre<\/span><\/a><\/p>\t\t\t\t\t\t\t\t<\/div>\n\t\t\t\t<\/div>\n\t\t\t\t<\/div>\n\t\t<div class=\"elementor-element elementor-element-5b381a89 e-con-full e-flex e-con e-child\" data-id=\"5b381a89\" data-element_type=\"container\">\n\t\t\t\t<div class=\"elementor-element elementor-element-534676cc elementor-widget elementor-widget-text-editor\" data-id=\"534676cc\" data-element_type=\"widget\" data-widget_type=\"text-editor.default\">\n\t\t\t\t<div class=\"elementor-widget-container\">\n\t\t\t\t\t\t\t\t\t<p>SPS-Cl<\/p>\t\t\t\t\t\t\t\t<\/div>\n\t\t\t\t<\/div>\n\t\t\t\t<\/div>\n\t\t<div class=\"elementor-element elementor-element-767b621a e-con-full e-flex e-con e-child\" data-id=\"767b621a\" data-element_type=\"container\">\n\t\t\t\t<div class=\"elementor-element elementor-element-7151fabf elementor-widget elementor-widget-text-editor\" data-id=\"7151fabf\" data-element_type=\"widget\" data-widget_type=\"text-editor.default\">\n\t\t\t\t<div class=\"elementor-widget-container\">\n\t\t\t\t\t\t\t\t\t<p>Chlore<\/p>\t\t\t\t\t\t\t\t<\/div>\n\t\t\t\t<\/div>\n\t\t\t\t<\/div>\n\t\t\t\t<\/div>\n\t\t<div class=\"elementor-element elementor-element-367165a9 e-con-full e-flex e-con e-child\" data-id=\"367165a9\" data-element_type=\"container\" data-settings=\"{&quot;background_background&quot;:&quot;classic&quot;}\">\n\t\t<div class=\"elementor-element elementor-element-93a2f9f e-con-full e-flex e-con e-child\" data-id=\"93a2f9f\" data-element_type=\"container\">\n\t\t\t\t<div class=\"elementor-element elementor-element-7af55a35 elementor-widget elementor-widget-image\" data-id=\"7af55a35\" data-element_type=\"widget\" data-widget_type=\"image.default\">\n\t\t\t\t<div class=\"elementor-widget-container\">\n\t\t\t\t\t\t\t\t\t\t\t\t\t\t\t<img loading=\"lazy\" decoding=\"async\" width=\"150\" height=\"150\" src=\"https:\/\/www.specsens.com\/wp-content\/uploads\/2025\/04\/MC-BW-B-Multi-parameter-Meter-Controller-150x150.webp\" class=\"attachment-thumbnail size-thumbnail wp-image-3734\" alt=\"MC-BW-B Multi-parameter Meter Controller\" srcset=\"https:\/\/www.specsens.com\/wp-content\/uploads\/2025\/04\/MC-BW-B-Multi-parameter-Meter-Controller-150x150.webp 150w, https:\/\/www.specsens.com\/wp-content\/uploads\/2025\/04\/MC-BW-B-Multi-parameter-Meter-Controller-300x300.webp 300w, https:\/\/www.specsens.com\/wp-content\/uploads\/2025\/04\/MC-BW-B-Multi-parameter-Meter-Controller-768x768.webp 768w, https:\/\/www.specsens.com\/wp-content\/uploads\/2025\/04\/MC-BW-B-Multi-parameter-Meter-Controller-12x12.webp 12w, https:\/\/www.specsens.com\/wp-content\/uploads\/2025\/04\/MC-BW-B-Multi-parameter-Meter-Controller-600x600.webp 600w, https:\/\/www.specsens.com\/wp-content\/uploads\/2025\/04\/MC-BW-B-Multi-parameter-Meter-Controller-100x100.webp 100w, https:\/\/www.specsens.com\/wp-content\/uploads\/2025\/04\/MC-BW-B-Multi-parameter-Meter-Controller.webp 1000w\" sizes=\"(max-width: 150px) 100vw, 150px\" \/>\t\t\t\t\t\t\t\t\t\t\t\t\t\t\t<\/div>\n\t\t\t\t<\/div>\n\t\t\t\t<div class=\"elementor-element elementor-element-7a021329 elementor-widget elementor-widget-text-editor\" data-id=\"7a021329\" data-element_type=\"widget\" data-widget_type=\"text-editor.default\">\n\t\t\t\t<div class=\"elementor-widget-container\">\n\t\t\t\t\t\t\t\t\t<p><a href=\"https:\/\/www.specsens.com\/fr\/produit\/mc-bw-b-meter-controller\/\"><span style=\"text-decoration: underline;\">MC-BW-B Contr\u00f4leur de compteur <\/span><\/a><\/p>\t\t\t\t\t\t\t\t<\/div>\n\t\t\t\t<\/div>\n\t\t\t\t<\/div>\n\t\t<div class=\"elementor-element elementor-element-3152bf e-con-full e-flex e-con e-child\" data-id=\"3152bf\" data-element_type=\"container\">\n\t\t\t\t<div class=\"elementor-element elementor-element-17878f06 elementor-widget elementor-widget-text-editor\" data-id=\"17878f06\" data-element_type=\"widget\" data-widget_type=\"text-editor.default\">\n\t\t\t\t<div class=\"elementor-widget-container\">\n\t\t\t\t\t\t\t\t\t<p>MC-BW-B<\/p>\t\t\t\t\t\t\t\t<\/div>\n\t\t\t\t<\/div>\n\t\t\t\t<\/div>\n\t\t<div class=\"elementor-element elementor-element-4ebd6acc e-con-full e-flex e-con e-child\" data-id=\"4ebd6acc\" data-element_type=\"container\">\n\t\t\t\t<div class=\"elementor-element elementor-element-6a53b1b2 elementor-widget elementor-widget-text-editor\" data-id=\"6a53b1b2\" data-element_type=\"widget\" data-widget_type=\"text-editor.default\">\n\t\t\t\t<div class=\"elementor-widget-container\">\n\t\t\t\t\t\t\t\t\t<p>multiparam\u00e8tre<\/p>\t\t\t\t\t\t\t\t<\/div>\n\t\t\t\t<\/div>\n\t\t\t\t<\/div>\n\t\t\t\t<\/div>\n\t\t\t\t\t<\/div>\n\t\t\t\t<\/div>\n\t\t\t\t<\/div>","protected":false},"excerpt":{"rendered":"<p>Intelligent Online Water Quality Monitoring Network Application background Location: Changzhou, China Adding disinfectant to drinking water is a crucial measure to ensure the safety of drinking water. Its primary purpose is to kill or inhibit pathogenic microorganisms, such as bacteria, viruses, and parasites,\u00a0in the water. Disinfectants will pass through an extended pipe network from the [&hellip;]<\/p>","protected":false},"author":1,"featured_media":0,"parent":0,"menu_order":0,"comment_status":"closed","ping_status":"closed","template":"","meta":{"_joinchat":[],"footnotes":""},"class_list":["post-3552","page","type-page","status-publish","hentry"],"blocksy_meta":{"has_hero_section":"disabled","styles_descriptor":{"styles":{"desktop":"","tablet":"","mobile":""},"google_fonts":[],"version":6}},"_links":{"self":[{"href":"https:\/\/www.specsens.com\/fr\/wp-json\/wp\/v2\/pages\/3552","targetHints":{"allow":["GET"]}}],"collection":[{"href":"https:\/\/www.specsens.com\/fr\/wp-json\/wp\/v2\/pages"}],"about":[{"href":"https:\/\/www.specsens.com\/fr\/wp-json\/wp\/v2\/types\/page"}],"author":[{"embeddable":true,"href":"https:\/\/www.specsens.com\/fr\/wp-json\/wp\/v2\/users\/1"}],"replies":[{"embeddable":true,"href":"https:\/\/www.specsens.com\/fr\/wp-json\/wp\/v2\/comments?post=3552"}],"version-history":[{"count":13,"href":"https:\/\/www.specsens.com\/fr\/wp-json\/wp\/v2\/pages\/3552\/revisions"}],"predecessor-version":[{"id":4174,"href":"https:\/\/www.specsens.com\/fr\/wp-json\/wp\/v2\/pages\/3552\/revisions\/4174"}],"wp:attachment":[{"href":"https:\/\/www.specsens.com\/fr\/wp-json\/wp\/v2\/media?parent=3552"}],"curies":[{"name":"wp","href":"https:\/\/api.w.org\/{rel}","templated":true}]}}