{"id":751,"date":"2022-07-24T11:50:43","date_gmt":"2022-07-24T11:50:43","guid":{"rendered":"https:\/\/startersites.io\/elementor\/home-decor\/?page_id=751"},"modified":"2025-05-06T15:30:20","modified_gmt":"2025-05-06T07:30:20","slug":"applications","status":"publish","type":"page","link":"https:\/\/www.specsens.com\/fr\/applications\/","title":{"rendered":"Applications"},"content":{"rendered":"<div data-elementor-type=\"wp-page\" data-elementor-id=\"751\" class=\"elementor elementor-751\" data-elementor-post-type=\"page\">\n\t\t\t\t<div class=\"elementor-element elementor-element-dc8a920 e-flex e-con-boxed e-con e-parent\" data-id=\"dc8a920\" data-element_type=\"container\" data-settings=\"{&quot;background_background&quot;:&quot;classic&quot;}\">\n\t\t\t\t\t<div class=\"e-con-inner\">\n\t\t\t\t\t<\/div>\n\t\t\t\t<\/div>\n\t\t<div class=\"elementor-element elementor-element-84f156b e-flex e-con-boxed e-con e-parent\" data-id=\"84f156b\" data-element_type=\"container\" id=\"001\">\n\t\t\t\t\t<div class=\"e-con-inner\">\n\t\t<div class=\"elementor-element elementor-element-13f8901 e-con-full e-flex e-con e-child\" data-id=\"13f8901\" data-element_type=\"container\">\n\t\t\t\t<div class=\"elementor-element elementor-element-c63759f elementor-widget elementor-widget-image\" data-id=\"c63759f\" data-element_type=\"widget\" data-widget_type=\"image.default\">\n\t\t\t\t<div class=\"elementor-widget-container\">\n\t\t\t\t\t\t\t\t\t\t\t\t\t\t\t<img fetchpriority=\"high\" decoding=\"async\" width=\"1000\" height=\"1000\" src=\"https:\/\/www.specsens.com\/wp-content\/uploads\/2025\/03\/Drinking-water.webp\" class=\"attachment-large size-large wp-image-2941\" alt=\"Drinking water\" srcset=\"https:\/\/www.specsens.com\/wp-content\/uploads\/2025\/03\/Drinking-water.webp 1000w, https:\/\/www.specsens.com\/wp-content\/uploads\/2025\/03\/Drinking-water-300x300.webp 300w, https:\/\/www.specsens.com\/wp-content\/uploads\/2025\/03\/Drinking-water-150x150.webp 150w, https:\/\/www.specsens.com\/wp-content\/uploads\/2025\/03\/Drinking-water-768x768.webp 768w, https:\/\/www.specsens.com\/wp-content\/uploads\/2025\/03\/Drinking-water-600x600.webp 600w, https:\/\/www.specsens.com\/wp-content\/uploads\/2025\/03\/Drinking-water-100x100.webp 100w\" sizes=\"(max-width: 1000px) 100vw, 1000px\" \/>\t\t\t\t\t\t\t\t\t\t\t\t\t\t\t<\/div>\n\t\t\t\t<\/div>\n\t\t\t\t<\/div>\n\t\t<div class=\"elementor-element elementor-element-7f6e48b e-con-full e-flex e-con e-child\" data-id=\"7f6e48b\" data-element_type=\"container\" data-settings=\"{&quot;animation&quot;:&quot;none&quot;}\">\n\t\t\t\t<div class=\"elementor-element elementor-element-3584899 elementor-widget elementor-widget-heading\" data-id=\"3584899\" data-element_type=\"widget\" data-widget_type=\"heading.default\">\n\t\t\t\t<div class=\"elementor-widget-container\">\n\t\t\t\t\t<h2 class=\"elementor-heading-title elementor-size-default\">Eau potable<\/h2>\t\t\t\t<\/div>\n\t\t\t\t<\/div>\n\t\t\t\t<div class=\"elementor-element elementor-element-28cd24c elementor-widget elementor-widget-text-editor\" data-id=\"28cd24c\" data-element_type=\"widget\" data-widget_type=\"text-editor.default\">\n\t\t\t\t<div class=\"elementor-widget-container\">\n\t\t\t\t\t\t\t\t\t<p>La surveillance de l'eau potable est un processus essentiel pour garantir la s\u00e9curit\u00e9 et la qualit\u00e9 de l'eau destin\u00e9e \u00e0 la consommation humaine. Il s'agit de tester et d'analyser r\u00e9guli\u00e8rement des \u00e9chantillons d'eau afin de d\u00e9tecter des contaminants, des agents pathog\u00e8nes et d'autres substances nocives.<\/p>\t\t\t\t\t\t\t\t<\/div>\n\t\t\t\t<\/div>\n\t\t\t\t<div class=\"elementor-element elementor-element-2aee90f elementor-mobile-align-center elementor-widget elementor-widget-button\" data-id=\"2aee90f\" data-element_type=\"widget\" data-widget_type=\"button.default\">\n\t\t\t\t<div class=\"elementor-widget-container\">\n\t\t\t\t\t\t\t\t\t<div class=\"elementor-button-wrapper\">\n\t\t\t\t\t<a class=\"elementor-button elementor-button-link elementor-size-md\" href=\"https:\/\/www.specsens.com\/fr\/drinking-water\/\">\n\t\t\t\t\t\t<span class=\"elementor-button-content-wrapper\">\n\t\t\t\t\t\t\t\t\t<span class=\"elementor-button-text\">Voir plus<\/span>\n\t\t\t\t\t<\/span>\n\t\t\t\t\t<\/a>\n\t\t\t\t<\/div>\n\t\t\t\t\t\t\t\t<\/div>\n\t\t\t\t<\/div>\n\t\t\t\t<\/div>\n\t\t\t\t\t<\/div>\n\t\t\t\t<\/div>\n\t\t<div class=\"elementor-element elementor-element-ea8f051 e-flex e-con-boxed e-con e-parent\" data-id=\"ea8f051\" data-element_type=\"container\" id=\"002\">\n\t\t\t\t\t<div class=\"e-con-inner\">\n\t\t<div class=\"elementor-element elementor-element-d7cbf42 e-con-full e-flex e-con e-child\" data-id=\"d7cbf42\" data-element_type=\"container\" data-settings=\"{&quot;animation&quot;:&quot;none&quot;}\">\n\t\t\t\t<div class=\"elementor-element elementor-element-5addccc elementor-widget elementor-widget-heading\" data-id=\"5addccc\" data-element_type=\"widget\" data-widget_type=\"heading.default\">\n\t\t\t\t<div class=\"elementor-widget-container\">\n\t\t\t\t\t<h2 class=\"elementor-heading-title elementor-size-default\">Eaux us\u00e9es municipales Eau<\/h2>\t\t\t\t<\/div>\n\t\t\t\t<\/div>\n\t\t\t\t<div class=\"elementor-element elementor-element-0c75670 elementor-widget elementor-widget-text-editor\" data-id=\"0c75670\" data-element_type=\"widget\" data-widget_type=\"text-editor.default\">\n\t\t\t\t<div class=\"elementor-widget-container\">\n\t\t\t\t\t\t\t\t\t<p>Les eaux us\u00e9es municipales, \u00e9galement connues sous le nom d'eaux r\u00e9siduaires, sont les eaux us\u00e9es provenant des m\u00e9nages, des entreprises, des industries et des eaux de ruissellement qui sont collect\u00e9es et trait\u00e9es par les syst\u00e8mes d'\u00e9gouts municipaux. Une bonne gestion des eaux us\u00e9es est essentielle pour prot\u00e9ger la sant\u00e9 publique, l'environnement et les ressources en eau.\u00a0<\/p>\t\t\t\t\t\t\t\t<\/div>\n\t\t\t\t<\/div>\n\t\t\t\t<div class=\"elementor-element elementor-element-b8f8e59 elementor-mobile-align-center elementor-widget elementor-widget-button\" data-id=\"b8f8e59\" data-element_type=\"widget\" data-widget_type=\"button.default\">\n\t\t\t\t<div class=\"elementor-widget-container\">\n\t\t\t\t\t\t\t\t\t<div class=\"elementor-button-wrapper\">\n\t\t\t\t\t<a class=\"elementor-button elementor-button-link elementor-size-md\" href=\"https:\/\/www.specsens.com\/fr\/municipal-sewage-water\/\">\n\t\t\t\t\t\t<span class=\"elementor-button-content-wrapper\">\n\t\t\t\t\t\t\t\t\t<span class=\"elementor-button-text\">Voir plus<\/span>\n\t\t\t\t\t<\/span>\n\t\t\t\t\t<\/a>\n\t\t\t\t<\/div>\n\t\t\t\t\t\t\t\t<\/div>\n\t\t\t\t<\/div>\n\t\t\t\t<\/div>\n\t\t<div class=\"elementor-element elementor-element-3081b0c e-con-full e-flex e-con e-child\" data-id=\"3081b0c\" data-element_type=\"container\" data-settings=\"{&quot;animation&quot;:&quot;none&quot;}\">\n\t\t\t\t<div class=\"elementor-element elementor-element-611878b elementor-widget elementor-widget-image\" data-id=\"611878b\" data-element_type=\"widget\" data-widget_type=\"image.default\">\n\t\t\t\t<div class=\"elementor-widget-container\">\n\t\t\t\t\t\t\t\t\t\t\t\t\t\t\t<img decoding=\"async\" width=\"1000\" height=\"1000\" src=\"https:\/\/www.specsens.com\/wp-content\/uploads\/2025\/03\/wate-water.webp\" class=\"attachment-large size-large wp-image-2944\" alt=\"waste water\" srcset=\"https:\/\/www.specsens.com\/wp-content\/uploads\/2025\/03\/wate-water.webp 1000w, https:\/\/www.specsens.com\/wp-content\/uploads\/2025\/03\/wate-water-300x300.webp 300w, https:\/\/www.specsens.com\/wp-content\/uploads\/2025\/03\/wate-water-150x150.webp 150w, https:\/\/www.specsens.com\/wp-content\/uploads\/2025\/03\/wate-water-768x768.webp 768w, https:\/\/www.specsens.com\/wp-content\/uploads\/2025\/03\/wate-water-600x600.webp 600w, https:\/\/www.specsens.com\/wp-content\/uploads\/2025\/03\/wate-water-100x100.webp 100w\" sizes=\"(max-width: 1000px) 100vw, 1000px\" \/>\t\t\t\t\t\t\t\t\t\t\t\t\t\t\t<\/div>\n\t\t\t\t<\/div>\n\t\t\t\t<\/div>\n\t\t\t\t\t<\/div>\n\t\t\t\t<\/div>\n\t\t<div class=\"elementor-element elementor-element-7601581 e-flex e-con-boxed e-con e-parent\" data-id=\"7601581\" data-element_type=\"container\" id=\"003\">\n\t\t\t\t\t<div class=\"e-con-inner\">\n\t\t<div class=\"elementor-element elementor-element-84f26d7 e-con-full e-flex e-con e-child\" data-id=\"84f26d7\" data-element_type=\"container\" data-settings=\"{&quot;animation&quot;:&quot;none&quot;}\">\n\t\t\t\t<div class=\"elementor-element elementor-element-49cdd2b elementor-widget elementor-widget-image\" data-id=\"49cdd2b\" data-element_type=\"widget\" data-widget_type=\"image.default\">\n\t\t\t\t<div class=\"elementor-widget-container\">\n\t\t\t\t\t\t\t\t\t\t\t\t\t\t\t<img decoding=\"async\" width=\"1000\" height=\"1000\" src=\"https:\/\/www.specsens.com\/wp-content\/uploads\/2025\/03\/Sewage-water.webp\" class=\"attachment-large size-large wp-image-2943\" alt=\"Sewage water\" srcset=\"https:\/\/www.specsens.com\/wp-content\/uploads\/2025\/03\/Sewage-water.webp 1000w, https:\/\/www.specsens.com\/wp-content\/uploads\/2025\/03\/Sewage-water-300x300.webp 300w, https:\/\/www.specsens.com\/wp-content\/uploads\/2025\/03\/Sewage-water-150x150.webp 150w, https:\/\/www.specsens.com\/wp-content\/uploads\/2025\/03\/Sewage-water-768x768.webp 768w, https:\/\/www.specsens.com\/wp-content\/uploads\/2025\/03\/Sewage-water-600x600.webp 600w, https:\/\/www.specsens.com\/wp-content\/uploads\/2025\/03\/Sewage-water-100x100.webp 100w\" sizes=\"(max-width: 1000px) 100vw, 1000px\" \/>\t\t\t\t\t\t\t\t\t\t\t\t\t\t\t<\/div>\n\t\t\t\t<\/div>\n\t\t\t\t<\/div>\n\t\t<div class=\"elementor-element elementor-element-15691ce e-con-full e-flex e-con e-child\" data-id=\"15691ce\" data-element_type=\"container\" data-settings=\"{&quot;animation&quot;:&quot;none&quot;}\">\n\t\t\t\t<div class=\"elementor-element elementor-element-ae65f99 elementor-widget elementor-widget-heading\" data-id=\"ae65f99\" data-element_type=\"widget\" data-widget_type=\"heading.default\">\n\t\t\t\t<div class=\"elementor-widget-container\">\n\t\t\t\t\t<h2 class=\"elementor-heading-title elementor-size-default\">Surveillance des eaux us\u00e9es industrielles<\/h2>\t\t\t\t<\/div>\n\t\t\t\t<\/div>\n\t\t\t\t<div class=\"elementor-element elementor-element-901c565 elementor-widget elementor-widget-text-editor\" data-id=\"901c565\" data-element_type=\"widget\" data-widget_type=\"text-editor.default\">\n\t\t\t\t<div class=\"elementor-widget-container\">\n\t\t\t\t\t\t\t\t\t<p>La surveillance des eaux us\u00e9es industrielles implique l'utilisation de divers capteurs et technologies pour suivre et g\u00e9rer la qualit\u00e9 des eaux us\u00e9es g\u00e9n\u00e9r\u00e9es par les processus industriels. Cela est essentiel pour garantir le respect des r\u00e9glementations environnementales et pr\u00e9venir la pollution des masses d'eau naturelles.<\/p>\t\t\t\t\t\t\t\t<\/div>\n\t\t\t\t<\/div>\n\t\t\t\t<div class=\"elementor-element elementor-element-8afee55 elementor-mobile-align-center elementor-widget elementor-widget-button\" data-id=\"8afee55\" data-element_type=\"widget\" data-widget_type=\"button.default\">\n\t\t\t\t<div class=\"elementor-widget-container\">\n\t\t\t\t\t\t\t\t\t<div class=\"elementor-button-wrapper\">\n\t\t\t\t\t<a class=\"elementor-button elementor-button-link elementor-size-md\" href=\"https:\/\/www.specsens.com\/fr\/industrial-wastewater-monitoring\/\">\n\t\t\t\t\t\t<span class=\"elementor-button-content-wrapper\">\n\t\t\t\t\t\t\t\t\t<span class=\"elementor-button-text\">Voir plus<\/span>\n\t\t\t\t\t<\/span>\n\t\t\t\t\t<\/a>\n\t\t\t\t<\/div>\n\t\t\t\t\t\t\t\t<\/div>\n\t\t\t\t<\/div>\n\t\t\t\t<\/div>\n\t\t\t\t\t<\/div>\n\t\t\t\t<\/div>\n\t\t<div class=\"elementor-element elementor-element-451e236 e-flex e-con-boxed e-con e-parent\" data-id=\"451e236\" data-element_type=\"container\" id=\"004\">\n\t\t\t\t\t<div class=\"e-con-inner\">\n\t\t<div class=\"elementor-element elementor-element-023e516 e-con-full e-flex e-con e-child\" data-id=\"023e516\" data-element_type=\"container\" data-settings=\"{&quot;animation&quot;:&quot;none&quot;}\">\n\t\t\t\t<div class=\"elementor-element elementor-element-7b7c2e7 elementor-widget elementor-widget-heading\" data-id=\"7b7c2e7\" data-element_type=\"widget\" data-widget_type=\"heading.default\">\n\t\t\t\t<div class=\"elementor-widget-container\">\n\t\t\t\t\t<h2 class=\"elementor-heading-title elementor-size-default\">Surveillance de l'environnement<\/h2>\t\t\t\t<\/div>\n\t\t\t\t<\/div>\n\t\t\t\t<div class=\"elementor-element elementor-element-a120c5b elementor-widget elementor-widget-text-editor\" data-id=\"a120c5b\" data-element_type=\"widget\" data-widget_type=\"text-editor.default\">\n\t\t\t\t<div class=\"elementor-widget-container\">\n\t\t\t\t\t\t\t\t\t<p>La surveillance environnementale de l'eau est le processus syst\u00e9matique d'\u00e9valuation de la qualit\u00e9 et de la sant\u00e9 des masses d'eau, y compris les rivi\u00e8res, les lacs, les oc\u00e9ans, les eaux souterraines et les zones humides. Elle est essentielle pour prot\u00e9ger les \u00e9cosyst\u00e8mes, garantir la salubrit\u00e9 de l'eau utilis\u00e9e par l'homme et se conformer aux r\u00e9glementations environnementales.<\/p>\t\t\t\t\t\t\t\t<\/div>\n\t\t\t\t<\/div>\n\t\t\t\t<div class=\"elementor-element elementor-element-305c76b elementor-mobile-align-center elementor-widget elementor-widget-button\" data-id=\"305c76b\" data-element_type=\"widget\" data-widget_type=\"button.default\">\n\t\t\t\t<div class=\"elementor-widget-container\">\n\t\t\t\t\t\t\t\t\t<div class=\"elementor-button-wrapper\">\n\t\t\t\t\t<a class=\"elementor-button elementor-button-link elementor-size-md\" href=\"https:\/\/www.specsens.com\/fr\/environmental-monitoring\/\">\n\t\t\t\t\t\t<span class=\"elementor-button-content-wrapper\">\n\t\t\t\t\t\t\t\t\t<span class=\"elementor-button-text\">Voir plus<\/span>\n\t\t\t\t\t<\/span>\n\t\t\t\t\t<\/a>\n\t\t\t\t<\/div>\n\t\t\t\t\t\t\t\t<\/div>\n\t\t\t\t<\/div>\n\t\t\t\t<\/div>\n\t\t<div class=\"elementor-element elementor-element-d173141 e-con-full e-flex e-con e-child\" data-id=\"d173141\" data-element_type=\"container\" data-settings=\"{&quot;animation&quot;:&quot;none&quot;}\">\n\t\t\t\t<div class=\"elementor-element elementor-element-ee2bb13 elementor-widget elementor-widget-image\" data-id=\"ee2bb13\" data-element_type=\"widget\" data-widget_type=\"image.default\">\n\t\t\t\t<div class=\"elementor-widget-container\">\n\t\t\t\t\t\t\t\t\t\t\t\t\t\t\t<img loading=\"lazy\" decoding=\"async\" width=\"1000\" height=\"1000\" src=\"https:\/\/www.specsens.com\/wp-content\/uploads\/2025\/03\/river-water-1.webp\" class=\"attachment-large size-large wp-image-2942\" alt=\"river water\" srcset=\"https:\/\/www.specsens.com\/wp-content\/uploads\/2025\/03\/river-water-1.webp 1000w, https:\/\/www.specsens.com\/wp-content\/uploads\/2025\/03\/river-water-1-300x300.webp 300w, https:\/\/www.specsens.com\/wp-content\/uploads\/2025\/03\/river-water-1-150x150.webp 150w, https:\/\/www.specsens.com\/wp-content\/uploads\/2025\/03\/river-water-1-768x768.webp 768w, https:\/\/www.specsens.com\/wp-content\/uploads\/2025\/03\/river-water-1-600x600.webp 600w, https:\/\/www.specsens.com\/wp-content\/uploads\/2025\/03\/river-water-1-100x100.webp 100w\" sizes=\"(max-width: 1000px) 100vw, 1000px\" \/>\t\t\t\t\t\t\t\t\t\t\t\t\t\t\t<\/div>\n\t\t\t\t<\/div>\n\t\t\t\t<\/div>\n\t\t\t\t\t<\/div>\n\t\t\t\t<\/div>\n\t\t\t\t<\/div>","protected":false},"excerpt":{"rendered":"<p>Drinking Water Drinking water monitoring is a critical process to ensure the safety and quality of water intended for human consumption. It involves regular testing and analysis of water samples to detect contaminants, pathogens, and other harmful substances. View More Municipal Sewage Water Municipal sewage water, also known as wastewater, is the used water from [&hellip;]<\/p>","protected":false},"author":1,"featured_media":0,"parent":0,"menu_order":0,"comment_status":"closed","ping_status":"closed","template":"","meta":{"_joinchat":[],"footnotes":""},"class_list":["post-751","page","type-page","status-publish","hentry"],"blocksy_meta":{"page_title_panel":"","has_hero_section":"disabled","c3f5608c31bb454989a35010dd274655":"","hero_section":"type-1","hero_elements":[{"id":"custom_title","enabled":true,"heading_tag":"h1","title":"Home"},{"id":"custom_description","enabled":true,"description_visibility":{"desktop":true,"tablet":true,"mobile":false}},{"id":"custom_meta","enabled":false,"meta_elements":[{"id":"author","enabled":true,"label":"By","has_author_avatar":"yes","avatar_size":25},{"id":"post_date","enabled":true,"label":"On","date_format_source":"default","date_format":"M j, Y"},{"id":"updated_date","enabled":false,"label":"On","date_format_source":"default","date_format":"M j, Y"},{"id":"categories","enabled":false,"label":"In","style":"simple"},{"id":"comments","enabled":true}],"page_meta_elements":{"joined":true,"articles_count":true,"comments":true}},{"id":"breadcrumbs","enabled":false}],"f8ede913dddf37a4708876f17883ef1f":"","hero_alignment1":"CT_CSS_SKIP_RULE","hero_margin":40,"hero_alignment2":"center","hero_vertical_alignment":"center","16c7e66959b0a688599a416aec197054":"","hero_structure":"narrow","103808374dff3bf8fb63c1421d18ecde":"","page_title_bg_type":"featured_image","custom_hero_background":{"attachment_id":null},"page_title_image_size":"full","parallax":{"desktop":false,"tablet":false,"mobile":false},"6665718ea6e4e50c52d5bb906463455f":"","hero_height":"250px","pageTitleFont":{"family":"Default","variation":"Default","size":"30px","line-height":"CT_CSS_SKIP_RULE","letter-spacing":"CT_CSS_SKIP_RULE","text-transform":"CT_CSS_SKIP_RULE","text-decoration":"CT_CSS_SKIP_RULE"},"pageTitleFontColor":{"default":{"color":"CT_CSS_SKIP_RULEDEFAULT"}},"pageMetaFont":{"family":"Default","variation":"n6","size":"12px","line-height":"1.3","letter-spacing":"CT_CSS_SKIP_RULE","text-transform":"uppercase","text-decoration":"CT_CSS_SKIP_RULE"},"pageMetaFontColor":{"default":{"color":"CT_CSS_SKIP_RULEDEFAULT"},"hover":{"color":"CT_CSS_SKIP_RULEDEFAULT"}},"page_meta_button_type_font_colors":{"default":{"color":"CT_CSS_SKIP_RULEDEFAULT"},"hover":{"color":"CT_CSS_SKIP_RULEDEFAULT"}},"page_meta_button_type_background_colors":{"default":{"color":"CT_CSS_SKIP_RULEDEFAULT"},"hover":{"color":"CT_CSS_SKIP_RULEDEFAULT"}},"pageExcerptFont":{"family":"Default","variation":"Default","size":"CT_CSS_SKIP_RULE","line-height":"CT_CSS_SKIP_RULE","letter-spacing":"CT_CSS_SKIP_RULE","text-transform":"CT_CSS_SKIP_RULE","text-decoration":"CT_CSS_SKIP_RULE"},"pageExcerptColor":{"default":{"color":"CT_CSS_SKIP_RULEDEFAULT"}},"breadcrumbsFont":{"family":"Default","variation":"Default","size":"CT_CSS_SKIP_RULE","line-height":"CT_CSS_SKIP_RULE","letter-spacing":"CT_CSS_SKIP_RULE","text-transform":"CT_CSS_SKIP_RULE","text-decoration":"CT_CSS_SKIP_RULE"},"breadcrumbsFontColor":{"default":{"color":"CT_CSS_SKIP_RULEDEFAULT"},"initial":{"color":"CT_CSS_SKIP_RULEDEFAULT"},"hover":{"color":"CT_CSS_SKIP_RULEDEFAULT"}},"pageTitleOverlay":{"background_type":"color","background_pattern":"type-1","background_image":{"attachment_id":null,"x":0,"y":0},"gradient":"linear-gradient(135deg,rgba(6,147,227,1) 0%,rgb(155,81,224) 100%)","background_repeat":"repeat","background_size":"auto","background_attachment":"scroll","patternColor":{"default":{"color":"#e5e7ea"}},"overlayColor":{"default":{"color":"CT_CSS_SKIP_RULE"}},"backgroundColor":{"default":{"color":"CT_CSS_SKIP_RULE"}}},"pageTitleBackground":{"background_type":"color","background_pattern":"type-1","background_image":{"attachment_id":null,"x":0,"y":0},"gradient":"linear-gradient(135deg,rgba(6,147,227,1) 0%,rgb(155,81,224) 100%)","background_repeat":"repeat","background_size":"auto","background_attachment":"scroll","patternColor":{"default":{"color":"#e5e7ea"}},"overlayColor":{"default":{"color":"CT_CSS_SKIP_RULE"}},"backgroundColor":{"default":{"color":"var(--theme-palette-color-6)"}}},"pageTitlePadding":{"top":"50px","bottom":"50px","left":"auto","right":"auto","linked":true},"342e8b12d12aadecfb9fde792c3f0397":"","page_structure_type":"default","bcc398ed00bae44ea49d54b27f6179b2":"","content_style_source":"inherit","content_style":"wide","vertical_spacing_source":"custom","content_area_spacing":"none","background":{"background_type":"color","background_pattern":"type-1","background_image":{"attachment_id":null,"x":0,"y":0},"gradient":"linear-gradient(135deg,rgba(6,147,227,1) 0%,rgb(155,81,224) 100%)","background_repeat":"repeat","background_size":"auto","background_attachment":"scroll","patternColor":{"default":{"color":"#e5e7ea"}},"overlayColor":{"default":{"color":"CT_CSS_SKIP_RULE"}},"backgroundColor":{"default":{"color":"CT_CSS_SKIP_RULE"}}},"content_background":{"background_type":"color","background_pattern":"type-1","background_image":{"attachment_id":null,"x":0,"y":0},"gradient":"linear-gradient(135deg,rgba(6,147,227,1) 0%,rgb(155,81,224) 100%)","background_repeat":"repeat","background_size":"auto","background_attachment":"scroll","patternColor":{"default":{"color":"#e5e7ea"}},"overlayColor":{"default":{"color":"CT_CSS_SKIP_RULE"}},"backgroundColor":{"default":{"color":"var(--theme-palette-color-8)"}}},"content_boxed_shadow":{"inherit":false,"blur":18,"spread":-6,"v_offset":12,"h_offset":0,"inset":false,"enable":true,"color":{"color":"rgba(34, 56, 101, 0.04)"}},"content_boxed_border":{"width":1,"style":"none","color":{"color":"rgba(44,62,80,0.2)"}},"content_boxed_radius":{"top":"3px","bottom":"3px","left":"3px","right":"3px","linked":true},"boxed_content_spacing":{"desktop":{"top":"40px","bottom":"40px","left":"40px","right":"40px","linked":true},"tablet":{"top":"35px","bottom":"35px","left":"35px","right":"35px","linked":true},"mobile":{"top":"20px","bottom":"20px","left":"20px","right":"20px","linked":true}},"d6360bce5613e6f44e40c9d6ca077419":"","disable_featured_image":"no","disable_share_box":"no","disable_header":"no","disable_footer":"no","styles_descriptor":{"styles":{"desktop":"","tablet":"","mobile":""},"google_fonts":[],"version":6}},"_links":{"self":[{"href":"https:\/\/www.specsens.com\/fr\/wp-json\/wp\/v2\/pages\/751","targetHints":{"allow":["GET"]}}],"collection":[{"href":"https:\/\/www.specsens.com\/fr\/wp-json\/wp\/v2\/pages"}],"about":[{"href":"https:\/\/www.specsens.com\/fr\/wp-json\/wp\/v2\/types\/page"}],"author":[{"embeddable":true,"href":"https:\/\/www.specsens.com\/fr\/wp-json\/wp\/v2\/users\/1"}],"replies":[{"embeddable":true,"href":"https:\/\/www.specsens.com\/fr\/wp-json\/wp\/v2\/comments?post=751"}],"version-history":[{"count":66,"href":"https:\/\/www.specsens.com\/fr\/wp-json\/wp\/v2\/pages\/751\/revisions"}],"predecessor-version":[{"id":3994,"href":"https:\/\/www.specsens.com\/fr\/wp-json\/wp\/v2\/pages\/751\/revisions\/3994"}],"wp:attachment":[{"href":"https:\/\/www.specsens.com\/fr\/wp-json\/wp\/v2\/media?parent=751"}],"curies":[{"name":"wp","href":"https:\/\/api.w.org\/{rel}","templated":true}]}}