{"id":2020,"date":"2025-02-07T17:20:17","date_gmt":"2025-02-07T09:20:17","guid":{"rendered":"https:\/\/www.specsens.com\/?post_type=product&#038;p=2020"},"modified":"2025-04-30T11:59:30","modified_gmt":"2025-04-30T03:59:30","slug":"sps-d-dual-wavelength-water-quality-sensor-2","status":"publish","type":"product","link":"https:\/\/www.specsens.com\/fr\/produit\/sps-d-dual-wavelength-water-quality-sensor-2\/","title":{"rendered":"Capteur de qualit\u00e9 de l'eau SPS-D \u00e0 double longueur d'onde"},"content":{"rendered":"<div data-elementor-type=\"product-post\" data-elementor-id=\"2020\" class=\"elementor elementor-2020\" data-elementor-post-type=\"product\">\n\t\t\t\t<div class=\"elementor-element elementor-element-3dce606 e-flex e-con-boxed e-con e-parent\" data-id=\"3dce606\" data-element_type=\"container\">\n\t\t\t\t\t<div class=\"e-con-inner\">\n\t\t\t\t<div class=\"elementor-element elementor-element-691c8c5 e-n-tabs-mobile elementor-widget elementor-widget-n-tabs\" data-id=\"691c8c5\" data-element_type=\"widget\" data-settings=\"{&quot;tabs_justify_horizontal&quot;:&quot;start&quot;,&quot;horizontal_scroll&quot;:&quot;disable&quot;}\" data-widget_type=\"nested-tabs.default\">\n\t\t\t\t<div class=\"elementor-widget-container\">\n\t\t\t\t\t\t\t<div class=\"e-n-tabs\" data-widget-number=\"110217413\" aria-label=\"Onglets. Ouvrez des \u00e9l\u00e9ments avec Enter ou Space, fermez-les avec Escape et naviguez \u00e0 l&#039;aide des touches fl\u00e9ch\u00e9es.\" data-no-translation-aria-label=\"\">\n\t\t\t<div class=\"e-n-tabs-heading\" role=\"tablist\">\n\t\t\t\t\t<button id=\"e-n-tab-title-1102174131\" class=\"e-n-tab-title\" aria-selected=\"true\" data-tab-index=\"1\" role=\"tab\" tabindex=\"0\" aria-controls=\"e-n-tab-content-1102174131\" style=\"--n-tabs-title-order: 1;\">\n\t\t\t\t\t\t<span class=\"e-n-tab-title-text\">\n\t\t\t\tCaract\u00e9ristiques\t\t\t<\/span>\n\t\t<\/button>\n\t\t\t\t<button id=\"e-n-tab-title-1102174132\" class=\"e-n-tab-title\" aria-selected=\"false\" data-tab-index=\"2\" role=\"tab\" tabindex=\"-1\" aria-controls=\"e-n-tab-content-1102174132\" style=\"--n-tabs-title-order: 2;\">\n\t\t\t\t\t\t<span class=\"e-n-tab-title-text\">\n\t\t\t\tSp\u00e9cifications\t\t\t<\/span>\n\t\t<\/button>\n\t\t\t\t<button id=\"e-n-tab-title-1102174133\" class=\"e-n-tab-title\" aria-selected=\"false\" data-tab-index=\"3\" role=\"tab\" tabindex=\"-1\" aria-controls=\"e-n-tab-content-1102174133\" style=\"--n-tabs-title-order: 3;\">\n\t\t\t\t\t\t<span class=\"e-n-tab-title-text\">\n\t\t\t\tT\u00e9l\u00e9charger\t\t\t<\/span>\n\t\t<\/button>\n\t\t\t\t\t<\/div>\n\t\t\t<div class=\"e-n-tabs-content\">\n\t\t\t\t<div id=\"e-n-tab-content-1102174131\" role=\"tabpanel\" aria-labelledby=\"e-n-tab-title-1102174131\" data-tab-index=\"1\" style=\"--n-tabs-title-order: 1;\" class=\"e-active elementor-element elementor-element-929321a e-con-full e-flex e-con e-child\" data-id=\"929321a\" data-element_type=\"container\">\n\t\t\t\t<div class=\"elementor-element elementor-element-41f2508 elementor-widget elementor-widget-text-editor\" data-id=\"41f2508\" data-element_type=\"widget\" data-widget_type=\"text-editor.default\">\n\t\t\t\t<div class=\"elementor-widget-container\">\n\t\t\t\t\t\t\t\t\t<ul><li>Mesure optique in situ, pas de pollution r\u00e9elle, respectueuse de l'environnement.<\/li><li>Mesure rapide : le cycle de mesure le plus court est de 1 seconde<\/li><li>Cycle long sans entretien, avec sa brosse de nettoyage.<\/li><li>Le mode de communication RS485 permet de connecter rapidement le contr\u00f4leur de compteur et de contr\u00f4ler le capteur.<\/li><li>L'indice de protection IP68 peut \u00eatre utilis\u00e9 dans des environnements difficiles.<\/li><li>Faible consommation d'\u00e9nergie ! Une batterie peut l'alimenter, ce qui est pratique pour le d\u00e9ploiement de l'\u00e9quipement.<\/li><\/ul>\t\t\t\t\t\t\t\t<\/div>\n\t\t\t\t<\/div>\n\t\t\t\t<\/div>\n\t\t<div id=\"e-n-tab-content-1102174132\" role=\"tabpanel\" aria-labelledby=\"e-n-tab-title-1102174132\" data-tab-index=\"2\" style=\"--n-tabs-title-order: 2;\" class=\"elementor-element elementor-element-4dd3403 e-con-full e-flex e-con e-child\" data-id=\"4dd3403\" data-element_type=\"container\">\n\t\t\t\t<div class=\"elementor-element elementor-element-d314ade elementor-widget elementor-widget-heading\" data-id=\"d314ade\" data-element_type=\"widget\" data-widget_type=\"heading.default\">\n\t\t\t\t<div class=\"elementor-widget-container\">\n\t\t\t\t\t<h2 class=\"elementor-heading-title elementor-size-default\">Sp\u00e9cifications<\/h2>\t\t\t\t<\/div>\n\t\t\t\t<\/div>\n\t\t\t\t<div class=\"elementor-element elementor-element-967f201 elementor-widget elementor-widget-text-editor\" data-id=\"967f201\" data-element_type=\"widget\" data-widget_type=\"text-editor.default\">\n\t\t\t\t<div class=\"elementor-widget-container\">\n\t\t\t\t\t\t\t\t\t<p>\n<table id=\"tablepress-51\" class=\"tablepress tablepress-id-51\">\n<thead>\n<tr class=\"row-1\">\n\t<th class=\"column-1\">Objet<\/th><th class=\"column-2\">Sp\u00e9cifications<\/th>\n<\/tr>\n<\/thead>\n<tbody class=\"row-striping row-hover\">\n<tr class=\"row-2\">\n\t<td class=\"column-1\">Principe<\/td><td class=\"column-2\">Absorption spectrale UV-Vis<\/td>\n<\/tr>\n<tr class=\"row-3\">\n\t<td class=\"column-1\">Dimension<\/td><td class=\"column-2\">\u03c645\u00d7325 mm<\/td>\n<\/tr>\n<tr class=\"row-4\">\n\t<td class=\"column-1\">Exigences en mati\u00e8re d'alimentation<\/td><td class=\"column-2\">DC+12V~+24V<\/td>\n<\/tr>\n<tr class=\"row-5\">\n\t<td class=\"column-1\">P\u00e9riode de mesure<\/td><td class=\"column-2\">1 seconde \u00e0 65535 secondes<\/td>\n<\/tr>\n<tr class=\"row-6\">\n\t<td class=\"column-1\">Temp\u00e9rature de fonctionnement<\/td><td class=\"column-2\">0 \u00e0 50\u2103<\/td>\n<\/tr>\n<tr class=\"row-7\">\n\t<td class=\"column-1\">Pression<\/td><td class=\"column-2\">6 bars<\/td>\n<\/tr>\n<tr class=\"row-8\">\n\t<td class=\"column-1\">Puissance<\/td><td class=\"column-2\">&lt; 6 W<\/td>\n<\/tr>\n<tr class=\"row-9\">\n\t<td class=\"column-1\">Mat\u00e9riau<\/td><td class=\"column-2\">AISI 316L, alliage de titane disponible<\/td>\n<\/tr>\n<tr class=\"row-10\">\n\t<td class=\"column-1\">M\u00e9thode de nettoyage<\/td><td class=\"column-2\">Brosse de nettoyage<\/td>\n<\/tr>\n<tr class=\"row-11\">\n\t<td class=\"column-1\">Indice de protection IP<\/td><td class=\"column-2\">IP68<\/td>\n<\/tr>\n<tr class=\"row-12\">\n\t<td class=\"column-1\">D\u00e9bit de l'\u00e9chantillon<\/td><td class=\"column-2\"><3 m\/s<\/td>\n<\/tr>\n<tr class=\"row-13\">\n\t<td class=\"column-1\">Communication<\/td><td class=\"column-2\">RS485 (Modbus RTU)<\/td>\n<\/tr>\n<\/tbody>\n<\/table>\n<!-- #tablepress-51 from cache --><\/p>\t\t\t\t\t\t\t\t<\/div>\n\t\t\t\t<\/div>\n\t\t\t\t<div class=\"elementor-element elementor-element-97f4b42 elementor-widget elementor-widget-heading\" data-id=\"97f4b42\" data-element_type=\"widget\" data-widget_type=\"heading.default\">\n\t\t\t\t<div class=\"elementor-widget-container\">\n\t\t\t\t\t<h2 class=\"elementor-heading-title elementor-size-default\">Param\u00e8tres<\/h2>\t\t\t\t<\/div>\n\t\t\t\t<\/div>\n\t\t\t\t<div class=\"elementor-element elementor-element-cd5b5d9 elementor-widget elementor-widget-text-editor\" data-id=\"cd5b5d9\" data-element_type=\"widget\" data-widget_type=\"text-editor.default\">\n\t\t\t\t<div class=\"elementor-widget-container\">\n\t\t\t\t\t\t\t\t\t<p>\n<table id=\"tablepress-30\" class=\"tablepress tablepress-id-30 tbody-has-connected-cells\">\n<thead>\n<tr class=\"row-1\">\n\t<th class=\"column-1\">Param\u00e8tres<\/th><th class=\"column-2\">Num\u00e9ro de mod\u00e8le<\/th><th class=\"column-3\">Gamme<\/th><th class=\"column-4\">R\u00e9solution<\/th><th class=\"column-5\">Pr\u00e9cision<br \/>\n\uff08Standard solution\uff09<\/th>\n<\/tr>\n<\/thead>\n<tbody class=\"row-striping row-hover\">\n<tr class=\"row-2\">\n\t<td rowspan=\"2\" class=\"column-1\">COD<\/td><td class=\"column-2\">SPS-D-L10-P05<\/td><td class=\"column-3\">0-500 mg\/L<\/td><td class=\"column-4\">0,01 mg\/L<\/td><td class=\"column-5\">\u00b12,5% ou \u00b12,5 mg\/L<\/td>\n<\/tr>\n<tr class=\"row-3\">\n\t<td class=\"column-2\">SPS-D-L05-P05<\/td><td class=\"column-3\">0-1000 mg\/L<\/td><td class=\"column-4\">0,01 mg\/L<\/td><td class=\"column-5\">\u00b12,5% ou \u00b12,5 mg\/L<\/td>\n<\/tr>\n<tr class=\"row-4\">\n\t<td rowspan=\"2\" class=\"column-1\">TOC<\/td><td class=\"column-2\">SPS-D-L10-P05<\/td><td class=\"column-3\">0\uff5e200 mg\/L<\/td><td class=\"column-4\">0,01 mg\/L<\/td><td class=\"column-5\">\u00b12,5% ou \u00b12,5 mg\/L<\/td>\n<\/tr>\n<tr class=\"row-5\">\n\t<td class=\"column-2\">SPS-D-L05-P05<\/td><td class=\"column-3\">0\uff5e400 mg\/L<\/td><td class=\"column-4\">0,01 mg\/L<\/td><td class=\"column-5\">\u00b12,5% ou \u00b12,5 mg\/L<\/td>\n<\/tr>\n<tr class=\"row-6\">\n\t<td rowspan=\"2\" class=\"column-1\">BOD<\/td><td class=\"column-2\">SPS-D-L10-P05<\/td><td class=\"column-3\">0-300 mg\/L<\/td><td class=\"column-4\">0,01 mg\/L<\/td><td class=\"column-5\">\u00b12,5% ou \u00b12,5 mg\/L<\/td>\n<\/tr>\n<tr class=\"row-7\">\n\t<td class=\"column-2\">SPS-D-L05-P05<\/td><td class=\"column-3\">0-600 mg\/L<\/td><td class=\"column-4\">0,01 mg\/L<\/td><td class=\"column-5\">\u00b12,5% ou \u00b12,5 mg\/L<\/td>\n<\/tr>\n<tr class=\"row-8\">\n\t<td rowspan=\"2\" class=\"column-1\">TUR<\/td><td class=\"column-2\">SPS-D-L10-P05<\/td><td class=\"column-3\">0-500 NTU<\/td><td class=\"column-4\">0,01 NTU<\/td><td class=\"column-5\">\u00b12,5% ou \u00b15 NTU<\/td>\n<\/tr>\n<tr class=\"row-9\">\n\t<td class=\"column-2\">SPS-D-L05-P05<\/td><td class=\"column-3\">0-1000 NTU<\/td><td class=\"column-4\">0,01 NTU<\/td><td class=\"column-5\">\u00b12,5% ou \u00b110 NTU<\/td>\n<\/tr>\n<tr class=\"row-10\">\n\t<td rowspan=\"2\" class=\"column-1\">TSS<\/td><td class=\"column-2\">SPS-D-L10-P05<\/td><td class=\"column-3\">0-500 mg\/L<\/td><td class=\"column-4\">1 mg\/L<\/td><td class=\"column-5\">\u00b15% ou \u00b15 mg\/L<\/td>\n<\/tr>\n<tr class=\"row-11\">\n\t<td class=\"column-2\">SPS-D-L05-P05<\/td><td class=\"column-3\">0-1000 mg\/L<\/td><td class=\"column-4\">1 mg\/L<\/td><td class=\"column-5\">\u00b15% ou \u00b110 mg\/L<\/td>\n<\/tr>\n<tr class=\"row-12\">\n\t<td rowspan=\"2\" class=\"column-1\">UV254<\/td><td class=\"column-2\">SPS-D-L10-P05<\/td><td class=\"column-3\">0-400<\/td><td class=\"column-4\">0.01<\/td><td class=\"column-5\">\u00b12,5% ou \u00b12,5<\/td>\n<\/tr>\n<tr class=\"row-13\">\n\t<td class=\"column-2\">SPS-D-L05-P05<\/td><td class=\"column-3\">0-850<\/td><td class=\"column-4\">0.01<\/td><td class=\"column-5\">\u00b12,5% ou \u00b12,5<\/td>\n<\/tr>\n<tr class=\"row-14\">\n\t<td class=\"column-1\">Temp\u00e9rature<\/td><td class=\"column-2\">SPS-D-Lxx-P05<\/td><td class=\"column-3\">0-60 \u00b0C<\/td><td class=\"column-4\">0.0625 \u00b0C<\/td><td class=\"column-5\">\u00b11 \u00b0C<\/td>\n<\/tr>\n<\/tbody>\n<\/table>\n<!-- #tablepress-30 from cache --><\/p>\t\t\t\t\t\t\t\t<\/div>\n\t\t\t\t<\/div>\n\t\t\t\t<\/div>\n\t\t<div id=\"e-n-tab-content-1102174133\" role=\"tabpanel\" aria-labelledby=\"e-n-tab-title-1102174133\" data-tab-index=\"3\" style=\"--n-tabs-title-order: 3;\" class=\"elementor-element elementor-element-7605dbf e-flex e-con-boxed e-con e-child\" data-id=\"7605dbf\" data-element_type=\"container\">\n\t\t\t\t\t<div class=\"e-con-inner\">\n\t\t<div class=\"elementor-element elementor-element-be3a523 e-con-full e-flex e-con e-child\" data-id=\"be3a523\" data-element_type=\"container\">\n\t\t<div class=\"elementor-element elementor-element-89581a0 e-con-full e-flex e-con e-child\" data-id=\"89581a0\" data-element_type=\"container\">\n\t\t\t\t<div class=\"elementor-element elementor-element-5aeb26d elementor-widget__width-initial elementor-widget elementor-widget-text-editor\" data-id=\"5aeb26d\" data-element_type=\"widget\" data-widget_type=\"text-editor.default\">\n\t\t\t\t<div class=\"elementor-widget-container\">\n\t\t\t\t\t\t\t\t\t<p><strong>Fiche technique SPS-D<\/strong><\/p>\t\t\t\t\t\t\t\t<\/div>\n\t\t\t\t<\/div>\n\t\t\t\t<div class=\"elementor-element elementor-element-e195e66 elementor-widget__width-initial elementor-view-default elementor-widget elementor-widget-icon\" data-id=\"e195e66\" data-element_type=\"widget\" data-widget_type=\"icon.default\">\n\t\t\t\t<div class=\"elementor-widget-container\">\n\t\t\t\t\t\t\t<div class=\"elementor-icon-wrapper\">\n\t\t\t<a class=\"elementor-icon\" href=\"http:\/\/www.specsens.com\/wp-content\/uploads\/2025\/02\/SPS-D-Dual-Wavelength-Spectrum-Water-Quality-Sensor-Datasheet-1.pdf\" target=\"_blank\">\n\t\t\t<svg aria-hidden=\"true\" class=\"e-font-icon-svg e-fas-download\" viewbox=\"0 0 512 512\" xmlns=\"http:\/\/www.w3.org\/2000\/svg\"><path d=\"M216 0h80c13.3 0 24 10.7 24 24v168h87.7c17.8 0 26.7 21.5 14.1 34.1L269.7 378.3c-7.5 7.5-19.8 7.5-27.3 0L90.1 226.1c-12.6-12.6-3.7-34.1 14.1-34.1H192V24c0-13.3 10.7-24 24-24zm296 376v112c0 13.3-10.7 24-24 24H24c-13.3 0-24-10.7-24-24V376c0-13.3 10.7-24 24-24h146.7l49 49c20.1 20.1 52.5 20.1 72.6 0l49-49H488c13.3 0 24 10.7 24 24zm-124 88c0-11-9-20-20-20s-20 9-20 20 9 20 20 20 20-9 20-20zm64 0c0-11-9-20-20-20s-20 9-20 20 9 20 20 20 20-9 20-20z\"><\/path><\/svg>\t\t\t<\/a>\n\t\t<\/div>\n\t\t\t\t\t\t<\/div>\n\t\t\t\t<\/div>\n\t\t\t\t<\/div>\n\t\t<div class=\"elementor-element elementor-element-fef74d2 e-con-full e-flex e-con e-child\" data-id=\"fef74d2\" data-element_type=\"container\">\n\t\t\t\t<div class=\"elementor-element elementor-element-5dff0a8 elementor-widget__width-initial elementor-widget elementor-widget-text-editor\" data-id=\"5dff0a8\" data-element_type=\"widget\" data-widget_type=\"text-editor.default\">\n\t\t\t\t<div class=\"elementor-widget-container\">\n\t\t\t\t\t\t\t\t\t<p><strong>Brochure Specsens<\/strong><\/p>\t\t\t\t\t\t\t\t<\/div>\n\t\t\t\t<\/div>\n\t\t\t\t<div class=\"elementor-element elementor-element-d7f6be5 elementor-widget__width-initial elementor-view-default elementor-widget elementor-widget-icon\" data-id=\"d7f6be5\" data-element_type=\"widget\" data-widget_type=\"icon.default\">\n\t\t\t\t<div class=\"elementor-widget-container\">\n\t\t\t\t\t\t\t<div class=\"elementor-icon-wrapper\">\n\t\t\t<a class=\"elementor-icon\" href=\"http:\/\/www.specsens.com\/wp-content\/uploads\/2025\/02\/Specsens-Brochure-2024.10.31.pdf\" target=\"_blank\">\n\t\t\t<svg aria-hidden=\"true\" class=\"e-font-icon-svg e-fas-download\" viewbox=\"0 0 512 512\" xmlns=\"http:\/\/www.w3.org\/2000\/svg\"><path d=\"M216 0h80c13.3 0 24 10.7 24 24v168h87.7c17.8 0 26.7 21.5 14.1 34.1L269.7 378.3c-7.5 7.5-19.8 7.5-27.3 0L90.1 226.1c-12.6-12.6-3.7-34.1 14.1-34.1H192V24c0-13.3 10.7-24 24-24zm296 376v112c0 13.3-10.7 24-24 24H24c-13.3 0-24-10.7-24-24V376c0-13.3 10.7-24 24-24h146.7l49 49c20.1 20.1 52.5 20.1 72.6 0l49-49H488c13.3 0 24 10.7 24 24zm-124 88c0-11-9-20-20-20s-20 9-20 20 9 20 20 20 20-9 20-20zm64 0c0-11-9-20-20-20s-20 9-20 20 9 20 20 20 20-9 20-20z\"><\/path><\/svg>\t\t\t<\/a>\n\t\t<\/div>\n\t\t\t\t\t\t<\/div>\n\t\t\t\t<\/div>\n\t\t\t\t<\/div>\n\t\t\t\t<\/div>\n\t\t\t\t\t<\/div>\n\t\t\t\t<\/div>\n\t\t\t\t\t<\/div>\n\t\t<\/div>\n\t\t\t\t\t\t<\/div>\n\t\t\t\t<\/div>\n\t\t\t\t\t<\/div>\n\t\t\t\t<\/div>\n\t\t<div class=\"elementor-element elementor-element-19f2244 e-flex e-con-boxed e-con e-parent\" data-id=\"19f2244\" data-element_type=\"container\">\n\t\t\t\t\t<div class=\"e-con-inner\">\n\t\t\t\t<div class=\"elementor-element elementor-element-90c1a82 elementor-widget-divider--view-line_icon elementor-view-default elementor-widget-divider--element-align-center elementor-widget elementor-widget-divider\" data-id=\"90c1a82\" data-element_type=\"widget\" data-widget_type=\"divider.default\">\n\t\t\t\t<div class=\"elementor-widget-container\">\n\t\t\t\t\t\t\t<div class=\"elementor-divider\">\n\t\t\t<span class=\"elementor-divider-separator\">\n\t\t\t\t\t\t\t<div class=\"elementor-icon elementor-divider__element\">\n\t\t\t\t\t<svg aria-hidden=\"true\" class=\"e-font-icon-svg e-fas-arrows-alt-h\" viewbox=\"0 0 512 512\" xmlns=\"http:\/\/www.w3.org\/2000\/svg\"><path d=\"M377.941 169.941V216H134.059v-46.059c0-21.382-25.851-32.09-40.971-16.971L7.029 239.029c-9.373 9.373-9.373 24.568 0 33.941l86.059 86.059c15.119 15.119 40.971 4.411 40.971-16.971V296h243.882v46.059c0 21.382 25.851 32.09 40.971 16.971l86.059-86.059c9.373-9.373 9.373-24.568 0-33.941l-86.059-86.059c-15.119-15.12-40.971-4.412-40.971 16.97z\"><\/path><\/svg><\/div>\n\t\t\t\t\t\t<\/span>\n\t\t<\/div>\n\t\t\t\t\t\t<\/div>\n\t\t\t\t<\/div>\n\t\t\t\t\t<\/div>\n\t\t\t\t<\/div>\n\t\t<div class=\"elementor-element elementor-element-df9f0f9 e-flex e-con-boxed e-con e-parent\" data-id=\"df9f0f9\" data-element_type=\"container\">\n\t\t\t\t\t<div class=\"e-con-inner\">\n\t\t\t\t<div class=\"elementor-element elementor-element-35bc91f elementor-widget elementor-widget-heading\" data-id=\"35bc91f\" data-element_type=\"widget\" data-widget_type=\"heading.default\">\n\t\t\t\t<div class=\"elementor-widget-container\">\n\t\t\t\t\t<h2 class=\"elementor-heading-title elementor-size-default\">Application<\/h2>\t\t\t\t<\/div>\n\t\t\t\t<\/div>\n\t\t<div class=\"elementor-element elementor-element-2b67cf4 e-con-full e-flex e-con e-child\" data-id=\"2b67cf4\" data-element_type=\"container\">\n\t\t<div class=\"elementor-element elementor-element-eb76176 e-con-full e-flex e-con e-child\" data-id=\"eb76176\" data-element_type=\"container\">\n\t\t<div class=\"elementor-element elementor-element-3119c55 e-con-full e-flex e-con e-child\" data-id=\"3119c55\" data-element_type=\"container\">\n\t\t\t\t<div class=\"elementor-element elementor-element-f9522e4 elementor-position-top elementor-widget elementor-widget-image-box\" data-id=\"f9522e4\" data-element_type=\"widget\" data-widget_type=\"image-box.default\">\n\t\t\t\t<div class=\"elementor-widget-container\">\n\t\t\t\t\t<div class=\"elementor-image-box-wrapper\"><figure class=\"elementor-image-box-img\"><a href=\"https:\/\/www.specsens.com\/fr\/sewage-discharge-pollution-monitoring\/\" tabindex=\"-1\"><img fetchpriority=\"high\" decoding=\"async\" width=\"380\" height=\"420\" src=\"https:\/\/www.specsens.com\/wp-content\/uploads\/2025\/02\/sewage-pipeline-monitoring.webp\" class=\"attachment-full size-full wp-image-3777 wp-post-image\" alt=\"sewage pipeline monitoring\" srcset=\"https:\/\/www.specsens.com\/wp-content\/uploads\/2025\/02\/sewage-pipeline-monitoring.webp 380w, https:\/\/www.specsens.com\/wp-content\/uploads\/2025\/02\/sewage-pipeline-monitoring-271x300.webp 271w, https:\/\/www.specsens.com\/wp-content\/uploads\/2025\/02\/sewage-pipeline-monitoring-11x12.webp 11w\" sizes=\"(max-width: 380px) 100vw, 380px\" \/><\/a><\/figure><div class=\"elementor-image-box-content\"><h5 class=\"elementor-image-box-title\"><a href=\"https:\/\/www.specsens.com\/fr\/sewage-discharge-pollution-monitoring\/\">Surveillance de la pollution due aux rejets d'eaux us\u00e9es<\/a><\/h5><p class=\"elementor-image-box-description\">surveiller en temps r\u00e9el la dynamique des eaux us\u00e9es en amont et en aval.<\/p><\/div><\/div>\t\t\t\t<\/div>\n\t\t\t\t<\/div>\n\t\t\t\t<\/div>\n\t\t<div class=\"elementor-element elementor-element-d6e9b96 e-con-full e-flex e-con e-child\" data-id=\"d6e9b96\" data-element_type=\"container\">\n\t\t\t\t<div class=\"elementor-element elementor-element-1add587 elementor-position-top elementor-widget elementor-widget-image-box\" data-id=\"1add587\" data-element_type=\"widget\" data-widget_type=\"image-box.default\">\n\t\t\t\t<div class=\"elementor-widget-container\">\n\t\t\t\t\t<div class=\"elementor-image-box-wrapper\"><figure class=\"elementor-image-box-img\"><a href=\"https:\/\/www.specsens.com\/fr\/sewage-treatment-plant-installation-case\/\" tabindex=\"-1\"><img decoding=\"async\" width=\"380\" height=\"420\" src=\"https:\/\/www.specsens.com\/wp-content\/uploads\/2025\/04\/Sewage-Treatment-plant-water-sensor-analying-1.webp\" class=\"attachment-full size-full wp-image-3813 wp-post-image\" alt=\"Sewage Treatment plant water sensor analying\" srcset=\"https:\/\/www.specsens.com\/wp-content\/uploads\/2025\/04\/Sewage-Treatment-plant-water-sensor-analying-1.webp 380w, https:\/\/www.specsens.com\/wp-content\/uploads\/2025\/04\/Sewage-Treatment-plant-water-sensor-analying-1-271x300.webp 271w, https:\/\/www.specsens.com\/wp-content\/uploads\/2025\/04\/Sewage-Treatment-plant-water-sensor-analying-1-11x12.webp 11w\" sizes=\"(max-width: 380px) 100vw, 380px\" \/><\/a><\/figure><div class=\"elementor-image-box-content\"><h5 class=\"elementor-image-box-title\"><a href=\"https:\/\/www.specsens.com\/fr\/sewage-treatment-plant-installation-case\/\">Optimisation du traitement des eaux us\u00e9es<\/a><\/h5><p class=\"elementor-image-box-description\">Surveillance en temps r\u00e9el pour contr\u00f4ler le mouvement des eaux us\u00e9es et emp\u00eacher qu'elles ne se d\u00e9versent dans des masses d'eau pollu\u00e9es.<\/p><\/div><\/div>\t\t\t\t<\/div>\n\t\t\t\t<\/div>\n\t\t\t\t<\/div>\n\t\t<div class=\"elementor-element elementor-element-bcfe200 e-con-full e-flex e-con e-child\" data-id=\"bcfe200\" data-element_type=\"container\">\n\t\t\t\t<div class=\"elementor-element elementor-element-547f1a6 elementor-position-top elementor-widget elementor-widget-image-box\" data-id=\"547f1a6\" data-element_type=\"widget\" data-widget_type=\"image-box.default\">\n\t\t\t\t<div class=\"elementor-widget-container\">\n\t\t\t\t\t<div class=\"elementor-image-box-wrapper\"><figure class=\"elementor-image-box-img\"><a href=\"https:\/\/www.specsens.com\/fr\/rural-sewage-treatment-monitoring\/\" tabindex=\"-1\"><img decoding=\"async\" width=\"380\" height=\"420\" src=\"https:\/\/www.specsens.com\/wp-content\/uploads\/2025\/04\/sewage-treatment-plant-water-quality-sensors-1.webp\" class=\"attachment-full size-full wp-image-3812 wp-post-image\" alt=\"sewage treatment plant water quality analyzer\" srcset=\"https:\/\/www.specsens.com\/wp-content\/uploads\/2025\/04\/sewage-treatment-plant-water-quality-sensors-1.webp 380w, https:\/\/www.specsens.com\/wp-content\/uploads\/2025\/04\/sewage-treatment-plant-water-quality-sensors-1-271x300.webp 271w, https:\/\/www.specsens.com\/wp-content\/uploads\/2025\/04\/sewage-treatment-plant-water-quality-sensors-1-11x12.webp 11w\" sizes=\"(max-width: 380px) 100vw, 380px\" \/><\/a><\/figure><div class=\"elementor-image-box-content\"><h5 class=\"elementor-image-box-title\"><a href=\"https:\/\/www.specsens.com\/fr\/rural-sewage-treatment-monitoring\/\">Surveillance du traitement des eaux us\u00e9es en milieu rural<\/a><\/h5><p class=\"elementor-image-box-description\">Surveillance du traitement des eaux us\u00e9es rurales \u00e0 raison de 500 tonnes par jour<\/p><\/div><\/div>\t\t\t\t<\/div>\n\t\t\t\t<\/div>\n\t\t\t\t<\/div>\n\t\t<div class=\"elementor-element elementor-element-b7a4630 e-con-full e-flex e-con e-child\" data-id=\"b7a4630\" data-element_type=\"container\">\n\t\t\t\t<\/div>\n\t\t\t\t<\/div>\n\t\t\t\t<\/div>\n\t\t\t\t\t<\/div>\n\t\t\t\t<\/div>\n\t\t\t\t<\/div>","protected":false},"excerpt":{"rendered":"<p>Bas\u00e9 sur le principe de la spectroscopie d'absorption ultraviolette, le capteur \u00e0 double longueur d'onde peut mesurer les composants organiques dans l'eau et poss\u00e8de une fonction de compensation de la turbidit\u00e9, am\u00e9liorant ainsi la pr\u00e9cision de la mesure de l'\u00e9chantillon d'eau.<br \/>\nIl convient \u00e0 la surveillance des eaux us\u00e9es domestiques, des eaux us\u00e9es industrielles, des bassins versants, etc. Par rapport \u00e0 la d\u00e9tection chimique conventionnelle, il pr\u00e9sente les caract\u00e9ristiques suivantes : grande fiabilit\u00e9, absence de pollution et absence de retard. Il permet une surveillance en ligne et en temps r\u00e9el des polluants organiques.<br \/>\nLe capteur de qualit\u00e9 de l'eau \u00e0 double longueur d'onde peut \u00eatre associ\u00e9 \u00e0 notre collecteur de donn\u00e9es de la s\u00e9rie MC et au service en nuage pour r\u00e9aliser une surveillance \u00e0 distance en temps r\u00e9el des donn\u00e9es, du fonctionnement et de la maintenance de l'\u00e9quipement.<\/p>","protected":false},"featured_media":3743,"template":"","meta":{"_joinchat":[]},"product_brand":[],"product_cat":[129,130,131,132,127,128,201,149,151,154,152],"product_tag":[160,158,161,155,159,157,156],"class_list":{"0":"post-2020","1":"product","2":"type-product","3":"status-publish","4":"has-post-thumbnail","6":"product_cat-cod","7":"product_cat-toc","8":"product_cat-bod","9":"product_cat-doc","10":"product_cat-turbidity","11":"product_cat-tss","12":"product_cat-temperature-optical","13":"product_cat-drinking-water","14":"product_cat-municipal-sewage-water","15":"product_cat-industrial-wastewater-monitoring","16":"product_cat-environmental-monitoring","17":"product_tag-bod","18":"product_tag-cod","19":"product_tag-doc","20":"product_tag-temperature","21":"product_tag-toc","22":"product_tag-tss","23":"product_tag-turbidity","25":"first","26":"instock","27":"shipping-taxable","28":"product-type-simple"},"_links":{"self":[{"href":"https:\/\/www.specsens.com\/fr\/wp-json\/wp\/v2\/product\/2020","targetHints":{"allow":["GET"]}}],"collection":[{"href":"https:\/\/www.specsens.com\/fr\/wp-json\/wp\/v2\/product"}],"about":[{"href":"https:\/\/www.specsens.com\/fr\/wp-json\/wp\/v2\/types\/product"}],"version-history":[{"count":35,"href":"https:\/\/www.specsens.com\/fr\/wp-json\/wp\/v2\/product\/2020\/revisions"}],"predecessor-version":[{"id":3877,"href":"https:\/\/www.specsens.com\/fr\/wp-json\/wp\/v2\/product\/2020\/revisions\/3877"}],"wp:featuredmedia":[{"embeddable":true,"href":"https:\/\/www.specsens.com\/fr\/wp-json\/wp\/v2\/media\/3743"}],"wp:attachment":[{"href":"https:\/\/www.specsens.com\/fr\/wp-json\/wp\/v2\/media?parent=2020"}],"wp:term":[{"taxonomy":"product_brand","embeddable":true,"href":"https:\/\/www.specsens.com\/fr\/wp-json\/wp\/v2\/product_brand?post=2020"},{"taxonomy":"product_cat","embeddable":true,"href":"https:\/\/www.specsens.com\/fr\/wp-json\/wp\/v2\/product_cat?post=2020"},{"taxonomy":"product_tag","embeddable":true,"href":"https:\/\/www.specsens.com\/fr\/wp-json\/wp\/v2\/product_tag?post=2020"}],"curies":[{"name":"wp","href":"https:\/\/api.w.org\/{rel}","templated":true}]}}