{"id":2078,"date":"2025-02-11T10:30:11","date_gmt":"2025-02-11T02:30:11","guid":{"rendered":"https:\/\/www.specsens.com\/?post_type=product&#038;p=2078"},"modified":"2025-04-30T11:56:31","modified_gmt":"2025-04-30T03:56:31","slug":"sps-f-c-full-spectrum-water-quality-sensor","status":"publish","type":"product","link":"https:\/\/www.specsens.com\/fr\/produit\/sps-f-c-full-spectrum-water-quality-sensor\/","title":{"rendered":"SPS-F-C Capteur de qualit\u00e9 de l'eau \u00e0 spectre complet"},"content":{"rendered":"<div data-elementor-type=\"product-post\" data-elementor-id=\"2078\" class=\"elementor elementor-2078\" data-elementor-post-type=\"product\">\n\t\t\t\t<div class=\"elementor-element elementor-element-3dce606 e-flex e-con-boxed e-con e-parent\" data-id=\"3dce606\" data-element_type=\"container\">\n\t\t\t\t\t<div class=\"e-con-inner\">\n\t\t\t\t<div class=\"elementor-element elementor-element-691c8c5 e-n-tabs-mobile elementor-widget elementor-widget-n-tabs\" data-id=\"691c8c5\" data-element_type=\"widget\" data-settings=\"{&quot;tabs_justify_horizontal&quot;:&quot;start&quot;,&quot;horizontal_scroll&quot;:&quot;disable&quot;}\" data-widget_type=\"nested-tabs.default\">\n\t\t\t\t<div class=\"elementor-widget-container\">\n\t\t\t\t\t\t\t<div class=\"e-n-tabs\" data-widget-number=\"110217413\" aria-label=\"Onglets. Ouvrez des \u00e9l\u00e9ments avec Entrer ou Espace, fermez-les avec Echape et naviguez \u00e0 l&#039;aide des touches fl\u00e9ch\u00e9es.\">\n\t\t\t<div class=\"e-n-tabs-heading\" role=\"tablist\">\n\t\t\t\t\t<button id=\"e-n-tab-title-1102174131\" class=\"e-n-tab-title\" aria-selected=\"true\" data-tab-index=\"1\" role=\"tab\" tabindex=\"0\" aria-controls=\"e-n-tab-content-1102174131\" style=\"--n-tabs-title-order: 1;\">\n\t\t\t\t\t\t<span class=\"e-n-tab-title-text\">\n\t\t\t\tCaract\u00e9ristiques\t\t\t<\/span>\n\t\t<\/button>\n\t\t\t\t<button id=\"e-n-tab-title-1102174132\" class=\"e-n-tab-title\" aria-selected=\"false\" data-tab-index=\"2\" role=\"tab\" tabindex=\"-1\" aria-controls=\"e-n-tab-content-1102174132\" style=\"--n-tabs-title-order: 2;\">\n\t\t\t\t\t\t<span class=\"e-n-tab-title-text\">\n\t\t\t\tSp\u00e9cifications\t\t\t<\/span>\n\t\t<\/button>\n\t\t\t\t<button id=\"e-n-tab-title-1102174133\" class=\"e-n-tab-title\" aria-selected=\"false\" data-tab-index=\"3\" role=\"tab\" tabindex=\"-1\" aria-controls=\"e-n-tab-content-1102174133\" style=\"--n-tabs-title-order: 3;\">\n\t\t\t\t\t\t<span class=\"e-n-tab-title-text\">\n\t\t\t\tT\u00e9l\u00e9charger\t\t\t<\/span>\n\t\t<\/button>\n\t\t\t\t\t<\/div>\n\t\t\t<div class=\"e-n-tabs-content\">\n\t\t\t\t<div id=\"e-n-tab-content-1102174131\" role=\"tabpanel\" aria-labelledby=\"e-n-tab-title-1102174131\" data-tab-index=\"1\" style=\"--n-tabs-title-order: 1;\" class=\"e-active elementor-element elementor-element-929321a e-con-full e-flex e-con e-child\" data-id=\"929321a\" data-element_type=\"container\">\n\t\t\t\t<div class=\"elementor-element elementor-element-41f2508 elementor-widget elementor-widget-text-editor\" data-id=\"41f2508\" data-element_type=\"widget\" data-widget_type=\"text-editor.default\">\n\t\t\t\t<div class=\"elementor-widget-container\">\n\t\t\t\t\t\t\t\t\t<ul><li style=\"text-align: left;\">Mesure du spectre complet 200~800nm avec plus d'informations spectrales sur les \u00e9chantillons d'eau<\/li><li style=\"text-align: left;\">La reconnaissance des caract\u00e9ristiques de l'eau permet d'identifier le type d'\u00e9chantillon d'eau sur la base des caract\u00e9ristiques de l'eau (empreinte digitale).<\/li><li style=\"text-align: left;\">Mesure optique in situ, pas de consommation de r\u00e9actifs chimiques, respectueux de l'environnement<\/li><li style=\"text-align: left;\">Mesure rapide : le cycle de mesure le plus court est de 1 seconde<\/li><li style=\"text-align: left;\">La p\u00e9riode sans entretien est longue et le capteur est \u00e9quip\u00e9 d'une brosse de nettoyage.<\/li><li style=\"text-align: left;\">Le mode de communication RS485 permet de se connecter rapidement au compteur.<\/li><li style=\"text-align: left;\">L'indice de protection IP68 peut \u00eatre utilis\u00e9 dans des environnements difficiles.<\/li><li style=\"text-align: left;\">Faible consommation d'\u00e9nergie, peut \u00eatre aliment\u00e9 par une batterie, pratique pour le d\u00e9ploiement de l'\u00e9quipement.<\/li><\/ul>\t\t\t\t\t\t\t\t<\/div>\n\t\t\t\t<\/div>\n\t\t\t\t<\/div>\n\t\t<div id=\"e-n-tab-content-1102174132\" role=\"tabpanel\" aria-labelledby=\"e-n-tab-title-1102174132\" data-tab-index=\"2\" style=\"--n-tabs-title-order: 2;\" class=\"elementor-element elementor-element-4dd3403 e-con-full e-flex e-con e-child\" data-id=\"4dd3403\" data-element_type=\"container\">\n\t\t\t\t<div class=\"elementor-element elementor-element-d314ade elementor-widget elementor-widget-heading\" data-id=\"d314ade\" data-element_type=\"widget\" data-widget_type=\"heading.default\">\n\t\t\t\t<div class=\"elementor-widget-container\">\n\t\t\t\t\t<h2 class=\"elementor-heading-title elementor-size-default\">Sp\u00e9cifications<\/h2>\t\t\t\t<\/div>\n\t\t\t\t<\/div>\n\t\t\t\t<div class=\"elementor-element elementor-element-967f201 elementor-widget elementor-widget-text-editor\" data-id=\"967f201\" data-element_type=\"widget\" data-widget_type=\"text-editor.default\">\n\t\t\t\t<div class=\"elementor-widget-container\">\n\t\t\t\t\t\t\t\t\t<p>\n<table id=\"tablepress-21\" class=\"tablepress tablepress-id-21\">\n<thead>\n<tr class=\"row-1\">\n\t<th class=\"column-1\">Objet<\/th><th class=\"column-2\">Sp\u00e9cifications<\/th>\n<\/tr>\n<\/thead>\n<tbody class=\"row-striping row-hover\">\n<tr class=\"row-2\">\n\t<td class=\"column-1\">Principe<\/td><td class=\"column-2\">Ultraviolet-Visible (200nm-800nm)<\/td>\n<\/tr>\n<tr class=\"row-3\">\n\t<td class=\"column-1\">Dimension<\/td><td class=\"column-2\">\u03c666\u00d7536mm<\/td>\n<\/tr>\n<tr class=\"row-4\">\n\t<td class=\"column-1\">Exigences en mati\u00e8re d'alimentation<\/td><td class=\"column-2\">DC+12V~+24V<\/td>\n<\/tr>\n<tr class=\"row-5\">\n\t<td class=\"column-1\">P\u00e9riode de mesure<\/td><td class=\"column-2\">10 secondes \u00e0 65535 secondes<\/td>\n<\/tr>\n<tr class=\"row-6\">\n\t<td class=\"column-1\">Temp\u00e9rature de fonctionnement<\/td><td class=\"column-2\">0 \u00e0 50\u2103<\/td>\n<\/tr>\n<tr class=\"row-7\">\n\t<td class=\"column-1\">Pression<\/td><td class=\"column-2\">6bar<\/td>\n<\/tr>\n<tr class=\"row-8\">\n\t<td class=\"column-1\">Puissance<\/td><td class=\"column-2\">&lt; 8W<\/td>\n<\/tr>\n<tr class=\"row-9\">\n\t<td class=\"column-1\">Mat\u00e9riau<\/td><td class=\"column-2\">AISI 316L, alliage de titane disponible<\/td>\n<\/tr>\n<tr class=\"row-10\">\n\t<td class=\"column-1\">M\u00e9thode de nettoyage<\/td><td class=\"column-2\">Brosse de nettoyage<\/td>\n<\/tr>\n<tr class=\"row-11\">\n\t<td class=\"column-1\">Indice de protection IP<\/td><td class=\"column-2\">IP68<\/td>\n<\/tr>\n<tr class=\"row-12\">\n\t<td class=\"column-1\">D\u00e9bit de l'\u00e9chantillon<\/td><td class=\"column-2\"><3m>\n<\/tr>\n<tr class=\"row-13\">\n\t<td class=\"column-1\">Communication<\/td><td class=\"column-2\">RS485 (Modbus RTU), WiFi, Bluetooth<\/td>\n<\/tr>\n<\/tbody>\n<\/table>\n<!-- #tablepress-21 from cache --><\/p>\t\t\t\t\t\t\t\t<\/div>\n\t\t\t\t<\/div>\n\t\t\t\t<div class=\"elementor-element elementor-element-97f4b42 elementor-widget elementor-widget-heading\" data-id=\"97f4b42\" data-element_type=\"widget\" data-widget_type=\"heading.default\">\n\t\t\t\t<div class=\"elementor-widget-container\">\n\t\t\t\t\t<h2 class=\"elementor-heading-title elementor-size-default\">Param\u00e8tres<\/h2>\t\t\t\t<\/div>\n\t\t\t\t<\/div>\n\t\t\t\t<div class=\"elementor-element elementor-element-cd5b5d9 elementor-widget elementor-widget-text-editor\" data-id=\"cd5b5d9\" data-element_type=\"widget\" data-widget_type=\"text-editor.default\">\n\t\t\t\t<div class=\"elementor-widget-container\">\n\t\t\t\t\t\t\t\t\t<p>\n<table id=\"tablepress-33\" class=\"tablepress tablepress-id-33 tbody-has-connected-cells\">\n<thead>\n<tr class=\"row-1\">\n\t<th class=\"column-1\">Param\u00e8tres<\/th><th class=\"column-2\">Num\u00e9ro de mod\u00e8le<\/th><th class=\"column-3\">Gamme<\/th><th class=\"column-4\">R\u00e9solution<\/th><th class=\"column-5\">Pr\u00e9cision<br \/>\n\uff08Standard solution\uff09<\/th>\n<\/tr>\n<\/thead>\n<tbody class=\"row-striping row-hover\">\n<tr class=\"row-2\">\n\t<td rowspan=\"2\" class=\"column-1\">COD<\/td><td class=\"column-2\">80 mm (typique)<\/td><td class=\"column-3\">0-15 mg\/L<\/td><td class=\"column-4\">0,01 mg\/L<\/td><td class=\"column-5\">\u00b10,5 mg\/L<\/td>\n<\/tr>\n<tr class=\"row-3\">\n\t<td class=\"column-2\">40 mm (Min)<\/td><td class=\"column-3\">0-50 mg\/L<\/td><td class=\"column-4\">0,01 mg\/L<\/td><td class=\"column-5\">\u00b13% ou \u00b11 mg\/L<\/td>\n<\/tr>\n<tr class=\"row-4\">\n\t<td rowspan=\"2\" class=\"column-1\">TUR<\/td><td class=\"column-2\">80 mm (typique)<\/td><td class=\"column-3\">0-15 NTU<\/td><td class=\"column-4\">0,01 NTU<\/td><td class=\"column-5\">\u00b11 NTU<\/td>\n<\/tr>\n<tr class=\"row-5\">\n\t<td class=\"column-2\">40 mm (Min)<\/td><td class=\"column-3\">0-50 NTU<\/td><td class=\"column-4\">0,01 NTU<\/td><td class=\"column-5\">\u00b15% ou \u00b11 NTU<\/td>\n<\/tr>\n<tr class=\"row-6\">\n\t<td rowspan=\"2\" class=\"column-1\">NO3-N<\/td><td class=\"column-2\">80 mm (typique)<\/td><td class=\"column-3\">0-0,5 mg\/L<\/td><td class=\"column-4\">0,01 mg\/L<\/td><td class=\"column-5\">\u00b10,05 mg\/L<\/td>\n<\/tr>\n<tr class=\"row-7\">\n\t<td class=\"column-2\">40 mm (Min)<\/td><td class=\"column-3\">0-2,5 mg\/L<\/td><td class=\"column-4\">0,01 mg\/L<\/td><td class=\"column-5\">\u00b10,1 mg\/L<\/td>\n<\/tr>\n<tr class=\"row-8\">\n\t<td rowspan=\"2\" class=\"column-1\">O<sub>3<\/sub><\/td><td class=\"column-2\">100 mm (typique)<\/td><td class=\"column-3\">0-0,5 mg\/L<\/td><td class=\"column-4\">0,001 mg\/L<\/td><td class=\"column-5\">\u00b15% F.S.<\/td>\n<\/tr>\n<tr class=\"row-9\">\n\t<td class=\"column-2\">40 mm (Min)<\/td><td class=\"column-3\">0-1,5 mg\/L <\/td><td class=\"column-4\">0,01 mg\/L<\/td><td class=\"column-5\">\u00b15% F.S.<\/td>\n<\/tr>\n<tr class=\"row-10\">\n\t<td rowspan=\"2\" class=\"column-1\">TOC<\/td><td class=\"column-2\">80 mm (typique)<\/td><td class=\"column-3\">0-6 mg\/L<\/td><td class=\"column-4\">0,01 mg\/L<\/td><td class=\"column-5\">\u00b10,3 mg\/L<\/td>\n<\/tr>\n<tr class=\"row-11\">\n\t<td class=\"column-2\">40 mm (Min)<\/td><td class=\"column-3\">0-10 mg\/L <\/td><td class=\"column-4\">0,01 mg\/L<\/td><td class=\"column-5\">\u00b10,5 mg\/L<\/td>\n<\/tr>\n<tr class=\"row-12\">\n\t<td rowspan=\"2\" class=\"column-1\">Chroma<\/td><td class=\"column-2\">80 mm (typique)<\/td><td class=\"column-3\">0-15 PCU<\/td><td class=\"column-4\">1 PCU<\/td><td class=\"column-5\">\u00b110% F.S.<\/td>\n<\/tr>\n<tr class=\"row-13\">\n\t<td class=\"column-2\">40 mm (Min)<\/td><td class=\"column-3\">0-100 PCU <\/td><td class=\"column-4\">1 PCU<\/td><td class=\"column-5\">\u00b110% F.S.<\/td>\n<\/tr>\n<tr class=\"row-14\">\n\t<td class=\"column-1\">Temp\u00e9rature<\/td><td class=\"column-2\">SPS-F-C<\/td><td class=\"column-3\">0-60 \u00b0C<\/td><td class=\"column-4\">0.0625 \u00b0C<\/td><td class=\"column-5\">\u00b11 \u00b0C<\/td>\n<\/tr>\n<\/tbody>\n<\/table>\n<!-- #tablepress-33 from cache --><\/p>\t\t\t\t\t\t\t\t<\/div>\n\t\t\t\t<\/div>\n\t\t\t\t<\/div>\n\t\t<div id=\"e-n-tab-content-1102174133\" role=\"tabpanel\" aria-labelledby=\"e-n-tab-title-1102174133\" data-tab-index=\"3\" style=\"--n-tabs-title-order: 3;\" class=\"elementor-element elementor-element-7605dbf e-flex e-con-boxed e-con e-child\" data-id=\"7605dbf\" data-element_type=\"container\">\n\t\t\t\t\t<div class=\"e-con-inner\">\n\t\t<div class=\"elementor-element elementor-element-be3a523 e-con-full e-flex e-con e-child\" data-id=\"be3a523\" data-element_type=\"container\">\n\t\t<div class=\"elementor-element elementor-element-89581a0 e-con-full e-flex e-con e-child\" data-id=\"89581a0\" data-element_type=\"container\">\n\t\t\t\t<div class=\"elementor-element elementor-element-5aeb26d elementor-widget__width-initial elementor-widget elementor-widget-text-editor\" data-id=\"5aeb26d\" data-element_type=\"widget\" data-widget_type=\"text-editor.default\">\n\t\t\t\t<div class=\"elementor-widget-container\">\n\t\t\t\t\t\t\t\t\t<p><strong>Fiche technique SPS-F-C<\/strong><\/p>\t\t\t\t\t\t\t\t<\/div>\n\t\t\t\t<\/div>\n\t\t\t\t<div class=\"elementor-element elementor-element-e195e66 elementor-widget__width-initial elementor-view-default elementor-widget elementor-widget-icon\" data-id=\"e195e66\" data-element_type=\"widget\" data-widget_type=\"icon.default\">\n\t\t\t\t<div class=\"elementor-widget-container\">\n\t\t\t\t\t\t\t<div class=\"elementor-icon-wrapper\">\n\t\t\t<a class=\"elementor-icon\" href=\"http:\/\/www.specsens.com\/wp-content\/uploads\/2025\/02\/SPS-F-C-Series-Full-Spectrum-Sensor-Datasheet.pdf\" target=\"_blank\">\n\t\t\t<svg aria-hidden=\"true\" class=\"e-font-icon-svg e-fas-download\" viewbox=\"0 0 512 512\" xmlns=\"http:\/\/www.w3.org\/2000\/svg\"><path d=\"M216 0h80c13.3 0 24 10.7 24 24v168h87.7c17.8 0 26.7 21.5 14.1 34.1L269.7 378.3c-7.5 7.5-19.8 7.5-27.3 0L90.1 226.1c-12.6-12.6-3.7-34.1 14.1-34.1H192V24c0-13.3 10.7-24 24-24zm296 376v112c0 13.3-10.7 24-24 24H24c-13.3 0-24-10.7-24-24V376c0-13.3 10.7-24 24-24h146.7l49 49c20.1 20.1 52.5 20.1 72.6 0l49-49H488c13.3 0 24 10.7 24 24zm-124 88c0-11-9-20-20-20s-20 9-20 20 9 20 20 20 20-9 20-20zm64 0c0-11-9-20-20-20s-20 9-20 20 9 20 20 20 20-9 20-20z\"><\/path><\/svg>\t\t\t<\/a>\n\t\t<\/div>\n\t\t\t\t\t\t<\/div>\n\t\t\t\t<\/div>\n\t\t\t\t<\/div>\n\t\t<div class=\"elementor-element elementor-element-fef74d2 e-con-full e-flex e-con e-child\" data-id=\"fef74d2\" data-element_type=\"container\">\n\t\t\t\t<div class=\"elementor-element elementor-element-5dff0a8 elementor-widget__width-initial elementor-widget elementor-widget-text-editor\" data-id=\"5dff0a8\" data-element_type=\"widget\" data-widget_type=\"text-editor.default\">\n\t\t\t\t<div class=\"elementor-widget-container\">\n\t\t\t\t\t\t\t\t\t<p><strong>Brochure Specsens<\/strong><\/p>\t\t\t\t\t\t\t\t<\/div>\n\t\t\t\t<\/div>\n\t\t\t\t<div class=\"elementor-element elementor-element-d7f6be5 elementor-widget__width-initial elementor-view-default elementor-widget elementor-widget-icon\" data-id=\"d7f6be5\" data-element_type=\"widget\" data-widget_type=\"icon.default\">\n\t\t\t\t<div class=\"elementor-widget-container\">\n\t\t\t\t\t\t\t<div class=\"elementor-icon-wrapper\">\n\t\t\t<a class=\"elementor-icon\" href=\"http:\/\/www.specsens.com\/wp-content\/uploads\/2025\/02\/Specsens-Brochure-2024.10.31.pdf\" target=\"_blank\">\n\t\t\t<svg aria-hidden=\"true\" class=\"e-font-icon-svg e-fas-download\" viewbox=\"0 0 512 512\" xmlns=\"http:\/\/www.w3.org\/2000\/svg\"><path d=\"M216 0h80c13.3 0 24 10.7 24 24v168h87.7c17.8 0 26.7 21.5 14.1 34.1L269.7 378.3c-7.5 7.5-19.8 7.5-27.3 0L90.1 226.1c-12.6-12.6-3.7-34.1 14.1-34.1H192V24c0-13.3 10.7-24 24-24zm296 376v112c0 13.3-10.7 24-24 24H24c-13.3 0-24-10.7-24-24V376c0-13.3 10.7-24 24-24h146.7l49 49c20.1 20.1 52.5 20.1 72.6 0l49-49H488c13.3 0 24 10.7 24 24zm-124 88c0-11-9-20-20-20s-20 9-20 20 9 20 20 20 20-9 20-20zm64 0c0-11-9-20-20-20s-20 9-20 20 9 20 20 20 20-9 20-20z\"><\/path><\/svg>\t\t\t<\/a>\n\t\t<\/div>\n\t\t\t\t\t\t<\/div>\n\t\t\t\t<\/div>\n\t\t\t\t<\/div>\n\t\t\t\t<\/div>\n\t\t\t\t\t<\/div>\n\t\t\t\t<\/div>\n\t\t\t\t\t<\/div>\n\t\t<\/div>\n\t\t\t\t\t\t<\/div>\n\t\t\t\t<\/div>\n\t\t\t\t\t<\/div>\n\t\t\t\t<\/div>\n\t\t<div class=\"elementor-element elementor-element-19f2244 e-flex e-con-boxed e-con e-parent\" data-id=\"19f2244\" data-element_type=\"container\">\n\t\t\t\t\t<div class=\"e-con-inner\">\n\t\t\t\t<div class=\"elementor-element elementor-element-90c1a82 elementor-widget-divider--view-line_icon elementor-view-default elementor-widget-divider--element-align-center elementor-widget elementor-widget-divider\" data-id=\"90c1a82\" data-element_type=\"widget\" data-widget_type=\"divider.default\">\n\t\t\t\t<div class=\"elementor-widget-container\">\n\t\t\t\t\t\t\t<div class=\"elementor-divider\">\n\t\t\t<span class=\"elementor-divider-separator\">\n\t\t\t\t\t\t\t<div class=\"elementor-icon elementor-divider__element\">\n\t\t\t\t\t<svg aria-hidden=\"true\" class=\"e-font-icon-svg e-fas-arrows-alt-h\" viewbox=\"0 0 512 512\" xmlns=\"http:\/\/www.w3.org\/2000\/svg\"><path d=\"M377.941 169.941V216H134.059v-46.059c0-21.382-25.851-32.09-40.971-16.971L7.029 239.029c-9.373 9.373-9.373 24.568 0 33.941l86.059 86.059c15.119 15.119 40.971 4.411 40.971-16.971V296h243.882v46.059c0 21.382 25.851 32.09 40.971 16.971l86.059-86.059c9.373-9.373 9.373-24.568 0-33.941l-86.059-86.059c-15.119-15.12-40.971-4.412-40.971 16.97z\"><\/path><\/svg><\/div>\n\t\t\t\t\t\t<\/span>\n\t\t<\/div>\n\t\t\t\t\t\t<\/div>\n\t\t\t\t<\/div>\n\t\t\t\t\t<\/div>\n\t\t\t\t<\/div>\n\t\t<div class=\"elementor-element elementor-element-df9f0f9 e-flex e-con-boxed e-con e-parent\" data-id=\"df9f0f9\" data-element_type=\"container\">\n\t\t\t\t\t<div class=\"e-con-inner\">\n\t\t\t\t<div class=\"elementor-element elementor-element-35bc91f elementor-widget elementor-widget-heading\" data-id=\"35bc91f\" data-element_type=\"widget\" data-widget_type=\"heading.default\">\n\t\t\t\t<div class=\"elementor-widget-container\">\n\t\t\t\t\t<h2 class=\"elementor-heading-title elementor-size-default\">Application<\/h2>\t\t\t\t<\/div>\n\t\t\t\t<\/div>\n\t\t<div class=\"elementor-element elementor-element-2b67cf4 e-con-full e-flex e-con e-child\" data-id=\"2b67cf4\" data-element_type=\"container\">\n\t\t<div class=\"elementor-element elementor-element-eb76176 e-con-full e-flex e-con e-child\" data-id=\"eb76176\" data-element_type=\"container\">\n\t\t<div class=\"elementor-element elementor-element-3119c55 e-con-full e-flex e-con e-child\" data-id=\"3119c55\" data-element_type=\"container\">\n\t\t\t\t<div class=\"elementor-element elementor-element-f9522e4 elementor-position-top elementor-widget elementor-widget-image-box\" data-id=\"f9522e4\" data-element_type=\"widget\" data-widget_type=\"image-box.default\">\n\t\t\t\t<div class=\"elementor-widget-container\">\n\t\t\t\t\t<div class=\"elementor-image-box-wrapper\"><figure class=\"elementor-image-box-img\"><img fetchpriority=\"high\" decoding=\"async\" width=\"380\" height=\"420\" src=\"https:\/\/www.specsens.com\/wp-content\/uploads\/2024\/05\/service-06.jpg\" class=\"attachment-full size-full wp-image-371\" alt=\"\" srcset=\"https:\/\/www.specsens.com\/wp-content\/uploads\/2024\/05\/service-06.jpg 380w, https:\/\/www.specsens.com\/wp-content\/uploads\/2024\/05\/service-06-271x300.jpg 271w\" sizes=\"(max-width: 380px) 100vw, 380px\" \/><\/figure><div class=\"elementor-image-box-content\"><h5 class=\"elementor-image-box-title\">Surveillance des rivi\u00e8res et des bassins versants<\/h5><p class=\"elementor-image-box-description\">Efficace pour la surveillance de l'influent et de l'effluent dans les eaux us\u00e9es domestiques et industrielles.<\/p><\/div><\/div>\t\t\t\t<\/div>\n\t\t\t\t<\/div>\n\t\t\t\t<\/div>\n\t\t<div class=\"elementor-element elementor-element-d6e9b96 e-con-full e-flex e-con e-child\" data-id=\"d6e9b96\" data-element_type=\"container\">\n\t\t\t\t<div class=\"elementor-element elementor-element-1add587 elementor-position-top elementor-widget elementor-widget-image-box\" data-id=\"1add587\" data-element_type=\"widget\" data-widget_type=\"image-box.default\">\n\t\t\t\t<div class=\"elementor-widget-container\">\n\t\t\t\t\t<div class=\"elementor-image-box-wrapper\"><figure class=\"elementor-image-box-img\"><img fetchpriority=\"high\" decoding=\"async\" width=\"380\" height=\"420\" src=\"https:\/\/www.specsens.com\/wp-content\/uploads\/2024\/05\/service-06.jpg\" class=\"attachment-full size-full wp-image-371\" alt=\"\" srcset=\"https:\/\/www.specsens.com\/wp-content\/uploads\/2024\/05\/service-06.jpg 380w, https:\/\/www.specsens.com\/wp-content\/uploads\/2024\/05\/service-06-271x300.jpg 271w\" sizes=\"(max-width: 380px) 100vw, 380px\" \/><\/figure><div class=\"elementor-image-box-content\"><h5 class=\"elementor-image-box-title\">Optimisation du traitement des eaux us\u00e9es<\/h5><p class=\"elementor-image-box-description\">Il contribue \u00e0 l'efficacit\u00e9 du processus de traitement en fournissant des donn\u00e9es exploitables pour l'ajustement des param\u00e8tres.<\/p><\/div><\/div>\t\t\t\t<\/div>\n\t\t\t\t<\/div>\n\t\t\t\t<\/div>\n\t\t<div class=\"elementor-element elementor-element-bcfe200 e-con-full e-flex e-con e-child\" data-id=\"bcfe200\" data-element_type=\"container\">\n\t\t\t\t<div class=\"elementor-element elementor-element-547f1a6 elementor-position-top elementor-widget elementor-widget-image-box\" data-id=\"547f1a6\" data-element_type=\"widget\" data-widget_type=\"image-box.default\">\n\t\t\t\t<div class=\"elementor-widget-container\">\n\t\t\t\t\t<div class=\"elementor-image-box-wrapper\"><figure class=\"elementor-image-box-img\"><img fetchpriority=\"high\" decoding=\"async\" width=\"380\" height=\"420\" src=\"https:\/\/www.specsens.com\/wp-content\/uploads\/2024\/05\/service-06.jpg\" class=\"attachment-full size-full wp-image-371\" alt=\"\" srcset=\"https:\/\/www.specsens.com\/wp-content\/uploads\/2024\/05\/service-06.jpg 380w, https:\/\/www.specsens.com\/wp-content\/uploads\/2024\/05\/service-06-271x300.jpg 271w\" sizes=\"(max-width: 380px) 100vw, 380px\" \/><\/figure><div class=\"elementor-image-box-content\"><h5 class=\"elementor-image-box-title\">R\u00e9seaux d'eau urbains<\/h5><p class=\"elementor-image-box-description\">Contr\u00f4ler la qualit\u00e9 de l'eau dans les r\u00e9seaux de canalisations municipales afin d'en assurer la conformit\u00e9 et la qualit\u00e9.<\/p><\/div><\/div>\t\t\t\t<\/div>\n\t\t\t\t<\/div>\n\t\t\t\t<\/div>\n\t\t<div class=\"elementor-element elementor-element-b7a4630 e-con-full e-flex e-con e-child\" data-id=\"b7a4630\" data-element_type=\"container\">\n\t\t\t\t<div class=\"elementor-element elementor-element-60315ff elementor-position-top elementor-widget elementor-widget-image-box\" data-id=\"60315ff\" data-element_type=\"widget\" data-widget_type=\"image-box.default\">\n\t\t\t\t<div class=\"elementor-widget-container\">\n\t\t\t\t\t<div class=\"elementor-image-box-wrapper\"><figure class=\"elementor-image-box-img\"><img fetchpriority=\"high\" decoding=\"async\" width=\"380\" height=\"420\" src=\"https:\/\/www.specsens.com\/wp-content\/uploads\/2024\/05\/service-06.jpg\" class=\"attachment-full size-full wp-image-371\" alt=\"\" srcset=\"https:\/\/www.specsens.com\/wp-content\/uploads\/2024\/05\/service-06.jpg 380w, https:\/\/www.specsens.com\/wp-content\/uploads\/2024\/05\/service-06-271x300.jpg 271w\" sizes=\"(max-width: 380px) 100vw, 380px\" \/><\/figure><div class=\"elementor-image-box-content\"><h5 class=\"elementor-image-box-title\"> Masses d'eau environnementales<\/h5><p class=\"elementor-image-box-description\">Id\u00e9al pour la surveillance des bassins, des eaux de surface et des eaux souterraines.<\/p><\/div><\/div>\t\t\t\t<\/div>\n\t\t\t\t<\/div>\n\t\t\t\t<\/div>\n\t\t\t\t<\/div>\n\t\t\t\t<\/div>\n\t\t\t\t\t<\/div>\n\t\t\t\t<\/div>\n\t\t\t\t<\/div>","protected":false},"excerpt":{"rendered":"<p>Le capteur \u00e0 spectre complet adopte le principe de mesure de la spectroscopie d'absorption UV-Vis pour surveiller les informations du \"motif lumineux\" (empreinte digitale) dans la plage de longueur d'onde de 200 \u00e0 800 nm en ligne en temps r\u00e9el et r\u00e9aliser des mesures multiparam\u00e8tres gr\u00e2ce \u00e0 l'algorithme AI, y compris O3, DCO, COT, COD, DBO, TUR, TSS, nitrate, chroma, etc.<br \/>\nLa s\u00e9rie SPS-F-C \u00e0 spectre complet adopte une conception de plage de mesure configurable, avec une plage de mesure de 40 mm-150 mm qui peut \u00eatre r\u00e9gl\u00e9e en continu. Il prend en charge le nettoyage automatique des fen\u00eatres et peut \u00eatre utilis\u00e9 pour diverses mesures de la qualit\u00e9 de l'eau ; il peut \u00eatre install\u00e9 in situ et en flux continu.<br \/>\nIl est principalement utilis\u00e9 pour la surveillance en ligne et en temps r\u00e9el de la qualit\u00e9 de l'eau dans les usines de production d'eau, les r\u00e9seaux de distribution d'eau et l'approvisionnement en eau secondaire, ainsi que pour la surveillance en ligne de la qualit\u00e9 des eaux de surface et des eaux souterraines.<\/p>","protected":false},"featured_media":3746,"template":"","meta":{"_joinchat":[]},"product_brand":[],"product_cat":[129,130,131,132,133,134,137,135,136,127,128,138,201,149,151,154,152],"product_tag":[160,158,171,161,202,174,182,175,163,155,159,157,156],"class_list":{"0":"post-2078","1":"product","2":"type-product","3":"status-publish","4":"has-post-thumbnail","6":"product_cat-cod","7":"product_cat-toc","8":"product_cat-bod","9":"product_cat-doc","10":"product_cat-no-n","12":"product_cat-color","13":"product_cat-no","15":"product_cat-turbidity","16":"product_cat-tss","17":"product_cat-o","18":"product_cat-temperature-optical","19":"product_cat-drinking-water","20":"product_cat-municipal-sewage-water","21":"product_cat-industrial-wastewater-monitoring","22":"product_cat-environmental-monitoring","23":"product_tag-bod","24":"product_tag-cod","25":"product_tag-color","26":"product_tag-doc","27":"product_tag-no2","28":"product_tag-no-n","29":"product_tag-no3","31":"product_tag-o","32":"product_tag-temperature","33":"product_tag-toc","34":"product_tag-tss","35":"product_tag-turbidity","37":"first","38":"instock","39":"shipping-taxable","40":"product-type-simple"},"_links":{"self":[{"href":"https:\/\/www.specsens.com\/fr\/wp-json\/wp\/v2\/product\/2078","targetHints":{"allow":["GET"]}}],"collection":[{"href":"https:\/\/www.specsens.com\/fr\/wp-json\/wp\/v2\/product"}],"about":[{"href":"https:\/\/www.specsens.com\/fr\/wp-json\/wp\/v2\/types\/product"}],"version-history":[{"count":20,"href":"https:\/\/www.specsens.com\/fr\/wp-json\/wp\/v2\/product\/2078\/revisions"}],"predecessor-version":[{"id":2827,"href":"https:\/\/www.specsens.com\/fr\/wp-json\/wp\/v2\/product\/2078\/revisions\/2827"}],"wp:featuredmedia":[{"embeddable":true,"href":"https:\/\/www.specsens.com\/fr\/wp-json\/wp\/v2\/media\/3746"}],"wp:attachment":[{"href":"https:\/\/www.specsens.com\/fr\/wp-json\/wp\/v2\/media?parent=2078"}],"wp:term":[{"taxonomy":"product_brand","embeddable":true,"href":"https:\/\/www.specsens.com\/fr\/wp-json\/wp\/v2\/product_brand?post=2078"},{"taxonomy":"product_cat","embeddable":true,"href":"https:\/\/www.specsens.com\/fr\/wp-json\/wp\/v2\/product_cat?post=2078"},{"taxonomy":"product_tag","embeddable":true,"href":"https:\/\/www.specsens.com\/fr\/wp-json\/wp\/v2\/product_tag?post=2078"}],"curies":[{"name":"wp","href":"https:\/\/api.w.org\/{rel}","templated":true}]}}