{"id":2088,"date":"2025-02-11T10:45:11","date_gmt":"2025-02-11T02:45:11","guid":{"rendered":"https:\/\/www.specsens.com\/?post_type=product&#038;p=2088"},"modified":"2025-04-30T11:54:12","modified_gmt":"2025-04-30T03:54:12","slug":"sps-t-sc1-turbidity-suspended-solids-water-quality-sensor","status":"publish","type":"product","link":"https:\/\/www.specsens.com\/fr\/produit\/sps-t-sc1-turbidity-suspended-solids-water-quality-sensor\/","title":{"rendered":"SPS-T-SC1 Capteur de qualit\u00e9 de l'eau pour la mesure de la turbidit\u00e9 et des solides en suspension"},"content":{"rendered":"<div data-elementor-type=\"product-post\" data-elementor-id=\"2088\" class=\"elementor elementor-2088\" data-elementor-post-type=\"product\">\n\t\t\t\t<div class=\"elementor-element elementor-element-3dce606 e-flex e-con-boxed e-con e-parent\" data-id=\"3dce606\" data-element_type=\"container\">\n\t\t\t\t\t<div class=\"e-con-inner\">\n\t\t\t\t<div class=\"elementor-element elementor-element-691c8c5 e-n-tabs-mobile elementor-widget elementor-widget-n-tabs\" data-id=\"691c8c5\" data-element_type=\"widget\" data-settings=\"{&quot;tabs_justify_horizontal&quot;:&quot;start&quot;,&quot;horizontal_scroll&quot;:&quot;disable&quot;}\" data-widget_type=\"nested-tabs.default\">\n\t\t\t\t<div class=\"elementor-widget-container\">\n\t\t\t\t\t\t\t<div class=\"e-n-tabs\" data-widget-number=\"110217413\" aria-label=\"\u0412\u043a\u043b\u0430\u0434\u043a\u0438. \u041e\u0442\u043a\u0440\u044b\u0432\u0430\u0439\u0442\u0435 \u044d\u043b\u0435\u043c\u0435\u043d\u0442\u044b \u0441 \u043f\u043e\u043c\u043e\u0449\u044c\u044e Enter \u0438\u043b\u0438 Space, \u0437\u0430\u043a\u0440\u044b\u0432\u0430\u0439\u0442\u0435 \u0441 \u043f\u043e\u043c\u043e\u0449\u044c\u044e Escape \u0438 \u043f\u0435\u0440\u0435\u043c\u0435\u0449\u0430\u0439\u0442\u0435\u0441\u044c \u0441 \u043f\u043e\u043c\u043e\u0449\u044c\u044e \u043a\u043b\u0430\u0432\u0438\u0448 \u0441\u043e \u0441\u0442\u0440\u0435\u043b\u043a\u0430\u043c\u0438.\" data-no-translation-aria-label=\"\">\n\t\t\t<div class=\"e-n-tabs-heading\" role=\"tablist\">\n\t\t\t\t\t<button id=\"e-n-tab-title-1102174131\" class=\"e-n-tab-title\" aria-selected=\"true\" data-tab-index=\"1\" role=\"tab\" tabindex=\"0\" aria-controls=\"e-n-tab-content-1102174131\" style=\"--n-tabs-title-order: 1;\">\n\t\t\t\t\t\t<span class=\"e-n-tab-title-text\">\n\t\t\t\tCaract\u00e9ristiques\t\t\t<\/span>\n\t\t<\/button>\n\t\t\t\t<button id=\"e-n-tab-title-1102174132\" class=\"e-n-tab-title\" aria-selected=\"false\" data-tab-index=\"2\" role=\"tab\" tabindex=\"-1\" aria-controls=\"e-n-tab-content-1102174132\" style=\"--n-tabs-title-order: 2;\">\n\t\t\t\t\t\t<span class=\"e-n-tab-title-text\">\n\t\t\t\tSp\u00e9cifications\t\t\t<\/span>\n\t\t<\/button>\n\t\t\t\t<button id=\"e-n-tab-title-1102174133\" class=\"e-n-tab-title\" aria-selected=\"false\" data-tab-index=\"3\" role=\"tab\" tabindex=\"-1\" aria-controls=\"e-n-tab-content-1102174133\" style=\"--n-tabs-title-order: 3;\">\n\t\t\t\t\t\t<span class=\"e-n-tab-title-text\">\n\t\t\t\tT\u00e9l\u00e9charger\t\t\t<\/span>\n\t\t<\/button>\n\t\t\t\t\t<\/div>\n\t\t\t<div class=\"e-n-tabs-content\">\n\t\t\t\t<div id=\"e-n-tab-content-1102174131\" role=\"tabpanel\" aria-labelledby=\"e-n-tab-title-1102174131\" data-tab-index=\"1\" style=\"--n-tabs-title-order: 1;\" class=\"e-active elementor-element elementor-element-929321a e-con-full e-flex e-con e-child\" data-id=\"929321a\" data-element_type=\"container\">\n\t\t\t\t<div class=\"elementor-element elementor-element-41f2508 elementor-widget elementor-widget-text-editor\" data-id=\"41f2508\" data-element_type=\"widget\" data-widget_type=\"text-editor.default\">\n\t\t\t\t<div class=\"elementor-widget-container\">\n\t\t\t\t\t\t\t\t\t<ul><li>Mesure optique in situ<\/li><li>Mesure rapide : le cycle de mesure le plus court est de 3 secondes<\/li><li>La p\u00e9riode sans entretien est longue et le capteur est \u00e9quip\u00e9 d'une brosse de nettoyage.<\/li><li>Le mode de communication RS485 permet de se connecter rapidement au compteur.<\/li><li>L'indice de protection IP68 peut \u00eatre utilis\u00e9 dans des environnements difficiles.<\/li><li>Faible consommation d'\u00e9nergie, peut \u00eatre aliment\u00e9 par une batterie, pratique pour le d\u00e9ploiement de l'\u00e9quipement.<\/li><\/ul>\t\t\t\t\t\t\t\t<\/div>\n\t\t\t\t<\/div>\n\t\t\t\t<\/div>\n\t\t<div id=\"e-n-tab-content-1102174132\" role=\"tabpanel\" aria-labelledby=\"e-n-tab-title-1102174132\" data-tab-index=\"2\" style=\"--n-tabs-title-order: 2;\" class=\"elementor-element elementor-element-4dd3403 e-con-full e-flex e-con e-child\" data-id=\"4dd3403\" data-element_type=\"container\">\n\t\t\t\t<div class=\"elementor-element elementor-element-d314ade elementor-widget elementor-widget-heading\" data-id=\"d314ade\" data-element_type=\"widget\" data-widget_type=\"heading.default\">\n\t\t\t\t<div class=\"elementor-widget-container\">\n\t\t\t\t\t<h2 class=\"elementor-heading-title elementor-size-default\">Sp\u00e9cifications<\/h2>\t\t\t\t<\/div>\n\t\t\t\t<\/div>\n\t\t\t\t<div class=\"elementor-element elementor-element-967f201 elementor-widget elementor-widget-text-editor\" data-id=\"967f201\" data-element_type=\"widget\" data-widget_type=\"text-editor.default\">\n\t\t\t\t<div class=\"elementor-widget-container\">\n\t\t\t\t\t\t\t\t\t<p>\n<table id=\"tablepress-11\" class=\"tablepress tablepress-id-11\">\n<thead>\n<tr class=\"row-1\">\n\t<th class=\"column-1\">Objet<\/th><th class=\"column-2\">Sp\u00e9cifications<\/th>\n<\/tr>\n<\/thead>\n<tbody class=\"row-striping row-hover\">\n<tr class=\"row-2\">\n\t<td class=\"column-1\">Principe<\/td><td class=\"column-2\">Diffusion<\/td>\n<\/tr>\n<tr class=\"row-3\">\n\t<td class=\"column-1\">Dimension<\/td><td class=\"column-2\">\u03c655\u00d7212mm<\/td>\n<\/tr>\n<tr class=\"row-4\">\n\t<td class=\"column-1\">Exigences en mati\u00e8re d'alimentation<\/td><td class=\"column-2\">DC+12V~+24V<\/td>\n<\/tr>\n<tr class=\"row-5\">\n\t<td class=\"column-1\">P\u00e9riode de mesure<\/td><td class=\"column-2\">10 secondes \u00e0 65535 secondes<\/td>\n<\/tr>\n<tr class=\"row-6\">\n\t<td class=\"column-1\">Temp\u00e9rature de fonctionnement<\/td><td class=\"column-2\">0 \u00e0 50\u2103<\/td>\n<\/tr>\n<tr class=\"row-7\">\n\t<td class=\"column-1\">Pression<\/td><td class=\"column-2\">6bar<\/td>\n<\/tr>\n<tr class=\"row-8\">\n\t<td class=\"column-1\">Puissance<\/td><td class=\"column-2\"><3W<\/td>\n<\/tr>\n<tr class=\"row-9\">\n\t<td class=\"column-1\">Mat\u00e9riau<\/td><td class=\"column-2\">AISI 316L<\/td>\n<\/tr>\n<tr class=\"row-10\">\n\t<td class=\"column-1\">M\u00e9thode de nettoyage<\/td><td class=\"column-2\">Brosse de nettoyage<\/td>\n<\/tr>\n<tr class=\"row-11\">\n\t<td class=\"column-1\">Indice de protection IP<\/td><td class=\"column-2\">IP68<\/td>\n<\/tr>\n<tr class=\"row-12\">\n\t<td class=\"column-1\">D\u00e9bit de l'\u00e9chantillon<\/td><td class=\"column-2\"><3m>\n<\/tr>\n<tr class=\"row-13\">\n\t<td class=\"column-1\">Communication<\/td><td class=\"column-2\">RS485 (Modbus RTU)<\/td>\n<\/tr>\n<\/tbody>\n<\/table>\n<!-- #tablepress-11 from cache --><\/p>\t\t\t\t\t\t\t\t<\/div>\n\t\t\t\t<\/div>\n\t\t\t\t<div class=\"elementor-element elementor-element-97f4b42 elementor-widget elementor-widget-heading\" data-id=\"97f4b42\" data-element_type=\"widget\" data-widget_type=\"heading.default\">\n\t\t\t\t<div class=\"elementor-widget-container\">\n\t\t\t\t\t<h2 class=\"elementor-heading-title elementor-size-default\">Param\u00e8tres<\/h2>\t\t\t\t<\/div>\n\t\t\t\t<\/div>\n\t\t\t\t<div class=\"elementor-element elementor-element-cd5b5d9 elementor-widget elementor-widget-text-editor\" data-id=\"cd5b5d9\" data-element_type=\"widget\" data-widget_type=\"text-editor.default\">\n\t\t\t\t<div class=\"elementor-widget-container\">\n\t\t\t\t\t\t\t\t\t<p>\n<table id=\"tablepress-34\" class=\"tablepress tablepress-id-34\">\n<thead>\n<tr class=\"row-1\">\n\t<th class=\"column-1\">Param\u00e8tres<\/th><th class=\"column-2\">Num\u00e9ro de mod\u00e8le<\/th><th class=\"column-3\">Gamme<\/th><th class=\"column-4\">R\u00e9solution<\/th><th class=\"column-5\">Pr\u00e9cision<br \/>\n\uff08Standard solution\uff09<\/th>\n<\/tr>\n<\/thead>\n<tbody class=\"row-striping row-hover\">\n<tr class=\"row-2\">\n\t<td class=\"column-1\">Turbidit\u00e9<\/td><td class=\"column-2\">SPS-T-SC1<\/td><td class=\"column-3\">0-4000 NTU\/FNU<\/td><td class=\"column-4\">0,001 NTU<\/td><td class=\"column-5\">\u00b15% ou \u00b10,015 NTU<\/td>\n<\/tr>\n<tr class=\"row-3\">\n\t<td class=\"column-1\">TSS<\/td><td class=\"column-2\">SPS-T-SC1<\/td><td class=\"column-3\">0-10 g\/L (terre de diatom\u00e9es),<br \/>\n0-5 g\/L (kaolin)<\/td><td class=\"column-4\">1 mg\/L<\/td><td class=\"column-5\">\u00b15% ou \u00b11 mg\/L<\/td>\n<\/tr>\n<\/tbody>\n<\/table>\n<!-- #tablepress-34 from cache --><\/p>\t\t\t\t\t\t\t\t<\/div>\n\t\t\t\t<\/div>\n\t\t\t\t<\/div>\n\t\t<div id=\"e-n-tab-content-1102174133\" role=\"tabpanel\" aria-labelledby=\"e-n-tab-title-1102174133\" data-tab-index=\"3\" style=\"--n-tabs-title-order: 3;\" class=\"elementor-element elementor-element-7605dbf e-flex e-con-boxed e-con e-child\" data-id=\"7605dbf\" data-element_type=\"container\">\n\t\t\t\t\t<div class=\"e-con-inner\">\n\t\t<div class=\"elementor-element elementor-element-be3a523 e-con-full e-flex e-con e-child\" data-id=\"be3a523\" data-element_type=\"container\">\n\t\t<div class=\"elementor-element elementor-element-89581a0 e-con-full e-flex e-con e-child\" data-id=\"89581a0\" data-element_type=\"container\">\n\t\t\t\t<div class=\"elementor-element elementor-element-5aeb26d elementor-widget__width-initial elementor-widget elementor-widget-text-editor\" data-id=\"5aeb26d\" data-element_type=\"widget\" data-widget_type=\"text-editor.default\">\n\t\t\t\t<div class=\"elementor-widget-container\">\n\t\t\t\t\t\t\t\t\t<p><strong>Fiche technique SPS-T-SC1<\/strong><\/p>\t\t\t\t\t\t\t\t<\/div>\n\t\t\t\t<\/div>\n\t\t\t\t<div class=\"elementor-element elementor-element-e195e66 elementor-widget__width-initial elementor-view-default elementor-widget elementor-widget-icon\" data-id=\"e195e66\" data-element_type=\"widget\" data-widget_type=\"icon.default\">\n\t\t\t\t<div class=\"elementor-widget-container\">\n\t\t\t\t\t\t\t<div class=\"elementor-icon-wrapper\">\n\t\t\t<a class=\"elementor-icon\" href=\"http:\/\/www.specsens.com\/wp-content\/uploads\/2025\/02\/SPS-T-SC1-Turbidity-Suspended-Matter-Water-Quality-Sensor-Datasheet.pdf\" target=\"_blank\">\n\t\t\t<svg aria-hidden=\"true\" class=\"e-font-icon-svg e-fas-download\" viewbox=\"0 0 512 512\" xmlns=\"http:\/\/www.w3.org\/2000\/svg\"><path d=\"M216 0h80c13.3 0 24 10.7 24 24v168h87.7c17.8 0 26.7 21.5 14.1 34.1L269.7 378.3c-7.5 7.5-19.8 7.5-27.3 0L90.1 226.1c-12.6-12.6-3.7-34.1 14.1-34.1H192V24c0-13.3 10.7-24 24-24zm296 376v112c0 13.3-10.7 24-24 24H24c-13.3 0-24-10.7-24-24V376c0-13.3 10.7-24 24-24h146.7l49 49c20.1 20.1 52.5 20.1 72.6 0l49-49H488c13.3 0 24 10.7 24 24zm-124 88c0-11-9-20-20-20s-20 9-20 20 9 20 20 20 20-9 20-20zm64 0c0-11-9-20-20-20s-20 9-20 20 9 20 20 20 20-9 20-20z\"><\/path><\/svg>\t\t\t<\/a>\n\t\t<\/div>\n\t\t\t\t\t\t<\/div>\n\t\t\t\t<\/div>\n\t\t\t\t<\/div>\n\t\t<div class=\"elementor-element elementor-element-fef74d2 e-con-full e-flex e-con e-child\" data-id=\"fef74d2\" data-element_type=\"container\">\n\t\t\t\t<div class=\"elementor-element elementor-element-5dff0a8 elementor-widget__width-initial elementor-widget elementor-widget-text-editor\" data-id=\"5dff0a8\" data-element_type=\"widget\" data-widget_type=\"text-editor.default\">\n\t\t\t\t<div class=\"elementor-widget-container\">\n\t\t\t\t\t\t\t\t\t<p><strong>Brochure Specsens<br \/><\/strong><\/p>\t\t\t\t\t\t\t\t<\/div>\n\t\t\t\t<\/div>\n\t\t\t\t<div class=\"elementor-element elementor-element-d7f6be5 elementor-widget__width-initial elementor-view-default elementor-widget elementor-widget-icon\" data-id=\"d7f6be5\" data-element_type=\"widget\" data-widget_type=\"icon.default\">\n\t\t\t\t<div class=\"elementor-widget-container\">\n\t\t\t\t\t\t\t<div class=\"elementor-icon-wrapper\">\n\t\t\t<a class=\"elementor-icon\" href=\"http:\/\/www.specsens.com\/wp-content\/uploads\/2025\/02\/Specsens-Brochure-2024.10.31.pdf\" target=\"_blank\">\n\t\t\t<svg aria-hidden=\"true\" class=\"e-font-icon-svg e-fas-download\" viewbox=\"0 0 512 512\" xmlns=\"http:\/\/www.w3.org\/2000\/svg\"><path d=\"M216 0h80c13.3 0 24 10.7 24 24v168h87.7c17.8 0 26.7 21.5 14.1 34.1L269.7 378.3c-7.5 7.5-19.8 7.5-27.3 0L90.1 226.1c-12.6-12.6-3.7-34.1 14.1-34.1H192V24c0-13.3 10.7-24 24-24zm296 376v112c0 13.3-10.7 24-24 24H24c-13.3 0-24-10.7-24-24V376c0-13.3 10.7-24 24-24h146.7l49 49c20.1 20.1 52.5 20.1 72.6 0l49-49H488c13.3 0 24 10.7 24 24zm-124 88c0-11-9-20-20-20s-20 9-20 20 9 20 20 20 20-9 20-20zm64 0c0-11-9-20-20-20s-20 9-20 20 9 20 20 20 20-9 20-20z\"><\/path><\/svg>\t\t\t<\/a>\n\t\t<\/div>\n\t\t\t\t\t\t<\/div>\n\t\t\t\t<\/div>\n\t\t\t\t<\/div>\n\t\t\t\t<\/div>\n\t\t<div class=\"elementor-element elementor-element-a112f07 e-con-full e-flex e-con e-child\" data-id=\"a112f07\" data-element_type=\"container\">\n\t\t\t\t<\/div>\n\t\t\t\t\t<\/div>\n\t\t\t\t<\/div>\n\t\t\t\t\t<\/div>\n\t\t<\/div>\n\t\t\t\t\t\t<\/div>\n\t\t\t\t<\/div>\n\t\t\t\t\t<\/div>\n\t\t\t\t<\/div>\n\t\t<div class=\"elementor-element elementor-element-19f2244 e-flex e-con-boxed e-con e-parent\" data-id=\"19f2244\" data-element_type=\"container\">\n\t\t\t\t\t<div class=\"e-con-inner\">\n\t\t\t\t<div class=\"elementor-element elementor-element-90c1a82 elementor-widget-divider--view-line_icon elementor-view-default elementor-widget-divider--element-align-center elementor-widget elementor-widget-divider\" data-id=\"90c1a82\" data-element_type=\"widget\" data-widget_type=\"divider.default\">\n\t\t\t\t<div class=\"elementor-widget-container\">\n\t\t\t\t\t\t\t<div class=\"elementor-divider\">\n\t\t\t<span class=\"elementor-divider-separator\">\n\t\t\t\t\t\t\t<div class=\"elementor-icon elementor-divider__element\">\n\t\t\t\t\t<svg aria-hidden=\"true\" class=\"e-font-icon-svg e-fas-arrows-alt-h\" viewbox=\"0 0 512 512\" xmlns=\"http:\/\/www.w3.org\/2000\/svg\"><path d=\"M377.941 169.941V216H134.059v-46.059c0-21.382-25.851-32.09-40.971-16.971L7.029 239.029c-9.373 9.373-9.373 24.568 0 33.941l86.059 86.059c15.119 15.119 40.971 4.411 40.971-16.971V296h243.882v46.059c0 21.382 25.851 32.09 40.971 16.971l86.059-86.059c9.373-9.373 9.373-24.568 0-33.941l-86.059-86.059c-15.119-15.12-40.971-4.412-40.971 16.97z\"><\/path><\/svg><\/div>\n\t\t\t\t\t\t<\/span>\n\t\t<\/div>\n\t\t\t\t\t\t<\/div>\n\t\t\t\t<\/div>\n\t\t\t\t\t<\/div>\n\t\t\t\t<\/div>\n\t\t<div class=\"elementor-element elementor-element-df9f0f9 e-flex e-con-boxed e-con e-parent\" data-id=\"df9f0f9\" data-element_type=\"container\">\n\t\t\t\t\t<div class=\"e-con-inner\">\n\t\t\t\t<div class=\"elementor-element elementor-element-35bc91f elementor-widget elementor-widget-heading\" data-id=\"35bc91f\" data-element_type=\"widget\" data-widget_type=\"heading.default\">\n\t\t\t\t<div class=\"elementor-widget-container\">\n\t\t\t\t\t<h4 class=\"elementor-heading-title elementor-size-default\">Application<\/h4>\t\t\t\t<\/div>\n\t\t\t\t<\/div>\n\t\t<div class=\"elementor-element elementor-element-2b67cf4 e-con-full e-flex e-con e-child\" data-id=\"2b67cf4\" data-element_type=\"container\">\n\t\t<div class=\"elementor-element elementor-element-eb76176 e-con-full e-flex e-con e-child\" data-id=\"eb76176\" data-element_type=\"container\">\n\t\t<div class=\"elementor-element elementor-element-3119c55 e-con-full e-flex e-con e-child\" data-id=\"3119c55\" data-element_type=\"container\">\n\t\t\t\t<div class=\"elementor-element elementor-element-f9522e4 elementor-position-top elementor-widget elementor-widget-image-box\" data-id=\"f9522e4\" data-element_type=\"widget\" data-widget_type=\"image-box.default\">\n\t\t\t\t<div class=\"elementor-widget-container\">\n\t\t\t\t\t<div class=\"elementor-image-box-wrapper\"><figure class=\"elementor-image-box-img\"><a href=\"https:\/\/www.specsens.com\/fr\/coal-mine-wastewater-leakage-monitoring\/\" tabindex=\"-1\"><img fetchpriority=\"high\" decoding=\"async\" width=\"380\" height=\"420\" src=\"https:\/\/www.specsens.com\/wp-content\/uploads\/2025\/04\/coal-mining-water-monitoring-3.webp\" class=\"attachment-full size-full wp-image-3803 wp-post-image\" alt=\"coal mining water monitoring\" srcset=\"https:\/\/www.specsens.com\/wp-content\/uploads\/2025\/04\/coal-mining-water-monitoring-3.webp 380w, https:\/\/www.specsens.com\/wp-content\/uploads\/2025\/04\/coal-mining-water-monitoring-3-271x300.webp 271w, https:\/\/www.specsens.com\/wp-content\/uploads\/2025\/04\/coal-mining-water-monitoring-3-11x12.webp 11w\" sizes=\"(max-width: 380px) 100vw, 380px\" \/><\/a><\/figure><div class=\"elementor-image-box-content\"><h5 class=\"elementor-image-box-title\"><a href=\"https:\/\/www.specsens.com\/fr\/coal-mine-wastewater-leakage-monitoring\/\">Moniteur de turbidit\u00e9 de l'eau pour les mines de charbon<\/a><\/h5><p class=\"elementor-image-box-description\">Surveillance des fuites d'eaux us\u00e9es des mines de charbon<\/p><\/div><\/div>\t\t\t\t<\/div>\n\t\t\t\t<\/div>\n\t\t\t\t<\/div>\n\t\t<div class=\"elementor-element elementor-element-d6e9b96 e-con-full e-flex e-con e-child\" data-id=\"d6e9b96\" data-element_type=\"container\">\n\t\t\t\t<div class=\"elementor-element elementor-element-1add587 elementor-position-top elementor-widget elementor-widget-image-box\" data-id=\"1add587\" data-element_type=\"widget\" data-widget_type=\"image-box.default\">\n\t\t\t\t<div class=\"elementor-widget-container\">\n\t\t\t\t\t<div class=\"elementor-image-box-wrapper\"><figure class=\"elementor-image-box-img\"><a href=\"https:\/\/www.specsens.com\/fr\/sewage-treatment-plant-installation-case\/\" tabindex=\"-1\"><img decoding=\"async\" width=\"380\" height=\"420\" src=\"https:\/\/www.specsens.com\/wp-content\/uploads\/2025\/04\/Sewage-Treatment-plant-water-sensor-analying-1.webp\" class=\"attachment-full size-full wp-image-3813 wp-post-image\" alt=\"Sewage Treatment plant water sensor analying\" srcset=\"https:\/\/www.specsens.com\/wp-content\/uploads\/2025\/04\/Sewage-Treatment-plant-water-sensor-analying-1.webp 380w, https:\/\/www.specsens.com\/wp-content\/uploads\/2025\/04\/Sewage-Treatment-plant-water-sensor-analying-1-271x300.webp 271w, https:\/\/www.specsens.com\/wp-content\/uploads\/2025\/04\/Sewage-Treatment-plant-water-sensor-analying-1-11x12.webp 11w\" sizes=\"(max-width: 380px) 100vw, 380px\" \/><\/a><\/figure><div class=\"elementor-image-box-content\"><h5 class=\"elementor-image-box-title\"><a href=\"https:\/\/www.specsens.com\/fr\/sewage-treatment-plant-installation-case\/\">Station d'\u00e9puration rurale<\/a><\/h5><p class=\"elementor-image-box-description\">Le syst\u00e8me de contr\u00f4le central contr\u00f4le en temps voulu le temps n\u00e9cessaire \u00e0 chaque \u00e9tape de la r\u00e9action gr\u00e2ce aux donn\u00e9es fournies par les capteurs, ce qui am\u00e9liore consid\u00e9rablement l'efficacit\u00e9 des installations de traitement des eaux us\u00e9es.<\/p><\/div><\/div>\t\t\t\t<\/div>\n\t\t\t\t<\/div>\n\t\t\t\t<\/div>\n\t\t<div class=\"elementor-element elementor-element-bcfe200 e-con-full e-flex e-con e-child\" data-id=\"bcfe200\" data-element_type=\"container\">\n\t\t\t\t<\/div>\n\t\t<div class=\"elementor-element elementor-element-b7a4630 e-con-full e-flex e-con e-child\" data-id=\"b7a4630\" data-element_type=\"container\">\n\t\t\t\t<\/div>\n\t\t\t\t<\/div>\n\t\t\t\t<\/div>\n\t\t\t\t\t<\/div>\n\t\t\t\t<\/div>\n\t\t\t\t<\/div>","protected":false},"excerpt":{"rendered":"<p>Le capteur de turbidit\u00e9\/solides en suspension (concentration de boues) est un capteur de qualit\u00e9 de l'eau qui mesure la turbidit\u00e9 et les solides en suspension en se basant sur les principes de mesure de la lumi\u00e8re \u00e0 90\u00b0 et de la lumi\u00e8re r\u00e9trodiffus\u00e9e.<br \/>\nIl est principalement utilis\u00e9 pour les eaux de surface, les eaux us\u00e9es domestiques et les eaux us\u00e9es industrielles. Le capteur de turbidit\u00e9 est dot\u00e9 d'une fonction de nettoyage automatique de la fen\u00eatre optique, ce qui r\u00e9duit consid\u00e9rablement la maintenance manuelle et garantit un fonctionnement r\u00e9gulier du capteur, m\u00eame dans des environnements difficiles. En outre, gr\u00e2ce au contr\u00f4leur de compteur de la s\u00e9rie MC-W-S et au service en nuage, les utilisateurs peuvent visualiser les donn\u00e9es sur place et \u00e0 distance.<\/p>","protected":false},"featured_media":3752,"template":"","meta":{"_joinchat":[]},"product_brand":[],"product_cat":[127,128,201,149,151,154,152],"product_tag":[205,155,156],"class_list":{"0":"post-2088","1":"product","2":"type-product","3":"status-publish","4":"has-post-thumbnail","6":"product_cat-turbidity","7":"product_cat-tss","8":"product_cat-temperature-optical","9":"product_cat-drinking-water","10":"product_cat-municipal-sewage-water","11":"product_cat-industrial-wastewater-monitoring","12":"product_cat-environmental-monitoring","13":"product_tag-ss","14":"product_tag-temperature","15":"product_tag-turbidity","17":"first","18":"instock","19":"shipping-taxable","20":"product-type-simple"},"_links":{"self":[{"href":"https:\/\/www.specsens.com\/fr\/wp-json\/wp\/v2\/product\/2088","targetHints":{"allow":["GET"]}}],"collection":[{"href":"https:\/\/www.specsens.com\/fr\/wp-json\/wp\/v2\/product"}],"about":[{"href":"https:\/\/www.specsens.com\/fr\/wp-json\/wp\/v2\/types\/product"}],"version-history":[{"count":23,"href":"https:\/\/www.specsens.com\/fr\/wp-json\/wp\/v2\/product\/2088\/revisions"}],"predecessor-version":[{"id":3933,"href":"https:\/\/www.specsens.com\/fr\/wp-json\/wp\/v2\/product\/2088\/revisions\/3933"}],"wp:featuredmedia":[{"embeddable":true,"href":"https:\/\/www.specsens.com\/fr\/wp-json\/wp\/v2\/media\/3752"}],"wp:attachment":[{"href":"https:\/\/www.specsens.com\/fr\/wp-json\/wp\/v2\/media?parent=2088"}],"wp:term":[{"taxonomy":"product_brand","embeddable":true,"href":"https:\/\/www.specsens.com\/fr\/wp-json\/wp\/v2\/product_brand?post=2088"},{"taxonomy":"product_cat","embeddable":true,"href":"https:\/\/www.specsens.com\/fr\/wp-json\/wp\/v2\/product_cat?post=2088"},{"taxonomy":"product_tag","embeddable":true,"href":"https:\/\/www.specsens.com\/fr\/wp-json\/wp\/v2\/product_tag?post=2088"}],"curies":[{"name":"wp","href":"https:\/\/api.w.org\/{rel}","templated":true}]}}