{"id":2196,"date":"2025-02-11T21:53:10","date_gmt":"2025-02-11T13:53:10","guid":{"rendered":"https:\/\/www.specsens.com\/?post_type=product&#038;p=2196"},"modified":"2025-04-30T11:48:10","modified_gmt":"2025-04-30T03:48:10","slug":"ispa-t-multi-parameter-water-quality-online-monitoring-system","status":"publish","type":"product","link":"https:\/\/www.specsens.com\/fr\/produit\/ispa-t-multi-parameter-water-quality-online-monitoring-system\/","title":{"rendered":"Syst\u00e8me de surveillance en ligne multiparam\u00e8tres de la qualit\u00e9 de l'eau iSPA-T"},"content":{"rendered":"<div data-elementor-type=\"product-post\" data-elementor-id=\"2196\" class=\"elementor elementor-2196\" data-elementor-post-type=\"product\">\n\t\t\t\t<div class=\"elementor-element elementor-element-3dce606 e-flex e-con-boxed e-con e-parent\" data-id=\"3dce606\" data-element_type=\"container\">\n\t\t\t\t\t<div class=\"e-con-inner\">\n\t\t\t\t<div class=\"elementor-element elementor-element-691c8c5 e-n-tabs-mobile elementor-widget elementor-widget-n-tabs\" data-id=\"691c8c5\" data-element_type=\"widget\" data-settings=\"{&quot;tabs_justify_horizontal&quot;:&quot;start&quot;,&quot;horizontal_scroll&quot;:&quot;disable&quot;}\" data-widget_type=\"nested-tabs.default\">\n\t\t\t\t<div class=\"elementor-widget-container\">\n\t\t\t\t\t\t\t<div class=\"e-n-tabs\" data-widget-number=\"110217413\" aria-label=\"Onglets. Ouvrez des \u00e9l\u00e9ments avec Enter ou Space, fermez-les avec Escape et naviguez \u00e0 l&#039;aide des touches fl\u00e9ch\u00e9es.\" data-no-translation-aria-label=\"\">\n\t\t\t<div class=\"e-n-tabs-heading\" role=\"tablist\">\n\t\t\t\t\t<button id=\"e-n-tab-title-1102174131\" class=\"e-n-tab-title\" aria-selected=\"true\" data-tab-index=\"1\" role=\"tab\" tabindex=\"0\" aria-controls=\"e-n-tab-content-1102174131\" style=\"--n-tabs-title-order: 1;\">\n\t\t\t\t\t\t<span class=\"e-n-tab-title-text\">\n\t\t\t\tCaract\u00e9ristiques\t\t\t<\/span>\n\t\t<\/button>\n\t\t\t\t<button id=\"e-n-tab-title-1102174132\" class=\"e-n-tab-title\" aria-selected=\"false\" data-tab-index=\"2\" role=\"tab\" tabindex=\"-1\" aria-controls=\"e-n-tab-content-1102174132\" style=\"--n-tabs-title-order: 2;\">\n\t\t\t\t\t\t<span class=\"e-n-tab-title-text\">\n\t\t\t\tSp\u00e9cifications\t\t\t<\/span>\n\t\t<\/button>\n\t\t\t\t<button id=\"e-n-tab-title-1102174133\" class=\"e-n-tab-title\" aria-selected=\"false\" data-tab-index=\"3\" role=\"tab\" tabindex=\"-1\" aria-controls=\"e-n-tab-content-1102174133\" style=\"--n-tabs-title-order: 3;\">\n\t\t\t\t\t\t<span class=\"e-n-tab-title-text\">\n\t\t\t\tT\u00e9l\u00e9charger\t\t\t<\/span>\n\t\t<\/button>\n\t\t\t\t\t<\/div>\n\t\t\t<div class=\"e-n-tabs-content\">\n\t\t\t\t<div id=\"e-n-tab-content-1102174131\" role=\"tabpanel\" aria-labelledby=\"e-n-tab-title-1102174131\" data-tab-index=\"1\" style=\"--n-tabs-title-order: 1;\" class=\"e-active elementor-element elementor-element-929321a e-con-full e-flex e-con e-child\" data-id=\"929321a\" data-element_type=\"container\">\n\t\t\t\t<div class=\"elementor-element elementor-element-41f2508 elementor-widget elementor-widget-text-editor\" data-id=\"41f2508\" data-element_type=\"widget\" data-widget_type=\"text-editor.default\">\n\t\t\t\t<div class=\"elementor-widget-container\">\n\t\t\t\t\t\t\t\t\t<ul><li>Mesures rapides avec un temps de cycle minimum de 10 secondes<\/li><li>Module autonettoyant pour un fonctionnement \u00e0 long terme sans entretien<\/li><li>L'int\u00e9gration multiparam\u00e8tres permet de mesurer la turbidit\u00e9, le chlore libre\/chlore total, le pH, la DCO, le COT, la conductivit\u00e9 et la temp\u00e9rature de l'eau.<\/li><li>Le syst\u00e8me prend en charge la transmission sans fil 4G, gr\u00e2ce \u00e0 laquelle les utilisateurs peuvent transf\u00e9rer des donn\u00e9es vers la plateforme en nuage.<\/li><li>Les utilisateurs peuvent d\u00e9finir la valeur seuil des param\u00e8tres de qualit\u00e9 de l'eau ; la qualit\u00e9 de l'eau qui d\u00e9passe la valeur seuil d\u00e9finie d\u00e9clenche l'alarme du syst\u00e8me.<\/li><\/ul>\t\t\t\t\t\t\t\t<\/div>\n\t\t\t\t<\/div>\n\t\t\t\t<\/div>\n\t\t<div id=\"e-n-tab-content-1102174132\" role=\"tabpanel\" aria-labelledby=\"e-n-tab-title-1102174132\" data-tab-index=\"2\" style=\"--n-tabs-title-order: 2;\" class=\"elementor-element elementor-element-4dd3403 e-con-full e-flex e-con e-child\" data-id=\"4dd3403\" data-element_type=\"container\">\n\t\t\t\t<div class=\"elementor-element elementor-element-d314ade elementor-widget elementor-widget-heading\" data-id=\"d314ade\" data-element_type=\"widget\" data-widget_type=\"heading.default\">\n\t\t\t\t<div class=\"elementor-widget-container\">\n\t\t\t\t\t<h2 class=\"elementor-heading-title elementor-size-default\">Sp\u00e9cifications<\/h2>\t\t\t\t<\/div>\n\t\t\t\t<\/div>\n\t\t\t\t<div class=\"elementor-element elementor-element-967f201 elementor-widget elementor-widget-text-editor\" data-id=\"967f201\" data-element_type=\"widget\" data-widget_type=\"text-editor.default\">\n\t\t\t\t<div class=\"elementor-widget-container\">\n\t\t\t\t\t\t\t\t\t<p>\n<table id=\"tablepress-9\" class=\"tablepress tablepress-id-9\">\n<thead>\n<tr class=\"row-1\">\n\t<th class=\"column-1\">Objet<\/th><th class=\"column-2\">Sp\u00e9cifications<\/th>\n<\/tr>\n<\/thead>\n<tbody class=\"row-striping row-hover\">\n<tr class=\"row-2\">\n\t<td class=\"column-1\">Affichage<\/td><td class=\"column-2\"> \u00c9cran tactile LCD de 7 pouces<\/td>\n<\/tr>\n<tr class=\"row-3\">\n\t<td class=\"column-1\">Dimension<\/td><td class=\"column-2\">400 \u00d7 300 \u00d7 180mm<\/td>\n<\/tr>\n<tr class=\"row-4\">\n\t<td class=\"column-1\">Exigences en mati\u00e8re d'alimentation<\/td><td class=\"column-2\">100 - 230VAC, 50 \/ 60Hz<\/td>\n<\/tr>\n<tr class=\"row-5\">\n\t<td class=\"column-1\">Temp\u00e9rature de fonctionnement<\/td><td class=\"column-2\">2 \u00e0 50\u2103<\/td>\n<\/tr>\n<tr class=\"row-6\">\n\t<td class=\"column-1\">Pression<\/td><td class=\"column-2\">1 bar<\/td>\n<\/tr>\n<tr class=\"row-7\">\n\t<td class=\"column-1\">Installation<\/td><td class=\"column-2\">Montage mural<\/td>\n<\/tr>\n<tr class=\"row-8\">\n\t<td class=\"column-1\">D\u00e9bit de l'\u00e9chantillon<\/td><td class=\"column-2\">200-500mL\/min<\/td>\n<\/tr>\n<tr class=\"row-9\">\n\t<td class=\"column-1\">Communication<\/td><td class=\"column-2\"> RS485 (Modbus RTU), WiFi, 4G<\/td>\n<\/tr>\n<\/tbody>\n<\/table>\n<!-- #tablepress-9 from cache --><\/p>\t\t\t\t\t\t\t\t<\/div>\n\t\t\t\t<\/div>\n\t\t\t\t<div class=\"elementor-element elementor-element-97f4b42 elementor-widget elementor-widget-heading\" data-id=\"97f4b42\" data-element_type=\"widget\" data-widget_type=\"heading.default\">\n\t\t\t\t<div class=\"elementor-widget-container\">\n\t\t\t\t\t<h2 class=\"elementor-heading-title elementor-size-default\">Param\u00e8tres<\/h2>\t\t\t\t<\/div>\n\t\t\t\t<\/div>\n\t\t\t\t<div class=\"elementor-element elementor-element-cd5b5d9 elementor-widget elementor-widget-text-editor\" data-id=\"cd5b5d9\" data-element_type=\"widget\" data-widget_type=\"text-editor.default\">\n\t\t\t\t<div class=\"elementor-widget-container\">\n\t\t\t\t\t\t\t\t\t<p>\n<table id=\"tablepress-46\" class=\"tablepress tablepress-id-46\">\n<thead>\n<tr class=\"row-1\">\n\t<th class=\"column-1\">Param\u00e8tres<\/th><th class=\"column-2\">Num\u00e9ro de mod\u00e8le<\/th><th class=\"column-3\">Gamme<\/th><th class=\"column-4\">R\u00e9solution<\/th><th class=\"column-5\">Pr\u00e9cision<br \/>\n\uff08Standard solution\uff09<\/th>\n<\/tr>\n<\/thead>\n<tbody class=\"row-striping row-hover\">\n<tr class=\"row-2\">\n\t<td class=\"column-1\">TUR<\/td><td class=\"column-2\">SPS-M-SCx<\/td><td class=\"column-3\">0-100 NTU\/FNU<\/td><td class=\"column-4\">0,001 NTU<\/td><td class=\"column-5\">\u00b12% ou \u00b10,015 NTU<\/td>\n<\/tr>\n<tr class=\"row-3\">\n\t<td class=\"column-1\">COD<\/td><td class=\"column-2\">SPS-M-SCx<\/td><td class=\"column-3\">0-50 mg\/L<\/td><td class=\"column-4\">0,001mg\/L<\/td><td class=\"column-5\">\u00b12% F.S.<\/td>\n<\/tr>\n<tr class=\"row-4\">\n\t<td class=\"column-1\">TOC<\/td><td class=\"column-2\">SPS-M-SCx<\/td><td class=\"column-3\">0-20 mg\/L<\/td><td class=\"column-4\">0,001mg\/L<\/td><td class=\"column-5\">\u00b12% F.S.<\/td>\n<\/tr>\n<tr class=\"row-5\">\n\t<td class=\"column-1\">Chlore libre<\/td><td class=\"column-2\">SPS-Cl-C\/F<\/td><td class=\"column-3\">0-2 mg\/L, 0-5 mg\/L, 0-20 mg\/L<\/td><td class=\"column-4\">0,001mg\/L<\/td><td class=\"column-5\">\u00b13% F.S.<\/td>\n<\/tr>\n<tr class=\"row-6\">\n\t<td class=\"column-1\">Chlore libre<\/td><td class=\"column-2\">M\u00e9thode DPD<\/td><td class=\"column-3\">0-2 mg\/L, 0-5 mg\/L, 0-10 mg\/L<\/td><td class=\"column-4\">0,001mg\/L<\/td><td class=\"column-5\">\u00b15% ou \u00b10,05mg\/L<\/td>\n<\/tr>\n<tr class=\"row-7\">\n\t<td class=\"column-1\">Chlore total<\/td><td class=\"column-2\">SPS-Cl-T<\/td><td class=\"column-3\">0-2 mg\/L, 0-5 mg\/L, 0-20 mg\/L<\/td><td class=\"column-4\">0,001mg\/L<\/td><td class=\"column-5\">\u00b13% F.S.<\/td>\n<\/tr>\n<tr class=\"row-8\">\n\t<td class=\"column-1\">Chlore total<\/td><td class=\"column-2\">M\u00e9thode DPD<\/td><td class=\"column-3\">0-2 mg\/L, 0-5 mg\/L, 0-10 mg\/L<\/td><td class=\"column-4\">0,001mg\/L<\/td><td class=\"column-5\">\u00b15% ou \u00b10,05mg\/L<\/td>\n<\/tr>\n<tr class=\"row-9\">\n\t<td class=\"column-1\">Conductivit\u00e9<\/td><td class=\"column-2\">SPS-EC<\/td><td class=\"column-3\">0,001-200 000 \u03bcs\/cm<\/td><td class=\"column-4\">Minimum 0,001 \u03bcS\/cm<\/td><td class=\"column-5\">\u00b15%<\/td>\n<\/tr>\n<tr class=\"row-10\">\n\t<td class=\"column-1\">pH<\/td><td class=\"column-2\">SPS-pH<\/td><td class=\"column-3\">0-14 pH<\/td><td class=\"column-4\">0,01 pH<\/td><td class=\"column-5\">\u00b10,1 pH<\/td>\n<\/tr>\n<tr class=\"row-11\">\n\t<td class=\"column-1\">Temp\u00e9rature<\/td><td class=\"column-2\">SPS-pH<\/td><td class=\"column-3\">2-50 \u2103<\/td><td class=\"column-4\">0.1 \u2103<\/td><td class=\"column-5\">\u00b11 \u2103<\/td>\n<\/tr>\n<\/tbody>\n<\/table>\n<!-- #tablepress-46 from cache --><\/p>\t\t\t\t\t\t\t\t<\/div>\n\t\t\t\t<\/div>\n\t\t\t\t<\/div>\n\t\t<div id=\"e-n-tab-content-1102174133\" role=\"tabpanel\" aria-labelledby=\"e-n-tab-title-1102174133\" data-tab-index=\"3\" style=\"--n-tabs-title-order: 3;\" class=\"elementor-element elementor-element-7605dbf e-flex e-con-boxed e-con e-child\" data-id=\"7605dbf\" data-element_type=\"container\">\n\t\t\t\t\t<div class=\"e-con-inner\">\n\t\t<div class=\"elementor-element elementor-element-be3a523 e-con-full e-flex e-con e-child\" data-id=\"be3a523\" data-element_type=\"container\">\n\t\t<div class=\"elementor-element elementor-element-89581a0 e-con-full e-flex e-con e-child\" data-id=\"89581a0\" data-element_type=\"container\">\n\t\t\t\t<div class=\"elementor-element elementor-element-5aeb26d elementor-widget__width-initial elementor-widget elementor-widget-text-editor\" data-id=\"5aeb26d\" data-element_type=\"widget\" data-widget_type=\"text-editor.default\">\n\t\t\t\t<div class=\"elementor-widget-container\">\n\t\t\t\t\t\t\t\t\t<p><strong>Fiche technique iSPA-T<\/strong><\/p>\t\t\t\t\t\t\t\t<\/div>\n\t\t\t\t<\/div>\n\t\t\t\t<div class=\"elementor-element elementor-element-e195e66 elementor-widget__width-initial elementor-view-default elementor-widget elementor-widget-icon\" data-id=\"e195e66\" data-element_type=\"widget\" data-widget_type=\"icon.default\">\n\t\t\t\t<div class=\"elementor-widget-container\">\n\t\t\t\t\t\t\t<div class=\"elementor-icon-wrapper\">\n\t\t\t<a class=\"elementor-icon\" href=\"http:\/\/www.specsens.com\/wp-content\/uploads\/2025\/02\/iSPA-T-Multi-Parameter-Water-Quality-Online-Monitoring-System-Datasheet.pdf\" target=\"_blank\">\n\t\t\t<svg aria-hidden=\"true\" class=\"e-font-icon-svg e-fas-download\" viewbox=\"0 0 512 512\" xmlns=\"http:\/\/www.w3.org\/2000\/svg\"><path d=\"M216 0h80c13.3 0 24 10.7 24 24v168h87.7c17.8 0 26.7 21.5 14.1 34.1L269.7 378.3c-7.5 7.5-19.8 7.5-27.3 0L90.1 226.1c-12.6-12.6-3.7-34.1 14.1-34.1H192V24c0-13.3 10.7-24 24-24zm296 376v112c0 13.3-10.7 24-24 24H24c-13.3 0-24-10.7-24-24V376c0-13.3 10.7-24 24-24h146.7l49 49c20.1 20.1 52.5 20.1 72.6 0l49-49H488c13.3 0 24 10.7 24 24zm-124 88c0-11-9-20-20-20s-20 9-20 20 9 20 20 20 20-9 20-20zm64 0c0-11-9-20-20-20s-20 9-20 20 9 20 20 20 20-9 20-20z\"><\/path><\/svg>\t\t\t<\/a>\n\t\t<\/div>\n\t\t\t\t\t\t<\/div>\n\t\t\t\t<\/div>\n\t\t\t\t<\/div>\n\t\t<div class=\"elementor-element elementor-element-fef74d2 e-con-full e-flex e-con e-child\" data-id=\"fef74d2\" data-element_type=\"container\">\n\t\t\t\t<div class=\"elementor-element elementor-element-5dff0a8 elementor-widget__width-initial elementor-widget elementor-widget-text-editor\" data-id=\"5dff0a8\" data-element_type=\"widget\" data-widget_type=\"text-editor.default\">\n\t\t\t\t<div class=\"elementor-widget-container\">\n\t\t\t\t\t\t\t\t\t<p><strong>Brochure Specsens<br \/><\/strong><\/p>\t\t\t\t\t\t\t\t<\/div>\n\t\t\t\t<\/div>\n\t\t\t\t<div class=\"elementor-element elementor-element-d7f6be5 elementor-widget__width-initial elementor-view-default elementor-widget elementor-widget-icon\" data-id=\"d7f6be5\" data-element_type=\"widget\" data-widget_type=\"icon.default\">\n\t\t\t\t<div class=\"elementor-widget-container\">\n\t\t\t\t\t\t\t<div class=\"elementor-icon-wrapper\">\n\t\t\t<a class=\"elementor-icon\" href=\"http:\/\/www.specsens.com\/wp-content\/uploads\/2025\/02\/Specsens-Brochure-2024.10.31.pdf\" target=\"_blank\">\n\t\t\t<svg aria-hidden=\"true\" class=\"e-font-icon-svg e-fas-download\" viewbox=\"0 0 512 512\" xmlns=\"http:\/\/www.w3.org\/2000\/svg\"><path d=\"M216 0h80c13.3 0 24 10.7 24 24v168h87.7c17.8 0 26.7 21.5 14.1 34.1L269.7 378.3c-7.5 7.5-19.8 7.5-27.3 0L90.1 226.1c-12.6-12.6-3.7-34.1 14.1-34.1H192V24c0-13.3 10.7-24 24-24zm296 376v112c0 13.3-10.7 24-24 24H24c-13.3 0-24-10.7-24-24V376c0-13.3 10.7-24 24-24h146.7l49 49c20.1 20.1 52.5 20.1 72.6 0l49-49H488c13.3 0 24 10.7 24 24zm-124 88c0-11-9-20-20-20s-20 9-20 20 9 20 20 20 20-9 20-20zm64 0c0-11-9-20-20-20s-20 9-20 20 9 20 20 20 20-9 20-20z\"><\/path><\/svg>\t\t\t<\/a>\n\t\t<\/div>\n\t\t\t\t\t\t<\/div>\n\t\t\t\t<\/div>\n\t\t\t\t<\/div>\n\t\t\t\t<\/div>\n\t\t\t\t\t<\/div>\n\t\t\t\t<\/div>\n\t\t\t\t\t<\/div>\n\t\t<\/div>\n\t\t\t\t\t\t<\/div>\n\t\t\t\t<\/div>\n\t\t\t\t\t<\/div>\n\t\t\t\t<\/div>\n\t\t<div class=\"elementor-element elementor-element-19f2244 e-flex e-con-boxed e-con e-parent\" data-id=\"19f2244\" data-element_type=\"container\">\n\t\t\t\t\t<div class=\"e-con-inner\">\n\t\t\t\t<div class=\"elementor-element elementor-element-90c1a82 elementor-widget-divider--view-line_icon elementor-view-default elementor-widget-divider--element-align-center elementor-widget elementor-widget-divider\" data-id=\"90c1a82\" data-element_type=\"widget\" data-widget_type=\"divider.default\">\n\t\t\t\t<div class=\"elementor-widget-container\">\n\t\t\t\t\t\t\t<div class=\"elementor-divider\">\n\t\t\t<span class=\"elementor-divider-separator\">\n\t\t\t\t\t\t\t<div class=\"elementor-icon elementor-divider__element\">\n\t\t\t\t\t<svg aria-hidden=\"true\" class=\"e-font-icon-svg e-fas-arrows-alt-h\" viewbox=\"0 0 512 512\" xmlns=\"http:\/\/www.w3.org\/2000\/svg\"><path d=\"M377.941 169.941V216H134.059v-46.059c0-21.382-25.851-32.09-40.971-16.971L7.029 239.029c-9.373 9.373-9.373 24.568 0 33.941l86.059 86.059c15.119 15.119 40.971 4.411 40.971-16.971V296h243.882v46.059c0 21.382 25.851 32.09 40.971 16.971l86.059-86.059c9.373-9.373 9.373-24.568 0-33.941l-86.059-86.059c-15.119-15.12-40.971-4.412-40.971 16.97z\"><\/path><\/svg><\/div>\n\t\t\t\t\t\t<\/span>\n\t\t<\/div>\n\t\t\t\t\t\t<\/div>\n\t\t\t\t<\/div>\n\t\t\t\t\t<\/div>\n\t\t\t\t<\/div>\n\t\t<div class=\"elementor-element elementor-element-df9f0f9 e-flex e-con-boxed e-con e-parent\" data-id=\"df9f0f9\" data-element_type=\"container\">\n\t\t\t\t\t<div class=\"e-con-inner\">\n\t\t\t\t<div class=\"elementor-element elementor-element-35bc91f elementor-widget elementor-widget-heading\" data-id=\"35bc91f\" data-element_type=\"widget\" data-widget_type=\"heading.default\">\n\t\t\t\t<div class=\"elementor-widget-container\">\n\t\t\t\t\t<h2 class=\"elementor-heading-title elementor-size-default\">Application<\/h2>\t\t\t\t<\/div>\n\t\t\t\t<\/div>\n\t\t<div class=\"elementor-element elementor-element-2b67cf4 e-con-full e-flex e-con e-child\" data-id=\"2b67cf4\" data-element_type=\"container\">\n\t\t<div class=\"elementor-element elementor-element-eb76176 e-con-full e-flex e-con e-child\" data-id=\"eb76176\" data-element_type=\"container\">\n\t\t<div class=\"elementor-element elementor-element-3119c55 e-con-full e-flex e-con e-child\" data-id=\"3119c55\" data-element_type=\"container\">\n\t\t\t\t<div class=\"elementor-element elementor-element-f9522e4 elementor-position-top elementor-widget elementor-widget-image-box\" data-id=\"f9522e4\" data-element_type=\"widget\" data-widget_type=\"image-box.default\">\n\t\t\t\t<div class=\"elementor-widget-container\">\n\t\t\t\t\t<div class=\"elementor-image-box-wrapper\"><figure class=\"elementor-image-box-img\"><a href=\"https:\/\/www.specsens.com\/fr\/urban-drinking-water-quality-monitoring\/\" tabindex=\"-1\"><img fetchpriority=\"high\" decoding=\"async\" width=\"380\" height=\"420\" src=\"https:\/\/www.specsens.com\/wp-content\/uploads\/2025\/04\/drinking-water-monitoring-2.webp\" class=\"attachment-full size-full wp-image-3804 wp-post-image\" alt=\"drinking water monitoring\" srcset=\"https:\/\/www.specsens.com\/wp-content\/uploads\/2025\/04\/drinking-water-monitoring-2.webp 380w, https:\/\/www.specsens.com\/wp-content\/uploads\/2025\/04\/drinking-water-monitoring-2-271x300.webp 271w, https:\/\/www.specsens.com\/wp-content\/uploads\/2025\/04\/drinking-water-monitoring-2-11x12.webp 11w\" sizes=\"(max-width: 380px) 100vw, 380px\" \/><\/a><\/figure><div class=\"elementor-image-box-content\"><h5 class=\"elementor-image-box-title\"><a href=\"https:\/\/www.specsens.com\/fr\/urban-drinking-water-quality-monitoring\/\">Surveillance de la qualit\u00e9 de l'eau potable en milieu urbain<\/a><\/h5><p class=\"elementor-image-box-description\">Contr\u00f4ler la turbidit\u00e9, le pH, le chlore libre et d'autres param\u00e8tres, surveiller les changements de qualit\u00e9 de l'eau en temps r\u00e9el et assurer une protection efficace de la s\u00e9curit\u00e9 de l'eau potable.<\/p><\/div><\/div>\t\t\t\t<\/div>\n\t\t\t\t<\/div>\n\t\t\t\t<\/div>\n\t\t<div class=\"elementor-element elementor-element-d6e9b96 e-con-full e-flex e-con e-child\" data-id=\"d6e9b96\" data-element_type=\"container\">\n\t\t\t\t<div class=\"elementor-element elementor-element-1add587 elementor-position-top elementor-widget elementor-widget-image-box\" data-id=\"1add587\" data-element_type=\"widget\" data-widget_type=\"image-box.default\">\n\t\t\t\t<div class=\"elementor-widget-container\">\n\t\t\t\t\t<div class=\"elementor-image-box-wrapper\"><figure class=\"elementor-image-box-img\"><a href=\"https:\/\/www.specsens.com\/fr\/water-supply-network-real-time-water-quality-monitoring\/\" tabindex=\"-1\"><img decoding=\"async\" width=\"380\" height=\"420\" src=\"https:\/\/www.specsens.com\/wp-content\/uploads\/2025\/04\/drinking-water-quality-sensor-analyzer.webp\" class=\"attachment-full size-full wp-image-3806 wp-post-image\" alt=\"drinking water quality sensor analyzer\" srcset=\"https:\/\/www.specsens.com\/wp-content\/uploads\/2025\/04\/drinking-water-quality-sensor-analyzer.webp 380w, https:\/\/www.specsens.com\/wp-content\/uploads\/2025\/04\/drinking-water-quality-sensor-analyzer-271x300.webp 271w, https:\/\/www.specsens.com\/wp-content\/uploads\/2025\/04\/drinking-water-quality-sensor-analyzer-11x12.webp 11w\" sizes=\"(max-width: 380px) 100vw, 380px\" \/><\/a><\/figure><div class=\"elementor-image-box-content\"><h5 class=\"elementor-image-box-title\"><a href=\"https:\/\/www.specsens.com\/fr\/water-supply-network-real-time-water-quality-monitoring\/\">R\u00e9seau d'approvisionnement en eau Surveillance en temps r\u00e9el de la qualit\u00e9 de l'eau<\/a><\/h5><p class=\"elementor-image-box-description\">Le d\u00e9ploiement d'un r\u00e9seau intelligent de surveillance de la qualit\u00e9 de l'eau en ligne permet de contr\u00f4ler la qualit\u00e9 de l'eau en temps r\u00e9el au niveau des n\u0153uds cl\u00e9s du r\u00e9seau d'approvisionnement en eau.<\/p><\/div><\/div>\t\t\t\t<\/div>\n\t\t\t\t<\/div>\n\t\t\t\t<\/div>\n\t\t<div class=\"elementor-element elementor-element-bcfe200 e-con-full e-flex e-con e-child\" data-id=\"bcfe200\" data-element_type=\"container\">\n\t\t\t\t<\/div>\n\t\t<div class=\"elementor-element elementor-element-b7a4630 e-con-full e-flex e-con e-child\" data-id=\"b7a4630\" data-element_type=\"container\">\n\t\t\t\t<\/div>\n\t\t\t\t<\/div>\n\t\t\t\t<\/div>\n\t\t\t\t\t<\/div>\n\t\t\t\t<\/div>\n\t\t\t\t<\/div>","protected":false},"excerpt":{"rendered":"<p>Le syst\u00e8me de surveillance de la qualit\u00e9 de l'eau de la s\u00e9rie iSPA est un syst\u00e8me multifonctionnel de surveillance de la qualit\u00e9 de l'eau qui int\u00e8gre des plateformes de contr\u00f4le, de d\u00e9tection, de communication sans fil et d'informatique d\u00e9mat\u00e9rialis\u00e9e. Le syst\u00e8me de surveillance de la qualit\u00e9 de l'eau de la s\u00e9rie iSPA peut contr\u00f4ler la DCO, le COT, la turbidit\u00e9, le chlore libre\/chlore total (m\u00e9thode \u00e0 tension constante, m\u00e9thode de la membrane couverte, m\u00e9thode DPD), le pH, la conductivit\u00e9 et la temp\u00e9rature de l'eau en temps r\u00e9el avec des param\u00e8tres optionnels.<br \/>\nLes informations sur la qualit\u00e9 de l'eau peuvent \u00eatre collect\u00e9es et d\u00e9tect\u00e9es sur place gr\u00e2ce \u00e0 ce syst\u00e8me, transmises au syst\u00e8me de surveillance en temps r\u00e9el et communiqu\u00e9es \u00e0 la plateforme en nuage par le biais de statistiques, d'analyses et de v\u00e9rifications automatiques des donn\u00e9es. Il peut r\u00e9aliser un contr\u00f4le en boucle ferm\u00e9e de la salle des pompes, jetant ainsi des bases solides pour la construction d'une plateforme intelligente d'approvisionnement en eau sans surveillance.<\/p>","protected":false},"featured_media":3733,"template":"","meta":{"_joinchat":[]},"product_brand":[],"product_cat":[129,130,137,127,141,142,143,145,144,126,149],"product_tag":[158,171,167,164,169,166,187,163,168,165,203,155,159,156],"class_list":{"0":"post-2196","1":"product","2":"type-product","3":"status-publish","4":"has-post-thumbnail","6":"product_cat-cod","7":"product_cat-toc","8":"product_cat-color","9":"product_cat-turbidity","10":"product_cat-ph","11":"product_cat-conductivity","12":"product_cat-orp","13":"product_cat-residual-chlorine","14":"product_cat-free-chlorine","15":"product_cat-temperature","16":"product_cat-drinking-water","17":"product_tag-cod","18":"product_tag-color","19":"product_tag-conductivity","20":"product_tag-do","21":"product_tag-free-chlorine","22":"product_tag-nh-n","23":"product_tag-nh4","24":"product_tag-o","25":"product_tag-orp","26":"product_tag-ph","27":"product_tag-residual-chlorine","28":"product_tag-temperature","29":"product_tag-toc","30":"product_tag-turbidity","32":"first","33":"instock","34":"shipping-taxable","35":"product-type-simple"},"_links":{"self":[{"href":"https:\/\/www.specsens.com\/fr\/wp-json\/wp\/v2\/product\/2196","targetHints":{"allow":["GET"]}}],"collection":[{"href":"https:\/\/www.specsens.com\/fr\/wp-json\/wp\/v2\/product"}],"about":[{"href":"https:\/\/www.specsens.com\/fr\/wp-json\/wp\/v2\/types\/product"}],"version-history":[{"count":13,"href":"https:\/\/www.specsens.com\/fr\/wp-json\/wp\/v2\/product\/2196\/revisions"}],"predecessor-version":[{"id":3908,"href":"https:\/\/www.specsens.com\/fr\/wp-json\/wp\/v2\/product\/2196\/revisions\/3908"}],"wp:featuredmedia":[{"embeddable":true,"href":"https:\/\/www.specsens.com\/fr\/wp-json\/wp\/v2\/media\/3733"}],"wp:attachment":[{"href":"https:\/\/www.specsens.com\/fr\/wp-json\/wp\/v2\/media?parent=2196"}],"wp:term":[{"taxonomy":"product_brand","embeddable":true,"href":"https:\/\/www.specsens.com\/fr\/wp-json\/wp\/v2\/product_brand?post=2196"},{"taxonomy":"product_cat","embeddable":true,"href":"https:\/\/www.specsens.com\/fr\/wp-json\/wp\/v2\/product_cat?post=2196"},{"taxonomy":"product_tag","embeddable":true,"href":"https:\/\/www.specsens.com\/fr\/wp-json\/wp\/v2\/product_tag?post=2196"}],"curies":[{"name":"wp","href":"https:\/\/api.w.org\/{rel}","templated":true}]}}