{"id":2232,"date":"2025-02-11T23:10:48","date_gmt":"2025-02-11T15:10:48","guid":{"rendered":"https:\/\/www.specsens.com\/?post_type=product&#038;p=2232"},"modified":"2025-04-30T12:06:31","modified_gmt":"2025-04-30T04:06:31","slug":"mc-w-s-meter-controller","status":"publish","type":"product","link":"https:\/\/www.specsens.com\/fr\/produit\/mc-w-s-meter-controller\/","title":{"rendered":"MC-W-S Contr\u00f4leur de compteur"},"content":{"rendered":"<div data-elementor-type=\"product-post\" data-elementor-id=\"2232\" class=\"elementor elementor-2232\" data-elementor-post-type=\"product\">\n\t\t\t\t<div class=\"elementor-element elementor-element-3dce606 e-flex e-con-boxed e-con e-parent\" data-id=\"3dce606\" data-element_type=\"container\">\n\t\t\t\t\t<div class=\"e-con-inner\">\n\t\t\t\t<div class=\"elementor-element elementor-element-691c8c5 e-n-tabs-mobile elementor-widget elementor-widget-n-tabs\" data-id=\"691c8c5\" data-element_type=\"widget\" data-settings=\"{&quot;tabs_justify_horizontal&quot;:&quot;start&quot;,&quot;horizontal_scroll&quot;:&quot;disable&quot;}\" data-widget_type=\"nested-tabs.default\">\n\t\t\t\t<div class=\"elementor-widget-container\">\n\t\t\t\t\t\t\t<div class=\"e-n-tabs\" data-widget-number=\"110217413\" aria-label=\"Pesta\u00f1as. Abre elementos con Intro o Espacio, ci\u00e9rralos con Escape y navega con las Flechas.\" data-no-translation-aria-label=\"\">\n\t\t\t<div class=\"e-n-tabs-heading\" role=\"tablist\">\n\t\t\t\t\t<button id=\"e-n-tab-title-1102174131\" class=\"e-n-tab-title\" aria-selected=\"true\" data-tab-index=\"1\" role=\"tab\" tabindex=\"0\" aria-controls=\"e-n-tab-content-1102174131\" style=\"--n-tabs-title-order: 1;\">\n\t\t\t\t\t\t<span class=\"e-n-tab-title-text\">\n\t\t\t\tCaract\u00e9ristiques\t\t\t<\/span>\n\t\t<\/button>\n\t\t\t\t<button id=\"e-n-tab-title-1102174132\" class=\"e-n-tab-title\" aria-selected=\"false\" data-tab-index=\"2\" role=\"tab\" tabindex=\"-1\" aria-controls=\"e-n-tab-content-1102174132\" style=\"--n-tabs-title-order: 2;\">\n\t\t\t\t\t\t<span class=\"e-n-tab-title-text\">\n\t\t\t\tSp\u00e9cifications\t\t\t<\/span>\n\t\t<\/button>\n\t\t\t\t<button id=\"e-n-tab-title-1102174133\" class=\"e-n-tab-title\" aria-selected=\"false\" data-tab-index=\"3\" role=\"tab\" tabindex=\"-1\" aria-controls=\"e-n-tab-content-1102174133\" style=\"--n-tabs-title-order: 3;\">\n\t\t\t\t\t\t<span class=\"e-n-tab-title-text\">\n\t\t\t\tT\u00e9l\u00e9charger\t\t\t<\/span>\n\t\t<\/button>\n\t\t\t\t\t<\/div>\n\t\t\t<div class=\"e-n-tabs-content\">\n\t\t\t\t<div id=\"e-n-tab-content-1102174131\" role=\"tabpanel\" aria-labelledby=\"e-n-tab-title-1102174131\" data-tab-index=\"1\" style=\"--n-tabs-title-order: 1;\" class=\"e-active elementor-element elementor-element-929321a e-con-full e-flex e-con e-child\" data-id=\"929321a\" data-element_type=\"container\">\n\t\t\t\t<div class=\"elementor-element elementor-element-41f2508 elementor-widget elementor-widget-text-editor\" data-id=\"41f2508\" data-element_type=\"widget\" data-widget_type=\"text-editor.default\">\n\t\t\t\t<div class=\"elementor-widget-container\">\n\t\t\t\t\t\t\t\t\t<ul><li>Jusqu'\u00e0 4 capteurs peuvent \u00eatre connect\u00e9s<\/li><li>Prise en charge de la sortie 4-20 mA, sortie IO<\/li><li>Forte compatibilit\u00e9 avec tous nos capteurs et autres m\u00e9thodes de communication RS485.<\/li><li>\u00c9cran tactile LCD, affichage clair, facile \u00e0 utiliser<\/li><li>Communication sans fil, prise en charge de 2G\/4G, Wi-Fi<\/li><\/ul>\t\t\t\t\t\t\t\t<\/div>\n\t\t\t\t<\/div>\n\t\t\t\t<\/div>\n\t\t<div id=\"e-n-tab-content-1102174132\" role=\"tabpanel\" aria-labelledby=\"e-n-tab-title-1102174132\" data-tab-index=\"2\" style=\"--n-tabs-title-order: 2;\" class=\"elementor-element elementor-element-4dd3403 e-con-full e-flex e-con e-child\" data-id=\"4dd3403\" data-element_type=\"container\">\n\t\t\t\t<div class=\"elementor-element elementor-element-d314ade elementor-widget elementor-widget-heading\" data-id=\"d314ade\" data-element_type=\"widget\" data-widget_type=\"heading.default\">\n\t\t\t\t<div class=\"elementor-widget-container\">\n\t\t\t\t\t<h2 class=\"elementor-heading-title elementor-size-default\">Sp\u00e9cifications<\/h2>\t\t\t\t<\/div>\n\t\t\t\t<\/div>\n\t\t\t\t<div class=\"elementor-element elementor-element-967f201 elementor-widget elementor-widget-text-editor\" data-id=\"967f201\" data-element_type=\"widget\" data-widget_type=\"text-editor.default\">\n\t\t\t\t<div class=\"elementor-widget-container\">\n\t\t\t\t\t\t\t\t\t<p>\n<table id=\"tablepress-28\" class=\"tablepress tablepress-id-28\">\n<thead>\n<tr class=\"row-1\">\n\t<th class=\"column-1\">Objet<\/th><th class=\"column-2\">Sp\u00e9cifications<\/th>\n<\/tr>\n<\/thead>\n<tbody class=\"row-striping row-hover\">\n<tr class=\"row-2\">\n\t<td class=\"column-1\">Affichage<\/td><td class=\"column-2\">\u00c9cran LCD couleur de 7 pouces avec fonction tactile<\/td>\n<\/tr>\n<tr class=\"row-3\">\n\t<td class=\"column-1\">Dimension<\/td><td class=\"column-2\">230\u00d7154\u00d768mm<\/td>\n<\/tr>\n<tr class=\"row-4\">\n\t<td class=\"column-1\">Exigences en mati\u00e8re d'alimentation<\/td><td class=\"column-2\">DC 24V<\/td>\n<\/tr>\n<tr class=\"row-5\">\n\t<td class=\"column-1\">Indice de protection IP<\/td><td class=\"column-2\">IP65<\/td>\n<\/tr>\n<tr class=\"row-6\">\n\t<td class=\"column-1\">Puissance <\/td><td class=\"column-2\"> &lt; 15W (capteur non connect\u00e9)<\/td>\n<\/tr>\n<tr class=\"row-7\">\n\t<td class=\"column-1\">Installation<\/td><td class=\"column-2\">Montage mural<\/td>\n<\/tr>\n<tr class=\"row-8\">\n\t<td class=\"column-1\">Stockage des donn\u00e9es<\/td><td class=\"column-2\">32GB<\/td>\n<\/tr>\n<tr class=\"row-9\">\n\t<td class=\"column-1\">Communication<\/td><td class=\"column-2\"> RS485 (Modbus RTU), 2G\/4G, Wi-Fi, Bluetooth<\/td>\n<\/tr>\n<tr class=\"row-10\">\n\t<td class=\"column-1\">Sortie de donn\u00e9es<\/td><td class=\"column-2\">RS485, 4-20mA, IO<\/td>\n<\/tr>\n<\/tbody>\n<\/table>\n<!-- #tablepress-28 from cache --><\/p>\t\t\t\t\t\t\t\t<\/div>\n\t\t\t\t<\/div>\n\t\t\t\t<div class=\"elementor-element elementor-element-97f4b42 elementor-widget elementor-widget-heading\" data-id=\"97f4b42\" data-element_type=\"widget\" data-widget_type=\"heading.default\">\n\t\t\t\t<div class=\"elementor-widget-container\">\n\t\t\t\t\t<h2 class=\"elementor-heading-title elementor-size-default\">Param\u00e8tres<\/h2>\t\t\t\t<\/div>\n\t\t\t\t<\/div>\n\t\t\t\t<div class=\"elementor-element elementor-element-cd5b5d9 elementor-widget elementor-widget-text-editor\" data-id=\"cd5b5d9\" data-element_type=\"widget\" data-widget_type=\"text-editor.default\">\n\t\t\t\t<div class=\"elementor-widget-container\">\n\t\t\t\t\t\t\t\t\t<p>\n<table id=\"tablepress-49\" class=\"tablepress tablepress-id-49\">\n<thead>\n<tr class=\"row-1\">\n\t<th class=\"column-1\">Mod\u00e8le<\/th><th class=\"column-2\">Interface de sortie<\/th><th class=\"column-3\">Interface d'entr\u00e9e<\/th><th class=\"column-4\">Communication sans fil<\/th>\n<\/tr>\n<\/thead>\n<tbody class=\"row-striping row-hover\">\n<tr class=\"row-2\">\n\t<td class=\"column-1\">MC-W-S<\/td><td class=\"column-2\">sortie RS485 \u00e0 un canal.<br \/>\ndeux ports d'extension<br \/>\n (Chaque port d'extension peut prendre en charge deux canaux de 4-20 mA ou quatre canaux d'E\/S)<\/td><td class=\"column-3\">quatre canaux d'entr\u00e9e RS485<\/td><td class=\"column-4\">WIFI, 4G (en option)<\/td>\n<\/tr>\n<\/tbody>\n<\/table>\n<!-- #tablepress-49 from cache --><\/p>\t\t\t\t\t\t\t\t<\/div>\n\t\t\t\t<\/div>\n\t\t\t\t<\/div>\n\t\t<div id=\"e-n-tab-content-1102174133\" role=\"tabpanel\" aria-labelledby=\"e-n-tab-title-1102174133\" data-tab-index=\"3\" style=\"--n-tabs-title-order: 3;\" class=\"elementor-element elementor-element-7605dbf e-flex e-con-boxed e-con e-child\" data-id=\"7605dbf\" data-element_type=\"container\">\n\t\t\t\t\t<div class=\"e-con-inner\">\n\t\t<div class=\"elementor-element elementor-element-be3a523 e-con-full e-flex e-con e-child\" data-id=\"be3a523\" data-element_type=\"container\">\n\t\t<div class=\"elementor-element elementor-element-89581a0 e-con-full e-flex e-con e-child\" data-id=\"89581a0\" data-element_type=\"container\">\n\t\t\t\t<div class=\"elementor-element elementor-element-5aeb26d elementor-widget__width-initial elementor-widget elementor-widget-text-editor\" data-id=\"5aeb26d\" data-element_type=\"widget\" data-widget_type=\"text-editor.default\">\n\t\t\t\t<div class=\"elementor-widget-container\">\n\t\t\t\t\t\t\t\t\t<p><strong>Fiche technique MC-W-S<\/strong><\/p>\t\t\t\t\t\t\t\t<\/div>\n\t\t\t\t<\/div>\n\t\t\t\t<div class=\"elementor-element elementor-element-e195e66 elementor-widget__width-initial elementor-view-default elementor-widget elementor-widget-icon\" data-id=\"e195e66\" data-element_type=\"widget\" data-widget_type=\"icon.default\">\n\t\t\t\t<div class=\"elementor-widget-container\">\n\t\t\t\t\t\t\t<div class=\"elementor-icon-wrapper\">\n\t\t\t<a class=\"elementor-icon\" href=\"http:\/\/www.specsens.com\/wp-content\/uploads\/2025\/02\/MC-W-S-P05-Meter-Controller-Datasheet.pdf\" target=\"_blank\">\n\t\t\t<svg aria-hidden=\"true\" class=\"e-font-icon-svg e-fas-download\" viewbox=\"0 0 512 512\" xmlns=\"http:\/\/www.w3.org\/2000\/svg\"><path d=\"M216 0h80c13.3 0 24 10.7 24 24v168h87.7c17.8 0 26.7 21.5 14.1 34.1L269.7 378.3c-7.5 7.5-19.8 7.5-27.3 0L90.1 226.1c-12.6-12.6-3.7-34.1 14.1-34.1H192V24c0-13.3 10.7-24 24-24zm296 376v112c0 13.3-10.7 24-24 24H24c-13.3 0-24-10.7-24-24V376c0-13.3 10.7-24 24-24h146.7l49 49c20.1 20.1 52.5 20.1 72.6 0l49-49H488c13.3 0 24 10.7 24 24zm-124 88c0-11-9-20-20-20s-20 9-20 20 9 20 20 20 20-9 20-20zm64 0c0-11-9-20-20-20s-20 9-20 20 9 20 20 20 20-9 20-20z\"><\/path><\/svg>\t\t\t<\/a>\n\t\t<\/div>\n\t\t\t\t\t\t<\/div>\n\t\t\t\t<\/div>\n\t\t\t\t<\/div>\n\t\t<div class=\"elementor-element elementor-element-fef74d2 e-con-full e-flex e-con e-child\" data-id=\"fef74d2\" data-element_type=\"container\">\n\t\t\t\t<div class=\"elementor-element elementor-element-5dff0a8 elementor-widget__width-initial elementor-widget elementor-widget-text-editor\" data-id=\"5dff0a8\" data-element_type=\"widget\" data-widget_type=\"text-editor.default\">\n\t\t\t\t<div class=\"elementor-widget-container\">\n\t\t\t\t\t\t\t\t\t<p><strong>Brochure Specsens<br \/><\/strong><\/p>\t\t\t\t\t\t\t\t<\/div>\n\t\t\t\t<\/div>\n\t\t\t\t<div class=\"elementor-element elementor-element-d7f6be5 elementor-widget__width-initial elementor-view-default elementor-widget elementor-widget-icon\" data-id=\"d7f6be5\" data-element_type=\"widget\" data-widget_type=\"icon.default\">\n\t\t\t\t<div class=\"elementor-widget-container\">\n\t\t\t\t\t\t\t<div class=\"elementor-icon-wrapper\">\n\t\t\t<a class=\"elementor-icon\" href=\"http:\/\/www.specsens.com\/wp-content\/uploads\/2025\/02\/Specsens-Brochure-2024.10.31.pdf\" target=\"_blank\">\n\t\t\t<svg aria-hidden=\"true\" class=\"e-font-icon-svg e-fas-download\" viewbox=\"0 0 512 512\" xmlns=\"http:\/\/www.w3.org\/2000\/svg\"><path d=\"M216 0h80c13.3 0 24 10.7 24 24v168h87.7c17.8 0 26.7 21.5 14.1 34.1L269.7 378.3c-7.5 7.5-19.8 7.5-27.3 0L90.1 226.1c-12.6-12.6-3.7-34.1 14.1-34.1H192V24c0-13.3 10.7-24 24-24zm296 376v112c0 13.3-10.7 24-24 24H24c-13.3 0-24-10.7-24-24V376c0-13.3 10.7-24 24-24h146.7l49 49c20.1 20.1 52.5 20.1 72.6 0l49-49H488c13.3 0 24 10.7 24 24zm-124 88c0-11-9-20-20-20s-20 9-20 20 9 20 20 20 20-9 20-20zm64 0c0-11-9-20-20-20s-20 9-20 20 9 20 20 20 20-9 20-20z\"><\/path><\/svg>\t\t\t<\/a>\n\t\t<\/div>\n\t\t\t\t\t\t<\/div>\n\t\t\t\t<\/div>\n\t\t\t\t<\/div>\n\t\t\t\t<\/div>\n\t\t\t\t\t<\/div>\n\t\t\t\t<\/div>\n\t\t\t\t\t<\/div>\n\t\t<\/div>\n\t\t\t\t\t\t<\/div>\n\t\t\t\t<\/div>\n\t\t\t\t\t<\/div>\n\t\t\t\t<\/div>\n\t\t<div class=\"elementor-element elementor-element-19f2244 e-flex e-con-boxed e-con e-parent\" data-id=\"19f2244\" data-element_type=\"container\">\n\t\t\t\t\t<div class=\"e-con-inner\">\n\t\t\t\t<div class=\"elementor-element elementor-element-90c1a82 elementor-widget-divider--view-line_icon elementor-view-default elementor-widget-divider--element-align-center elementor-widget elementor-widget-divider\" data-id=\"90c1a82\" data-element_type=\"widget\" data-widget_type=\"divider.default\">\n\t\t\t\t<div class=\"elementor-widget-container\">\n\t\t\t\t\t\t\t<div class=\"elementor-divider\">\n\t\t\t<span class=\"elementor-divider-separator\">\n\t\t\t\t\t\t\t<div class=\"elementor-icon elementor-divider__element\">\n\t\t\t\t\t<svg aria-hidden=\"true\" class=\"e-font-icon-svg e-fas-arrows-alt-h\" viewbox=\"0 0 512 512\" xmlns=\"http:\/\/www.w3.org\/2000\/svg\"><path d=\"M377.941 169.941V216H134.059v-46.059c0-21.382-25.851-32.09-40.971-16.971L7.029 239.029c-9.373 9.373-9.373 24.568 0 33.941l86.059 86.059c15.119 15.119 40.971 4.411 40.971-16.971V296h243.882v46.059c0 21.382 25.851 32.09 40.971 16.971l86.059-86.059c9.373-9.373 9.373-24.568 0-33.941l-86.059-86.059c-15.119-15.12-40.971-4.412-40.971 16.97z\"><\/path><\/svg><\/div>\n\t\t\t\t\t\t<\/span>\n\t\t<\/div>\n\t\t\t\t\t\t<\/div>\n\t\t\t\t<\/div>\n\t\t\t\t\t<\/div>\n\t\t\t\t<\/div>\n\t\t<div class=\"elementor-element elementor-element-df9f0f9 e-flex e-con-boxed e-con e-parent\" data-id=\"df9f0f9\" data-element_type=\"container\">\n\t\t\t\t\t<div class=\"e-con-inner\">\n\t\t\t\t<div class=\"elementor-element elementor-element-35bc91f elementor-widget elementor-widget-heading\" data-id=\"35bc91f\" data-element_type=\"widget\" data-widget_type=\"heading.default\">\n\t\t\t\t<div class=\"elementor-widget-container\">\n\t\t\t\t\t<h2 class=\"elementor-heading-title elementor-size-default\">Application<\/h2>\t\t\t\t<\/div>\n\t\t\t\t<\/div>\n\t\t<div class=\"elementor-element elementor-element-2b67cf4 e-con-full e-flex e-con e-child\" data-id=\"2b67cf4\" data-element_type=\"container\">\n\t\t<div class=\"elementor-element elementor-element-eb76176 e-con-full e-flex e-con e-child\" data-id=\"eb76176\" data-element_type=\"container\">\n\t\t<div class=\"elementor-element elementor-element-3119c55 e-con-full e-flex e-con e-child\" data-id=\"3119c55\" data-element_type=\"container\">\n\t\t\t\t<div class=\"elementor-element elementor-element-f9522e4 elementor-position-top elementor-widget elementor-widget-image-box\" data-id=\"f9522e4\" data-element_type=\"widget\" data-widget_type=\"image-box.default\">\n\t\t\t\t<div class=\"elementor-widget-container\">\n\t\t\t\t\t<div class=\"elementor-image-box-wrapper\"><figure class=\"elementor-image-box-img\"><a href=\"https:\/\/www.specsens.com\/fr\/sewage-treatment-plant-installation-case\/\" tabindex=\"-1\"><img fetchpriority=\"high\" decoding=\"async\" width=\"800\" height=\"884\" src=\"https:\/\/www.specsens.com\/wp-content\/uploads\/2025\/02\/sewage-NO3-N-COD-turbidity-monitoring.webp\" class=\"attachment-full size-full wp-image-3857 wp-post-image\" alt=\"sewage NO3-N COD turbidity monitoring\" srcset=\"https:\/\/www.specsens.com\/wp-content\/uploads\/2025\/02\/sewage-NO3-N-COD-turbidity-monitoring.webp 800w, https:\/\/www.specsens.com\/wp-content\/uploads\/2025\/02\/sewage-NO3-N-COD-turbidity-monitoring-271x300.webp 271w, https:\/\/www.specsens.com\/wp-content\/uploads\/2025\/02\/sewage-NO3-N-COD-turbidity-monitoring-768x849.webp 768w, https:\/\/www.specsens.com\/wp-content\/uploads\/2025\/02\/sewage-NO3-N-COD-turbidity-monitoring-11x12.webp 11w, https:\/\/www.specsens.com\/wp-content\/uploads\/2025\/02\/sewage-NO3-N-COD-turbidity-monitoring-600x663.webp 600w\" sizes=\"(max-width: 800px) 100vw, 800px\" \/><\/a><\/figure><div class=\"elementor-image-box-content\"><h5 class=\"elementor-image-box-title\"><a href=\"https:\/\/www.specsens.com\/fr\/sewage-treatment-plant-installation-case\/\">Contr\u00f4leur de canalisations d'eaux us\u00e9es municipales<\/a><\/h5><p class=\"elementor-image-box-description\">Surveillance en temps r\u00e9el pour contr\u00f4ler le mouvement des eaux us\u00e9es et emp\u00eacher qu'elles ne se d\u00e9versent dans des masses d'eau pollu\u00e9es.<\/p><\/div><\/div>\t\t\t\t<\/div>\n\t\t\t\t<\/div>\n\t\t\t\t<\/div>\n\t\t<div class=\"elementor-element elementor-element-d6e9b96 e-con-full e-flex e-con e-child\" data-id=\"d6e9b96\" data-element_type=\"container\">\n\t\t\t\t<div class=\"elementor-element elementor-element-1add587 elementor-position-top elementor-widget elementor-widget-image-box\" data-id=\"1add587\" data-element_type=\"widget\" data-widget_type=\"image-box.default\">\n\t\t\t\t<div class=\"elementor-widget-container\">\n\t\t\t\t\t<div class=\"elementor-image-box-wrapper\"><figure class=\"elementor-image-box-img\"><a href=\"https:\/\/www.specsens.com\/fr\/online-nitrate-monitoring-during-domestic-sewage-treatment\/\" tabindex=\"-1\"><img decoding=\"async\" width=\"380\" height=\"420\" src=\"https:\/\/www.specsens.com\/wp-content\/uploads\/2025\/04\/sewage-plant-water-nitrate-monitoring-1.webp\" class=\"attachment-full size-full wp-image-3811 wp-post-image\" alt=\"sewage plant water nitrate monitoring\" srcset=\"https:\/\/www.specsens.com\/wp-content\/uploads\/2025\/04\/sewage-plant-water-nitrate-monitoring-1.webp 380w, https:\/\/www.specsens.com\/wp-content\/uploads\/2025\/04\/sewage-plant-water-nitrate-monitoring-1-271x300.webp 271w, https:\/\/www.specsens.com\/wp-content\/uploads\/2025\/04\/sewage-plant-water-nitrate-monitoring-1-11x12.webp 11w\" sizes=\"(max-width: 380px) 100vw, 380px\" \/><\/a><\/figure><div class=\"elementor-image-box-content\"><h5 class=\"elementor-image-box-title\"><a href=\"https:\/\/www.specsens.com\/fr\/online-nitrate-monitoring-during-domestic-sewage-treatment\/\">Surveillance en ligne des nitrates pendant le traitement des eaux us\u00e9es domestiques<\/a><\/h5><p class=\"elementor-image-box-description\">syst\u00e8me de surveillance en ligne de l'azote nitrique avec fonctions de filtrage et de nettoyage automatiques <\/p><\/div><\/div>\t\t\t\t<\/div>\n\t\t\t\t<\/div>\n\t\t\t\t<\/div>\n\t\t<div class=\"elementor-element elementor-element-bcfe200 e-con-full e-flex e-con e-child\" data-id=\"bcfe200\" data-element_type=\"container\">\n\t\t\t\t<div class=\"elementor-element elementor-element-547f1a6 elementor-position-top elementor-widget elementor-widget-image-box\" data-id=\"547f1a6\" data-element_type=\"widget\" data-widget_type=\"image-box.default\">\n\t\t\t\t<div class=\"elementor-widget-container\">\n\t\t\t\t\t<div class=\"elementor-image-box-wrapper\"><figure class=\"elementor-image-box-img\"><a href=\"https:\/\/www.specsens.com\/fr\/rural-sewage-treatment-monitoring\/\" tabindex=\"-1\"><img decoding=\"async\" width=\"380\" height=\"420\" src=\"https:\/\/www.specsens.com\/wp-content\/uploads\/2025\/04\/sewage-treatment-plant-water-quality-sensors-1.webp\" class=\"attachment-full size-full wp-image-3812 wp-post-image\" alt=\"sewage treatment plant water quality analyzer\" srcset=\"https:\/\/www.specsens.com\/wp-content\/uploads\/2025\/04\/sewage-treatment-plant-water-quality-sensors-1.webp 380w, https:\/\/www.specsens.com\/wp-content\/uploads\/2025\/04\/sewage-treatment-plant-water-quality-sensors-1-271x300.webp 271w, https:\/\/www.specsens.com\/wp-content\/uploads\/2025\/04\/sewage-treatment-plant-water-quality-sensors-1-11x12.webp 11w\" sizes=\"(max-width: 380px) 100vw, 380px\" \/><\/a><\/figure><div class=\"elementor-image-box-content\"><h5 class=\"elementor-image-box-title\"><a href=\"https:\/\/www.specsens.com\/fr\/rural-sewage-treatment-monitoring\/\">DCO Turbidit\u00e9 NO3-N Surveillance des eaux us\u00e9es<\/a><\/h5><p class=\"elementor-image-box-description\">Surveillance du traitement des eaux us\u00e9es rurales \u00e0 raison de 500 tonnes par jour<\/p><\/div><\/div>\t\t\t\t<\/div>\n\t\t\t\t<\/div>\n\t\t\t\t<\/div>\n\t\t<div class=\"elementor-element elementor-element-b7a4630 e-con-full e-flex e-con e-child\" data-id=\"b7a4630\" data-element_type=\"container\">\n\t\t\t\t<div class=\"elementor-element elementor-element-60315ff elementor-position-top elementor-widget elementor-widget-image-box\" data-id=\"60315ff\" data-element_type=\"widget\" data-widget_type=\"image-box.default\">\n\t\t\t\t<div class=\"elementor-widget-container\">\n\t\t\t\t\t<div class=\"elementor-image-box-wrapper\"><figure class=\"elementor-image-box-img\"><a href=\"https:\/\/www.specsens.com\/fr\/coal-mine-wastewater-leakage-monitoring\/\" tabindex=\"-1\"><img loading=\"lazy\" decoding=\"async\" width=\"380\" height=\"420\" src=\"https:\/\/www.specsens.com\/wp-content\/uploads\/2025\/04\/coal-mining-water-monitoring-3.webp\" class=\"attachment-full size-full wp-image-3803 wp-post-image\" alt=\"coal mining water monitoring\" srcset=\"https:\/\/www.specsens.com\/wp-content\/uploads\/2025\/04\/coal-mining-water-monitoring-3.webp 380w, https:\/\/www.specsens.com\/wp-content\/uploads\/2025\/04\/coal-mining-water-monitoring-3-271x300.webp 271w, https:\/\/www.specsens.com\/wp-content\/uploads\/2025\/04\/coal-mining-water-monitoring-3-11x12.webp 11w\" sizes=\"(max-width: 380px) 100vw, 380px\" \/><\/a><\/figure><div class=\"elementor-image-box-content\"><h5 class=\"elementor-image-box-title\"><a href=\"https:\/\/www.specsens.com\/fr\/coal-mine-wastewater-leakage-monitoring\/\">Surveillance des fuites d'eaux us\u00e9es des mines de charbon<\/a><\/h5><p class=\"elementor-image-box-description\">Industrie des mines de charbon Turbidit\u00e9 de l'eau Surveillance de la qualit\u00e9 en temps r\u00e9el<\/p><\/div><\/div>\t\t\t\t<\/div>\n\t\t\t\t<\/div>\n\t\t\t\t<\/div>\n\t\t\t\t<\/div>\n\t\t\t\t<\/div>\n\t\t\t\t\t<\/div>\n\t\t\t\t<\/div>\n\t\t\t\t<\/div>","protected":false},"excerpt":{"rendered":"<p>Le contr\u00f4leur de compteur utilise un \u00e9cran LCD couleur de 7 pouces et peut se connecter \u00e0 plusieurs capteurs simultan\u00e9ment. Les utilisateurs peuvent rapidement configurer les informations relatives aux capteurs, se connecter au contr\u00f4leur et afficher les donn\u00e9es et les graphiques en temps r\u00e9el. Il prend en charge la sortie de donn\u00e9es sans fil, peut t\u00e9l\u00e9charger les donn\u00e9es collect\u00e9es vers le nuage et prend en charge les protocoles HTTP et MQTT.<\/p>","protected":false},"featured_media":3735,"template":"","meta":{"_joinchat":[]},"product_brand":[],"product_cat":[129,130,131,132,133,134,137,135,136,139,127,128,138,141,142,143,140,145,144,126,198,146,148,147,197,149,151,154,152],"product_tag":[190,160,189,158,171,167,206,164,161,195,169,177,207,187,202,174,182,175,163,168,165,204,203,186,185,155,159,192,157,156],"class_list":{"0":"post-2232","1":"product","2":"type-product","3":"status-publish","4":"has-post-thumbnail","6":"product_cat-cod","7":"product_cat-toc","8":"product_cat-bod","9":"product_cat-doc","10":"product_cat-no-n","12":"product_cat-color","13":"product_cat-no","15":"product_cat-do","16":"product_cat-turbidity","17":"product_cat-tss","18":"product_cat-o","19":"product_cat-ph","20":"product_cat-conductivity","21":"product_cat-orp","22":"product_cat-nh-n","23":"product_cat-residual-chlorine","24":"product_cat-free-chlorine","25":"product_cat-temperature","26":"product_cat-chlorine","27":"product_cat-hardness","28":"product_cat-partical-counter","29":"product_cat-fe","30":"product_cat-multi-parameter-analyzer","31":"product_cat-drinking-water","32":"product_cat-municipal-sewage-water","33":"product_cat-industrial-wastewater-monitoring","34":"product_cat-environmental-monitoring","35":"product_tag-blue-green-algae","36":"product_tag-bod","37":"product_tag-chlorophyll-a","38":"product_tag-cod","39":"product_tag-color","40":"product_tag-conductivity","41":"product_tag-depth","42":"product_tag-do","43":"product_tag-doc","44":"product_tag-fe","45":"product_tag-free-chlorine","46":"product_tag-hardness","47":"product_tag-knh3-n","48":"product_tag-nh4","49":"product_tag-no2","50":"product_tag-no-n","51":"product_tag-no3","53":"product_tag-o","54":"product_tag-orp","55":"product_tag-ph","56":"product_tag-pressure","57":"product_tag-residual-chlorine","58":"product_tag-salinity","59":"product_tag-tds","60":"product_tag-temperature","61":"product_tag-toc","62":"product_tag-total-iron","63":"product_tag-tss","64":"product_tag-turbidity","66":"first","67":"instock","68":"shipping-taxable","69":"product-type-simple"},"_links":{"self":[{"href":"https:\/\/www.specsens.com\/fr\/wp-json\/wp\/v2\/product\/2232","targetHints":{"allow":["GET"]}}],"collection":[{"href":"https:\/\/www.specsens.com\/fr\/wp-json\/wp\/v2\/product"}],"about":[{"href":"https:\/\/www.specsens.com\/fr\/wp-json\/wp\/v2\/types\/product"}],"version-history":[{"count":14,"href":"https:\/\/www.specsens.com\/fr\/wp-json\/wp\/v2\/product\/2232\/revisions"}],"predecessor-version":[{"id":3883,"href":"https:\/\/www.specsens.com\/fr\/wp-json\/wp\/v2\/product\/2232\/revisions\/3883"}],"wp:featuredmedia":[{"embeddable":true,"href":"https:\/\/www.specsens.com\/fr\/wp-json\/wp\/v2\/media\/3735"}],"wp:attachment":[{"href":"https:\/\/www.specsens.com\/fr\/wp-json\/wp\/v2\/media?parent=2232"}],"wp:term":[{"taxonomy":"product_brand","embeddable":true,"href":"https:\/\/www.specsens.com\/fr\/wp-json\/wp\/v2\/product_brand?post=2232"},{"taxonomy":"product_cat","embeddable":true,"href":"https:\/\/www.specsens.com\/fr\/wp-json\/wp\/v2\/product_cat?post=2232"},{"taxonomy":"product_tag","embeddable":true,"href":"https:\/\/www.specsens.com\/fr\/wp-json\/wp\/v2\/product_tag?post=2232"}],"curies":[{"name":"wp","href":"https:\/\/api.w.org\/{rel}","templated":true}]}}